{"id":1253,"date":"2018-08-06T11:40:11","date_gmt":"2018-08-06T15:40:11","guid":{"rendered":"https:\/\/www.muniancud.cl\/portal\/?page_id=1253"},"modified":"2020-12-09T18:28:17","modified_gmt":"2020-12-09T21:28:17","slug":"concursos-publicos","status":"publish","type":"page","link":"https:\/\/www.muniancud.cl\/portal\/concursos-publicos\/","title":{"rendered":"Concursos P\u00fablicos"},"content":{"rendered":"<div class=\"wpb-content-wrapper\"><p>[vc_row][vc_column]<div class=\"td_block_wrap td_block_3 td_uid_1_69d33572b33d2_rand td_with_ajax_pagination td-pb-border-top td_block_template_8 td-column-1 td_block_padding\"  data-td-block-uid=\"td_uid_1_69d33572b33d2\" ><script>var block_td_uid_1_69d33572b33d2 = new tdBlock();\nblock_td_uid_1_69d33572b33d2.id = \"td_uid_1_69d33572b33d2\";\nblock_td_uid_1_69d33572b33d2.atts = '{\"category_id\":\"16\",\"limit\":\"9\",\"ajax_pagination\":\"load_more\",\"tdc_css\":\"\",\"separator\":\"\",\"custom_title\":\"\",\"custom_url\":\"\",\"block_template_id\":\"\",\"m1_tl\":\"\",\"post_ids\":\"\",\"category_ids\":\"\",\"tag_slug\":\"\",\"autors_id\":\"\",\"installed_post_types\":\"\",\"sort\":\"\",\"offset\":\"\",\"el_class\":\"\",\"td_ajax_filter_type\":\"\",\"td_ajax_filter_ids\":\"\",\"td_filter_default_txt\":\"All\",\"td_ajax_preloading\":\"\",\"f_header_font_header\":\"\",\"f_header_font_title\":\"Block header\",\"f_header_font_settings\":\"\",\"f_header_font_family\":\"\",\"f_header_font_size\":\"\",\"f_header_font_line_height\":\"\",\"f_header_font_style\":\"\",\"f_header_font_weight\":\"\",\"f_header_font_transform\":\"\",\"f_header_font_spacing\":\"\",\"f_header_\":\"\",\"f_ajax_font_title\":\"Ajax categories\",\"f_ajax_font_settings\":\"\",\"f_ajax_font_family\":\"\",\"f_ajax_font_size\":\"\",\"f_ajax_font_line_height\":\"\",\"f_ajax_font_style\":\"\",\"f_ajax_font_weight\":\"\",\"f_ajax_font_transform\":\"\",\"f_ajax_font_spacing\":\"\",\"f_ajax_\":\"\",\"f_more_font_title\":\"Load more button\",\"f_more_font_settings\":\"\",\"f_more_font_family\":\"\",\"f_more_font_size\":\"\",\"f_more_font_line_height\":\"\",\"f_more_font_style\":\"\",\"f_more_font_weight\":\"\",\"f_more_font_transform\":\"\",\"f_more_font_spacing\":\"\",\"f_more_\":\"\",\"m1f_title_font_header\":\"\",\"m1f_title_font_title\":\"Article title\",\"m1f_title_font_settings\":\"\",\"m1f_title_font_family\":\"\",\"m1f_title_font_size\":\"\",\"m1f_title_font_line_height\":\"\",\"m1f_title_font_style\":\"\",\"m1f_title_font_weight\":\"\",\"m1f_title_font_transform\":\"\",\"m1f_title_font_spacing\":\"\",\"m1f_title_\":\"\",\"m1f_cat_font_title\":\"Article category tag\",\"m1f_cat_font_settings\":\"\",\"m1f_cat_font_family\":\"\",\"m1f_cat_font_size\":\"\",\"m1f_cat_font_line_height\":\"\",\"m1f_cat_font_style\":\"\",\"m1f_cat_font_weight\":\"\",\"m1f_cat_font_transform\":\"\",\"m1f_cat_font_spacing\":\"\",\"m1f_cat_\":\"\",\"m1f_meta_font_title\":\"Article meta info\",\"m1f_meta_font_settings\":\"\",\"m1f_meta_font_family\":\"\",\"m1f_meta_font_size\":\"\",\"m1f_meta_font_line_height\":\"\",\"m1f_meta_font_style\":\"\",\"m1f_meta_font_weight\":\"\",\"m1f_meta_font_transform\":\"\",\"m1f_meta_font_spacing\":\"\",\"m1f_meta_\":\"\",\"ajax_pagination_infinite_stop\":\"\",\"css\":\"\",\"td_column_number\":1,\"header_color\":\"\",\"color_preset\":\"\",\"border_top\":\"\",\"class\":\"td_uid_1_69d33572b33d2_rand\",\"tdc_css_class\":\"td_uid_1_69d33572b33d2_rand\",\"tdc_css_class_style\":\"td_uid_1_69d33572b33d2_rand_style\"}';\nblock_td_uid_1_69d33572b33d2.td_column_number = \"1\";\nblock_td_uid_1_69d33572b33d2.block_type = \"td_block_3\";\nblock_td_uid_1_69d33572b33d2.post_count = \"9\";\nblock_td_uid_1_69d33572b33d2.found_posts = \"67\";\nblock_td_uid_1_69d33572b33d2.header_color = \"\";\nblock_td_uid_1_69d33572b33d2.ajax_pagination_infinite_stop = \"\";\nblock_td_uid_1_69d33572b33d2.max_num_pages = \"8\";\ntdBlocksArray.push(block_td_uid_1_69d33572b33d2);\n<\/script><div class=\"td-block-title-wrap\"><\/div><div id=td_uid_1_69d33572b33d2 class=\"td_block_inner\">\n\n\t<div class=\"td-block-span12\">\n\n        <div class=\"td_module_1 td_module_wrap td-animation-stack\">\n            <div class=\"td-module-image\">\n                <div class=\"td-module-thumb\"><a href=\"https:\/\/www.muniancud.cl\/portal\/concurso-publico-1-cargo-profesional-de-apoyo-del-programa-senda-previene\/\" rel=\"bookmark\" class=\"td-image-wrap\" title=\"Concurso P\u00fablico \u2013 1 Cargo Profesional de Apoyo del Programa SENDA Previene\"><img loading=\"lazy\" decoding=\"async\" class=\"entry-thumb\" src=\"data:image\/png;base64,iVBORw0KGgoAAAANSUhEUgAAAUQAAACgAQMAAABOhoelAAAAA1BMVEWurq51dlI4AAAAAXRSTlMmkutdmwAAAB1JREFUWMPtwTEBAAAAwiD7p\/ZdCGAAAAAAAAAQBxpAAAH8le3bAAAAAElFTkSuQmCC\"alt=\"\" title=\"Concurso P\u00fablico \u2013 1 Cargo Profesional de Apoyo del Programa SENDA Previene\" data-type=\"image_tag\" data-img-url=\"https:\/\/www.muniancud.cl\/portal\/wp-content\/uploads\/2018\/11\/CP_abierto-324x160.jpg\"  width=\"324\" height=\"160\" \/><\/a><\/div>                            <\/div>\n            <h3 class=\"entry-title td-module-title\"><a href=\"https:\/\/www.muniancud.cl\/portal\/concurso-publico-1-cargo-profesional-de-apoyo-del-programa-senda-previene\/\" rel=\"bookmark\" title=\"Concurso P\u00fablico \u2013 1 Cargo Profesional de Apoyo del Programa SENDA Previene\">Concurso P\u00fablico \u2013 1 Cargo Profesional de Apoyo del Programa SENDA...<\/a><\/h3>\n            <div class=\"td-module-meta-info\">\n                                <span class=\"td-post-date\"><time class=\"entry-date updated td-module-date\" datetime=\"2026-02-26T15:43:42+00:00\" >26\/02\/2026<\/time><\/span>                            <\/div>\n\n            \n        <\/div>\n\n        \n\t<\/div> <!-- .\/td-block-span12 -->\n\n\t<div class=\"td-block-span12\">\n\n        <div class=\"td_module_1 td_module_wrap td-animation-stack\">\n            <div class=\"td-module-image\">\n                <div class=\"td-module-thumb\"><a href=\"https:\/\/www.muniancud.cl\/portal\/concurso-publico-1-directivo-1-tecnico-3-administrativos-1-auxiliar\/\" rel=\"bookmark\" class=\"td-image-wrap\" title=\"Concurso P\u00fablico &#8211; 1 Directivo, 1 T\u00e9cnico, 3 Administrativos, 1 Auxiliar\"><img loading=\"lazy\" decoding=\"async\" class=\"entry-thumb\" src=\"data:image\/png;base64,iVBORw0KGgoAAAANSUhEUgAAAUQAAACgAQMAAABOhoelAAAAA1BMVEWurq51dlI4AAAAAXRSTlMmkutdmwAAAB1JREFUWMPtwTEBAAAAwiD7p\/ZdCGAAAAAAAAAQBxpAAAH8le3bAAAAAElFTkSuQmCC\"alt=\"\" title=\"Concurso P\u00fablico &#8211; 1 Directivo, 1 T\u00e9cnico, 3 Administrativos, 1 Auxiliar\" data-type=\"image_tag\" data-img-url=\"https:\/\/www.muniancud.cl\/portal\/wp-content\/uploads\/2018\/11\/CP_finalizado-324x160.jpg\"  width=\"324\" height=\"160\" \/><\/a><\/div>                            <\/div>\n            <h3 class=\"entry-title td-module-title\"><a href=\"https:\/\/www.muniancud.cl\/portal\/concurso-publico-1-directivo-1-tecnico-3-administrativos-1-auxiliar\/\" rel=\"bookmark\" title=\"Concurso P\u00fablico &#8211; 1 Directivo, 1 T\u00e9cnico, 3 Administrativos, 1 Auxiliar\">Concurso P\u00fablico &#8211; 1 Directivo, 1 T\u00e9cnico, 3 Administrativos, 1 Auxiliar<\/a><\/h3>\n            <div class=\"td-module-meta-info\">\n                                <span class=\"td-post-date\"><time class=\"entry-date updated td-module-date\" datetime=\"2026-02-09T14:31:41+00:00\" >09\/02\/2026<\/time><\/span>                            <\/div>\n\n            \n        <\/div>\n\n        \n\t<\/div> <!-- .\/td-block-span12 -->\n\n\t<div class=\"td-block-span12\">\n\n        <div class=\"td_module_1 td_module_wrap td-animation-stack\">\n            <div class=\"td-module-image\">\n                <div class=\"td-module-thumb\"><a href=\"https:\/\/www.muniancud.cl\/portal\/concurso-publico-1-cargo-profesional-pdti\/\" rel=\"bookmark\" class=\"td-image-wrap\" title=\"Concurso P\u00fablico \u2013 1 Cargo Profesional PDTI\"><img loading=\"lazy\" decoding=\"async\" class=\"entry-thumb\" src=\"data:image\/png;base64,iVBORw0KGgoAAAANSUhEUgAAAUQAAACgAQMAAABOhoelAAAAA1BMVEWurq51dlI4AAAAAXRSTlMmkutdmwAAAB1JREFUWMPtwTEBAAAAwiD7p\/ZdCGAAAAAAAAAQBxpAAAH8le3bAAAAAElFTkSuQmCC\"alt=\"\" title=\"Concurso P\u00fablico \u2013 1 Cargo Profesional PDTI\" data-type=\"image_tag\" data-img-url=\"https:\/\/www.muniancud.cl\/portal\/wp-content\/uploads\/2018\/11\/CP_finalizado-324x160.jpg\"  width=\"324\" height=\"160\" \/><\/a><\/div>                            <\/div>\n            <h3 class=\"entry-title td-module-title\"><a href=\"https:\/\/www.muniancud.cl\/portal\/concurso-publico-1-cargo-profesional-pdti\/\" rel=\"bookmark\" title=\"Concurso P\u00fablico \u2013 1 Cargo Profesional PDTI\">Concurso P\u00fablico \u2013 1 Cargo Profesional PDTI<\/a><\/h3>\n            <div class=\"td-module-meta-info\">\n                                <span class=\"td-post-date\"><time class=\"entry-date updated td-module-date\" datetime=\"2025-04-15T21:04:03+00:00\" >15\/04\/2025<\/time><\/span>                            <\/div>\n\n            \n        <\/div>\n\n        \n\t<\/div> <!-- .\/td-block-span12 -->\n\n\t<div class=\"td-block-span12\">\n\n        <div class=\"td_module_1 td_module_wrap td-animation-stack\">\n            <div class=\"td-module-image\">\n                <div class=\"td-module-thumb\"><a href=\"https:\/\/www.muniancud.cl\/portal\/concurso-publico-1-cargo-profesional-acompanamiento\/\" rel=\"bookmark\" class=\"td-image-wrap\" title=\"Concurso P\u00fablico \u2013 1 Cargo Profesional Acompa\u00f1amiento\"><img loading=\"lazy\" decoding=\"async\" class=\"entry-thumb\" src=\"data:image\/png;base64,iVBORw0KGgoAAAANSUhEUgAAAUQAAACgAQMAAABOhoelAAAAA1BMVEWurq51dlI4AAAAAXRSTlMmkutdmwAAAB1JREFUWMPtwTEBAAAAwiD7p\/ZdCGAAAAAAAAAQBxpAAAH8le3bAAAAAElFTkSuQmCC\"alt=\"\" title=\"Concurso P\u00fablico \u2013 1 Cargo Profesional Acompa\u00f1amiento\" data-type=\"image_tag\" data-img-url=\"https:\/\/www.muniancud.cl\/portal\/wp-content\/uploads\/2018\/11\/CP_finalizado-324x160.jpg\"  width=\"324\" height=\"160\" \/><\/a><\/div>                            <\/div>\n            <h3 class=\"entry-title td-module-title\"><a href=\"https:\/\/www.muniancud.cl\/portal\/concurso-publico-1-cargo-profesional-acompanamiento\/\" rel=\"bookmark\" title=\"Concurso P\u00fablico \u2013 1 Cargo Profesional Acompa\u00f1amiento\">Concurso P\u00fablico \u2013 1 Cargo Profesional Acompa\u00f1amiento<\/a><\/h3>\n            <div class=\"td-module-meta-info\">\n                                <span class=\"td-post-date\"><time class=\"entry-date updated td-module-date\" datetime=\"2025-04-10T19:31:03+00:00\" >10\/04\/2025<\/time><\/span>                            <\/div>\n\n            \n        <\/div>\n\n        \n\t<\/div> <!-- .\/td-block-span12 -->\n\n\t<div class=\"td-block-span12\">\n\n        <div class=\"td_module_1 td_module_wrap td-animation-stack\">\n            <div class=\"td-module-image\">\n                <div class=\"td-module-thumb\"><a href=\"https:\/\/www.muniancud.cl\/portal\/concurso-publico-profesional-apoyo-familiar-programa-fosis\/\" rel=\"bookmark\" class=\"td-image-wrap\" title=\"Concurso P\u00fablico \u2013 Profesional Apoyo Familiar Programa FOSIS\"><img loading=\"lazy\" decoding=\"async\" class=\"entry-thumb\" src=\"data:image\/png;base64,iVBORw0KGgoAAAANSUhEUgAAAUQAAACgAQMAAABOhoelAAAAA1BMVEWurq51dlI4AAAAAXRSTlMmkutdmwAAAB1JREFUWMPtwTEBAAAAwiD7p\/ZdCGAAAAAAAAAQBxpAAAH8le3bAAAAAElFTkSuQmCC\"alt=\"\" title=\"Concurso P\u00fablico \u2013 Profesional Apoyo Familiar Programa FOSIS\" data-type=\"image_tag\" data-img-url=\"https:\/\/www.muniancud.cl\/portal\/wp-content\/uploads\/2018\/11\/CP_finalizado-324x160.jpg\"  width=\"324\" height=\"160\" \/><\/a><\/div>                            <\/div>\n            <h3 class=\"entry-title td-module-title\"><a href=\"https:\/\/www.muniancud.cl\/portal\/concurso-publico-profesional-apoyo-familiar-programa-fosis\/\" rel=\"bookmark\" title=\"Concurso P\u00fablico \u2013 Profesional Apoyo Familiar Programa FOSIS\">Concurso P\u00fablico \u2013 Profesional Apoyo Familiar Programa FOSIS<\/a><\/h3>\n            <div class=\"td-module-meta-info\">\n                                <span class=\"td-post-date\"><time class=\"entry-date updated td-module-date\" datetime=\"2025-02-27T22:37:35+00:00\" >27\/02\/2025<\/time><\/span>                            <\/div>\n\n            \n        <\/div>\n\n        \n\t<\/div> <!-- .\/td-block-span12 -->\n\n\t<div class=\"td-block-span12\">\n\n        <div class=\"td_module_1 td_module_wrap td-animation-stack\">\n            <div class=\"td-module-image\">\n                <div class=\"td-module-thumb\"><a href=\"https:\/\/www.muniancud.cl\/portal\/concurso-publico-contratacion-de-una-profesional-psicologoa-o-terapeuta-ocupacional-para-desempenarse-como-gestora-ocupacional-laboral-gestora-de-redes-programa-calle-ancud\/\" rel=\"bookmark\" class=\"td-image-wrap\" title=\"Concurso P\u00fablico \u2013 Contrataci\u00f3n de un(a) profesional Psic\u00f3logo(a) o Terapeuta Ocupacional para desempe\u00f1arse como gestor(a) ocupacional laboral\/gestor(a) de redes Programa Calle Ancud\"><img loading=\"lazy\" decoding=\"async\" class=\"entry-thumb\" src=\"data:image\/png;base64,iVBORw0KGgoAAAANSUhEUgAAAUQAAACgAQMAAABOhoelAAAAA1BMVEWurq51dlI4AAAAAXRSTlMmkutdmwAAAB1JREFUWMPtwTEBAAAAwiD7p\/ZdCGAAAAAAAAAQBxpAAAH8le3bAAAAAElFTkSuQmCC\"alt=\"\" title=\"Concurso P\u00fablico \u2013 Contrataci\u00f3n de un(a) profesional Psic\u00f3logo(a) o Terapeuta Ocupacional para desempe\u00f1arse como gestor(a) ocupacional laboral\/gestor(a) de redes Programa Calle Ancud\" data-type=\"image_tag\" data-img-url=\"https:\/\/www.muniancud.cl\/portal\/wp-content\/uploads\/2018\/11\/CP_finalizado-324x160.jpg\"  width=\"324\" height=\"160\" \/><\/a><\/div>                            <\/div>\n            <h3 class=\"entry-title td-module-title\"><a href=\"https:\/\/www.muniancud.cl\/portal\/concurso-publico-contratacion-de-una-profesional-psicologoa-o-terapeuta-ocupacional-para-desempenarse-como-gestora-ocupacional-laboral-gestora-de-redes-programa-calle-ancud\/\" rel=\"bookmark\" title=\"Concurso P\u00fablico \u2013 Contrataci\u00f3n de un(a) profesional Psic\u00f3logo(a) o Terapeuta Ocupacional para desempe\u00f1arse como gestor(a) ocupacional laboral\/gestor(a) de redes Programa Calle Ancud\">Concurso P\u00fablico \u2013 Contrataci\u00f3n de un(a) profesional Psic\u00f3logo(a) o Terapeuta Ocupacional...<\/a><\/h3>\n            <div class=\"td-module-meta-info\">\n                                <span class=\"td-post-date\"><time class=\"entry-date updated td-module-date\" datetime=\"2025-02-11T14:44:05+00:00\" >11\/02\/2025<\/time><\/span>                            <\/div>\n\n            \n        <\/div>\n\n        \n\t<\/div> <!-- .\/td-block-span12 -->\n\n\t<div class=\"td-block-span12\">\n\n        <div class=\"td_module_1 td_module_wrap td-animation-stack\">\n            <div class=\"td-module-image\">\n                <div class=\"td-module-thumb\"><a href=\"https:\/\/www.muniancud.cl\/portal\/concurso-publico-educadoras-trato-directo\/\" rel=\"bookmark\" class=\"td-image-wrap\" title=\"Concurso P\u00fablico \u2013 Educadoras Trato Directo\"><img loading=\"lazy\" decoding=\"async\" class=\"entry-thumb\" src=\"data:image\/png;base64,iVBORw0KGgoAAAANSUhEUgAAAUQAAACgAQMAAABOhoelAAAAA1BMVEWurq51dlI4AAAAAXRSTlMmkutdmwAAAB1JREFUWMPtwTEBAAAAwiD7p\/ZdCGAAAAAAAAAQBxpAAAH8le3bAAAAAElFTkSuQmCC\"alt=\"\" title=\"Concurso P\u00fablico \u2013 Educadoras Trato Directo\" data-type=\"image_tag\" data-img-url=\"https:\/\/www.muniancud.cl\/portal\/wp-content\/uploads\/2018\/11\/CP_finalizado-324x160.jpg\"  width=\"324\" height=\"160\" \/><\/a><\/div>                            <\/div>\n            <h3 class=\"entry-title td-module-title\"><a href=\"https:\/\/www.muniancud.cl\/portal\/concurso-publico-educadoras-trato-directo\/\" rel=\"bookmark\" title=\"Concurso P\u00fablico \u2013 Educadoras Trato Directo\">Concurso P\u00fablico \u2013 Educadoras Trato Directo<\/a><\/h3>\n            <div class=\"td-module-meta-info\">\n                                <span class=\"td-post-date\"><time class=\"entry-date updated td-module-date\" datetime=\"2025-01-20T17:23:26+00:00\" >20\/01\/2025<\/time><\/span>                            <\/div>\n\n            \n        <\/div>\n\n        \n\t<\/div> <!-- .\/td-block-span12 -->\n\n\t<div class=\"td-block-span12\">\n\n        <div class=\"td_module_1 td_module_wrap td-animation-stack\">\n            <div class=\"td-module-image\">\n                <div class=\"td-module-thumb\"><a href=\"https:\/\/www.muniancud.cl\/portal\/concurso-publico-1-cargo-profesional-grado-12-ems-2\/\" rel=\"bookmark\" class=\"td-image-wrap\" title=\"Concurso P\u00fablico \u2013 1 Cargo Profesional Grado 12\u00b0 EMS\"><img loading=\"lazy\" decoding=\"async\" class=\"entry-thumb\" src=\"data:image\/png;base64,iVBORw0KGgoAAAANSUhEUgAAAUQAAACgAQMAAABOhoelAAAAA1BMVEWurq51dlI4AAAAAXRSTlMmkutdmwAAAB1JREFUWMPtwTEBAAAAwiD7p\/ZdCGAAAAAAAAAQBxpAAAH8le3bAAAAAElFTkSuQmCC\"alt=\"\" title=\"Concurso P\u00fablico \u2013 1 Cargo Profesional Grado 12\u00b0 EMS\" data-type=\"image_tag\" data-img-url=\"https:\/\/www.muniancud.cl\/portal\/wp-content\/uploads\/2018\/11\/CP_finalizado-324x160.jpg\"  width=\"324\" height=\"160\" \/><\/a><\/div>                            <\/div>\n            <h3 class=\"entry-title td-module-title\"><a href=\"https:\/\/www.muniancud.cl\/portal\/concurso-publico-1-cargo-profesional-grado-12-ems-2\/\" rel=\"bookmark\" title=\"Concurso P\u00fablico \u2013 1 Cargo Profesional Grado 12\u00b0 EMS\">Concurso P\u00fablico \u2013 1 Cargo Profesional Grado 12\u00b0 EMS<\/a><\/h3>\n            <div class=\"td-module-meta-info\">\n                                <span class=\"td-post-date\"><time class=\"entry-date updated td-module-date\" datetime=\"2024-10-21T18:58:57+00:00\" >21\/10\/2024<\/time><\/span>                            <\/div>\n\n            \n        <\/div>\n\n        \n\t<\/div> <!-- .\/td-block-span12 -->\n\n\t<div class=\"td-block-span12\">\n\n        <div class=\"td_module_1 td_module_wrap td-animation-stack\">\n            <div class=\"td-module-image\">\n                <div class=\"td-module-thumb\"><a href=\"https:\/\/www.muniancud.cl\/portal\/concurso-publico-1-cargo-profesional-grado-11-ems\/\" rel=\"bookmark\" class=\"td-image-wrap\" title=\"Concurso P\u00fablico \u2013 1 Cargo Profesional Grado 11\u00b0 EMS\"><img loading=\"lazy\" decoding=\"async\" class=\"entry-thumb\" src=\"data:image\/png;base64,iVBORw0KGgoAAAANSUhEUgAAAUQAAACgAQMAAABOhoelAAAAA1BMVEWurq51dlI4AAAAAXRSTlMmkutdmwAAAB1JREFUWMPtwTEBAAAAwiD7p\/ZdCGAAAAAAAAAQBxpAAAH8le3bAAAAAElFTkSuQmCC\"alt=\"\" title=\"Concurso P\u00fablico \u2013 1 Cargo Profesional Grado 11\u00b0 EMS\" data-type=\"image_tag\" data-img-url=\"https:\/\/www.muniancud.cl\/portal\/wp-content\/uploads\/2018\/11\/CP_finalizado-324x160.jpg\"  width=\"324\" height=\"160\" \/><\/a><\/div>                            <\/div>\n            <h3 class=\"entry-title td-module-title\"><a href=\"https:\/\/www.muniancud.cl\/portal\/concurso-publico-1-cargo-profesional-grado-11-ems\/\" rel=\"bookmark\" title=\"Concurso P\u00fablico \u2013 1 Cargo Profesional Grado 11\u00b0 EMS\">Concurso P\u00fablico \u2013 1 Cargo Profesional Grado 11\u00b0 EMS<\/a><\/h3>\n            <div class=\"td-module-meta-info\">\n                                <span class=\"td-post-date\"><time class=\"entry-date updated td-module-date\" datetime=\"2024-10-21T17:00:50+00:00\" >21\/10\/2024<\/time><\/span>                            <\/div>\n\n            \n        <\/div>\n\n        \n\t<\/div> <!-- .\/td-block-span12 --><\/div><div class=\"td-load-more-wrap\"><a href=\"#\" class=\"td_ajax_load_more td_ajax_load_more_js\" id=\"next-page-td_uid_1_69d33572b33d2\" data-td_block_id=\"td_uid_1_69d33572b33d2\">Cargar m\u00e1s<i class=\"td-icon-font td-icon-menu-down\"><\/i><\/a><\/div><\/div> <!-- .\/block -->[\/vc_column][\/vc_row]<\/p>\n<\/div>","protected":false},"excerpt":{"rendered":"<p>[vc_row][vc_column][\/vc_column][\/vc_row]<\/p>\n","protected":false},"author":1,"featured_media":0,"parent":0,"menu_order":8,"comment_status":"closed","ping_status":"closed","template":"page-pagebuilder-title.php","meta":{"footnotes":""},"class_list":["post-1253","page","type-page","status-publish","hentry"],"_links":{"self":[{"href":"https:\/\/www.muniancud.cl\/portal\/wp-json\/wp\/v2\/pages\/1253","targetHints":{"allow":["GET"]}}],"collection":[{"href":"https:\/\/www.muniancud.cl\/portal\/wp-json\/wp\/v2\/pages"}],"about":[{"href":"https:\/\/www.muniancud.cl\/portal\/wp-json\/wp\/v2\/types\/page"}],"author":[{"embeddable":true,"href":"https:\/\/www.muniancud.cl\/portal\/wp-json\/wp\/v2\/users\/1"}],"replies":[{"embeddable":true,"href":"https:\/\/www.muniancud.cl\/portal\/wp-json\/wp\/v2\/comments?post=1253"}],"version-history":[{"count":2,"href":"https:\/\/www.muniancud.cl\/portal\/wp-json\/wp\/v2\/pages\/1253\/revisions"}],"predecessor-version":[{"id":28415,"href":"https:\/\/www.muniancud.cl\/portal\/wp-json\/wp\/v2\/pages\/1253\/revisions\/28415"}],"wp:attachment":[{"href":"https:\/\/www.muniancud.cl\/portal\/wp-json\/wp\/v2\/media?parent=1253"}],"curies":[{"name":"wp","href":"https:\/\/api.w.org\/{rel}","templated":true}]}}