{"id":23289,"date":"2018-12-10T23:23:19","date_gmt":"2018-12-11T02:23:19","guid":{"rendered":"https:\/\/www.muniancud.cl\/portal\/?page_id=23289"},"modified":"2025-01-02T15:44:11","modified_gmt":"2025-01-02T18:44:11","slug":"tenencia-responsable","status":"publish","type":"page","link":"https:\/\/www.muniancud.cl\/portal\/unidades-municipales\/direccion-de-medio-ambiente-aseo-y-ornato\/medio-ambiente\/tenencia-responsable\/","title":{"rendered":"Tenencia Responsable de Mascotas y Animales de Compa\u00f1\u00eda"},"content":{"rendered":"<div class=\"wpb-content-wrapper\"><p>[vc_section][vc_row][vc_column width=\u00bb2\/3&#8243;][vc_images_carousel images=\u00bb23364,23365,23366,23367,23368,23369,23370&#8243; img_size=\u00bbfull\u00bb onclick=\u00bblink_no\u00bb slides_per_view=\u00bb3&#8243; autoplay=\u00bbyes\u00bb][vc_column_text]Campa\u00f1a para implementaci\u00f3n de la ley N\u00ba 21.020 sobre Tenencia Responsable de Mascotas (Tambi\u00e9n conocida como Ley Cholito) en la comuna de Ancud. Esta ley tiene por objeto establecer normas destinadas a:<\/p>\n<ul class=\"td-arrow-list\">\n<li>Determinar las obligaciones y derechos de los responsables de animales de compa\u00f1\u00eda.<\/li>\n<li>Proteger la salud y el bienestar animal mediante la tenencia responsable.<\/li>\n<li>Proteger la salud p\u00fablica, la seguridad de las personas, el medio ambiente y las \u00e1reas naturales protegidas, aplicando medidas para el control de la poblaci\u00f3n de mascotas o animales de compa\u00f1\u00eda.<\/li>\n<li>Regular la responsabilidad por los da\u00f1os a las personas y a la propiedad que sean consecuencia de la acci\u00f3n de mascotas o animales de compa\u00f1\u00eda.<\/li>\n<\/ul>\n<p>[\/vc_column_text][vc_video link=\u00bbhttps:\/\/www.youtube.com\/watch?v=wnjS5zbb43Y\u00bb align=\u00bbcenter\u00bb][vc_toggle title=\u00bb\u00bfQu\u00e9 es una Mascota o animal de compa\u00f1\u00eda?\u00bb style=\u00bbsimple\u00bb]Todos aquellos animales dom\u00e9sticos, cualquiera sea su especie, que sean mantenidos por las personas para fines de compa\u00f1\u00eda o seguridad. Se excluyen aquellos animales cuya tenencia se encuentra regulada por leyes especiales.[\/vc_toggle][vc_toggle title=\u00bb\u00bfQu\u00e9 se debe entender por tenencia responsable?\u00bb style=\u00bbsimple\u00bb]Conjunto de obligaciones que contrae una persona cuando decide aceptar y mantener una mascota o animal de compa\u00f1\u00eda, y que consiste, entre otras, en registrarlo ante la autoridad competente cuando corresponda, proporcionarle alimento, albergue y buen trato, brindarle los cuidados veterinarios indispensables para su bienestar y no someterlo a sufrimientos a lo largo de su vida.[\/vc_toggle][vc_column_text]La tenencia responsable comprende tambi\u00e9n el respeto a las normas de salud y seguridad p\u00fablica que sean aplicables, as\u00ed como a las reglas sobre responsabilidad a que est\u00e1n sujetas las personas que incurran en infracci\u00f3n de ellas, y la obligaci\u00f3n de adoptar todas las medidas necesarias para evitar que la mascota o animal de compa\u00f1\u00eda cause da\u00f1os a la persona o propiedad de otro.[\/vc_column_text][\/vc_column][vc_column width=\u00bb1\/3&#8243;][vc_btn title=\u00bbVolver a Medio Ambiente\u00bb style=\u00bbflat\u00bb color=\u00bbsuccess\u00bb align=\u00bbleft\u00bb i_icon_fontawesome=\u00bbfa fa-arrow-left\u00bb button_block=\u00bbtrue\u00bb add_icon=\u00bbtrue\u00bb link=\u00bburl:https%3A%2F%2Fwww.muniancud.cl%2Fportal%2Funidades-municipales%2Fdireccion-de-medio-ambiente-aseo-y-ornato%2Fmedio-ambiente|||\u00bb][vc_single_image image=\u00bb23321&#8243; img_size=\u00bbfull\u00bb alignment=\u00bbcenter\u00bb]<div class=\"td_block_wrap td_block_text_with_title td_uid_1_6a07066eb2ee4_rand td-pb-border-top td_block_template_8\"  data-td-block-uid=\"td_uid_1_6a07066eb2ee4\" ><div class=\"td-block-title-wrap\"><h4 class=\"td-block-title\"><span>Cl\u00ednica Veterinaria Municipal<\/span><\/h4><\/div><div class=\"td_mod_wrap td-fix-index\"><p><strong>Roc\u00edo Becerra Huentelic\u00e1n<\/strong><br \/>\nEmail: rocio.becerra@muniancud.cl<br \/>\nM\u00f3vil: +56-967604506<\/p>\n<\/div><\/div>[vc_btn title=\u00bbRegistra Tu Mascota\u00bb style=\u00bbflat\u00bb color=\u00bbprimary\u00bb align=\u00bbleft\u00bb i_icon_fontawesome=\u00bbfa fa-id-card-o\u00bb button_block=\u00bbtrue\u00bb add_icon=\u00bbtrue\u00bb link=\u00bburl:https%3A%2F%2Fregistratumascota.cl%2Finicio.xhtml||target:%20_blank|\u00bb][vc_btn title=\u00bbOrdenanza Municipal N\u00b014&#8243; style=\u00bbflat\u00bb color=\u00bbsuccess\u00bb align=\u00bbleft\u00bb i_icon_fontawesome=\u00bbfa fa-file-text\u00bb button_block=\u00bbtrue\u00bb add_icon=\u00bbtrue\u00bb link=\u00bburl:https%3A%2F%2Fwww.muniancud.cl%2Ftransparencia%2Fmunicipalidad%2Finicio%2Factiva%2F08%2520Actos%2520y%2520Resoluciones%2F8.3%2520Ordenanzas%2FORDENANZAS%2FORDENANZA%2520N%25C2%25BA%252014%2520TENENCIA%2520RESPONSABLE%2520DE%2520MASCOTAS%2520O%2520ANIMALES%2520DE%2520COMPA%25C3%2591IA%2520COMUNA%2520DE%2520ANCUD.pdf||target:%20_blank|\u00bb][vc_btn title=\u00bbPrograma Mascota Protegida\u00bb style=\u00bbflat\u00bb color=\u00bbwarning\u00bb align=\u00bbleft\u00bb i_icon_fontawesome=\u00bbfa fa-paw\u00bb button_block=\u00bbtrue\u00bb add_icon=\u00bbtrue\u00bb link=\u00bburl:http%3A%2F%2Fwww.tenenciaresponsablemascotas.cl%2F||target:%20_blank|\u00bb][vc_btn title=\u00bbBiblioteca Digital\u00bb style=\u00bbflat\u00bb color=\u00bbdanger\u00bb align=\u00bbleft\u00bb i_icon_fontawesome=\u00bbfa fa-book\u00bb button_block=\u00bbtrue\u00bb add_icon=\u00bbtrue\u00bb link=\u00bburl:http%3A%2F%2Fwww.tenenciaresponsablemascotas.cl%2Fbiblioteca-digital%2F||target:%20_blank|\u00bb][vc_btn title=\u00bbFacebook\u00bb style=\u00bbflat\u00bb color=\u00bbprimary\u00bb align=\u00bbleft\u00bb i_icon_fontawesome=\u00bbfa fa-facebook\u00bb button_block=\u00bbtrue\u00bb add_icon=\u00bbtrue\u00bb link=\u00bburl:https%3A%2F%2Fwww.facebook.com%2FClinicaveterinariamunicipaldeancud%2F||target:%20_blank|\u00bb][vc_message message_box_style=\u00bbsolid\u00bb message_box_color=\u00bbsky\u00bb icon_fontawesome=\u00bbfa fa-map-marker\u00bb]<b>Cl\u00ednica\u00a0Veterinaria\u00a0Municipal<\/b><br \/>\nLibertad 663, atr\u00e1s Casa de la Cultura[\/vc_message][vc_message message_box_style=\u00bbsolid\u00bb message_box_color=\u00bbgreen\u00bb icon_fontawesome=\u00bbfa fa-clock-o\u00bb]<strong>Horarios<\/strong><br \/>\n<strong>Atenci\u00f3n a P\u00fablico: <\/strong><br \/>\nLunes a Jueves de 08:00 a 13:00 hrs. y 14:00 a 17:15 hrs.<br \/>\nViernes de 08:00 a 13:00 hrs. y 14:00 a 16:15 hrs.[\/vc_message][vc_gmaps link=\u00bb#E-8_JTNDaWZyYW1lJTIwc3JjJTNEJTIyaHR0cHMlM0ElMkYlMkZ3d3cuZ29vZ2xlLmNvbSUyRm1hcHMlMkZlbWJlZCUzRnBiJTNEJTIxMW0xOCUyMTFtMTIlMjExbTMlMjExZDE0ODUuNTcwMjg0NzAwOTc0MyUyMTJkLTczLjgzMDc5MjM0MTcwNTQ2JTIxM2QtNDEuODY4MzIxOTk3NDE1Nzg0JTIxMm0zJTIxMWYwJTIxMmYwJTIxM2YwJTIxM20yJTIxMWkxMDI0JTIxMmk3NjglMjE0ZjEzLjElMjEzbTMlMjExbTIlMjExczB4MCUyNTNBMHgwJTIxMnpOREhDc0RVeUp6QTJMakFpVXlBM004S3dORGtuTkRZdU9TSlglMjE1ZTAlMjEzbTIlMjExc2VzLTQxOSUyMTJzY2wlMjE0djE1NDQ0OTcxODAzNDklMjIlMjB3aWR0aCUzRCUyMjQwMCUyMiUyMGhlaWdodCUzRCUyMjIwMCUyMiUyMGZyYW1lYm9yZGVyJTNEJTIyMCUyMiUyMHN0eWxlJTNEJTIyYm9yZGVyJTNBMCUyMiUyMGFsbG93ZnVsbHNjcmVlbiUzRSUzQyUyRmlmcmFtZSUzRQ==\u00bb][\/vc_column][\/vc_row][vc_row][vc_column][\/vc_column][\/vc_row][\/vc_section]<\/p>\n<\/div>","protected":false},"excerpt":{"rendered":"<p>[vc_section][vc_row][vc_column width=\u00bb2\/3&#8243;][vc_images_carousel images=\u00bb23364,23365,23366,23367,23368,23369,23370&#8243; img_size=\u00bbfull\u00bb onclick=\u00bblink_no\u00bb slides_per_view=\u00bb3&#8243; autoplay=\u00bbyes\u00bb][vc_column_text]Campa\u00f1a para implementaci\u00f3n de la ley N\u00ba 21.020 sobre Tenencia Responsable de Mascotas (Tambi\u00e9n conocida como Ley Cholito) en la comuna de Ancud. Esta ley tiene por objeto establecer normas destinadas a: Determinar las obligaciones y derechos de los responsables de animales de compa\u00f1\u00eda. Proteger la salud y el [&hellip;]<\/p>\n","protected":false},"author":1,"featured_media":0,"parent":1201,"menu_order":2,"comment_status":"closed","ping_status":"closed","template":"page-pagebuilder-title.php","meta":{"footnotes":""},"class_list":["post-23289","page","type-page","status-publish","hentry"],"_links":{"self":[{"href":"https:\/\/www.muniancud.cl\/portal\/wp-json\/wp\/v2\/pages\/23289","targetHints":{"allow":["GET"]}}],"collection":[{"href":"https:\/\/www.muniancud.cl\/portal\/wp-json\/wp\/v2\/pages"}],"about":[{"href":"https:\/\/www.muniancud.cl\/portal\/wp-json\/wp\/v2\/types\/page"}],"author":[{"embeddable":true,"href":"https:\/\/www.muniancud.cl\/portal\/wp-json\/wp\/v2\/users\/1"}],"replies":[{"embeddable":true,"href":"https:\/\/www.muniancud.cl\/portal\/wp-json\/wp\/v2\/comments?post=23289"}],"version-history":[{"count":11,"href":"https:\/\/www.muniancud.cl\/portal\/wp-json\/wp\/v2\/pages\/23289\/revisions"}],"predecessor-version":[{"id":34373,"href":"https:\/\/www.muniancud.cl\/portal\/wp-json\/wp\/v2\/pages\/23289\/revisions\/34373"}],"up":[{"embeddable":true,"href":"https:\/\/www.muniancud.cl\/portal\/wp-json\/wp\/v2\/pages\/1201"}],"wp:attachment":[{"href":"https:\/\/www.muniancud.cl\/portal\/wp-json\/wp\/v2\/media?parent=23289"}],"curies":[{"name":"wp","href":"https:\/\/api.w.org\/{rel}","templated":true}]}}