{"id":23405,"date":"2019-01-04T12:30:39","date_gmt":"2019-01-04T15:30:39","guid":{"rendered":"https:\/\/www.muniancud.cl\/portal\/?page_id=23405"},"modified":"2019-01-04T15:39:56","modified_gmt":"2019-01-04T18:39:56","slug":"informacion-evacuacion-tsunami","status":"publish","type":"page","link":"https:\/\/www.muniancud.cl\/portal\/informacion-evacuacion-tsunami\/","title":{"rendered":"Informaci\u00f3n de evacuaci\u00f3n ante amenaza de tsunami"},"content":{"rendered":"<div class=\"wpb-content-wrapper\"><p>[vc_row][vc_column width=\u00bb2\/3&#8243;][vc_single_image image=\u00bb23429&#8243; img_size=\u00bbfull\u00bb][vc_column_text]<\/p>\n<h3>\u00bfQu\u00e9 es un tsunami?<\/h3>\n<p>Un tsunami corresponde a una serie de olas largas generadas en el oc\u00e9ano que se propagan a gran velocidad en todas las direcciones desde su punto de origen, por un disturbio s\u00edsmico submarino (terremoto, erupci\u00f3n volc\u00e1nica, ca\u00edda de meteoritos, etc.) que impulsa y desplaza verticalmente la columna de agua. Estas olas al aproximarse a la costa, sufren alteraciones y deformaciones en su velocidad y altura, alcanzando grandes proporciones, por lo que descargan su energ\u00eda con un gran poder destructor.<\/p>\n<p>Todas las zonas costeras del mundo pueden experimentar tsunamis, pero la amenaza se concentra mayoritariamente frente a las costas de Chile, donde se han generado m\u00e1s del 50% de los eventos registrados.<\/p>\n<p>Tambi\u00e9n es factible que sismos en latitudes o longitudes opuestas puedan generar tsunamis que afecten las cosas chilenas. Por ejemplo, si se produce un sismo con caracter\u00edsticas de terremoto en Jap\u00f3n, es probable que un tsunami llegue a Chile.[\/vc_column_text][\/vc_column][vc_column width=\u00bb1\/3&#8243;][vc_btn title=\u00bbVolver a Inicio\u00bb style=\u00bbflat\u00bb color=\u00bbsuccess\u00bb align=\u00bbleft\u00bb i_icon_fontawesome=\u00bbfa fa-arrow-left\u00bb button_block=\u00bbtrue\u00bb add_icon=\u00bbtrue\u00bb link=\u00bburl:https%3A%2F%2Fwww.muniancud.cl%2Fportal%2F|||\u00bb]<div class=\"td_block_wrap td_block_text_with_title td_uid_1_6a0515eb24faa_rand td-pb-border-top td_block_template_8\"  data-td-block-uid=\"td_uid_1_6a0515eb24faa\" ><div class=\"td-block-title-wrap\"><h4 class=\"td-block-title\"><span>Encargado Oficina Comunal de Emergencias<\/span><\/h4><\/div><div class=\"td_mod_wrap td-fix-index\"><p><b>Francisco Ulloa Mansilla<\/b><br \/>\nEmail: francisco.ulloa@muniancud.cl<br \/>\nTel\u00e9fono: +56-958584468<\/p>\n<\/div><\/div>[vc_btn title=\u00bbDescargar Plano de Evaluaci\u00f3n\u00bb style=\u00bbflat\u00bb color=\u00bbprimary\u00bb align=\u00bbleft\u00bb i_icon_fontawesome=\u00bbfa fa-map-o\u00bb button_block=\u00bbtrue\u00bb add_icon=\u00bbtrue\u00bb link=\u00bburl:https%3A%2F%2Fwww.muniancud.cl%2Fportal%2Fwp-content%2Fuploads%2F2019%2F01%2FPLANO-DE-EVACUACION-ANTE-AMENAZA-DE-TSUNAMI.pdf||target:%20_blank|\u00bb][vc_btn title=\u00bbVisor Chile Preparado (ONEMI)\u00bb style=\u00bbflat\u00bb color=\u00bbdanger\u00bb align=\u00bbleft\u00bb i_icon_fontawesome=\u00bbfa fa-map-marker\u00bb button_block=\u00bbtrue\u00bb add_icon=\u00bbtrue\u00bb link=\u00bburl:http%3A%2F%2Fgeoportalonemi.maps.arcgis.com%2Fapps%2Fwebappviewer%2Findex.html%3Fid%3D5062b40cc3e347c8b11fd8b20a639a88||target:%20_blank|\u00bb][vc_btn title=\u00bbDescargar en PDF (Espa\u00f1ol)\u00bb style=\u00bbflat\u00bb color=\u00bbsuccess\u00bb align=\u00bbleft\u00bb i_icon_fontawesome=\u00bbfa fa-cloud-download\u00bb button_block=\u00bbtrue\u00bb add_icon=\u00bbtrue\u00bb link=\u00bburl:https%3A%2F%2Fwww.muniancud.cl%2Fportal%2Fwp-content%2Fuploads%2F2019%2F01%2Fdiptico-tsunami-esp.pdf||target:%20_blank|\u00bb][vc_btn title=\u00bbDownload in DPF (English)\u00bb style=\u00bbflat\u00bb color=\u00bbsuccess\u00bb align=\u00bbleft\u00bb i_icon_fontawesome=\u00bbfa fa-cloud-download\u00bb button_block=\u00bbtrue\u00bb add_icon=\u00bbtrue\u00bb link=\u00bburl:https%3A%2F%2Fwww.muniancud.cl%2Fportal%2Fwp-content%2Fuploads%2F2019%2F01%2Fdiptico-tsunami-eng.pdf||target:%20_blank|\u00bb][vc_btn title=\u00bbT\u00e9l\u00e9charger en DPF (Fran\u00e7ais)\u00bb style=\u00bbflat\u00bb color=\u00bbsuccess\u00bb align=\u00bbleft\u00bb i_icon_fontawesome=\u00bbfa fa-cloud-download\u00bb button_block=\u00bbtrue\u00bb add_icon=\u00bbtrue\u00bb link=\u00bburl:https%3A%2F%2Fwww.muniancud.cl%2Fportal%2Fwp-content%2Fuploads%2F2019%2F01%2Fdiptico-tsunami-fra.pdf||target:%20_blank|\u00bb][vc_message message_box_style=\u00bbsolid-icon\u00bb message_box_color=\u00bbpink\u00bb]<\/p>\n<p style=\"text-align: center;\"><a href=\"http:\/\/www.onemi.cl\/\" target=\"_blank\" rel=\"noopener\">http:\/\/www.onemi.cl\/<\/a><\/p>\n<p>[\/vc_message][\/vc_column][\/vc_row][vc_row][vc_column][vc_column_text]<a href=\"https:\/\/www.muniancud.cl\/portal\/wp-content\/uploads\/2019\/01\/PLANO-DE-EVACUACION-ANTE-AMENAZA-DE-TSUNAMI.pdf\" class=\"pdfemb-viewer\" style=\"\" data-width=\"max\" data-height=\"max\" data-toolbar=\"bottom\" data-toolbar-fixed=\"off\">PLANO DE EVACUACION ANTE AMENAZA DE TSUNAMI PDF<\/a>[\/vc_column_text][\/vc_column][\/vc_row]<\/p>\n<\/div>","protected":false},"excerpt":{"rendered":"<p>[vc_row][vc_column width=\u00bb2\/3&#8243;][vc_single_image image=\u00bb23429&#8243; img_size=\u00bbfull\u00bb][vc_column_text] \u00bfQu\u00e9 es un tsunami? Un tsunami corresponde a una serie de olas largas generadas en el oc\u00e9ano que se propagan a gran velocidad en todas las direcciones desde su punto de origen, por un disturbio s\u00edsmico submarino (terremoto, erupci\u00f3n volc\u00e1nica, ca\u00edda de meteoritos, etc.) que impulsa y desplaza verticalmente la columna [&hellip;]<\/p>\n","protected":false},"author":1,"featured_media":0,"parent":0,"menu_order":30,"comment_status":"closed","ping_status":"closed","template":"page-pagebuilder-title.php","meta":{"footnotes":""},"class_list":["post-23405","page","type-page","status-publish","hentry"],"_links":{"self":[{"href":"https:\/\/www.muniancud.cl\/portal\/wp-json\/wp\/v2\/pages\/23405","targetHints":{"allow":["GET"]}}],"collection":[{"href":"https:\/\/www.muniancud.cl\/portal\/wp-json\/wp\/v2\/pages"}],"about":[{"href":"https:\/\/www.muniancud.cl\/portal\/wp-json\/wp\/v2\/types\/page"}],"author":[{"embeddable":true,"href":"https:\/\/www.muniancud.cl\/portal\/wp-json\/wp\/v2\/users\/1"}],"replies":[{"embeddable":true,"href":"https:\/\/www.muniancud.cl\/portal\/wp-json\/wp\/v2\/comments?post=23405"}],"version-history":[{"count":0,"href":"https:\/\/www.muniancud.cl\/portal\/wp-json\/wp\/v2\/pages\/23405\/revisions"}],"wp:attachment":[{"href":"https:\/\/www.muniancud.cl\/portal\/wp-json\/wp\/v2\/media?parent=23405"}],"curies":[{"name":"wp","href":"https:\/\/api.w.org\/{rel}","templated":true}]}}