{"id":23464,"date":"2019-01-17T11:11:31","date_gmt":"2019-01-17T14:11:31","guid":{"rendered":"https:\/\/www.muniancud.cl\/portal\/?page_id=23464"},"modified":"2024-04-20T12:11:15","modified_gmt":"2024-04-20T16:11:15","slug":"certificacion-ambiental-municipal-scam","status":"publish","type":"page","link":"https:\/\/www.muniancud.cl\/portal\/unidades-municipales\/direccion-de-medio-ambiente-aseo-y-ornato\/medio-ambiente\/certificacion-ambiental-municipal-scam\/","title":{"rendered":"Certificaci\u00f3n Ambiental Municipal SCAM"},"content":{"rendered":"<div class=\"wpb-content-wrapper\"><p>[vc_section][vc_row][vc_column width=\u00bb2\/3&#8243;][vc_video link=\u00bbhttps:\/\/www.youtube.com\/watch?v=r_26cm4GuH8&#8243; align=\u00bbcenter\u00bb][vc_column_text]Creado en 2009, el Sistema de Certificaci\u00f3n Ambiental Municipal (SCAM) es un sistema integral de car\u00e1cter voluntario, que permite a los municipios\u00a0<strong>instalarse en el territorio<\/strong>\u00a0como un modelo de gesti\u00f3n ambiental, donde la org\u00e1nica, la infraestructura, el personal, los procedimientos internos y los servicios que presta el municipio a la comunidad, integran el factor ambiental, seg\u00fan est\u00e1ndares internacionales como\u00a0<strong>ISO 14.001<\/strong>\u00a0y\u00a0<strong>EMAS<\/strong>\u00a0(Reglamento Comunitario de Ecogesti\u00f3n y Ecoauditor\u00eda).<\/p>\n<p>El SCAM considera la participaci\u00f3n ciudadana a trav\u00e9s de la constituci\u00f3n de los\u00a0<strong>Comit\u00e9s Ambientales Comunales<\/strong>, los que actualmente cuentan con m\u00e1s de\u00a0<strong>1.400 miembros<\/strong>\u00a0en todas las regiones del pa\u00eds.<\/p>\n<p>Los municipios que participan en el programa desarrollan una\u00a0<strong>Estrategia Ambiental Comunal<\/strong>, que es un instrumento de acci\u00f3n que busca abordar de manera sistem\u00e1tica los principales conflictos o situaciones ambientales presentes en el territorio comunal.<\/p>\n<p>El SCAM se encuentra operando en\u00a0<strong>todas las regiones<\/strong>\u00a0con municipios certificados en sus\u00a0<strong>cinco niveles<\/strong>y con un crecimiento progresivo cada a\u00f1o.<\/p>\n<p>El programa incluye dentro de sus l\u00edneas de trabajo:<\/p>\n<p><strong>A.<\/strong>\u00a0Reciclaje, ahorro energ\u00e9tico y de agua en oficinas municipales.<\/p>\n<p><strong>B.<\/strong>\u00a0Capacitaci\u00f3n a todas y todos sus funcionarios en temas ambientales.<\/p>\n<p><strong>C.<\/strong>\u00a0El desarrollo de instrumentos que fomenten la participaci\u00f3n de las vecinas y vecinos.<\/p>\n<p><strong>D.<\/strong>\u00a0La implementaci\u00f3n de l\u00edneas de acci\u00f3n que la misma comunidad prioriza.[\/vc_column_text][\/vc_column][vc_column width=\u00bb1\/3&#8243;][vc_btn title=\u00bbVolver a Medio Ambiente\u00bb style=\u00bbflat\u00bb color=\u00bbsuccess\u00bb align=\u00bbleft\u00bb i_icon_fontawesome=\u00bbfa fa-arrow-left\u00bb button_block=\u00bbtrue\u00bb add_icon=\u00bbtrue\u00bb link=\u00bburl:https%3A%2F%2Fwww.muniancud.cl%2Fportal%2Funidades-municipales%2Fdireccion-de-medio-ambiente-aseo-y-ornato%2Fmedio-ambiente|||\u00bb][vc_single_image image=\u00bb23463&#8243; img_size=\u00bbfull\u00bb alignment=\u00bbcenter\u00bb]<div class=\"td_block_wrap td_block_text_with_title td_uid_1_69f602752bf53_rand td-pb-border-top td_block_template_8\"  data-td-block-uid=\"td_uid_1_69f602752bf53\" ><div class=\"td-block-title-wrap\"><h4 class=\"td-block-title\"><span>Coordinadora SCAM<\/span><\/h4><\/div><div class=\"td_mod_wrap td-fix-index\"><p><strong>Valentina Jim\u00e9nez B\u00f3rquez<\/strong><br \/>\nEmail: valentina.jimenez@muniancud.cl<br \/>\nTel\u00e9fono: 65-2487742<\/p>\n<\/div><\/div>[vc_btn title=\u00bbSistema de Certificaci\u00f3n Ambiental Municipal\u00bb style=\u00bbflat\u00bb color=\u00bbprimary\u00bb align=\u00bbleft\u00bb i_icon_fontawesome=\u00bbfa fa-envira\u00bb button_block=\u00bbtrue\u00bb add_icon=\u00bbtrue\u00bb link=\u00bburl:http%3A%2F%2Feducacion.mma.gob.cl%2Fsistema-de-certificacion-ambiental-municipal%2F||target:%20_blank|\u00bb][vc_btn title=\u00bbConvenio SCAM\u00bb style=\u00bbflat\u00bb color=\u00bbsuccess\u00bb align=\u00bbleft\u00bb i_icon_fontawesome=\u00bb\u00bb button_block=\u00bbtrue\u00bb add_icon=\u00bbtrue\u00bb link=\u00bburl:https%3A%2F%2Fwww.muniancud.cl%2Fportal%2Fwp-content%2Fuploads%2F2024%2F04%2FCONVENIOS-SCAM-ANCUD.pdf|target:_blank\u00bb][vc_btn title=\u00bbEco Biblioteca\u00bb style=\u00bbflat\u00bb color=\u00bbwarning\u00bb align=\u00bbleft\u00bb i_icon_fontawesome=\u00bbfa fa-book\u00bb button_block=\u00bbtrue\u00bb add_icon=\u00bbtrue\u00bb link=\u00bburl:http%3A%2F%2Feducacion.mma.gob.cl%2Feco-biblioteca%2F||target:%20_blank|\u00bb][vc_btn title=\u00bbComit\u00e9 Ambiental Comunal\u00bb style=\u00bbflat\u00bb color=\u00bbdanger\u00bb align=\u00bbleft\u00bb i_icon_fontawesome=\u00bb\u00bb button_block=\u00bbtrue\u00bb add_icon=\u00bbtrue\u00bb link=\u00bburl:https%3A%2F%2Fwww.muniancud.cl%2Fportal%2Fwp-content%2Fuploads%2F2024%2F04%2FACTA-DE-CONSTITUCION-DEL-CAC.pdf|target:_blank\u00bb][vc_btn title=\u00bbComit\u00e9 Ambiental Municipal\u00bb style=\u00bbflat\u00bb color=\u00bbprimary\u00bb align=\u00bbleft\u00bb i_icon_fontawesome=\u00bb\u00bb button_block=\u00bbtrue\u00bb add_icon=\u00bbtrue\u00bb link=\u00bburl:https%3A%2F%2Fwww.muniancud.cl%2Fportal%2Fwp-content%2Fuploads%2F2024%2F04%2FDECRETO-N%C2%B0853.-ACTUALIZACION-CAM.pdf|target:_blank\u00bb][vc_btn title=\u00bbSistema de Denuncias Ambientales\u00bb style=\u00bbflat\u00bb color=\u00bbinfo\u00bb align=\u00bbleft\u00bb i_icon_fontawesome=\u00bb\u00bb button_block=\u00bbtrue\u00bb add_icon=\u00bbtrue\u00bb link=\u00bburl:https%3A%2F%2Fwww.muniancud.cl%2Fportal%2Fwp-content%2Fuploads%2F2024%2F04%2FPlan-de-Fiscalizacion.pdf|target:_blank\u00bb][vc_btn title=\u00bbFormulario de Denuncia\u00bb style=\u00bbflat\u00bb color=\u00bbinfo\u00bb align=\u00bbleft\u00bb i_icon_fontawesome=\u00bb\u00bb button_block=\u00bbtrue\u00bb add_icon=\u00bbtrue\u00bb link=\u00bburl:https%3A%2F%2Fwww.muniancud.cl%2Fportal%2Fwp-content%2Fuploads%2F2023%2F07%2FFORMULARIO-DENUNCIA-DECRETO-1178.pdf|target:_blank\u00bb][vc_btn title=\u00bbResultado Encuesta Ciudadana\u00bb style=\u00bbflat\u00bb color=\u00bbinfo\u00bb align=\u00bbleft\u00bb i_icon_fontawesome=\u00bb\u00bb button_block=\u00bbtrue\u00bb add_icon=\u00bbtrue\u00bb link=\u00bburl:https%3A%2F%2Fwww.muniancud.cl%2Fportal%2Fwp-content%2Fuploads%2F2024%2F04%2FSCAM-ENCUESTA-AMBIENTAL-A-HABITANTES-DE-LA-COMUNA-DE-ANCUD.pdf|target:_blank\u00bb][vc_btn title=\u00bbResultado Encuesta Funcionarios\u00bb style=\u00bbflat\u00bb color=\u00bbinfo\u00bb align=\u00bbleft\u00bb i_icon_fontawesome=\u00bb\u00bb button_block=\u00bbtrue\u00bb add_icon=\u00bbtrue\u00bb link=\u00bburl:https%3A%2F%2Fwww.muniancud.cl%2Fportal%2Fwp-content%2Fuploads%2F2024%2F04%2FSCAM-ENCUESTA-AMBIENTAL-A-PERSONAL-DEL-MUNICIPIO-DE-ANCUD.pdf|target:_blank\u00bb][vc_message message_box_style=\u00bbsolid-icon\u00bb message_box_color=\u00bbgreen\u00bb]<\/p>\n<p style=\"text-align: center;\"><a href=\"http:\/\/portal.mma.gob.cl\/\" target=\"_blank\" rel=\"noopener\">http:\/\/portal.mma.gob.cl\/<\/a><\/p>\n<p>[\/vc_message][\/vc_column][\/vc_row][\/vc_section]<\/p>\n<\/div>","protected":false},"excerpt":{"rendered":"<p>[vc_section][vc_row][vc_column width=\u00bb2\/3&#8243;][vc_video link=\u00bbhttps:\/\/www.youtube.com\/watch?v=r_26cm4GuH8&#8243; align=\u00bbcenter\u00bb][vc_column_text]Creado en 2009, el Sistema de Certificaci\u00f3n Ambiental Municipal (SCAM) es un sistema integral de car\u00e1cter voluntario, que permite a los municipios\u00a0instalarse en el territorio\u00a0como un modelo de gesti\u00f3n ambiental, donde la org\u00e1nica, la infraestructura, el personal, los procedimientos internos y los servicios que presta el municipio a la comunidad, integran el [&hellip;]<\/p>\n","protected":false},"author":1,"featured_media":0,"parent":1201,"menu_order":5,"comment_status":"closed","ping_status":"closed","template":"page-pagebuilder-title.php","meta":{"footnotes":""},"class_list":["post-23464","page","type-page","status-publish","hentry"],"_links":{"self":[{"href":"https:\/\/www.muniancud.cl\/portal\/wp-json\/wp\/v2\/pages\/23464","targetHints":{"allow":["GET"]}}],"collection":[{"href":"https:\/\/www.muniancud.cl\/portal\/wp-json\/wp\/v2\/pages"}],"about":[{"href":"https:\/\/www.muniancud.cl\/portal\/wp-json\/wp\/v2\/types\/page"}],"author":[{"embeddable":true,"href":"https:\/\/www.muniancud.cl\/portal\/wp-json\/wp\/v2\/users\/1"}],"replies":[{"embeddable":true,"href":"https:\/\/www.muniancud.cl\/portal\/wp-json\/wp\/v2\/comments?post=23464"}],"version-history":[{"count":8,"href":"https:\/\/www.muniancud.cl\/portal\/wp-json\/wp\/v2\/pages\/23464\/revisions"}],"predecessor-version":[{"id":33417,"href":"https:\/\/www.muniancud.cl\/portal\/wp-json\/wp\/v2\/pages\/23464\/revisions\/33417"}],"up":[{"embeddable":true,"href":"https:\/\/www.muniancud.cl\/portal\/wp-json\/wp\/v2\/pages\/1201"}],"wp:attachment":[{"href":"https:\/\/www.muniancud.cl\/portal\/wp-json\/wp\/v2\/media?parent=23464"}],"curies":[{"name":"wp","href":"https:\/\/api.w.org\/{rel}","templated":true}]}}