{"id":23540,"date":"2019-01-30T17:43:20","date_gmt":"2019-01-30T20:43:20","guid":{"rendered":"https:\/\/www.muniancud.cl\/portal\/?page_id=23540"},"modified":"2025-02-05T14:46:08","modified_gmt":"2025-02-05T17:46:08","slug":"oficina-de-deportes","status":"publish","type":"page","link":"https:\/\/www.muniancud.cl\/portal\/unidades-municipales\/direccion-de-desarrollo-comunitario\/oficina-de-deportes\/","title":{"rendered":"Oficina de Deportes"},"content":{"rendered":"<div class=\"wpb-content-wrapper\"><p>[vc_section][vc_row][vc_column width=\u00bb2\/3&#8243;][vc_column_text]El Programa contempla promover, apoyar, coordinar, asesorar a las organizaciones deportivas de la Comuna, para asegurar la mayor participaci\u00f3n de ni\u00f1os, j\u00f3venes y adultos en actividades deportivas contribuyendo as\u00ed al buen uso del tiempo libre, la sana recreaci\u00f3n y mejorar su calidad de vida.<\/p>\n<p>Especial \u00e9nfasis se otorga al deporte formativo, recreativo y competitivo, contribuyendo as\u00ed a la formaci\u00f3n Integral de los habitantes de la comuna.[\/vc_column_text][vc_tta_accordion style=\u00bbflat\u00bb c_icon=\u00bbchevron\u00bb active_section=\u00bb1&#8243;][vc_tta_section title=\u00bbFunciones\u00bb tab_id=\u00bb1548881108963-789d5417-3747&#8243;][vc_column_text]<\/p>\n<ul class=\"td-arrow-list\">\n<li>Escuelas de deportes (formativo).<\/li>\n<li>Talleres deportivos y de recreaci\u00f3n de car\u00e1cter formativo.<\/li>\n<li>Organizaci\u00f3n, ejecuci\u00f3n, supervisi\u00f3n y evaluaci\u00f3n de competencias espor\u00e1dicas deportivas en conjunto con las organizaciones de la comuna.<\/li>\n<li>Proponer, idear y concretar nuevas formas de competencias que incentiven la participaci\u00f3n.<\/li>\n<li>Desarrollar actividades especiales en temporadas de verano e invierno, para ni\u00f1os y j\u00f3venes de la Comuna de Ancud.<\/li>\n<li>Generar actividades permanentes y continuas en gimnasios y multicanchas de la Comuna de Ancud.<\/li>\n<li>Administraci\u00f3n de los recintos deportivos: Estadio Joel Fitz, Estadio Pudeto, Gimnasio Rivera Sur y Gimnasio Fiscal.<\/li>\n<\/ul>\n<p>[\/vc_column_text][\/vc_tta_section][\/vc_tta_accordion][\/vc_column][vc_column width=\u00bb1\/3&#8243;][vc_btn title=\u00bbVolver a Servicios Municipales\u00bb style=\u00bbflat\u00bb color=\u00bbsuccess\u00bb align=\u00bbleft\u00bb i_icon_fontawesome=\u00bbfa fa-arrow-left\u00bb button_block=\u00bbtrue\u00bb add_icon=\u00bbtrue\u00bb link=\u00bburl:https%3A%2F%2Fwww.muniancud.cl%2Fportal%2Fservicios-municipales%2F|||\u00bb][vc_single_image image=\u00bb23544&#8243; img_size=\u00bbfull\u00bb alignment=\u00bbcenter\u00bb]<div class=\"td_block_wrap td_block_text_with_title td_uid_1_69f19ec4186cc_rand td-pb-border-top td_block_template_8\"  data-td-block-uid=\"td_uid_1_69f19ec4186cc\" ><div class=\"td-block-title-wrap\"><h4 class=\"td-block-title\"><span>Encargado Oficina de Deportes<\/span><\/h4><\/div><div class=\"td_mod_wrap td-fix-index\"><p><strong>Alex Armando Villanueva Barr\u00eda\u00a0<\/strong><br \/>\nEmail: alex.villanueva@muniancud.cl<br \/>\nTel\u00e9fono: 65-2487692<\/p>\n<\/div><\/div><div class=\"td_block_wrap td_block_text_with_title td_uid_2_69f19ec419d4a_rand td-pb-border-top td_block_template_8\"  data-td-block-uid=\"td_uid_2_69f19ec419d4a\" ><div class=\"td-block-title-wrap\"><h4 class=\"td-block-title\"><span>Gestor Comunal de Promoci\u00f3n de Salud<\/span><\/h4><\/div><div class=\"td_mod_wrap td-fix-index\"><p><strong>Carlos Aguilar<\/strong><br \/>\nEmail: carlos.aguilar@muniancud.cl<br \/>\nTel\u00e9fono: 65-2487626<\/p>\n<\/div><\/div><div class=\"td_block_wrap td_block_text_with_title td_uid_3_69f19ec41abbe_rand td-pb-border-top td_block_template_8\"  data-td-block-uid=\"td_uid_3_69f19ec41abbe\" ><div class=\"td-block-title-wrap\"><h4 class=\"td-block-title\"><span>Secretaria<\/span><\/h4><\/div><div class=\"td_mod_wrap td-fix-index\"><p><strong>Fresia D\u00edaz Lastra<\/strong><br \/>\nEmail:\u00a0fresia.diaz@muniancud.cl<br \/>\nTel\u00e9fono: 65-2487705<\/p>\n<\/div><\/div><div class=\"td_block_wrap td_block_text_with_title td_uid_4_69f19ec41b955_rand td-pb-border-top td_block_template_8\"  data-td-block-uid=\"td_uid_4_69f19ec41b955\" ><div class=\"td-block-title-wrap\"><h4 class=\"td-block-title\"><span>Apoyo Administrativo<\/span><\/h4><\/div><div class=\"td_mod_wrap td-fix-index\"><p><strong>Johana Santana Aguilar<\/strong><br \/>\nEmail: johana.santana@muniancud.cl<br \/>\nTel\u00e9fono: 65-2487705<\/p>\n<\/div><\/div>[vc_btn title=\u00bbFacebook\u00bb style=\u00bbflat\u00bb color=\u00bbprimary\u00bb align=\u00bbleft\u00bb i_icon_fontawesome=\u00bbfa fa-facebook\u00bb button_block=\u00bbtrue\u00bb add_icon=\u00bbtrue\u00bb link=\u00bburl:https%3A%2F%2Fwww.facebook.com%2FDeportes-de-Ancud-516636601702519%2F||target:%20_blank|\u00bb][vc_btn title=\u00bbTwitter\u00bb style=\u00bbflat\u00bb color=\u00bbsky\u00bb align=\u00bbleft\u00bb i_icon_fontawesome=\u00bbfa fa-twitter\u00bb button_block=\u00bbtrue\u00bb add_icon=\u00bbtrue\u00bb link=\u00bburl:https%3A%2F%2Ftwitter.com%2Fdeportes_ancud||target:%20_blank|\u00bb][\/vc_column][\/vc_row][\/vc_section]<\/p>\n<\/div>","protected":false},"excerpt":{"rendered":"<p>[vc_section][vc_row][vc_column width=\u00bb2\/3&#8243;][vc_column_text]El Programa contempla promover, apoyar, coordinar, asesorar a las organizaciones deportivas de la Comuna, para asegurar la mayor participaci\u00f3n de ni\u00f1os, j\u00f3venes y adultos en actividades deportivas contribuyendo as\u00ed al buen uso del tiempo libre, la sana recreaci\u00f3n y mejorar su calidad de vida. Especial \u00e9nfasis se otorga al deporte formativo, recreativo y competitivo, [&hellip;]<\/p>\n","protected":false},"author":1,"featured_media":0,"parent":747,"menu_order":2,"comment_status":"closed","ping_status":"closed","template":"page-pagebuilder-title.php","meta":{"footnotes":""},"class_list":["post-23540","page","type-page","status-publish","hentry"],"_links":{"self":[{"href":"https:\/\/www.muniancud.cl\/portal\/wp-json\/wp\/v2\/pages\/23540","targetHints":{"allow":["GET"]}}],"collection":[{"href":"https:\/\/www.muniancud.cl\/portal\/wp-json\/wp\/v2\/pages"}],"about":[{"href":"https:\/\/www.muniancud.cl\/portal\/wp-json\/wp\/v2\/types\/page"}],"author":[{"embeddable":true,"href":"https:\/\/www.muniancud.cl\/portal\/wp-json\/wp\/v2\/users\/1"}],"replies":[{"embeddable":true,"href":"https:\/\/www.muniancud.cl\/portal\/wp-json\/wp\/v2\/comments?post=23540"}],"version-history":[{"count":13,"href":"https:\/\/www.muniancud.cl\/portal\/wp-json\/wp\/v2\/pages\/23540\/revisions"}],"predecessor-version":[{"id":34652,"href":"https:\/\/www.muniancud.cl\/portal\/wp-json\/wp\/v2\/pages\/23540\/revisions\/34652"}],"up":[{"embeddable":true,"href":"https:\/\/www.muniancud.cl\/portal\/wp-json\/wp\/v2\/pages\/747"}],"wp:attachment":[{"href":"https:\/\/www.muniancud.cl\/portal\/wp-json\/wp\/v2\/media?parent=23540"}],"curies":[{"name":"wp","href":"https:\/\/api.w.org\/{rel}","templated":true}]}}