{"id":23566,"date":"2019-01-30T18:14:10","date_gmt":"2019-01-30T21:14:10","guid":{"rendered":"https:\/\/www.muniancud.cl\/portal\/?page_id=23566"},"modified":"2025-01-22T18:59:27","modified_gmt":"2025-01-22T21:59:27","slug":"oficina-del-adulto-mayor","status":"publish","type":"page","link":"https:\/\/www.muniancud.cl\/portal\/unidades-municipales\/direccion-de-desarrollo-comunitario\/oficina-del-adulto-mayor\/","title":{"rendered":"Oficina del Adulto Mayor"},"content":{"rendered":"<div class=\"wpb-content-wrapper\"><p>[vc_section][vc_row][vc_column width=\u00bb2\/3&#8243;][vc_single_image image=\u00bb34551&#8243; img_size=\u00bbfull\u00bb css=\u00bb\u00bb][vc_column_text]El programa se encuentra orientado a brindar espacios de integraci\u00f3n social de la poblaci\u00f3n adulto mayor de la comuna, mediante el desarrollo de actividades que contribuyan al mantenimiento de sus capacidades aut\u00f3nomas y al mejoramiento de su calidad de vida, en \u00e1reas relacionadas con la convivencia social, vida saludable, recreaci\u00f3n e insert\u00e1ndolos en los planes y programas establecidos desde las pol\u00edticas p\u00fablicas y sociales.[\/vc_column_text][vc_tta_accordion style=\u00bbflat\u00bb c_icon=\u00bbchevron\u00bb active_section=\u00bb1&#8243;][vc_tta_section title=\u00bbFunciones\u00bb tab_id=\u00bb1548881108963-789d5417-37474c90-dd2d\u00bb][vc_column_text]<\/p>\n<ul class=\"td-arrow-list\">\n<li>Formular y gestionar proyectos y actividades que promuevan el envejecimiento activo y la integraci\u00f3n eficiente de los adultos mayores a nivel social y comunitario.<\/li>\n<li>Estimular la autovalencia del adulto mayor, reforzando sus condiciones favorables de vida a trav\u00e9s de servicios de atenci\u00f3n profesional en el \u00e1rea social y de salud incorpor\u00e1ndolos a los planes y programas establecidos en las pol\u00edticas p\u00fablicas y sociales.<\/li>\n<li>Fomentar la organizaci\u00f3n y formaci\u00f3n grupal de adultos mayores para el desarrollo de objetivos comunes promoviendo su incorporaci\u00f3n para favorecer su autonom\u00eda y un envejecimiento activo.<\/li>\n<li>Intervenci\u00f3n Individual de adultos mayores en situaci\u00f3n de vulnerabilidad social de la comuna.<\/li>\n<li>Promover acciones de voluntariado\u00a0en la poblaci\u00f3n de Ancud destinada a los adultos mayores.<\/li>\n<li>Apoyar la gesti\u00f3n de la Uni\u00f3n Comunal de Adultos Mayores de Ancud y la de sus clubes poniendo a su disposici\u00f3n una Casa para que ejecuten un programa de actividades donde sus socios y personas mayores en general puedan desarrollarse y generar lazos de amistad.<\/li>\n<li>Sensibilizar a la comunidad respecto al buen trato y respeto a los derechos de las personas mayores a trav\u00e9s de campa\u00f1as de sensibilizaci\u00f3n.<\/li>\n<li>Fortalecer las instancias de coordinaci\u00f3n intersectorial difundiendo la oferta program\u00e1tica que favorezcan la aplicaci\u00f3n de los programas sociales en beneficio de las personas mayores.<\/li>\n<\/ul>\n<p>[\/vc_column_text][\/vc_tta_section][vc_tta_section title=\u00bbOtras Actividades y Proyectos\u00bb tab_id=\u00bb1548883172238-47efb9cf-ca8e\u00bb][vc_column_text]<\/p>\n<ul class=\"td-arrow-list\">\n<li>Postulaci\u00f3n a proyectos sociales, comunitarios y de emprendimiento para ir en ayuda de adultos mayores en situaci\u00f3n de vulnerabilidad.<\/li>\n<li>Apoyo en la tramitaci\u00f3n en pensi\u00f3n solidaria b\u00e1sica, inscripci\u00f3n para postular a vivienda, ayudas sociales y derivaciones.<\/li>\n<li>Ejecuci\u00f3n de proyecto para atenci\u00f3n domiciliaria a 60 adultos mayores con C\u00e1ncer y Postrados en Ancud.<\/li>\n<li>Trabajo en conjunto con el Voluntariado de Ancud en apoyo de los adultos mayores.<\/li>\n<li>Trabajo en conjunto con 34 clubes y la Uni\u00f3n Comunal de Adultos Mayores en la comuna.<\/li>\n<li>Ejecuci\u00f3n de talleres en las \u00e1reas de desarrollo personal, salud, art\u00edstica, actividad f\u00edsica y de (gimnasia, teatro, baile, elaboraci\u00f3n de proyectos, computaci\u00f3n, lectura, manualidades, Folclore, Yoga, Primeros Auxilios y seg\u00fan intereses).<\/li>\n<li>Programa de viajes tur\u00edsticos con recursos Municipales y en convenio con SERNATUR.<\/li>\n<li>Actividades recreativas: Celebraciones \u201cD\u00eda del Buen Trato al Adulto Mayor, Pasando Agosto, Fiestas Patrias, D\u00eda del Adulto Mayor y Navidad.<\/li>\n<li>Coordina en conjunto con la Uni\u00f3n Comunal de Adultos Mayores de Ancud el funcionamiento de la Casa del Adulto Mayor.<\/li>\n<li>Atenci\u00f3n Pod\u00f3loga gratuita.<\/li>\n<li>Atenci\u00f3n Social Individual a adultos mayores en situaci\u00f3n de vulnerabilidad.<\/li>\n<\/ul>\n<p>[\/vc_column_text][\/vc_tta_section][\/vc_tta_accordion][\/vc_column][vc_column width=\u00bb1\/3&#8243;][vc_btn title=\u00bbVolver a Servicios Municipales\u00bb style=\u00bbflat\u00bb color=\u00bbsuccess\u00bb align=\u00bbleft\u00bb i_icon_fontawesome=\u00bbfa fa-arrow-left\u00bb button_block=\u00bbtrue\u00bb add_icon=\u00bbtrue\u00bb link=\u00bburl:https%3A%2F%2Fwww.muniancud.cl%2Fportal%2Fservicios-municipales%2F|||\u00bb][vc_single_image image=\u00bb23571&#8243; img_size=\u00bbfull\u00bb alignment=\u00bbcenter\u00bb]<div class=\"td_block_wrap td_block_text_with_title td_uid_1_6a09b2bce4c1e_rand td-pb-border-top td_block_template_8\"  data-td-block-uid=\"td_uid_1_6a09b2bce4c1e\" ><div class=\"td-block-title-wrap\"><h4 class=\"td-block-title\"><span>Encargada Oficina del Adulto Mayor<\/span><\/h4><\/div><div class=\"td_mod_wrap td-fix-index\"><p><strong>Karin Marilic\u00e1n Maldonado<\/strong><br \/>\nEmail: karin.marilican@muniancud.cl<br \/>\nTel\u00e9fono: 65-2487324<\/p>\n<\/div><\/div><div class=\"td_block_wrap td_block_text_with_title td_uid_2_6a09b2bce64c1_rand td-pb-border-top td_block_template_8\"  data-td-block-uid=\"td_uid_2_6a09b2bce64c1\" ><div class=\"td-block-title-wrap\"><h4 class=\"td-block-title\"><span>Secretaria<\/span><\/h4><\/div><div class=\"td_mod_wrap td-fix-index\"><p><strong>Juana Navarrete Arias<\/strong><br \/>\nEmail:\u00a0juana.navarrete@muniancud.cl<br \/>\nTel\u00e9fono: 65-2487624<\/p>\n<\/div><\/div><div class=\"td_block_wrap td_block_text_with_title td_uid_3_6a09b2bce7901_rand td-pb-border-top td_block_template_8\"  data-td-block-uid=\"td_uid_3_6a09b2bce7901\" ><div class=\"td-block-title-wrap\"><h4 class=\"td-block-title\"><span>Pod\u00f3loga<\/span><\/h4><\/div><div class=\"td_mod_wrap td-fix-index\"><p><strong>Angela Mu\u00f1oz<\/strong><\/p>\n<\/div><\/div>[vc_btn title=\u00bbFacebook\u00bb style=\u00bbflat\u00bb color=\u00bbprimary\u00bb align=\u00bbleft\u00bb i_icon_fontawesome=\u00bbfa fa-facebook\u00bb button_block=\u00bbtrue\u00bb add_icon=\u00bbtrue\u00bb link=\u00bburl:https%3A%2F%2Fwww.facebook.com%2Foficinaadultomayorancud||target:%20_blank|\u00bb][\/vc_column][\/vc_row][\/vc_section]<\/p>\n<\/div>","protected":false},"excerpt":{"rendered":"<p>[vc_section][vc_row][vc_column width=\u00bb2\/3&#8243;][vc_single_image image=\u00bb34551&#8243; img_size=\u00bbfull\u00bb css=\u00bb\u00bb][vc_column_text]El programa se encuentra orientado a brindar espacios de integraci\u00f3n social de la poblaci\u00f3n adulto mayor de la comuna, mediante el desarrollo de actividades que contribuyan al mantenimiento de sus capacidades aut\u00f3nomas y al mejoramiento de su calidad de vida, en \u00e1reas relacionadas con la convivencia social, vida saludable, recreaci\u00f3n e [&hellip;]<\/p>\n","protected":false},"author":1,"featured_media":0,"parent":747,"menu_order":0,"comment_status":"closed","ping_status":"closed","template":"page-pagebuilder-title.php","meta":{"footnotes":""},"class_list":["post-23566","page","type-page","status-publish","hentry"],"_links":{"self":[{"href":"https:\/\/www.muniancud.cl\/portal\/wp-json\/wp\/v2\/pages\/23566","targetHints":{"allow":["GET"]}}],"collection":[{"href":"https:\/\/www.muniancud.cl\/portal\/wp-json\/wp\/v2\/pages"}],"about":[{"href":"https:\/\/www.muniancud.cl\/portal\/wp-json\/wp\/v2\/types\/page"}],"author":[{"embeddable":true,"href":"https:\/\/www.muniancud.cl\/portal\/wp-json\/wp\/v2\/users\/1"}],"replies":[{"embeddable":true,"href":"https:\/\/www.muniancud.cl\/portal\/wp-json\/wp\/v2\/comments?post=23566"}],"version-history":[{"count":9,"href":"https:\/\/www.muniancud.cl\/portal\/wp-json\/wp\/v2\/pages\/23566\/revisions"}],"predecessor-version":[{"id":34552,"href":"https:\/\/www.muniancud.cl\/portal\/wp-json\/wp\/v2\/pages\/23566\/revisions\/34552"}],"up":[{"embeddable":true,"href":"https:\/\/www.muniancud.cl\/portal\/wp-json\/wp\/v2\/pages\/747"}],"wp:attachment":[{"href":"https:\/\/www.muniancud.cl\/portal\/wp-json\/wp\/v2\/media?parent=23566"}],"curies":[{"name":"wp","href":"https:\/\/api.w.org\/{rel}","templated":true}]}}