{"id":23585,"date":"2019-02-08T09:27:19","date_gmt":"2019-02-08T12:27:19","guid":{"rendered":"https:\/\/www.muniancud.cl\/portal\/?page_id=23585"},"modified":"2019-07-11T18:33:41","modified_gmt":"2019-07-11T22:33:41","slug":"perfil-geografico","status":"publish","type":"page","link":"https:\/\/www.muniancud.cl\/portal\/perfil-geografico\/","title":{"rendered":"Perfil Geogr\u00e1fico"},"content":{"rendered":"<div class=\"wpb-content-wrapper\"><p>[vc_row][vc_column][vc_tta_tabs style=\u00bbflat\u00bb color=\u00bbwhite\u00bb active_section=\u00bb1&#8243;][vc_tta_section i_icon_fontawesome=\u00bbfa fa-map-marker\u00bb add_icon=\u00bbtrue\u00bb title=\u00bbSuperficie y localizaci\u00f3n\u00bb tab_id=\u00bb1552765649092-e0ff0093-6530&#8243;][vc_column_text]La comuna de Ancud se encuentra ubicada entre los paralelos 73\u00ba 49\u00b430\u201d longitud Oeste y 41\u00ba 52\u00b4 latitud sur. Pertenece a la Provincia de Chilo\u00e9, Regi\u00f3n de Los Lagos, Rep\u00fablica de Chile. Limita al norte con la Provincia de Llanquihue, separada de la misma por el Canal de Chacao; al sur con la comuna de Dalcahue; al oriente con la comuna de Quemchi y el Golfo de Ancud y al poniente con el Oc\u00e9ano Pacifico. Cuenta con una superficie terrestre de 1.752,4 Km\u00b2, equivalentes a un 19% de la superficie provincial y un 2.6% de la superficie regional.[\/vc_column_text][vc_single_image image=\u00bb23764&#8243; img_size=\u00bblarge\u00bb alignment=\u00bbcenter\u00bb onclick=\u00bbcustom_link\u00bb img_link_target=\u00bb_blank\u00bb link=\u00bbhttps:\/\/www.muniancud.cl\/portal\/wp-content\/uploads\/2019\/03\/Ancud_fn_G.jpg\u00bb][vc_row_inner][vc_column_inner width=\u00bb1\/4&#8243;][\/vc_column_inner][vc_column_inner width=\u00bb1\/4&#8243;][vc_btn title=\u00bbVer tama\u00f1o original\u00bb color=\u00bbwhite\u00bb align=\u00bbleft\u00bb i_icon_fontawesome=\u00bbfa fa-arrows-alt\u00bb button_block=\u00bbtrue\u00bb add_icon=\u00bbtrue\u00bb link=\u00bburl:https%3A%2F%2Fwww.muniancud.cl%2Fportal%2Fwp-content%2Fuploads%2F2019%2F03%2FAncud_fn_G.jpg||target:%20_blank|\u00bb][\/vc_column_inner][vc_column_inner width=\u00bb1\/4&#8243;][vc_btn title=\u00bbVer en Google Maps\u00bb color=\u00bbwhite\u00bb align=\u00bbleft\u00bb i_icon_fontawesome=\u00bbfa fa-map-o\u00bb button_block=\u00bbtrue\u00bb add_icon=\u00bbtrue\u00bb link=\u00bburl:https%3A%2F%2Fwww.google.com%2Fmaps%2Fplace%2FAncud%2C%2BRegi%25C3%25B3n%2Bde%2Blos%2BLagos%2F%40-41.9442697%2C-73.8337809%2C10.96z%2Fdata%3D!4m5!3m4!1s0x96228a85a989ef49%3A0x67d7876d694c724d!8m2!3d-41.8675003!4d-73.8276965||target:%20_blank|\u00bb][\/vc_column_inner][vc_column_inner width=\u00bb1\/4&#8243;][\/vc_column_inner][\/vc_row_inner][\/vc_tta_section][vc_tta_section i_icon_fontawesome=\u00bbfa fa-cloud\u00bb add_icon=\u00bbtrue\u00bb title=\u00bbSituaci\u00f3n clim\u00e1tica\u00bb tab_id=\u00bb1552765649108-3f880b1f-b4fe\u00bb][vc_column_text]El territorio comprendido por la Isla de Chilo\u00e9, presenta un clima que se define como de tendencia oce\u00e1nico, h\u00famedo y templado. El r\u00e9gimen pluviom\u00e9trico, posee caracter\u00edsticas mediterr\u00e1neas con m\u00e1ximos de lluvias en invierno, pero con ausencia de per\u00edodo seco estival.<\/p>\n<p>Las variaciones geogr\u00e1ficas del clima de la isla de Chilo\u00e9, se deben al efecto de barrera que presenta la cordillera de Piuch\u00e9, en relaci\u00f3n a los frentes de mal tiempo que avanzan desde el oc\u00e9ano. Esta cadena monta\u00f1osa, provoca una distribuci\u00f3n muy heterog\u00e9nea de las precipitaciones, recibiendo los territorios m\u00e1s altos aproximadamente 3.000mm. anuales, en cambio en la depresi\u00f3n intermedia (Castro, Chonchi) la pluviometr\u00eda es de unos 2.000mm. anuales. Las lluvias de Chilo\u00e9, a\u00fan en el invierno, presentan una temperatura un tanto elevada, ya que provienen de las corrientes atmosf\u00e9ricas del N.W., las que arriban desde la regi\u00f3n tropical con un nivel vapores c\u00e1lidos. Por \u00faltimo, cabe decir que Chilo\u00e9 es una zona tan h\u00fameda, que ha sido calificada como una de las de mayor humedad a nivel mundial.<\/p>\n<p>Ancud presenta un clima particular, al cual se le denomina agroclima Maull\u00edn. Este se encuentra en una franja costera que se extiende desde el sureste de la ciudad de Valdivia, en el paralelo 40\u00ba S, hasta el borde oriental de la Isla grande de Chilo\u00e9 en el paralelo 43\u00ba S.<\/p>\n<p>La comuna de Ancud, producto de su localizaci\u00f3n a orillas del Oc\u00e9ano Pac\u00edfico y su exposici\u00f3n a vientos fr\u00edos, presenta una temperatura un tanto m\u00e1s baja y oscilaciones menores que Valdivia y Puerto Montt, localidades que est\u00e1n protegidas por la Cordillera de la Costa; pero por lo persistente de las lluvias, la temperatura var\u00eda tan poco y es tan uniforme, que en la mayor parte del a\u00f1o la oscilaci\u00f3n t\u00e9rmica diaria es casi imperceptible.<\/p>\n<p>La temperatura media anual de la comuna, en un registro de 19 a\u00f1os, es de 9\u00ba C, siendo enero y febrero, los meses m\u00e1s c\u00e1lidos, con una temperatura media de 13\u00ba C y julio el mes m\u00e1s fr\u00edo con una temperatura media de 6\u00ba C.<\/p>\n<p>Por su parte, la precipitaci\u00f3n media anual, en un registro de 39 a\u00f1os, es de 2.457 mm, siendo el julio el mes m\u00e1s lluvioso, con una precipitaci\u00f3n media de 335mm; el mes con menor precipitaci\u00f3n corresponde a febrero, con una precipitaci\u00f3n media de 103mm.<\/p>\n<p>Los vientos predominantes en el litoral de Chilo\u00e9 son los provenientes del N.W. En el caso de los vientos del primer cuadrante corresponden a brisas h\u00famedas, generadoras de mal tiempo y por ende de lluvias; por el contrario, los del segundo son vientos secos que permiten condiciones de buen tiempo. Estos vientos son menos frecuentes, debido a que la Cordillera de los Andes, rara vez permite que traspasen su barrera natural.<\/p>\n<p>En orden de predominancia, los vientos m\u00e1s frecuentes son como se plante\u00f3 los del N.W., sigui\u00e9ndole el S.W., el N. y finalmente los del W. En el caso de los vientos del N.E. son transitorios y menos frecuentes. Los vientos de S.W. dominan en el verano y los del N.W. en el invierno, identific\u00e1ndose estos \u00faltimos con los temporales.<\/p>\n<p>Por otro lado, los vientos de orientaci\u00f3n N-NW al N.W, tienden a permanecer por algunas horas, derivando posteriormente al S.W, generando as\u00ed altos niveles de humedad atmosf\u00e9rica. Los vientos de orientaci\u00f3n S. al S.E. se convierten en brisas galenas, con tiempo despejado y agradable.<\/p>\n<p>Cuando estos calman, despu\u00e9s de soplar algunos d\u00edas, la atm\u00f3sfera se cubre de nubes y llueve en abundancia, manteni\u00e9ndose as\u00ed por uno o m\u00e1s d\u00edas<\/p>\n<p>Durante la primavera y el verano, es decir, desde septiembre hasta marzo, predominan los vientos del S.W., que en algunos casos tempestuosos, pero normalmente generan normalidad y estabilidad atmosf\u00e9rica.[\/vc_column_text][\/vc_tta_section][vc_tta_section i_icon_fontawesome=\u00bbfa fa-envira\u00bb add_icon=\u00bbtrue\u00bb title=\u00bbFlora y fauna\u00bb tab_id=\u00bb1552765652553-b339e906-5af3&#8243;][vc_column_text]En la comuna de Ancud es posible encontrar una amplia diversidad de especies animales y vegetales, varias de ellas de naturaleza end\u00e9mica producto de su condici\u00f3n insular, siendo la secci\u00f3n del Parque Nacional Chilo\u00e9 que se encuentra en el territorio administrativo de la comuna, el reservorio de la mayor parte de este importante patrimonio natural.<\/p>\n<p>Existen muchas especies de mam\u00edferos que se encuentran protegidas indefinidamente por la reglamentaci\u00f3n de caza, por su amenaza de extinci\u00f3n o bien porque son ben\u00e9ficas en el control biol\u00f3gico de plagas de insectos o roedores. Entre los mam\u00edferos terrestres no voladores se encuentran el zorro de Chilo\u00e9 (Pseudalopex fulvipes), el rat\u00f3n topo de Chilo\u00e9 (Notiomys valdivianus chiloensis), el rat\u00f3n arb\u00f3reo de Chilo\u00e9 (Irenomys tarsalis longicaudatus), el rat\u00f3n de pi\u00e9 color humo (Phyllotis micropus fumipes), el monito del monte de Chilo\u00e9 (Dromiciops australis gliroides), el chingue patag\u00f3nico (Conepatus humboldti), quique (Galictus cuja), el huill\u00edn (Lutra provocax), el pud\u00fa (Pudu puda) y la gui\u00f1a (Felis guigna).<\/p>\n<p>Se observa tambi\u00e9n una importante masa de animales introducidos, siendo los vacunos, ovinos, porcinos, los perros, los gatos y los caballares las principales especies; en cuanto a los caballares, se produjo una variedad local de menor estatura, el mampato, que es un peque\u00f1o descendiente del caballo andaluz, pero de gran resistencia para el h\u00e1bitat austral. Contrastando con el continente, se debe plantear la inexistencia de pumas, de zorros de los montes y de conejos, estos \u00faltimos se encuentran en escasa cantidad como animales dom\u00e9sticos.<\/p>\n<p>Los mam\u00edferos no terrestres o no predominantemente terrestres se encuentran representados por la ballena jorobada (Magn\u00e1nima megaptera noraenglice), la nutria de mar (Lutra felina) y el lobo marino de dos pelos (Artocephalus australis). Algunos avistamientos han demostrado la presencia en el litoral de orca (Orcinus orca), cachalote com\u00fan (Physeten catadon) y tonina (Cephalorhynchus sp).<\/p>\n<p>Se debe destacar que el mar que circunda el territorio comunal posee una variada y cuantiosa gama de recursos dentro de los cuales es posible distinguir ostras, centollas y otros moluscos y crust\u00e1ceos, cholgas, erizos, piures, machas, almejas, choros, luche, navajuelas, locos y una diversificada cantidad de peces.<\/p>\n<p>Entre las aves, adem\u00e1s de las de corral (gallinas, pavos, gansos, patos y palomas), se distingue el Mart\u00edn pescador, la garza cuca, los flamencos, loros choroyes, colibr\u00edes, carpinteros, el peque\u00f1o chucao agorero y el coo o lechuza; el cisne blanco y el m\u00e1s raro el de cuello negro, bandurrias, gaviotas y petreles marinos, jotes carro\u00f1eros, patos liles y p\u00e1jaros ni\u00f1os. En el Parque Nacional de Chilo\u00e9 y por ende, en la secci\u00f3n correspondiente a Ancud, se han identificado cerca de 110 especies de aves. Muchos de estos animales son subespecies end\u00e9micas de la Isla Grande de Chilo\u00e9, entre la cuales destacan, diuca de Chilo\u00e9 (Diuca chiloensis), el diuc\u00f3n de Chilo\u00e9 (Pyrope pyrope fortis), el conc\u00f3n de Chilo\u00e9 (Strix rufines sanbonni) y el rayadito de Chilo\u00e9 (Aphrastura spinicanda fulva).<\/p>\n<p>Adem\u00e1s de las especies ya mencionadas, destaca la presencia de singulares batracios, cuales son la Ranita de Darwin (Rhinoderma darwinii), la que trepa por los vegetales en busca de insectos, mientras mantiene sus cr\u00edas en las fauces y el sapito selv\u00e1tico (Hylorina sylvatica).<\/p>\n<p>Es necesario destacar que el huill\u00edn, el pud\u00fa, la ballena jorobada y la nutria de mar son especies cuya caza o captura se encuentran prohibida a nivel internacional, as\u00ed como tambi\u00e9n su comercializaci\u00f3n y\/o transporte se encuentran, condici\u00f3n que se encuentra registrada en el ap\u00e9ndice I de CITES (Convention on Internacional Trade in Endangered Species). El lobo marino de dos pelos est\u00e1 incluido en el ap\u00e9ndice II de CITES, lo que indica que si bien no est\u00e1 en peligro de extinci\u00f3n, podr\u00eda llegar a esta situaci\u00f3n a menos que su comercio sea estrictamente regulado.<\/p>\n<p>Respecto de la flora, es posible identificar especies arb\u00f3reas aut\u00f3ctonas caracter\u00edsticas de este espacio, como es el caso del alerce, especie que alcanza hasta 70 metros de altura; el cipr\u00e9s, especie de madera de gran calidad; el ma\u00f1iu, el roble, el tep\u00fa, el avellano, el huahu\u00e1n, usado en la construcci\u00f3n de embarcaciones; el ciruelillo de fina madera; el coihue y muchas otras especies end\u00e9micas de la Isla.<\/p>\n<p>Entre las plantas t\u00edpicas, predominan el pangue y las nalcas. Tambi\u00e9n se encuentran presentes arbustos como el array\u00e1n o el romerillo, el helecho arb\u00f3reo; mientras que las flores reconocidas corresponden a el tineo, el coicopihue, flor de la botellita, de la asteranthera oata.[\/vc_column_text][\/vc_tta_section][vc_tta_section i_icon_fontawesome=\u00bbfa fa-globe\u00bb add_icon=\u00bbtrue\u00bb title=\u00bbGeomorfolog\u00eda\u00bb tab_id=\u00bb1552765653147-d216af75-422f\u00bb][vc_column_text]Las planicies litorales de Chilo\u00e9 corresponden morfol\u00f3gicamente a una estrecha llanura que se extiende desde la Bah\u00eda de Ancud en el norte, hasta la Bah\u00eda de Tongoy en el sur, en un limitado espacio geogr\u00e1fico de aproximadamente 30 Km. de longitud, en direcci\u00f3n norte \u2013 sur. Estas planicies litorales se ven interrumpidas en su desarrollo al sur, por la Cordillera de Piuch\u00e9, y s\u00f3lo se restablecen en forma muy disminuida, en la desembocadura del R\u00edo Medina.<\/p>\n<p>La planicie comienza en el norte en Punta Corona, punta que cierra la Bah\u00eda de Ancud por el N-W. Al sur de la localidad de El Banco, se encuentra la extensa playa de Bah\u00eda de Cocotu\u00e9, la que genera una costa deprimida que se prolonga en ambas orillas de la desembocadura del R\u00edo Puntra. Las planicies litorales, en la comuna de Ancud, desaparecen definitivamente al sur de Punta Ahuenco.<\/p>\n<p>Otra macro forma importante presente en la comuna de Ancud, es la Cordillera de la Costa, la cual se extiende desde el extremo norte de la Isla Grande de Chilo\u00e9 hasta la Pen\u00ednsula Tres Montes, presentando un car\u00e1cter insular y de moderada fragmentaci\u00f3n tect\u00f3nica.<\/p>\n<p>La Cordillera de la Costa en esta regi\u00f3n alcanza una extensi\u00f3n longitudinal estimada de 560 Km., correspondiendo 60 Km., al sector insular de Chilo\u00e9 y el resto al \u00e1rea archipiel\u00e1gica comprendida entre la Isla Guafo y Punta Tres Montes, en la pen\u00ednsula de Taitao.<\/p>\n<p>La comuna de Ancud presenta una variada gama de unidades fisiogr\u00e1ficas, las cuales se pueden clasificar en tres grandes categor\u00edas: Los n\u00facleos monta\u00f1osos y colinajes desarrollados sobre rocas metam\u00f3rficas, volc\u00e1nicas y sedimentarias; las terrazas y cursos fluviales actuales y holoc\u00e9nicas; y el modelado glacial pleistoceno, esta \u00faltima categor\u00eda, corresponde a un conjunto de geoformas morr\u00e9nicas y amplias llanuras elaboradas durante las \u00faltimas tres glaciaciones que han afectado el \u00e1rea comunal durante el Cuaternario, especialmente la localidad de Chacao.<\/p>\n<p>Estas tres grandes categor\u00edas a su vez se han visto afectadas por retoques marinos y lacustres generando estrechas plataformas marinas y lacustres escalonadas que de manera discontinua aparecen en la costa comunal. Posteriormente la transgresi\u00f3n marina postgacial ha permitido el desarrollo de cordones litorales, playas y acantilados, los que aparecen con distinto grado de desarrollo en la zona costera comunal. Sobre estas plataformas bajas se distinguen, en el sector occidental de la comuna, din\u00e1micos campos de dunas, como por ejemplo en el sector de Mar Brava y Polocue.[\/vc_column_text][\/vc_tta_section][vc_tta_section i_icon_fontawesome=\u00bbfa fa-tint\u00bb add_icon=\u00bbtrue\u00bb title=\u00bbHidrograf\u00eda\u00bb tab_id=\u00bb1552765653908-60fccb13-4e25&#8243;][vc_column_text]Por el hecho de que el Seno de Reloncav\u00ed y los golfos de Ancud y Corcovado son la prolongaci\u00f3n sumergida de la depresi\u00f3n intermedia de Chile y que la Isla Grande se vertebr\u00e1 a lo largo de los remanentes de la Cordillera de la Costa que afloran en ella, se consideran sus sistemas hidrogr\u00e1ficos como cuencas costeras, a pesar de que el archipi\u00e9lago de Chilo\u00e9, particularmente la Isla Grande, es considerado por muchos autores bajo el concepto geogr\u00e1fico de Norpatagonia.<\/p>\n<p>De las 56 hoyas hidrogr\u00e1ficas de r\u00edos o cursos independientes presentes en la Isla Grande, cinco tienen desag\u00fce hacia el norte, hacia la Bah\u00eda de Ancud y el Canal de Chacao, siendo la mayor la del r\u00edo Pudeto. Las cuencas menores corresponden a los r\u00edos Huicha y Guyund\u00e9n, que se sit\u00faan al oriente de la desembocadura del Pudeto que queda al centro de esa costa, y el r\u00edo Quilo, que desagua en el extremo noroccidental de la isla hacia el Golfo de Quetalmahue. Se trata de r\u00edos de corto recorrido con hoyas muy peque\u00f1as.<\/p>\n<p><a href=\"https:\/\/www.muniancud.cl\/portal\/wp-content\/uploads\/2019\/03\/rio_pudeto.jpg\"><img loading=\"lazy\" decoding=\"async\" class=\" td-center td-modal-image aligncenter wp-image-24062 size-large\" src=\"https:\/\/www.muniancud.cl\/portal\/wp-content\/uploads\/2019\/03\/rio_pudeto-1024x431.jpg\" alt=\"\" width=\"696\" height=\"293\" srcset=\"https:\/\/www.muniancud.cl\/portal\/wp-content\/uploads\/2019\/03\/rio_pudeto-1024x431.jpg 1024w, https:\/\/www.muniancud.cl\/portal\/wp-content\/uploads\/2019\/03\/rio_pudeto-300x126.jpg 300w, https:\/\/www.muniancud.cl\/portal\/wp-content\/uploads\/2019\/03\/rio_pudeto-768x323.jpg 768w, https:\/\/www.muniancud.cl\/portal\/wp-content\/uploads\/2019\/03\/rio_pudeto-696x293.jpg 696w, https:\/\/www.muniancud.cl\/portal\/wp-content\/uploads\/2019\/03\/rio_pudeto-1068x449.jpg 1068w, https:\/\/www.muniancud.cl\/portal\/wp-content\/uploads\/2019\/03\/rio_pudeto-998x420.jpg 998w, https:\/\/www.muniancud.cl\/portal\/wp-content\/uploads\/2019\/03\/rio_pudeto.jpg 1200w\" sizes=\"auto, (max-width: 696px) 100vw, 696px\" \/><\/a><\/p>\n<p>La cuenca del r\u00edo Pudeto es la m\u00e1s importante en el contexto comunal seguida por la del r\u00edo Chepu, ambas hoyas corresponden a redes dendr\u00edticas, siendo esta \u00faltima una de las m\u00e1s importantes de la Isla de Chilo\u00e9. El r\u00edo Pudeto drena un \u00e1rea de 843 km2 y tiene por base de equilibrio la Bah\u00eda de Ancud, donde forma un estuario de 1.500 metros de ancho, 13 kil\u00f3metros de longitud y 21 km2 de extensi\u00f3n, navegable solo para embarcaciones menores; sufre las fluctuaciones de las mareas, que aqu\u00ed tienen oscilaciones diarias de mucha amplitud (de 5 a 7 m); el vaciamiento o la llena pasa por una boca relativamente estrecha de unos 120 metros de ancho. Contribuyen a formar el r\u00edo Pudeto los r\u00edos Quempill\u00e9n, Huillinco, Llanco, Negro, Coquiao o Mallam\u00f3 y San Antonio, primer tributario de importancia de la hoya en atenci\u00f3n a su caudal, el cual drena su parte occidental.<\/p>\n<p>El r\u00edo Negro, tributario del Pudeto, drena una extensi\u00f3n de 482 km2, nace al sur, en una zona pantanosa, como emisario de la peque\u00f1a laguna Los Caulles. El recorrido total de este r\u00edo asciende a 58 Km. Con rumbos variables y forma en su desembocadura una especie de delta de cinco brazos en un terreno aluvial anegadizo. Casi junto al Negro, en la llanura anegadiza, se suma al Pudeto el estero Quichitu\u00e9, aleda\u00f1o al caser\u00edo de este nombre.<\/p>\n<p>El r\u00edo San Antonio, tambi\u00e9n tributario del Pudeto, nace al norte de la l\u00ednea divisoria de aguas con la cuenca del Puntra, y drena un \u00e1rea de 123 km2 tras un recorrido de 15 Km., desemboca en una gran vega en el extremo SW del estuario. Tiene tambi\u00e9n pocos afluentes, entre ellos el r\u00edo Compa\u00f1\u00eda y el estero Coipom\u00f3 o Calonje, que drena el sector monta\u00f1oso al NW de la cuenca.<\/p>\n<p>Adem\u00e1s de los r\u00edos ya mencionados, existen otros que desaguan al mar interior en el Golfo de Ancud. Estas cuencas hidrogr\u00e1ficas con desag\u00fce en el mar interior en la costa oriental de la Isla Grande son muy peque\u00f1as, con emisarios que m\u00e1s que r\u00edos son esteros de reducido desarrollo; esto se debe a que la divisoria de aguas entre las cuencas de occidente y de oriente se encuentra situada muy cercana de la costa oriental, a veces a 2 o 3 kil\u00f3metros. Entre estas cuencas peque\u00f1as, destaca la del r\u00edo Col\u00fa, que es el emisario del lago Popet\u00e1n. Otros esteros de menor longitud corresponden a Los Patos, el estero Hueihue y el estero Chacao que tiene una extensi\u00f3n aproximada de 1 Km.[\/vc_column_text][\/vc_tta_section][\/vc_tta_tabs][\/vc_column][\/vc_row]<\/p>\n<\/div>","protected":false},"excerpt":{"rendered":"<p>[vc_row][vc_column][vc_tta_tabs style=\u00bbflat\u00bb color=\u00bbwhite\u00bb active_section=\u00bb1&#8243;][vc_tta_section i_icon_fontawesome=\u00bbfa fa-map-marker\u00bb add_icon=\u00bbtrue\u00bb title=\u00bbSuperficie y localizaci\u00f3n\u00bb tab_id=\u00bb1552765649092-e0ff0093-6530&#8243;][vc_column_text]La comuna de Ancud se encuentra ubicada entre los paralelos 73\u00ba 49\u00b430\u201d longitud Oeste y 41\u00ba 52\u00b4 latitud sur. Pertenece a la Provincia de Chilo\u00e9, Regi\u00f3n de Los Lagos, Rep\u00fablica de Chile. Limita al norte con la Provincia de Llanquihue, separada de la misma por [&hellip;]<\/p>\n","protected":false},"author":1,"featured_media":0,"parent":0,"menu_order":0,"comment_status":"closed","ping_status":"closed","template":"page-pagebuilder-title.php","meta":{"footnotes":""},"class_list":["post-23585","page","type-page","status-publish","hentry"],"_links":{"self":[{"href":"https:\/\/www.muniancud.cl\/portal\/wp-json\/wp\/v2\/pages\/23585","targetHints":{"allow":["GET"]}}],"collection":[{"href":"https:\/\/www.muniancud.cl\/portal\/wp-json\/wp\/v2\/pages"}],"about":[{"href":"https:\/\/www.muniancud.cl\/portal\/wp-json\/wp\/v2\/types\/page"}],"author":[{"embeddable":true,"href":"https:\/\/www.muniancud.cl\/portal\/wp-json\/wp\/v2\/users\/1"}],"replies":[{"embeddable":true,"href":"https:\/\/www.muniancud.cl\/portal\/wp-json\/wp\/v2\/comments?post=23585"}],"version-history":[{"count":10,"href":"https:\/\/www.muniancud.cl\/portal\/wp-json\/wp\/v2\/pages\/23585\/revisions"}],"predecessor-version":[{"id":25051,"href":"https:\/\/www.muniancud.cl\/portal\/wp-json\/wp\/v2\/pages\/23585\/revisions\/25051"}],"wp:attachment":[{"href":"https:\/\/www.muniancud.cl\/portal\/wp-json\/wp\/v2\/media?parent=23585"}],"curies":[{"name":"wp","href":"https:\/\/api.w.org\/{rel}","templated":true}]}}