{"id":23594,"date":"2019-02-08T09:45:09","date_gmt":"2019-02-08T12:45:09","guid":{"rendered":"https:\/\/www.muniancud.cl\/portal\/?page_id=23594"},"modified":"2019-07-11T18:28:04","modified_gmt":"2019-07-11T22:28:04","slug":"historia","status":"publish","type":"page","link":"https:\/\/www.muniancud.cl\/portal\/historia\/","title":{"rendered":"Rese\u00f1a Hist\u00f3rica"},"content":{"rendered":"<div class=\"wpb-content-wrapper\"><p>[vc_row][vc_column][vc_row_inner][vc_column_inner width=\u00bb1\/3&#8243;][vc_single_image image=\u00bb23941&#8243; img_size=\u00bbfull\u00bb alignment=\u00bbcenter\u00bb style=\u00bbvc_box_border\u00bb onclick=\u00bblink_image\u00bb][\/vc_column_inner][vc_column_inner width=\u00bb1\/3&#8243;][vc_single_image image=\u00bb23940&#8243; img_size=\u00bbfull\u00bb alignment=\u00bbcenter\u00bb style=\u00bbvc_box_border\u00bb onclick=\u00bblink_image\u00bb][\/vc_column_inner][vc_column_inner width=\u00bb1\/3&#8243;][vc_single_image image=\u00bb23942&#8243; img_size=\u00bbfull\u00bb alignment=\u00bbcenter\u00bb style=\u00bbvc_box_border\u00bb onclick=\u00bblink_image\u00bb][\/vc_column_inner][\/vc_row_inner][vc_tta_tabs style=\u00bbflat\u00bb active_section=\u00bb1&#8243;][vc_tta_section title=\u00bbLos primeros habitantes\u00bb tab_id=\u00bb1552769003781-dcd0b59d-d8b5&#8243;][vc_column_text]<\/p>\n<h4><strong>Los primeros habitantes de Chilo\u00e9<\/strong><\/h4>\n<p>El territorio sobre el cual se asienta la actual comuna de Ancud ha estado habitado desde tiempos inmemoriales. Los grupos con mayor presencia en el territorio estaba constituido por grupos n\u00f3mades dedicados a la caza, la pesca y recolecci\u00f3n costera, esto \u00faltimo testificado por numerosos conchales.<\/p>\n<p>Algunos de los grupos ind\u00edgenas que se localizaron en la isla fueron los Chonos, Poyas, Huilliches, y Cuncos. Los Chonos fueron invadidos y asimilados, en parte, por los Huilliches, provenientes del territorio continental al norte del Canal de Chacao, los que posteriormente se auto denominaron Cuncos.<\/p>\n<p>Conforme a su patr\u00f3n econ\u00f3mico y nivel de estructura social, los Cuncos han sido calificados como pescadores y horticultores agrupados en tribus sedentarias. Se estima que en el Siglo XVI alcanzaban a unas 80.000 personas.<\/p>\n<p>Las principales actividades agr\u00edcolas de los Cuncos, consist\u00edan en cultivos de papa, el frijol y la qu\u00ednoa (otros productos como semilla de trigo, cebada, avena, linaza, ajos, cebollas, arvejas, fueron introducidos por los espa\u00f1oles).<\/p>\n<p>Para comunicarse entre las diversas islas y para sus viajes al continente, se serv\u00edan de peque\u00f1as embarcaciones (bongos y dalcas). Estos antecedentes nos se\u00f1alan una ocupaci\u00f3n costera del archipi\u00e9lago, con pocos asentamientos permanentes que posibilitaran una estructura social, econ\u00f3mica y pol\u00edtica, m\u00e1s compleja.[\/vc_column_text][\/vc_tta_section][vc_tta_section title=\u00bbLa invasi\u00f3n espa\u00f1ola\u00bb tab_id=\u00bb1552769003801-5c00b624-1e45&#8243;][vc_column_text]<\/p>\n<h4><strong>La invasi\u00f3n espa\u00f1ola<\/strong><\/h4>\n<p>Los primeros reconocimientos a la zona insular a trav\u00e9s del mar, fueron realizados por los espa\u00f1oles, a trav\u00e9s de los contactos realizados por Alonso de Camargo en el a\u00f1o 1540, y m\u00e1s tarde en 1545, por Francisco de Ulloa. Este \u00faltimo, en expedici\u00f3n hac\u00eda al Estrecho de Magallanes, reconoci\u00f3 la costa de la isla y los archipi\u00e9lagos vecinos, siendo catalogado como descubridor y primer explorador de Chilo\u00e9.<\/p>\n<p>Otros viajes fueron el de Juan Ladrilleros en 1557, Garc\u00eda Hurtado en 1558 y Mart\u00edn Ruiz de Gamboa (fundador de la ciudad de Castro) en 1567, qui\u00e9n anex\u00f3 definitivamente el archipi\u00e9lago a la Corona Espa\u00f1ola, con el nombre de Nueva Galicia. La anexi\u00f3n del nuevo territorio, fue relativamente tranquila y sin situaciones b\u00e9licas notables, debido a la escasa oposici\u00f3n presentada por los habitantes originarios.<\/p>\n<p>Administrativamente el archipi\u00e9lago de Chilo\u00e9, estuvo desde su descubrimiento bajo la jurisdicci\u00f3n del Reino de Chile. Las dificultades en las comunicaciones y la dependencia establecida a trav\u00e9s del Real Situado, generaron su tard\u00eda incorporaci\u00f3n al Virreinato del Per\u00fa (1767).<\/p>\n<p>Desde su conquista hasta 1598, Chilo\u00e9 se comport\u00f3 como Frontera Abierta, es decir, espacio en proceso de colonizaci\u00f3n franco por parte de espa\u00f1oles, los cuales impulsaron nuevas conquistas hacia los territorios australes, lo que afianzar\u00eda la expansi\u00f3n y conquista del Estrecho de Magallanes.[\/vc_column_text][\/vc_tta_section][vc_tta_section title=\u00bbLa Colonia\u00bb tab_id=\u00bb1552769040639-17c8e9c9-c24e\u00bb][vc_column_text]<\/p>\n<h4><strong>La colonia<\/strong><\/h4>\n<p>Desde su conquista en 1567, Chilo\u00e9 presenta un poblamiento inestable increment\u00e1ndose desde que se transforma en Frontera Cerrada, luego de la Rebeli\u00f3n General India de 1598 \u2013 1604.<\/p>\n<p>Durante los siglos coloniales la micro regi\u00f3n chilota, evidenci\u00f3 una existencia pastoril, determinada por su condici\u00f3n perif\u00e9rica dentro de un esquema pol\u00edtico, donde el propio Reino de Chile ocupaba un lugar marginal.<\/p>\n<p>Chilo\u00e9 se convirti\u00f3 en el centro para promover nuevos frentes misioneros hacia los canales australes y las comarcas transandinas, a trav\u00e9s de la Misi\u00f3n Circular iniciada anualmente por los Jesuitas, sobre todo en los siglos XVII y XVIII.<\/p>\n<p>La vida social, se reg\u00eda por un paternalismo de corte medieval y la econom\u00eda no superaba el nivel aldeano dinamizado por la pesca artesanal, la explotaci\u00f3n masiva del bosque nativo y las artesan\u00edas que sustentaban un comercio muy deficitario con el Per\u00fa. Desde Lima se recib\u00eda g\u00e9neros, tabaco, sal, az\u00facar, a\u00f1il, agujas, aj\u00ed y productos europeos a cambio de jamones, ponchos, tejidos, tablas de alerce, cipr\u00e9s, pescado seco y sardina.<\/p>\n<p>Las comunicaciones se hac\u00edan exclusivamente por mar, los caminos interiores de uso estacional, eran inexistentes debido al hacinamiento poblacional en las costas y la densidad del bosque nativo.<\/p>\n<p>El siglo XVII, comienza con un cambio que produce un quiebre en la fisonom\u00eda social, cultural, pol\u00edtico y econ\u00f3mica, esto es el paso de una Frontera Cerrada que significa la ruptura del v\u00ednculo con Chile, en el sentido que no s\u00f3lo recib\u00eda el flujo de nuevos inmigrantes espa\u00f1oles, sino que tambi\u00e9n se impusieron restricciones a la salida de la poblaci\u00f3n asentada en Chilo\u00e9.<\/p>\n<p>La caracter\u00edstica del siglo XVII es la tendencia al despoblamiento total de espa\u00f1oles e indios, generada por la medida anteriormente se\u00f1alada (inicio de Frontera Cerrada) que dejaba a Chilo\u00e9 en la m\u00e1s completa incomunicaci\u00f3n, sobreviniendo la extrema pobreza y la exposici\u00f3n constante de los asentamientos a ataques extranjeros, tanto de corsarios como piratas interesados en el territorio.<\/p>\n<p>Sobre la poblaci\u00f3n insular, numerosas peticiones que llegaban al Cabildo de la ciudad de Castro, solicitando el despoblamiento de la isla, pero el criterio estrat\u00e9gico prim\u00f3 en la corte, manifest\u00e1ndose la Corona favorable a la conservaci\u00f3n del territorio. El estado posteriormente tom\u00f3 medidas tendientes a controlar el abandono, prohibiendo licencias a particulares para que dejaran el archipi\u00e9lago.<\/p>\n<p>Sin embargo, estas medidas no fueron suficientes para impedir la salida, pues hab\u00eda v\u00edas mar\u00edtimas que posibilitaban el embarque de la poblaci\u00f3n en los nav\u00edos de comercio, adem\u00e1s de la v\u00eda terrestre (el camino de Vuriloche) que comunicaba a Chilo\u00e9 con la comunidad jesuita de Nahuelhuapi, que permaneci\u00f3 transitable hasta 1718.<\/p>\n<p>As\u00ed los acontecimientos que se suceden en el XVII nos sit\u00faan en un contexto social donde decae la vida de los asentamientos que ocupan el poco suelo disponible en el archipi\u00e9lago. Los minifundios con suelos cultivables no son suficientes para la autosustentabilidad del archipi\u00e9lago, agudizando a\u00fan m\u00e1s el problema econ\u00f3mico generado, por la imposibilidad de comerciar abiertamente con las dem\u00e1s agrupaciones indianas de la \u00e9poca.<\/p>\n<p>La idea de conservar territorios estrat\u00e9gicos por parte de la Corona espa\u00f1ola, dar\u00e1 pie a nuevos criterios de fundaci\u00f3n, que en la planificaci\u00f3n de las futuras ciudades se manifestar\u00e1 desde un principio por su marcado origen defensivo, inici\u00e1ndose en el siglo XVIII el per\u00edodo de las fortificaciones, siendo este el contexto cultural que enmarca la fundaci\u00f3n de Ancud.[\/vc_column_text][\/vc_tta_section][vc_tta_section title=\u00bbLas fortificaciones\u00bb tab_id=\u00bb1552769050860-174de91a-72fd\u00bb][vc_column_text]<\/p>\n<h4><strong>Siglo XVIII: Etapa de las fortificaciones, fundaci\u00f3n de la ciudad de San Carlos de Ancud.<\/strong><\/h4>\n<p>El siglo XVIII traer\u00e1 consigo variados intentos ingleses de ocupaci\u00f3n de algunas islas, hecho que alarm\u00f3 a la corona espa\u00f1ola, comenzando a evaluar el valor estrat\u00e9gico y la indefensi\u00f3n de algunas ciudades, las que determinar\u00e1n a partir de la segunda mitad del siglo, un proceso de creciente ponderaci\u00f3n, concretada tanto en una variada suerte de medidas administrativas, como desde luego, en su fortificaci\u00f3n.<\/p>\n<p>Entre las primeras medidas, encontramos la separaci\u00f3n de la jurisdicci\u00f3n de Chile y anexi\u00f3n al Virreinato del Per\u00fa, efectuada por Real Despacho el 15 de Octubre de 1768.<\/p>\n<p>En el siglo XVIII prosiguen las solicitudes de despoblamiento de la provincia, pero s\u00f3lo de algunos espacios del territorio, esgrimiendo razones de pobreza, distancia y aislamiento, adem\u00e1s del peligro y la inseguridad externa de la Rebeli\u00f3n India de 1712.<\/p>\n<p>A pesar de las emigraciones de espa\u00f1oles, la poblaci\u00f3n se increment\u00f3 sobre todo en el grupo mestizo que sumados a los indios, contabilizaban aproximadamente unos 10.000 habitantes a fines de siglo.<\/p>\n<p>En la segunda mitad de este siglo, la Corona trata de conciliar el despoblamiento parcial con un mayor esfuerzo en la conservaci\u00f3n de la provincia, hecho que se verifica desde 1768 con la fundaci\u00f3n de San Carlos de Ancud, con la fortificaci\u00f3n de la Boca del Canal de Chacao y con el cambio de dependencia de Chilo\u00e9.<\/p>\n<p>Geopol\u00edtica y estrat\u00e9gicamente, Chilo\u00e9 era la m\u00e1s remota provincia espa\u00f1ola ultramarina, al ser punto obligado de recalada de las embarcaciones que transitan a trav\u00e9s del Estrecho de Magallanes. Por lo anterior, es que los reyes de Espa\u00f1a aseguraron un punto seguro de recalada para sus naves. Al verificar que ni Chacao, Calbuco, ni Castro, cumpl\u00edan las condiciones de ser puertos comerciales y militares a la vez, se le encomend\u00f3 Carlos Beranguer fundar la poblaci\u00f3n de San Carlos, hoy Ancud. Situaci\u00f3n que se defini\u00f3 con una real orden de 20 de Agosto de 1767, la cual mandaba ocupar definitivamente aquel puesto y fortificarlo. Para que esta empresa no sufriera retrasos, el Virrey del Per\u00fa, procedi\u00f3 a trasladar a los habitantes de Chacao (unos 50 soldados de caballer\u00eda y sus respectivas familias) a la villa de Ancud el 20 de agosto de 1768.<\/p>\n<p>En los lineamientos planim\u00e9tricos la traza, deb\u00eda ofrecerse una disposici\u00f3n sim\u00e9trica, dividiendo en seudos sectores el estamento militar del civil. Los militares viv\u00edan a una distancia de 250 varas del fuerte para facilitar su funci\u00f3n en caso de emergencia, en tanto el resto de los vecinos ocupa una llanura que est\u00e1 s\u00f3lo dividida por un arroyo cercano al mar y contiguo a dos caletas para su tr\u00e1fico y comercio. Las casas eran en general ocupadas entre noviembre y abril, en el invierno volv\u00edan a sus estancias, chozas o a Castro. En la pr\u00e1ctica, la traza ortogonal deseada por el fundador se adapt\u00f3 a la irregularidad del terreno, abandonando la cl\u00e1sica cuadr\u00edcula.<\/p>\n<p>En 1787 se construye el Camino de Caicumeo, el cual une Ancud y Castro, siendo el primer intento por ocupar el interior de la isla; se concreta tambi\u00e9n una de las m\u00e1s importantes medidas estrat\u00e9gicas, la construcci\u00f3n del Camino Real, en 1787, entre las plazas de Valdivia y Chilo\u00e9, primeros puertos con los que se encuentra el enemigo luego de doblado el Cabo de Hornos. Esta medida, sirvi\u00f3 para el abastecimiento de ambos lugares a trav\u00e9s del poblado de Osorno, el que actuaba como nexo.<\/p>\n<p>Las rigurosas condiciones de clima insular, al igual que la end\u00e9mica pobreza del territorio fueron en ese momento graves obst\u00e1culos para el definitivo poblamiento de Chilo\u00e9.<\/p>\n<p>El fuerte Real de San Carlos, se convirti\u00f3 en un Sistema Articulado de Defensa que se materializ\u00f3 durante el final del siglo XVIII y principios del XIX. El sistema, estaba adem\u00e1s constituido por la defensa del Canal de Chacao y el puerto interior de Castro.<\/p>\n<p>El conjunto principal estuvo constituido por el puerto de San Carlos con puestos repartidos en un amplio radio de costas y territorios intermedios, estos son:<\/p>\n<ul>\n<li>Fuerte Real (fuerte fundacional de la ciudad de Ancud),<\/li>\n<li>Ag\u00fci (S. XVIII, emplazada en el \u00e1ngulo nororiente de la Pen\u00ednsula de Lacuy),<\/li>\n<li>Bater\u00eda Barcacura (S. XVIII, emplazada para la defensa del surgidero en el extremo sureste de la Punta de Lacuy),<\/li>\n<li>Poquillihue (construida entre 1779-1781),<\/li>\n<li>El Muelle (1779, ubicada en la parte sureste de la caleta desembarcadero del poblado), Campo Santo (S. XVIII),<\/li>\n<li>Fuerte San Antonio (construido en 1820, ubicada frente al Fuerte Ag\u00fci),<\/li>\n<li>Bater\u00eda La Corona (S. XVIII, ubicada en el extremo noreste de la Pen\u00ednsula de Lacuy),<\/li>\n<li>Chaicura (S. XVIII) y<\/li>\n<li>Bater\u00eda Punta Teque (cercana al fuerte Real).<\/li>\n<\/ul>\n<p>Este conjunto, proyectado como un perfecto mecanismo defensivo, ten\u00eda sin embargo graves limitaciones, como es el caso de la ubicaci\u00f3n del surgidero. Sin embargo, la mayor defensa del conjunto resultaba ser el clima, las corrientes y los obst\u00e1culos naturales.<\/p>\n<p>En el contexto general, Chilo\u00e9 distaba mucho de ser una zona de tr\u00e1nsito, como son normalmente los territorios continentales, ni tampoco una regi\u00f3n terminal donde concluyen las oleadas migratorias, por el contrario, se constituy\u00f3 en un enclave y frontera cerrada, territorio rodeado de pueblos, cuya vida se desenvolv\u00eda hacia el interior, en un proceso de continuos intercambios con la poblaci\u00f3n india.<\/p>\n<p>Econ\u00f3micamente Ancud y Chilo\u00e9, en general, fueron un verdadero feudo que explotaron los comerciantes de Lima y las primeras autoridades coloniales que gobernaron la provincia. El intercambio de productos como maderas, ponchos, jamones, pescado, mariscos, etc., que se efectuaba en el puerto de Ancud, se convert\u00eda en un comercio leonino, producto de un monopolio donde el isle\u00f1o no pod\u00eda equilibrar sus gastos con sus ingresos.<\/p>\n<p>Los productos de primera necesidad llegados del Per\u00fa, eran cotizados a precios muy altos en proporci\u00f3n al cambio con los productos del archipi\u00e9lago. Esta situaci\u00f3n provocaba que los isle\u00f1os emigraran temporalmente a otras localidades (Antofagasta, Valpara\u00edso, Valdivia, Magallanes y Argentina), perjudicando la econom\u00eda dom\u00e9stica y p\u00fablica.<\/p>\n<p>El siglo XVIII es de gran importancia, ya que marca otros criterios para el surgimiento de las ciudades, donde el paisaje y las condiciones naturales del lugar elegido eran determinantes. No eran ciudades de un s\u00f3lo prop\u00f3sito, deb\u00edan ser m\u00e1s integrales (defensivas y comerciales a la vez). De esta forma, San Carlos se constituy\u00f3 por sus cualidades naturales en un importante puerto y circuito estrat\u00e9gico de defensa, comenzando los primeros indicios de ocupaci\u00f3n de la Pen\u00ednsula de Lacuy, territorio donde se emplaza la Playa de Lechagua que tendr\u00e1 una importancia hist\u00f3rica creciente (como fondeadero, puerto y playa).[\/vc_column_text][\/vc_tta_section][vc_tta_section title=\u00bbLa independencia\u00bb tab_id=\u00bb1552769073321-839f5705-ad44&#8243;][vc_column_text]<\/p>\n<h4><strong>Siglo XIX: Independencia de Chilo\u00e9.<\/strong><\/h4>\n<p>El movimiento revolucionario que ven\u00eda gener\u00e1ndose en Chile cuya primera manifestaci\u00f3n pr\u00e1ctica fue el 18 de septiembre de 1810, pas\u00f3 inadvertido en Chilo\u00e9 por largo tiempo, ya que este territorio estaba padeciendo en grado superior del mismo problema de siglos anteriores, la incomunicaci\u00f3n. Hubo temporadas hasta de seis meses y m\u00e1s, en que no arrib\u00f3 un s\u00f3lo barco mercante al puerto de San Carlos. Esta circunstancia y el sigilo con que procedieron las autoridades realistas en orden a impedir que las noticias revolucionarias las conociera la poblaci\u00f3n, explican esta situaci\u00f3n. S\u00f3lo entre fines de 1812 y a principios de 1813, Per\u00fa, reclut\u00f3 gente de la isla con la intenci\u00f3n de someter Chile y Argentina.<\/p>\n<p>Esta situaci\u00f3n dej\u00f3 al archipi\u00e9lago con una econom\u00eda altamente precarizada, el comercio limit\u00f3 sus transacciones, decayendo a un extremo lamentable por la escasez de naves con que transportar las maderas y productos agr\u00edcolas. Bajo el panorama antes descrito, lleg\u00f3 el archipi\u00e9lago a su independencia, donde Ancud y sus alrededores presenciaron el desarrollo de trascendentes hechos.<\/p>\n<p>Es as\u00ed, que en 1826 la expedici\u00f3n comandada por el propio Director Supremo Ram\u00f3n Freire, se apoder\u00f3 de los fuertes Ag\u00fci, Punta Corona y de las posiciones artilladas Chaicura, Balcacura y Puquillihue, hasta conquistar la plaza de San Carlos y provocar la derrota del ej\u00e9rcito realista al mando del brigadier espa\u00f1ol Antonio de Quintanilla.<\/p>\n<p>El 19 de enero se ratificaba la rendici\u00f3n, junto al r\u00edo San Antonio y el d\u00eda 22 se proclam\u00f3 la independencia del archipi\u00e9lago y su incorporaci\u00f3n al territorio nacional. Seg\u00fan la ley promulgada el 30 de agosto de 1826, Chilo\u00e9 form\u00f3 una de las 8 provincias en que fue dividido el territorio nacional, involucrando los departamentos de Ancud (capital), Calbuco, Carelmapu, Castro, Chacao, Chonchi, Dalcahue, Lemuy, Quenac y Quinchao. Por Decreto Supremo del 28 de febrero de 1855, los 10 departamentos anteriores quedaron reducidos a 4: Ancud (capital), Castro, Quinchao y Carelmapu.<\/p>\n<p>Chilo\u00e9 ha soportado postergaciones desde larga data. En poder del Per\u00fa, los virreyes la ambicionaron por sus condiciones estrat\u00e9gicas de primer orden; pero la explotaron comercialmente desatendiendo absolutamente los servicios p\u00fablicos, situaci\u00f3n que no se modific\u00f3 significativamente bajo el dominio del Estado de Chile.<\/p>\n<p>Por lo antes planteado, y por ser Chilo\u00e9 el puerto m\u00e1s distante del centro administrativo pol\u00edtico de la Rep\u00fablica fue quedando postergado en t\u00e9rminos de implementaci\u00f3n de los servicios fiscales.<\/p>\n<p>A mediados de siglo, la poblaci\u00f3n de la provincia alcanzaba unos 40.000 habitantes, ocupando las mismas \u00e1reas tradicionales, donde un alto porcentaje de poblaci\u00f3n posee tierras, pero limitadas a peque\u00f1as superficies. En el caso de, las tierras boscosas del interior permanecieron desocupadas hasta la mitad del siglo.<\/p>\n<p>El proceso de empeque\u00f1ecimiento de las propiedades rurales estaba alcanzando su punto m\u00e1s alto, situaci\u00f3n que provoc\u00f3 la emigraci\u00f3n de chilotes hacia tierras australes, proceso que aumentar\u00e1 en su flujo durante el siglo XX.[\/vc_column_text][\/vc_tta_section][vc_tta_section title=\u00bbAncud del siglo XX\u00bb tab_id=\u00bb1552769091953-8d29ad90-7c57&#8243;][vc_column_text]<\/p>\n<h4><strong>Siglo XX: P\u00e9rdida del protagonismo pol\u00edtico &#8211; administrativo y mar\u00edtimo.<\/strong><\/h4>\n<p>A fines del siglo XIX, cuando el gobierno de la \u00e9poca opt\u00f3 por privilegiar la colonizaci\u00f3n en el sector de Los Lagos y cre\u00f3 la provincia de Llanquihue (22 de octubre de 1861), con su capital Puerto Montt (ciudad que ya hab\u00eda sido fundada por don Vicente P\u00e9rez Rosales en febrero de 1853), provoc\u00f3 un desarrollo explosivo del sector; fundamentalmente constituido por valiosos centros agr\u00edcolas. Sin embargo, fue el ferrocarril, en \u00faltimo t\u00e9rmino, el cual dio el puntapi\u00e9 final para el incremento de capitales y explotaci\u00f3n de industrias. Este nuevo medio de transporte permiti\u00f3 unir las riberas del Reloncav\u00ed con la frontera araucana y los campos intermedios de Osorno y la Uni\u00f3n.<\/p>\n<p>El comercio del archipi\u00e9lago orient\u00f3 sus actividades hacia este puerto y pronto la rapidez de sus comunicaciones con Valdivia, el centro y norte del pa\u00eds, les permiti\u00f3 colocarse en un sitial de privilegio dentro de la red nacional, rest\u00e1ndole importancia estrat\u00e9gica y econ\u00f3mica al Puerto de Ancud.<\/p>\n<p>Posterior a 1960, con la construcci\u00f3n de la carretera Panamericana que un\u00eda los principales puntos del pa\u00eds, la ciudad de Puerto Montt se constituye como un centro econ\u00f3mico y comercial de relevancia nacional, rol que se conserva hasta nuestros d\u00edas.<\/p>\n<p>Otro antecedente que explica la p\u00e9rdida del protagonismo del puerto comercial de Ancud, ocurri\u00f3 en 1914 con la apertura del Canal de Panam\u00e1, que unir\u00eda el Oc\u00e9ano Atl\u00e1ntico con el Pac\u00edfico, hecho que s\u00f3lo era posible anteriormente v\u00eda Estrecho de Magallanes. Esta situaci\u00f3n profundiza el aislamiento de Chilo\u00e9.<\/p>\n<p>La p\u00e9rdida de \u00e9ste flujo y conexi\u00f3n, caus\u00f3 graves problemas en la econom\u00eda no s\u00f3lo de San Carlos de Ancud, sino en todo el archipi\u00e9lago.<\/p>\n<p>Desde el punto de vista pol\u00edtico administrativo, la Provincia de Chilo\u00e9 ha sufrido constantes transformaciones. Luego de su independencia (1826) y hasta 1853 fue una de las 8 provincias en que fue dividido el Territorio Nacional (limitando por el norte con la provincia de Valdivia y por el sur con el Cabo de Hornos), pero a partir de esta fecha, una serie de decretos cambiaron sus l\u00edmites naturales llev\u00e1ndola hasta lo que es hoy.<\/p>\n<p>Los departamentos de Ancud, Calbuco, Carelmapu, Castro, Quinchao, Chonchi, Dalcahue, Lemuy y Quenac, que por ley del 30 de agosto de 1830 constitu\u00edan la provincia en su parte continental e isle\u00f1a, quedaron reducidas a s\u00f3lo 5: Calbuco, Carelmapu, Ancud, Castro y Quinchao.<\/p>\n<p>La divisi\u00f3n inconsulta que se hizo del territorio chileno por el decreto con fuerza de ley N\u00b0 8582 del 30 de diciembre de 1927, altera definitivamente su fisonom\u00eda administrativa y pol\u00edtica, refundi\u00e9ndola con Llanquihue en una sola entidad, llamada Chilo\u00e9, recuperando sus antiguos territorios coloniales, pero perdiendo su hist\u00f3rica Capital, quedando Ancud convertida en una Gobernaci\u00f3n.<\/p>\n<p>Ancud, vuelve a recuperar la condici\u00f3n de capital para perderla nuevamente en 1976, situaci\u00f3n que ser\u00e1 definitiva con la nueva Regionalizaci\u00f3n de 1979, que deja a Puerto Montt como Capital Regional y a Castro como Capital Provincial.[\/vc_column_text][\/vc_tta_section][\/vc_tta_tabs][vc_column_text]<\/p>\n<p style=\"text-align: right;\">Fuente: <em>Informe final Actualizaci\u00f3n del plan de desarrollo comunal de Ancud, 2014-2018<\/em><\/p>\n<p style=\"text-align: right;\">Im\u00e1genes: <em>Aporte de la Familia Cea Miranda. Autor: H\u00e9ctor Cea Bittner (<a href=\"https:\/\/www.enterreno.com\/moments\/search?query=ancud\" target=\"_blank\" rel=\"noopener noreferrer\">https:\/\/www.enterreno.com\/<\/a>)<\/em><\/p>\n<p>[\/vc_column_text][\/vc_column][\/vc_row]<\/p>\n<\/div>","protected":false},"excerpt":{"rendered":"<p>[vc_row][vc_column][vc_row_inner][vc_column_inner width=\u00bb1\/3&#8243;][vc_single_image image=\u00bb23941&#8243; img_size=\u00bbfull\u00bb alignment=\u00bbcenter\u00bb style=\u00bbvc_box_border\u00bb onclick=\u00bblink_image\u00bb][\/vc_column_inner][vc_column_inner width=\u00bb1\/3&#8243;][vc_single_image image=\u00bb23940&#8243; img_size=\u00bbfull\u00bb alignment=\u00bbcenter\u00bb style=\u00bbvc_box_border\u00bb onclick=\u00bblink_image\u00bb][\/vc_column_inner][vc_column_inner width=\u00bb1\/3&#8243;][vc_single_image image=\u00bb23942&#8243; img_size=\u00bbfull\u00bb alignment=\u00bbcenter\u00bb style=\u00bbvc_box_border\u00bb onclick=\u00bblink_image\u00bb][\/vc_column_inner][\/vc_row_inner][vc_tta_tabs style=\u00bbflat\u00bb active_section=\u00bb1&#8243;][vc_tta_section title=\u00bbLos primeros habitantes\u00bb tab_id=\u00bb1552769003781-dcd0b59d-d8b5&#8243;][vc_column_text] Los primeros habitantes de Chilo\u00e9 El territorio sobre el cual se asienta la actual comuna de Ancud ha estado habitado desde tiempos inmemoriales. Los grupos con mayor presencia en el [&hellip;]<\/p>\n","protected":false},"author":1,"featured_media":0,"parent":0,"menu_order":0,"comment_status":"closed","ping_status":"closed","template":"page-pagebuilder-title.php","meta":{"footnotes":""},"class_list":["post-23594","page","type-page","status-publish","hentry"],"_links":{"self":[{"href":"https:\/\/www.muniancud.cl\/portal\/wp-json\/wp\/v2\/pages\/23594","targetHints":{"allow":["GET"]}}],"collection":[{"href":"https:\/\/www.muniancud.cl\/portal\/wp-json\/wp\/v2\/pages"}],"about":[{"href":"https:\/\/www.muniancud.cl\/portal\/wp-json\/wp\/v2\/types\/page"}],"author":[{"embeddable":true,"href":"https:\/\/www.muniancud.cl\/portal\/wp-json\/wp\/v2\/users\/1"}],"replies":[{"embeddable":true,"href":"https:\/\/www.muniancud.cl\/portal\/wp-json\/wp\/v2\/comments?post=23594"}],"version-history":[{"count":2,"href":"https:\/\/www.muniancud.cl\/portal\/wp-json\/wp\/v2\/pages\/23594\/revisions"}],"predecessor-version":[{"id":25050,"href":"https:\/\/www.muniancud.cl\/portal\/wp-json\/wp\/v2\/pages\/23594\/revisions\/25050"}],"wp:attachment":[{"href":"https:\/\/www.muniancud.cl\/portal\/wp-json\/wp\/v2\/media?parent=23594"}],"curies":[{"name":"wp","href":"https:\/\/api.w.org\/{rel}","templated":true}]}}