{"id":23604,"date":"2019-02-08T10:19:13","date_gmt":"2019-02-08T13:19:13","guid":{"rendered":"https:\/\/www.muniancud.cl\/portal\/?page_id=23604"},"modified":"2019-07-11T18:34:39","modified_gmt":"2019-07-11T22:34:39","slug":"perfil-demografico","status":"publish","type":"page","link":"https:\/\/www.muniancud.cl\/portal\/perfil-demografico\/","title":{"rendered":"Perfil Demogr\u00e1fico &#8211; Resultados CENSO 2017"},"content":{"rendered":"<div class=\"wpb-content-wrapper\"><p>[vc_row][vc_column][vc_column_text]La informaci\u00f3n contenida en este cap\u00edtulo est\u00e1 extra\u00edda del Censo de Poblaci\u00f3n y Vivienda del a\u00f1o 2017 del Instituto Nacional de Estad\u00edsticas (INE). Permite caracterizar a la poblaci\u00f3n en distintos aspectos en un momento determinado y en distintos niveles territoriales, ya sean nacionales, regionales o comunales. Se entrega informaci\u00f3n estad\u00edstica de poblaci\u00f3n total del pa\u00eds, desagregada por grupo de edad y sexo, adem\u00e1s de informaci\u00f3n sobre declaraci\u00f3n de pertenencia a etnia y religi\u00f3n.[\/vc_column_text][\/vc_column][\/vc_row][vc_row][vc_column width=\u00bb1\/2&#8243;][vc_single_image image=\u00bb23817&#8243; img_size=\u00bbfull\u00bb alignment=\u00bbcenter\u00bb style=\u00bbvc_box_border\u00bb][vc_column_text]<\/p>\n<p style=\"text-align: center;\">Comuna de Ancud<\/p>\n<p>[\/vc_column_text][\/vc_column][vc_column width=\u00bb1\/2&#8243;][vc_round_chart stroke_width=\u00bb2&#8243; values=\u00bb%5B%7B%22title%22%3A%22Hombres%22%2C%22value%22%3A%2219029%22%2C%22color%22%3A%22sky%22%7D%2C%7B%22title%22%3A%22Mujeres%22%2C%22value%22%3A%2219962%22%2C%22color%22%3A%22pink%22%7D%5D\u00bb][vc_column_text]<\/p>\n<table>\n<tbody>\n<tr>\n<td style=\"text-align: center;\" width=\"294\"><strong>Total poblaci\u00f3n<\/strong><\/td>\n<td style=\"text-align: center;\" width=\"294\">38.991<\/td>\n<\/tr>\n<tr>\n<td width=\"294\"><strong>Total viviendas<\/strong><\/td>\n<td style=\"text-align: center;\" width=\"294\">16.959<\/td>\n<\/tr>\n<tr>\n<td width=\"294\"><strong>Total hombres<\/strong><\/td>\n<td style=\"text-align: center;\" width=\"294\">19.029<\/td>\n<\/tr>\n<tr>\n<td width=\"294\"><strong>Total mujeres<\/strong><\/td>\n<td style=\"text-align: center;\" width=\"294\">19.962<\/td>\n<\/tr>\n<\/tbody>\n<\/table>\n<p>[\/vc_column_text][\/vc_column][\/vc_row][vc_row][vc_column width=\u00bb1\/2&#8243;][vc_round_chart stroke_width=\u00bb2&#8243; values=\u00bb%5B%7B%22title%22%3A%22Menores%20de%2015%20a%C3%B1os%22%2C%22value%22%3A%2219.9%22%2C%22color%22%3A%22green%22%7D%2C%7B%22title%22%3A%2215%20a%2064%20a%C3%B1os%22%2C%22value%22%3A%2266.7%22%2C%22color%22%3A%22sky%22%7D%2C%7B%22title%22%3A%2265%20o%20m%C3%A1s%20a%C3%B1os%22%2C%22value%22%3A%2213.4%22%2C%22color%22%3A%22juicy-pink%22%2C%22custom_color%22%3A%22%235aa1e3%22%7D%5D\u00bb title=\u00bbGrandes grupos de edad\u00bb][\/vc_column][vc_column width=\u00bb1\/2&#8243;][vc_round_chart stroke_width=\u00bb2&#8243; values=\u00bb%5B%7B%22title%22%3A%22Urbana%22%2C%22value%22%3A%2272.5%22%2C%22color%22%3A%22sky%22%7D%2C%7B%22title%22%3A%22Rural%22%2C%22value%22%3A%2227.5%22%2C%22color%22%3A%22green%22%7D%5D\u00bb title=\u00bbPoblaci\u00f3n urbano rural\u00bb][\/vc_column][\/vc_row][vc_row][vc_column width=\u00bb1\/3&#8243;][vc_column_text]<\/p>\n<h4><strong>Poblaci\u00f3n<\/strong><\/h4>\n<div class=\"cuerpo\">\n<table id=\"tabla001\" border=\"0\" width=\"100%\" cellspacing=\"0\" cellpadding=\"0\">\n<tbody>\n<tr>\n<td><span title=\"\" data-toggle=\"tooltip\" data-original-title=\"Densidad de poblaci\u00f3n (en Km2)\">Densidad de poblaci\u00f3n<\/span><\/td>\n<td>22,35<\/td>\n<\/tr>\n<tr>\n<td><span title=\"\" data-toggle=\"tooltip\" data-original-title=\"\u00cdndice de masculinidad (Hombres cada 100 mujeres)\">\u00cdndice de masculinidad<\/span><\/td>\n<td>95,3<\/td>\n<\/tr>\n<tr>\n<td><span title=\"\" data-toggle=\"tooltip\" data-original-title=\"Edad promedio de poblaci\u00f3n censada\">Edad promedio<\/span><\/td>\n<td>37,6<\/td>\n<\/tr>\n<tr>\n<td><span title=\"\" data-toggle=\"tooltip\" data-original-title=\"Relaci\u00f3n de dependencia demogr\u00e1fica total\">Dependencia total<\/span><\/td>\n<td>49,9<\/td>\n<\/tr>\n<tr>\n<td><span title=\"\" data-toggle=\"tooltip\" data-original-title=\"Relaci\u00f3n de dependencia demogr\u00e1fica de personas entre 0 y 14 a\u00f1os\">Dependencia 0 a 14 a\u00f1os<\/span><\/td>\n<td>29,8<\/td>\n<\/tr>\n<tr>\n<td><span title=\"\" data-toggle=\"tooltip\" data-original-title=\"Relaci\u00f3n de dependencia demogr\u00e1fica de personas de 65 a\u00f1os o m\u00e1s\">Dependencia 65 o m\u00e1s a\u00f1os<\/span><\/td>\n<td>20,1<\/td>\n<\/tr>\n<tr>\n<td><span title=\"\" data-toggle=\"tooltip\" data-original-title=\"Personas que se sienten pertenecientes a un pueblo originario \">Pueblos originarios<\/span><\/td>\n<td>29%<\/td>\n<\/tr>\n<tr>\n<td><span title=\"\" data-toggle=\"tooltip\" data-original-title=\"Promedio de hijos por mujeres en edad f\u00e9rtil\">Paridez media<\/span><\/td>\n<td>1,5<\/td>\n<\/tr>\n<\/tbody>\n<\/table>\n<\/div>\n<p>[\/vc_column_text][\/vc_column][vc_column width=\u00bb1\/3&#8243;][vc_column_text]<\/p>\n<h4><strong>Vivienda<\/strong><\/h4>\n<div class=\"cuerpo\">\n<table id=\"tabla002\" border=\"0\" width=\"100%\" cellspacing=\"0\" cellpadding=\"0\">\n<tbody>\n<tr>\n<td><span title=\"\" data-toggle=\"tooltip\" data-original-title=\"Porcentajes de viviendas desocupadas\">Viviendas desocupadas<\/span><\/td>\n<td>14%<\/td>\n<\/tr>\n<tr>\n<td><span title=\"\" data-toggle=\"tooltip\" data-original-title=\"Porcentaje de viviendas con hacinamiento\">Hacinamiento<\/span><\/td>\n<td>5%<\/td>\n<\/tr>\n<tr>\n<td><span title=\"\" data-toggle=\"tooltip\" data-original-title=\"Porcentaje de viviendas con conexi\u00f3n a red p\u00fablica de agua\">Red p\u00fablica de agua<\/span><\/td>\n<td>79%<\/td>\n<\/tr>\n<tr>\n<td><span title=\"\" data-toggle=\"tooltip\" data-original-title=\"Porcentaje de viviendas con \u00cdndice de materialidad (IM) aceptable\">IM Aceptable<\/span><\/td>\n<td>72%<\/td>\n<\/tr>\n<tr>\n<td><span title=\"\" data-toggle=\"tooltip\" data-original-title=\"Porcentaje de viviendas con \u00edndice de materialidad (IM) recuperable\">IM Recuperable<\/span><\/td>\n<td>16%<\/td>\n<\/tr>\n<tr>\n<td><span title=\"\" data-toggle=\"tooltip\" data-original-title=\"Porcentaje de viviendas con \u00edndice de materialidad (IM) irrecuperable\">IM Irrecuperable<\/span><\/td>\n<td>12%<\/td>\n<\/tr>\n<\/tbody>\n<\/table>\n<\/div>\n<p>[\/vc_column_text][\/vc_column][vc_column width=\u00bb1\/3&#8243;][vc_column_text]<\/p>\n<h4><strong>Hogar<\/strong><\/h4>\n<div class=\"cuerpo\">\n<table id=\"tabla006\" border=\"0\" width=\"100%\" cellspacing=\"0\" cellpadding=\"0\">\n<tbody>\n<tr>\n<td><span title=\"\" data-toggle=\"tooltip\" data-original-title=\"Cantidad de hogares\">Cantidad de hogares<\/span><\/td>\n<td>13.453<\/td>\n<\/tr>\n<tr>\n<td><span title=\"\" data-toggle=\"tooltip\" data-original-title=\"Viviendas con m\u00e1s de un hogar\">Viv. con m\u00e1s de 1 hogar<\/span><\/td>\n<td>1%<\/td>\n<\/tr>\n<tr>\n<td><span title=\"\" data-toggle=\"tooltip\" data-original-title=\"Promedio de personas por hogar\">Tama\u00f1o de hogares<\/span><\/td>\n<td>2,8<\/td>\n<\/tr>\n<tr>\n<td><span title=\"\" data-toggle=\"tooltip\" data-original-title=\"Personas jefas de hogar que son mujer\">Jefas de hogar<\/span><\/td>\n<td>42%<\/td>\n<\/tr>\n<tr>\n<td><span title=\"\" data-toggle=\"tooltip\" data-original-title=\"Hogares con integrantes que se consideran pertenecientes a pueblos originarios\">Hogares p. originarios<\/span><\/td>\n<td>37%<\/td>\n<\/tr>\n<tr>\n<td><span title=\"\" data-toggle=\"tooltip\" data-original-title=\"Hogares con inmigrantes internacionales\">Hogares con migrantes<\/span><\/td>\n<td>2%<\/td>\n<\/tr>\n<\/tbody>\n<\/table>\n<\/div>\n<p>[\/vc_column_text][\/vc_column][\/vc_row][vc_row][vc_column width=\u00bb1\/3&#8243;][vc_column_text]<\/p>\n<h4><strong>Migraci\u00f3n<\/strong><\/h4>\n<div class=\"cuerpo\">\n<table id=\"tabla003\" border=\"0\" width=\"100%\" cellspacing=\"0\" cellpadding=\"0\">\n<tbody>\n<tr>\n<td><span title=\"\" data-toggle=\"tooltip\" data-original-title=\"Residentes habituales\">Residentes habituales<\/span><\/td>\n<td>38.553<\/td>\n<\/tr>\n<tr>\n<td><span title=\"\" data-toggle=\"tooltip\" data-original-title=\"Porcentaje de la poblaci\u00f3n que naci\u00f3 en la misma comuna del pa\u00eds en la que declara residir habitualmente al momento del Censo.\">No migrantes int. (nacimiento)<\/span><\/td>\n<td>70%<\/td>\n<\/tr>\n<tr>\n<td><span title=\"\" data-toggle=\"tooltip\" data-original-title=\"Porcentaje de la poblaci\u00f3n de 5 a\u00f1os o m\u00e1s que declar\u00f3 que al momento del Censo y cinco a\u00f1os antes del Censo resid\u00eda habitualmente en la misma comuna del pa\u00eds.\">No migrantes int. (5 a\u00f1os)<\/span><\/td>\n<td>90%<\/td>\n<\/tr>\n<tr>\n<td><span title=\"\" data-toggle=\"tooltip\" data-original-title=\"Porcentaje de personas que declar\u00f3 haber nacido en el extranjero y que se encontraban residiendo habitualmente en Chile durante el momento del Censo.\">Inmigrantes otro pa\u00eds<\/span><\/td>\n<td>1%<\/td>\n<\/tr>\n<tr>\n<td><span title=\"\" data-toggle=\"tooltip\" data-original-title=\"\u00cdndice de masculinidad de inmigrantes internacionales\">\u00cdndice masc. migrantes<\/span><\/td>\n<td>96,1<\/td>\n<\/tr>\n<tr>\n<td><span title=\"\" data-toggle=\"tooltip\" data-original-title=\"Proporci\u00f3n de residentes habituales nacidos fuera de Chile y que llegaron al pa\u00eds entre 2010 y 2017.\">Mig. reciente otro pa\u00eds<\/span><\/td>\n<td>48%<\/td>\n<\/tr>\n<tr>\n<td><span title=\"\" data-toggle=\"tooltip\" data-original-title=\"Edad promedio de inmigrantes internacionales\">Edad media migrantes<\/span><\/td>\n<td>36,6<\/td>\n<\/tr>\n<tr>\n<td><span title=\"\" data-toggle=\"tooltip\" data-original-title=\"A\u00f1os de escolaridad promedio de inmigrantes internacionales\">Escolaridad migrantes<\/span><\/td>\n<td>11,7<\/td>\n<\/tr>\n<\/tbody>\n<\/table>\n<\/div>\n<p>[\/vc_column_text][\/vc_column][vc_column width=\u00bb1\/3&#8243;][vc_column_text]<\/p>\n<h4><strong>Educaci\u00f3n<\/strong><\/h4>\n<div class=\"cuerpo\">\n<table id=\"tabla004\" border=\"0\" width=\"100%\" cellspacing=\"0\" cellpadding=\"0\">\n<tbody>\n<tr>\n<td><span title=\"\" data-toggle=\"tooltip\" data-original-title=\"A\u00f1os de escolaridad promedio del jefe o jefa de hogar\">Escolaridad jefe hogar<\/span><\/td>\n<td>9,4<\/td>\n<\/tr>\n<tr>\n<td><span title=\"\" data-toggle=\"tooltip\" data-original-title=\"Asistencia a la educaci\u00f3n formal de personas en edad escolar obligatoria\">Asistencia ed. escolar<\/span><\/td>\n<td>95%<\/td>\n<\/tr>\n<tr>\n<td><span title=\"\" data-toggle=\"tooltip\" data-original-title=\"Asistencia a la educaci\u00f3n preescolar\">Asistencia a preescolar<\/span><\/td>\n<td>56%<\/td>\n<\/tr>\n<tr>\n<td><span title=\"\" data-toggle=\"tooltip\" data-original-title=\"Asistencia a la educaci\u00f3n media\">Asistencia a ed. media<\/span><\/td>\n<td>79%<\/td>\n<\/tr>\n<tr>\n<td><span title=\"\" data-toggle=\"tooltip\" data-original-title=\"Ingreso a la educaci\u00f3n superior\">Ingreso a ed. superior<\/span><\/td>\n<td>18%<\/td>\n<\/tr>\n<tr>\n<td><span title=\"\" data-toggle=\"tooltip\" data-original-title=\"Educaci\u00f3n superior terminada\">Ed. superior terminada<\/span><\/td>\n<td>81%<\/td>\n<\/tr>\n<tr>\n<td><span title=\"\" data-toggle=\"tooltip\" data-original-title=\"A\u00f1os de escolaridad promedio de personas que se consideran pertenecientes a pueblos originarios\">Esc. p. originarios<\/span><\/td>\n<td>8,4<\/td>\n<\/tr>\n<\/tbody>\n<\/table>\n<\/div>\n<p>[\/vc_column_text][\/vc_column][vc_column width=\u00bb1\/3&#8243;][vc_column_text]<\/p>\n<div class=\"mod_tabla\">\n<h4><strong>Empleo<\/strong><\/h4>\n<div class=\"cuerpo\">\n<table id=\"tabla005\" border=\"0\" width=\"100%\" cellspacing=\"0\" cellpadding=\"0\">\n<tbody>\n<tr>\n<td><span title=\"\" data-toggle=\"tooltip\" data-original-title=\"Personas que declaran trabajar\">Declaran trabajar<\/span><\/td>\n<td>56%<\/td>\n<\/tr>\n<tr>\n<td><span title=\"\" data-toggle=\"tooltip\" data-original-title=\"Promedio de edad de personas que declaran trabajar\">Edad promedio<\/span><\/td>\n<td>43,2<\/td>\n<\/tr>\n<tr>\n<td><span title=\"\" data-toggle=\"tooltip\" data-original-title=\"Personas que declaran trabajar y que son mujeres\">Mujeres<\/span><\/td>\n<td>42%<\/td>\n<\/tr>\n<tr>\n<td><span title=\"\" data-toggle=\"tooltip\" data-original-title=\"Personas que declaran trabajar y asistir a la educaci\u00f3n formal \">Trabajan y estudian<\/span><\/td>\n<td>7%<\/td>\n<\/tr>\n<tr>\n<td><span title=\"\" data-toggle=\"tooltip\" data-original-title=\"A\u00f1os de escolaridad promedio de las personas que declaran trabajar\">Escolaridad<\/span><\/td>\n<td>10,7<\/td>\n<\/tr>\n<tr>\n<td><span title=\"\" data-toggle=\"tooltip\" data-original-title=\"Personas que trabajan en el sector econ\u00f3mico primario\">Sector primario<\/span><\/td>\n<td>20%<\/td>\n<\/tr>\n<tr>\n<td><span title=\"\" data-toggle=\"tooltip\" data-original-title=\"Personas que trabajan en el sector econ\u00f3mico secundario\">Sector secundario<\/span><\/td>\n<td>8%<\/td>\n<\/tr>\n<tr>\n<td><span title=\"\" data-toggle=\"tooltip\" data-original-title=\"Personas que trabajan en el sector econ\u00f3mico terciario\">Sector terciario<\/span><\/td>\n<td>72%<\/td>\n<\/tr>\n<\/tbody>\n<\/table>\n<\/div>\n<\/div>\n<p>[\/vc_column_text][\/vc_column][\/vc_row][vc_row][vc_column][vc_message message_box_style=\u00bboutline\u00bb message_box_color=\u00bbsky\u00bb]Fuente de la informaci\u00f3n: <a href=\"https:\/\/resultados.censo2017.cl\/Region?R=R10\">www.ine.cl<\/a> &#8211; <a href=\"https:\/\/resultados.censo2017.cl\/Region?R=R10\">Click para informaci\u00f3n m\u00e1s detallada<\/a>[\/vc_message][\/vc_column][\/vc_row]<\/p>\n<\/div>","protected":false},"excerpt":{"rendered":"<p>[vc_row][vc_column][vc_column_text]La informaci\u00f3n contenida en este cap\u00edtulo est\u00e1 extra\u00edda del Censo de Poblaci\u00f3n y Vivienda del a\u00f1o 2017 del Instituto Nacional de Estad\u00edsticas (INE). Permite caracterizar a la poblaci\u00f3n en distintos aspectos en un momento determinado y en distintos niveles territoriales, ya sean nacionales, regionales o comunales. Se entrega informaci\u00f3n estad\u00edstica de poblaci\u00f3n total del pa\u00eds, [&hellip;]<\/p>\n","protected":false},"author":1,"featured_media":0,"parent":0,"menu_order":0,"comment_status":"closed","ping_status":"closed","template":"page-pagebuilder-title.php","meta":{"footnotes":""},"class_list":["post-23604","page","type-page","status-publish","hentry"],"_links":{"self":[{"href":"https:\/\/www.muniancud.cl\/portal\/wp-json\/wp\/v2\/pages\/23604","targetHints":{"allow":["GET"]}}],"collection":[{"href":"https:\/\/www.muniancud.cl\/portal\/wp-json\/wp\/v2\/pages"}],"about":[{"href":"https:\/\/www.muniancud.cl\/portal\/wp-json\/wp\/v2\/types\/page"}],"author":[{"embeddable":true,"href":"https:\/\/www.muniancud.cl\/portal\/wp-json\/wp\/v2\/users\/1"}],"replies":[{"embeddable":true,"href":"https:\/\/www.muniancud.cl\/portal\/wp-json\/wp\/v2\/comments?post=23604"}],"version-history":[{"count":1,"href":"https:\/\/www.muniancud.cl\/portal\/wp-json\/wp\/v2\/pages\/23604\/revisions"}],"predecessor-version":[{"id":25052,"href":"https:\/\/www.muniancud.cl\/portal\/wp-json\/wp\/v2\/pages\/23604\/revisions\/25052"}],"wp:attachment":[{"href":"https:\/\/www.muniancud.cl\/portal\/wp-json\/wp\/v2\/media?parent=23604"}],"curies":[{"name":"wp","href":"https:\/\/api.w.org\/{rel}","templated":true}]}}