{"id":23628,"date":"2019-02-14T09:59:58","date_gmt":"2019-02-14T12:59:58","guid":{"rendered":"https:\/\/www.muniancud.cl\/portal\/?page_id=23628"},"modified":"2025-10-28T11:53:17","modified_gmt":"2025-10-28T14:53:17","slug":"omil","status":"publish","type":"page","link":"https:\/\/www.muniancud.cl\/portal\/unidades-municipales\/direccion-de-turismo-y-fomento-productivo\/omil\/","title":{"rendered":"Oficina de Intermediaci\u00f3n Laboral (OMIL)"},"content":{"rendered":"<div class=\"wpb-content-wrapper\"><p>[vc_section][vc_row][vc_column width=\u00bb2\/3&#8243;][vc_column_text]La OMIL es una oficina municipal de intermediaci\u00f3n laboral cuyo principal objeto es, relacionar la oferta y demanda de trabajo, otorgando informaci\u00f3n, orientaci\u00f3n y derivaci\u00f3n para el empleo y la capacitaci\u00f3n.<\/p>\n<p>Su funci\u00f3n es desarrollar planes y programas de capacitaci\u00f3n, as\u00ed como realizar gestiones tendientes a lograr la necesaria y eficiente colocaci\u00f3n de los recursos humanos de la comuna tendientes a disminuir el periodo de cesant\u00eda, ampliando la informaci\u00f3n utilizable por el usuario en la gesti\u00f3n para el empleo y adiestr\u00e1ndolo para la b\u00fasqueda activa y organizada del trabajo.[\/vc_column_text][vc_tta_accordion style=\u00bbflat\u00bb c_icon=\u00bbchevron\u00bb active_section=\u00bb1&#8243; collapsible_all=\u00bbtrue\u00bb][vc_tta_section title=\u00bbFunciones\u00bb tab_id=\u00bb1548881108963-789d5417-3747b2e7-1fbe\u00bb][vc_column_text]<\/p>\n<ul>\n<li>Trabajar, en coordinaci\u00f3n con la Oficina T\u00e9cnica de Capacitaci\u00f3n (OTEC) de la Municipalidad a fin de promover la inserci\u00f3n laboral, superando los \u00edndices de cesant\u00eda en la comuna.<\/li>\n<li>Elaborar estudios y encuestas para determinar el nivel de cesant\u00eda en la comuna.<\/li>\n<li>Mantener contactos directos con las empresas o fuentes de trabajo en general de la comuna a fin de recibir las necesidades o requerimientos de trabajo de las mismas.<\/li>\n<li>Actuar de intermediador entre los desocupados y que buscan trabajo con los requerimientos de trabajo realizando los estudios de perfil laboral en cada oportunidad.<\/li>\n<li>Entrega informaci\u00f3n y difunde sobre la oferta laboral existente en la comuna.<\/li>\n<li>Recepciona documentaci\u00f3n para postulaci\u00f3n a trabajo y deriva a los postulantes.<\/li>\n<li>Apoya a empresas en la b\u00fasqueda de trabajadores dentro de la comuna.<\/li>\n<li>Certifica a personas afiliadas al Seguro de Cesant\u00eda.<\/li>\n<li>Gestiona oportunidades de capacitaci\u00f3n.<\/li>\n<\/ul>\n<p>[\/vc_column_text][\/vc_tta_section][\/vc_tta_accordion][vc_message message_box_style=\u00bbsolid\u00bb message_box_color=\u00bbgreen\u00bb icon_fontawesome=\u00bbfa fa-clock-o\u00bb]<strong>Horario de Atenci\u00f3n<\/strong><br \/>\nLunes a Jueves: 08:00 a 13:00 hrs y 14:00 a 17:15 hrs.<br \/>\nViernes: 08:00 a 13:00 hrs y 14:00 a 16:15 hrs.[\/vc_message][vc_message message_box_style=\u00bbsolid\u00bb message_box_color=\u00bbsky\u00bb icon_fontawesome=\u00bbfa fa-map-marker\u00bb]<b>Ubicaci\u00f3n: Centro Comunitario.<\/b><br \/>\nAlmirante Latorre N\u00b0 562[\/vc_message][vc_gmaps link=\u00bb#E-8_JTNDaWZyYW1lJTIwc3JjJTNEJTIyaHR0cHMlM0ElMkYlMkZ3d3cuZ29vZ2xlLmNvbSUyRm1hcHMlMkZlbWJlZCUzRnBiJTNEJTIxMW0xOCUyMTFtMTIlMjExbTMlMjExZDc0Mi44MTI3MjUzMDM2OTIlMjEyZC03My44MTk5NDE1MTE4NTY2OCUyMTNkLTQxLjg2NTk0Nzk5ODY5NTA4NCUyMTJtMyUyMTFmMCUyMTJmMCUyMTNmMCUyMTNtMiUyMTFpMTAyNCUyMTJpNzY4JTIxNGYxMy4xJTIxM20zJTIxMW0yJTIxMXMweDAlMjUzQTB4MCUyMTJ6TkRIQ3NEVXhKelUzTGpRaVV5QTNNOEt3TkRrbk1Ea3VPQ0pYJTIxNWUwJTIxM20yJTIxMXNlcy00MTklMjEyc2NsJTIxNHYxNTYyNjE1MDE0ODM0JTIxNW0yJTIxMXNlcy00MTklMjEyc2NsJTIyJTIwd2lkdGglM0QlMjI0MDAlMjIlMjBoZWlnaHQlM0QlMjIyMDAlMjIlMjBmcmFtZWJvcmRlciUzRCUyMjAlMjIlMjBzdHlsZSUzRCUyMmJvcmRlciUzQTAlMjIlMjBhbGxvd2Z1bGxzY3JlZW4lM0UlM0MlMkZpZnJhbWUlM0U=\u00bb][\/vc_column][vc_column width=\u00bb1\/3&#8243;][vc_btn title=\u00bbVolver a Servicios Municipales\u00bb style=\u00bbflat\u00bb color=\u00bbsuccess\u00bb align=\u00bbleft\u00bb i_icon_fontawesome=\u00bbfa fa-arrow-left\u00bb button_block=\u00bbtrue\u00bb add_icon=\u00bbtrue\u00bb link=\u00bburl:https%3A%2F%2Fwww.muniancud.cl%2Fportal%2Fservicios-municipales%2F|||\u00bb][vc_single_image image=\u00bb25006&#8243; img_size=\u00bbfull\u00bb alignment=\u00bbcenter\u00bb]<div class=\"td_block_wrap td_block_text_with_title td_uid_1_6a09be35d2430_rand td-pb-border-top td_block_template_8\"  data-td-block-uid=\"td_uid_1_6a09be35d2430\" ><div class=\"td-block-title-wrap\"><h4 class=\"td-block-title\"><span>Encargado OMIL<\/span><\/h4><\/div><div class=\"td_mod_wrap td-fix-index\"><p><strong>Rodrigo Nu\u00f1ez Aguero<\/strong><br \/>\nEmail: rodrigo.nunez@muniancud.cl<br \/>\nTel\u00e9fono: 65-2487712<\/p>\n<\/div><\/div><div class=\"td_block_wrap td_block_text_with_title td_uid_2_6a09be35d3df4_rand td-pb-border-top td_block_template_8\"  data-td-block-uid=\"td_uid_2_6a09be35d3df4\" ><div class=\"td-block-title-wrap\"><h4 class=\"td-block-title\"><span>Apoyo Socio Laboral<\/span><\/h4><\/div><div class=\"td_mod_wrap td-fix-index\"><p><strong>Viviana Soto Toledo<\/strong><br \/>\nEmail: viviana.soto@muniancud.cl<br \/>\nTel\u00e9fono: 65-2487753<\/p>\n<\/div><\/div>[vc_btn title=\u00bbFacebook\u00bb style=\u00bbflat\u00bb color=\u00bbprimary\u00bb align=\u00bbleft\u00bb i_icon_fontawesome=\u00bbfa fa-facebook\u00bb button_block=\u00bbtrue\u00bb add_icon=\u00bbtrue\u00bb link=\u00bburl:https%3A%2F%2Fwww.facebook.com%2FOmilAncud%2F||target:%20_blank|\u00bb][\/vc_column][\/vc_row][\/vc_section]<\/p>\n<\/div>","protected":false},"excerpt":{"rendered":"<p>[vc_section][vc_row][vc_column width=\u00bb2\/3&#8243;][vc_column_text]La OMIL es una oficina municipal de intermediaci\u00f3n laboral cuyo principal objeto es, relacionar la oferta y demanda de trabajo, otorgando informaci\u00f3n, orientaci\u00f3n y derivaci\u00f3n para el empleo y la capacitaci\u00f3n. Su funci\u00f3n es desarrollar planes y programas de capacitaci\u00f3n, as\u00ed como realizar gestiones tendientes a lograr la necesaria y eficiente colocaci\u00f3n de los [&hellip;]<\/p>\n","protected":false},"author":1,"featured_media":0,"parent":745,"menu_order":0,"comment_status":"closed","ping_status":"closed","template":"page-pagebuilder-title.php","meta":{"footnotes":""},"class_list":["post-23628","page","type-page","status-publish","hentry"],"_links":{"self":[{"href":"https:\/\/www.muniancud.cl\/portal\/wp-json\/wp\/v2\/pages\/23628","targetHints":{"allow":["GET"]}}],"collection":[{"href":"https:\/\/www.muniancud.cl\/portal\/wp-json\/wp\/v2\/pages"}],"about":[{"href":"https:\/\/www.muniancud.cl\/portal\/wp-json\/wp\/v2\/types\/page"}],"author":[{"embeddable":true,"href":"https:\/\/www.muniancud.cl\/portal\/wp-json\/wp\/v2\/users\/1"}],"replies":[{"embeddable":true,"href":"https:\/\/www.muniancud.cl\/portal\/wp-json\/wp\/v2\/comments?post=23628"}],"version-history":[{"count":13,"href":"https:\/\/www.muniancud.cl\/portal\/wp-json\/wp\/v2\/pages\/23628\/revisions"}],"predecessor-version":[{"id":36109,"href":"https:\/\/www.muniancud.cl\/portal\/wp-json\/wp\/v2\/pages\/23628\/revisions\/36109"}],"up":[{"embeddable":true,"href":"https:\/\/www.muniancud.cl\/portal\/wp-json\/wp\/v2\/pages\/745"}],"wp:attachment":[{"href":"https:\/\/www.muniancud.cl\/portal\/wp-json\/wp\/v2\/media?parent=23628"}],"curies":[{"name":"wp","href":"https:\/\/api.w.org\/{rel}","templated":true}]}}