{"id":23637,"date":"2019-02-14T10:14:59","date_gmt":"2019-02-14T13:14:59","guid":{"rendered":"https:\/\/www.muniancud.cl\/portal\/?page_id=23637"},"modified":"2026-01-19T16:34:46","modified_gmt":"2026-01-19T19:34:46","slug":"otec","status":"publish","type":"page","link":"https:\/\/www.muniancud.cl\/portal\/unidades-municipales\/direccion-de-turismo-y-fomento-productivo\/otec\/","title":{"rendered":"Organismo T\u00e9cnico de Capacitaci\u00f3n (OTEC)"},"content":{"rendered":"<div class=\"wpb-content-wrapper\"><p>[vc_section][vc_row][vc_column width=\u00bb2\/3&#8243;][vc_column_text]El OTEC pertenece a la Direcci\u00f3n de Desarrollo Econ\u00f3mico Local y Fomento Productivo. Realiza sus acciones de capacitaci\u00f3n postulando a programas como, Becas Laborales de SENCE, u otros programas sociales impulsados por el Estado.<\/p>\n<p>Dise\u00f1ar, implementar y ejecutar acciones en los \u00e1mbitos de la capacitaci\u00f3n y el desempe\u00f1o laboral de los componentes del mundo del trabajo en la comuna.[\/vc_column_text][vc_tta_accordion style=\u00bbflat\u00bb c_icon=\u00bbchevron\u00bb active_section=\u00bb1&#8243; collapsible_all=\u00bbtrue\u00bb][vc_tta_section title=\u00bbFunciones\u00bb tab_id=\u00bb1548881108963-789d5417-37473c4d-7c77&#8243;][vc_column_text]<\/p>\n<p align=\"left\"><span lang=\"es-ES\">Dise\u00f1ar, implementar y ejecutar acciones en los \u00e1mbitos de la capacitaci\u00f3n y el\u00a0<\/span><span lang=\"es-ES\">desempe\u00f1o laboral de los componentes del mundo del trabajo en la comuna.<\/span><\/p>\n<p align=\"left\"><span lang=\"es-ES\">Sus funciones son:<\/span><\/p>\n<ul>\n<li><span lang=\"es-ES\">Elaboraci\u00f3n e implementaci\u00f3n de planes y programas de capacitaci\u00f3n y\u00a0<\/span><span lang=\"es-ES\">formaci\u00f3n para el trabajo.<\/span><\/li>\n<li><span lang=\"es-ES\">Asesorar y apoyar a los diversos agentes econ\u00f3micos comunales, en la\u00a0<\/span><span lang=\"es-ES\">utilizaci\u00f3n de instrumentos estatales de fomento para la capacitaci\u00f3n.<\/span><\/li>\n<li><span lang=\"es-ES\">Asesorar y coordinar con agentes t\u00e9cnicos y organismos de capacitaci\u00f3n de la\u00a0<\/span><span lang=\"es-ES\">zona, en la realizaci\u00f3n de programas de capacitaci\u00f3n y formaci\u00f3n dirigidos a la\u00a0<\/span><span lang=\"es-ES\">comunidad Ancuditana.<\/span><\/li>\n<li><span lang=\"es-ES\">Promover acciones hacia la poblaci\u00f3n en riesgo social, con el fin de facilitar su\u00a0<\/span><span lang=\"es-ES\">integraci\u00f3n laboral.<\/span><\/li>\n<li><span lang=\"es-ES\">Establecer y desarrollar v\u00ednculos de coordinaci\u00f3n con la educaci\u00f3n formal, para\u00a0<\/span><span lang=\"es-ES\">establecer planes y programas de estudios t\u00e9cnicos adecuados a la realidad econ\u00f3mica de la zona.<\/span><\/li>\n<\/ul>\n<p>[\/vc_column_text][\/vc_tta_section][\/vc_tta_accordion][vc_message message_box_style=\u00bbsolid\u00bb message_box_color=\u00bbgreen\u00bb icon_fontawesome=\u00bbfa fa-clock-o\u00bb]<strong>Horario de Atenci\u00f3n<\/strong><br \/>\nLunes a Viernes: 08:00 a 13:00 hrs.[\/vc_message][vc_message message_box_style=\u00bbsolid\u00bb message_box_color=\u00bbsky\u00bb icon_fontawesome=\u00bbfa fa-map-marker\u00bb]<b>Ubicaci\u00f3n: Centro Comunitario.<\/b><br \/>\nAlmirante Latorre N\u00b0 562[\/vc_message][vc_gmaps link=\u00bb#E-8_JTNDaWZyYW1lJTIwc3JjJTNEJTIyaHR0cHMlM0ElMkYlMkZ3d3cuZ29vZ2xlLmNvbSUyRm1hcHMlMkZlbWJlZCUzRnBiJTNEJTIxMW0xOCUyMTFtMTIlMjExbTMlMjExZDc0Mi44MTI3MjUzMDM2OTIlMjEyZC03My44MTk5NDE1MTE4NTY2OCUyMTNkLTQxLjg2NTk0Nzk5ODY5NTA4NCUyMTJtMyUyMTFmMCUyMTJmMCUyMTNmMCUyMTNtMiUyMTFpMTAyNCUyMTJpNzY4JTIxNGYxMy4xJTIxM20zJTIxMW0yJTIxMXMweDAlMjUzQTB4MCUyMTJ6TkRIQ3NEVXhKelUzTGpRaVV5QTNNOEt3TkRrbk1Ea3VPQ0pYJTIxNWUwJTIxM20yJTIxMXNlcy00MTklMjEyc2NsJTIxNHYxNTYyNjE1MDE0ODM0JTIxNW0yJTIxMXNlcy00MTklMjEyc2NsJTIyJTIwd2lkdGglM0QlMjI0MDAlMjIlMjBoZWlnaHQlM0QlMjIyMDAlMjIlMjBmcmFtZWJvcmRlciUzRCUyMjAlMjIlMjBzdHlsZSUzRCUyMmJvcmRlciUzQTAlMjIlMjBhbGxvd2Z1bGxzY3JlZW4lM0UlM0MlMkZpZnJhbWUlM0U=\u00bb][\/vc_column][vc_column width=\u00bb1\/3&#8243;][vc_btn title=\u00bbVolver a Servicios Municipales\u00bb style=\u00bbflat\u00bb color=\u00bbsuccess\u00bb align=\u00bbleft\u00bb i_icon_fontawesome=\u00bbfa fa-arrow-left\u00bb button_block=\u00bbtrue\u00bb add_icon=\u00bbtrue\u00bb link=\u00bburl:https%3A%2F%2Fwww.muniancud.cl%2Fportal%2Fservicios-municipales%2F|||\u00bb][vc_btn title=\u00bbPortal web OTEC\u00bb style=\u00bbflat\u00bb color=\u00bbprimary\u00bb align=\u00bbleft\u00bb i_icon_fontawesome=\u00bbfas fa-external-link-alt\u00bb button_block=\u00bbtrue\u00bb add_icon=\u00bbtrue\u00bb link=\u00bburl:https%3A%2F%2Fwww.fomentoancud.cl%2Fotec%2F\u00bb][vc_single_image image=\u00bb36457&#8243; img_size=\u00bbfull\u00bb alignment=\u00bbcenter\u00bb css=\u00bb\u00bb]<div class=\"td_block_wrap td_block_text_with_title td_uid_1_6a09bdcebf3c1_rand td-pb-border-top td_block_template_8\"  data-td-block-uid=\"td_uid_1_6a09bdcebf3c1\" ><div class=\"td-block-title-wrap\"><h4 class=\"td-block-title\"><span>Encargado OTEC<\/span><\/h4><\/div><div class=\"td_mod_wrap td-fix-index\"><p><strong>Rodrigo Nu\u00f1ez Aguero<\/strong><br \/>\nEmail: rodrigo.nunez@muniancud.cl<br \/>\nTel\u00e9fono: 65-2487712<\/p>\n<\/div><\/div><div class=\"td_block_wrap td_block_text_with_title td_uid_2_6a09bdcec0d26_rand td-pb-border-top td_block_template_8\"  data-td-block-uid=\"td_uid_2_6a09bdcec0d26\" ><div class=\"td-block-title-wrap\"><h4 class=\"td-block-title\"><span>Coordinadora OTEC<\/span><\/h4><\/div><div class=\"td_mod_wrap td-fix-index\"><p><strong>Cynthia Aspee Maldonado<\/strong><br \/>\nEmail: cynthia.aspee@muniancud.cl<br \/>\nTel\u00e9fono: 65-2487743<\/p>\n<\/div><\/div><div class=\"td_block_wrap td_block_text_with_title td_uid_3_6a09bdcec210e_rand td-pb-border-top td_block_template_8\"  data-td-block-uid=\"td_uid_3_6a09bdcec210e\" ><div class=\"td-block-title-wrap\"><h4 class=\"td-block-title\"><span>Apoyo Profesional OTEC<\/span><\/h4><\/div><div class=\"td_mod_wrap td-fix-index\"><p><strong>Eugenia Linz Barria<\/strong><br \/>\nEmail: eugenia.linz@muniancud.cl<br \/>\nTel\u00e9fono: 65-2487743<\/p>\n<\/div><\/div>[\/vc_column][\/vc_row][\/vc_section]<\/p>\n<\/div>","protected":false},"excerpt":{"rendered":"<p>[vc_section][vc_row][vc_column width=\u00bb2\/3&#8243;][vc_column_text]El OTEC pertenece a la Direcci\u00f3n de Desarrollo Econ\u00f3mico Local y Fomento Productivo. Realiza sus acciones de capacitaci\u00f3n postulando a programas como, Becas Laborales de SENCE, u otros programas sociales impulsados por el Estado. Dise\u00f1ar, implementar y ejecutar acciones en los \u00e1mbitos de la capacitaci\u00f3n y el desempe\u00f1o laboral de los componentes del mundo [&hellip;]<\/p>\n","protected":false},"author":1,"featured_media":0,"parent":745,"menu_order":0,"comment_status":"closed","ping_status":"closed","template":"page-pagebuilder-title.php","meta":{"footnotes":""},"class_list":["post-23637","page","type-page","status-publish","hentry"],"_links":{"self":[{"href":"https:\/\/www.muniancud.cl\/portal\/wp-json\/wp\/v2\/pages\/23637","targetHints":{"allow":["GET"]}}],"collection":[{"href":"https:\/\/www.muniancud.cl\/portal\/wp-json\/wp\/v2\/pages"}],"about":[{"href":"https:\/\/www.muniancud.cl\/portal\/wp-json\/wp\/v2\/types\/page"}],"author":[{"embeddable":true,"href":"https:\/\/www.muniancud.cl\/portal\/wp-json\/wp\/v2\/users\/1"}],"replies":[{"embeddable":true,"href":"https:\/\/www.muniancud.cl\/portal\/wp-json\/wp\/v2\/comments?post=23637"}],"version-history":[{"count":10,"href":"https:\/\/www.muniancud.cl\/portal\/wp-json\/wp\/v2\/pages\/23637\/revisions"}],"predecessor-version":[{"id":36110,"href":"https:\/\/www.muniancud.cl\/portal\/wp-json\/wp\/v2\/pages\/23637\/revisions\/36110"}],"up":[{"embeddable":true,"href":"https:\/\/www.muniancud.cl\/portal\/wp-json\/wp\/v2\/pages\/745"}],"wp:attachment":[{"href":"https:\/\/www.muniancud.cl\/portal\/wp-json\/wp\/v2\/media?parent=23637"}],"curies":[{"name":"wp","href":"https:\/\/api.w.org\/{rel}","templated":true}]}}