{"id":23866,"date":"2019-03-18T15:15:47","date_gmt":"2019-03-18T18:15:47","guid":{"rendered":"https:\/\/www.muniancud.cl\/portal\/?page_id=23866"},"modified":"2025-10-20T11:06:05","modified_gmt":"2025-10-20T14:06:05","slug":"oficina-de-organizaciones-comunitarias","status":"publish","type":"page","link":"https:\/\/www.muniancud.cl\/portal\/unidades-municipales\/direccion-de-desarrollo-comunitario\/oficina-de-organizaciones-comunitarias\/","title":{"rendered":"Oficina de Organizaciones Comunitarias"},"content":{"rendered":"<div class=\"wpb-content-wrapper\"><p>[vc_section][vc_row][vc_column width=\u00bb2\/3&#8243;][vc_column_text]La Oficina de Organizaciones Comunitarias dependiente de la Direcci\u00f3n de Desarrollo Comunitario, tiene como objetivo promover la organizaci\u00f3n, consolidaci\u00f3n y participaci\u00f3n de las organizaciones comunitarias en el desarrollo de la comuna.<\/p>\n<p>El programa se orienta al desarrollo de un trabajo asociado con los dirigentes de las organizaciones comunitarias, tanto funcionales como territoriales, de tal forma de contribuir a su crecimiento como tales, creando instancias que permitan determinar sus realidades, generando propuestas para la soluci\u00f3n a sus problemas y necesidades, entregando las herramientas b\u00e1sicas para mejorar las condiciones de accesibilidad para la obtenci\u00f3n de beneficios conducentes al mejoramiento\u00a0de las condiciones de la vida y del entorno al que pertenecen.[\/vc_column_text][vc_tta_accordion style=\u00bbflat\u00bb active_section=\u00bb1&#8243; collapsible_all=\u00bbtrue\u00bb][vc_tta_section title=\u00bbPrincipales Funciones\u00bb tab_id=\u00bb1548881108963-789d5417-37475e64-6084&#8243;][vc_column_text]Implementar y desarrollar acciones destinadas a potenciar y fortalecer la participaci\u00f3n de la comunidad organizada en las distintas \u00e1reas del desarrollo de la comuna, ejecutando programas y\/o proyectos tendientes a generar las condiciones \u00f3ptimas para la adecuada participaci\u00f3n de las organizaciones sociales; motivaci\u00f3n, liderazgo, legalizaci\u00f3n e informaci\u00f3n entre otras.[\/vc_column_text][\/vc_tta_section][\/vc_tta_accordion][\/vc_column][vc_column width=\u00bb1\/3&#8243;][vc_btn title=\u00bbVolver a Servicios Municipales\u00bb style=\u00bbflat\u00bb color=\u00bbsuccess\u00bb align=\u00bbleft\u00bb i_icon_fontawesome=\u00bbfa fa-arrow-left\u00bb button_block=\u00bbtrue\u00bb add_icon=\u00bbtrue\u00bb][vc_single_image image=\u00bb23869&#8243; img_size=\u00bb250&#215;168&#8243; alignment=\u00bbcenter\u00bb]<div class=\"td_block_wrap td_block_text_with_title td_uid_1_6a04a74363589_rand td-pb-border-top td_block_template_8\"  data-td-block-uid=\"td_uid_1_6a04a74363589\" ><div class=\"td-block-title-wrap\"><h4 class=\"td-block-title\"><span>Encargada Organizaciones Comunitarias<\/span><\/h4><\/div><div class=\"td_mod_wrap td-fix-index\"><p><strong>Gladys Adue Barr\u00eda<\/strong><br \/>\nEmail: gladys.adue@muniancud.cl<\/p>\n<\/div><\/div><div class=\"td_block_wrap td_block_text_with_title td_uid_2_6a04a74364da1_rand td-pb-border-top td_block_template_8\"  data-td-block-uid=\"td_uid_2_6a04a74364da1\" ><div class=\"td-block-title-wrap\"><h4 class=\"td-block-title\"><span>Apoyo Administrativo<\/span><\/h4><\/div><div class=\"td_mod_wrap td-fix-index\"><p><strong>Diego P\u00e9rez<\/strong><br \/>\nEmail: diego.perez@muniancud.cl<\/p>\n<\/div><\/div><div class=\"td_block_wrap td_block_text_with_title td_uid_3_6a04a7436604b_rand td-pb-border-top td_block_template_8\"  data-td-block-uid=\"td_uid_3_6a04a7436604b\" ><div class=\"td-block-title-wrap\"><h4 class=\"td-block-title\"><span>Apoyo Administrativo<\/span><\/h4><\/div><div class=\"td_mod_wrap td-fix-index\"><p><strong>Adriana Y\u00e1\u00f1ez<\/strong><br \/>\nEmail: adriana.yanezruiz@muniancud.cl<\/p>\n<\/div><\/div>[vc_btn title=\u00bbFacebook\u00bb style=\u00bbflat\u00bb color=\u00bbprimary\u00bb align=\u00bbleft\u00bb i_icon_fontawesome=\u00bbfa fa-facebook\u00bb button_block=\u00bbtrue\u00bb add_icon=\u00bbtrue\u00bb link=\u00bburl:https%3A%2F%2Fwww.facebook.com%2FOficina-Organizaciones-Comunitarias-2110991442465615||target:%20_blank|\u00bb][\/vc_column][\/vc_row][\/vc_section]<\/p>\n<\/div>","protected":false},"excerpt":{"rendered":"<p>[vc_section][vc_row][vc_column width=\u00bb2\/3&#8243;][vc_column_text]La Oficina de Organizaciones Comunitarias dependiente de la Direcci\u00f3n de Desarrollo Comunitario, tiene como objetivo promover la organizaci\u00f3n, consolidaci\u00f3n y participaci\u00f3n de las organizaciones comunitarias en el desarrollo de la comuna. El programa se orienta al desarrollo de un trabajo asociado con los dirigentes de las organizaciones comunitarias, tanto funcionales como territoriales, de tal [&hellip;]<\/p>\n","protected":false},"author":1,"featured_media":0,"parent":747,"menu_order":0,"comment_status":"closed","ping_status":"closed","template":"page-pagebuilder-title.php","meta":{"footnotes":""},"class_list":["post-23866","page","type-page","status-publish","hentry"],"_links":{"self":[{"href":"https:\/\/www.muniancud.cl\/portal\/wp-json\/wp\/v2\/pages\/23866","targetHints":{"allow":["GET"]}}],"collection":[{"href":"https:\/\/www.muniancud.cl\/portal\/wp-json\/wp\/v2\/pages"}],"about":[{"href":"https:\/\/www.muniancud.cl\/portal\/wp-json\/wp\/v2\/types\/page"}],"author":[{"embeddable":true,"href":"https:\/\/www.muniancud.cl\/portal\/wp-json\/wp\/v2\/users\/1"}],"replies":[{"embeddable":true,"href":"https:\/\/www.muniancud.cl\/portal\/wp-json\/wp\/v2\/comments?post=23866"}],"version-history":[{"count":12,"href":"https:\/\/www.muniancud.cl\/portal\/wp-json\/wp\/v2\/pages\/23866\/revisions"}],"predecessor-version":[{"id":36057,"href":"https:\/\/www.muniancud.cl\/portal\/wp-json\/wp\/v2\/pages\/23866\/revisions\/36057"}],"up":[{"embeddable":true,"href":"https:\/\/www.muniancud.cl\/portal\/wp-json\/wp\/v2\/pages\/747"}],"wp:attachment":[{"href":"https:\/\/www.muniancud.cl\/portal\/wp-json\/wp\/v2\/media?parent=23866"}],"curies":[{"name":"wp","href":"https:\/\/api.w.org\/{rel}","templated":true}]}}