{"id":23877,"date":"2019-03-18T16:38:22","date_gmt":"2019-03-18T19:38:22","guid":{"rendered":"https:\/\/www.muniancud.cl\/portal\/?page_id=23877"},"modified":"2025-10-20T11:59:26","modified_gmt":"2025-10-20T14:59:26","slug":"comite-operativo-de-emergencia","status":"publish","type":"page","link":"https:\/\/www.muniancud.cl\/portal\/comite-operativo-de-emergencia\/","title":{"rendered":"Comit\u00e9 Operativo de Emergencia"},"content":{"rendered":"<div class=\"wpb-content-wrapper\"><p>[vc_section][vc_row][vc_column width=\u00bb2\/3&#8243;][vc_column_text]Comit\u00e9 Comunal de Operaciones de Emergencias. Grupo intersectorial y multidisciplinario de representantes de Organismos T\u00e9cnicos del Estado, cuyo objetivo es el de coordinar y manejar todas las acciones de una emergencia del nivel local. Es presidido por el alcalde y coordinado por el Director Comunal de Protecci\u00f3n Civil. Su funcionamiento y lineamientos generales est\u00e1n en base al D.S. N\u00ba 38 del Ministerio del Interior y Seguridad P\u00fablica y por el Plan Regional de Emergencia de la regi\u00f3n de Los Lagos.<\/p>\n<p>El Comit\u00e9 Comunal de Operaciones de Emergencia de Ancud deber\u00e1 mantener la estructura establecida por lo indicado por el marco regulatorio del Sistema de Protecci\u00f3n Civil, en donde se establecen los tres pilares de estructura de cada COE, Autoridad, Coordinador y Organismos T\u00e9cnicos. Los integrantes del Comit\u00e9 Comunal de Operaciones de Emergencia de Ancud deber\u00e1n tener las facultades necesarias para poder tomar decisiones en la comuna, en relaci\u00f3n a la operaci\u00f3n del Sistema Comunal de Protecci\u00f3n Civil de Ancud.[\/vc_column_text][vc_row_inner][vc_column_inner][vc_column_text]<div class=\"td_block_wrap td_block_title td_uid_1_6a04ff61abe0e_rand td-pb-border-top td_block_template_8\"  data-td-block-uid=\"td_uid_1_6a04ff61abe0e\" >\n<style>\n.td_uid_1_6a04ff61abe0e_rand .td-block-title > * {\n                color: #1172ba !important;\n            }\n\n            \n            .td_uid_1_6a04ff61abe0e_rand .td-block-title > *:before,\n            .td_uid_1_6a04ff61abe0e_rand .td-block-title > *:after {\n                background-color: #1172ba !important;\n            }\n<\/style>\n<style>\n\/* custom css *\/\n.td_uid_1_6a04ff61abe0e_rand .td-block-title {\n\t\t\t\t\ttext-align: center;\n\t\t\t\t}\n\t\t\t\t.td_uid_1_6a04ff61abe0e_rand.td_block_template_4 .td-block-title > *:before {\n\t\t\t\t    right: 10px;\n\t\t\t\t}\n\t\t\t\t.td_uid_1_6a04ff61abe0e_rand.td_block_template_8 .td-block-title > * {\n\t\t\t\t\tpadding-left: 20px;\n\t\t\t\t}\n\t\t\t\t.td_uid_1_6a04ff61abe0e_rand.td_block_template_9 .td-block-title:after {\n\t\t\t\t\tright: 0;\n\t\t\t\t}\n\t\t\t\t.td_uid_1_6a04ff61abe0e_rand.td_block_template_13 .td-block-subtitle {\n\t\t\t\t\tleft: 0;\n\t\t\t\t\tright: 0;\n\t\t\t\t}\n<\/style><h1 class=\"td-block-title\"><span>Integrantes Comit\u00e9 Operativo de Emergencia COE - Ancud<\/span><\/h1><div class=\"td_mod_wrap\"><\/div><\/div>[\/vc_column_text][vc_column_text css=\u00bb\u00bb]<\/p>\n<table width=\"532\">\n<tbody>\n<tr>\n<td style=\"text-align: center;\" width=\"201\"><strong>NOMBRE<\/strong><\/td>\n<td style=\"text-align: center;\" width=\"251\"><strong>INSTITUCI\u00d3N<\/strong><\/td>\n<td style=\"text-align: center;\" width=\"80\"><strong>CARGO<\/strong><\/td>\n<\/tr>\n<tr>\n<td>Andr\u00e9s Ojeda Care<\/td>\n<td>Municipalidad de Ancud<\/td>\n<td>Alcalde Comuna de Ancud<\/td>\n<\/tr>\n<tr>\n<td>Pablo Vargas Vargas<\/td>\n<td>Municipalidad de Ancud<\/td>\n<td>Concejal Presidente Comisi\u00f3n Emergencias y Desastres<\/td>\n<\/tr>\n<tr>\n<td><\/td>\n<td><\/td>\n<td><\/td>\n<\/tr>\n<tr>\n<td>Walter Mu\u00f1oz Mancilla<\/td>\n<td>Municipalidad de Ancud<\/td>\n<td>Encargado Comunal del COE<\/td>\n<\/tr>\n<tr>\n<td>Soraya Fl\u00e1ndez Ulloa<\/td>\n<td>Municipalidad de Ancud<\/td>\n<td>Enacargada Comunal Subrogante del COE<\/td>\n<\/tr>\n<tr>\n<td>Ricardo Mora Agurto<\/td>\n<td>Corporaci\u00f3n Nacional Forestal CONAF<\/td>\n<td>Encargado de COMUNICACIONES. (Jefe CONAF ANCUD)<\/td>\n<\/tr>\n<tr>\n<td>Nelson Ojeda Almonacid<\/td>\n<td>Particular<\/td>\n<td>Operador Central Radial COE<\/td>\n<\/tr>\n<tr>\n<td>Ricardo Barrios Iturria<\/td>\n<td>Armada de Chile<\/td>\n<td>Capit\u00e1n de Puerto<\/td>\n<\/tr>\n<tr>\n<td>Javier Moreira Rios<\/td>\n<td>Bomberos Ancud<\/td>\n<td>Primer Comandante<\/td>\n<\/tr>\n<tr>\n<td>Miguel Gatica Lizana<\/td>\n<td>Carabineros de Chile<\/td>\n<td>Comisario<\/td>\n<\/tr>\n<tr>\n<td>Carlos Alderete D\u00edaz<\/td>\n<td>Polic\u00eda de Investigaciones de Chile<\/td>\n<td>Subprefecto<\/td>\n<\/tr>\n<tr>\n<td>Gonzalo Gonzalez<\/td>\n<td>Gendarmer\u00eda de Chile<\/td>\n<td>Capit\u00e1n de Gendarmer\u00eda- Alcaide CDP Ancud<\/td>\n<\/tr>\n<tr>\n<td>Irene Haarmann<\/td>\n<td>Corporaci\u00f3n Municipal de Educaci\u00f3n<\/td>\n<td>Proyectos<\/td>\n<\/tr>\n<tr>\n<td>Walter Keupuchur Meza<\/td>\n<td>Hospital de Ancud<\/td>\n<td>Director Hospital<\/td>\n<\/tr>\n<tr>\n<td>Carlos Trujillo Ampuero<\/td>\n<td>Defensa Civil Ancud<\/td>\n<td>Instructor Mayor<\/td>\n<\/tr>\n<tr>\n<td>Benedicto Hueicha<\/td>\n<td>Agrupaci\u00f3n de Reservistas de Ejercito<\/td>\n<td>Coordinador Emergencias Reservistas<\/td>\n<\/tr>\n<tr>\n<td>Ricardo D\u00edaz<\/td>\n<td>Bomberos Chacao<\/td>\n<td>Primer Comandante<\/td>\n<\/tr>\n<tr>\n<td>Samuel Trujillo<\/td>\n<td>SAESA Ancud<\/td>\n<td>Jefe de Zona<\/td>\n<\/tr>\n<\/tbody>\n<\/table>\n<p>[\/vc_column_text][\/vc_column_inner][\/vc_row_inner][\/vc_column][vc_column width=\u00bb1\/3&#8243;][vc_btn title=\u00bbVolver a Servicios Municipales\u00bb style=\u00bbflat\u00bb color=\u00bbsuccess\u00bb align=\u00bbleft\u00bb i_icon_fontawesome=\u00bbfa fa-arrow-left\u00bb button_block=\u00bbtrue\u00bb add_icon=\u00bbtrue\u00bb link=\u00bburl:https%3A%2F%2Fwww.muniancud.cl%2Fportal%2Fservicios-municipales%2F|||\u00bb][vc_single_image image=\u00bb23882&#8243; img_size=\u00bbfull\u00bb alignment=\u00bbcenter\u00bb]<div class=\"td_block_wrap td_block_text_with_title td_uid_2_6a04ff61ac9ff_rand td-pb-border-top td_block_template_8\"  data-td-block-uid=\"td_uid_2_6a04ff61ac9ff\" ><div class=\"td-block-title-wrap\"><h4 class=\"td-block-title\"><span>Preside el COE<\/span><\/h4><\/div><div class=\"td_mod_wrap td-fix-index\"><p><strong>Andr\u00e9s Ojeda Care<\/strong><br \/>\nAlcalde de la Comuna de Ancud<br \/>\nEmail: emergencias@muniancud.cl<\/p>\n<\/div><\/div><div class=\"td_block_wrap td_block_text_with_title td_uid_3_6a04ff61ade1c_rand td-pb-border-top td_block_template_8\"  data-td-block-uid=\"td_uid_3_6a04ff61ade1c\" ><div class=\"td-block-title-wrap\"><h4 class=\"td-block-title\"><span>Encargado Comunal del COE<\/span><\/h4><\/div><div class=\"td_mod_wrap td-fix-index\"><p><strong>Walter Mu\u00f1oz Mancilla<\/strong><br \/>\nEmail: walter.munoz@muniancud.cl<\/p>\n<\/div><\/div>[vc_message message_box_style=\u00bbsolid\u00bb message_box_color=\u00bbsandy_brown\u00bb icon_fontawesome=\u00bbfa fa-exclamation-triangle\u00bb]La activaci\u00f3n del Comit\u00e9 Comunal de Operaciones de Emergencia de Ancud se realizar\u00e1 de acuerdo a lo estipulado por el marco regulatorio del Sistema Regional de Protecci\u00f3n Civil, espec\u00edficamente lo que se indica en el Plan Regional de Emergencia.[\/vc_message][vc_single_image image=\u00bb23459&#8243; img_size=\u00bbfull\u00bb style=\u00bbvc_box_border\u00bb onclick=\u00bbcustom_link\u00bb link=\u00bbhttps:\/\/www.muniancud.cl\/portal\/informacion-evacuacion-tsunami\/\u00bb][vc_btn title=\u00bbPlan Regional de Emergencia\u00bb style=\u00bbflat\u00bb color=\u00bbgreen\u00bb align=\u00bbleft\u00bb i_icon_fontawesome=\u00bbfa fa-cloud-download\u00bb button_block=\u00bbtrue\u00bb add_icon=\u00bbtrue\u00bb link=\u00bburl:http%3A%2F%2Frepositoriodigitalonemi.cl%2Fweb%2Fbitstream%2Fhandle%2F2012%2F1892%2FP-PEmer-PO-ARD-04_X_23.02.2018.pdf%3Fsequence%3D1||target:%20_blank|\u00bb][vc_btn title=\u00bbSENAPRED Los Lagos\u00bb style=\u00bbflat\u00bb color=\u00bbdanger\u00bb align=\u00bbleft\u00bb i_icon_fontawesome=\u00bb\u00bb button_block=\u00bbtrue\u00bb add_icon=\u00bbtrue\u00bb link=\u00bburl:https%3A%2F%2Fweb.senapred.cl%2Flos-lagos%2F|target:_blank\u00bb][vc_btn title=\u00bbFacebook\u00bb style=\u00bbflat\u00bb color=\u00bbprimary\u00bb align=\u00bbleft\u00bb i_icon_fontawesome=\u00bbfa fa-facebook\u00bb button_block=\u00bbtrue\u00bb add_icon=\u00bbtrue\u00bb link=\u00bburl:https%3A%2F%2Fwww.facebook.com%2FCentro-de-Operaciones-de-Emergencias-COE-Ancud-186210462056648%2F||target:%20_blank|\u00bb][vc_btn title=\u00bbTwitter\u00bb style=\u00bbflat\u00bb color=\u00bbsky\u00bb align=\u00bbleft\u00bb i_icon_fontawesome=\u00bbfa fa-twitter\u00bb button_block=\u00bbtrue\u00bb add_icon=\u00bbtrue\u00bb link=\u00bburl:https%3A%2F%2Ftwitter.com%2Fcoe_ancud||target:%20_blank|\u00bb][\/vc_column][\/vc_row][\/vc_section]<\/p>\n<\/div>","protected":false},"excerpt":{"rendered":"<p>[vc_section][vc_row][vc_column width=\u00bb2\/3&#8243;][vc_column_text]Comit\u00e9 Comunal de Operaciones de Emergencias. Grupo intersectorial y multidisciplinario de representantes de Organismos T\u00e9cnicos del Estado, cuyo objetivo es el de coordinar y manejar todas las acciones de una emergencia del nivel local. Es presidido por el alcalde y coordinado por el Director Comunal de Protecci\u00f3n Civil. Su funcionamiento y lineamientos generales est\u00e1n [&hellip;]<\/p>\n","protected":false},"author":1,"featured_media":0,"parent":0,"menu_order":12,"comment_status":"closed","ping_status":"closed","template":"page-pagebuilder-title.php","meta":{"footnotes":""},"class_list":["post-23877","page","type-page","status-publish","hentry"],"_links":{"self":[{"href":"https:\/\/www.muniancud.cl\/portal\/wp-json\/wp\/v2\/pages\/23877","targetHints":{"allow":["GET"]}}],"collection":[{"href":"https:\/\/www.muniancud.cl\/portal\/wp-json\/wp\/v2\/pages"}],"about":[{"href":"https:\/\/www.muniancud.cl\/portal\/wp-json\/wp\/v2\/types\/page"}],"author":[{"embeddable":true,"href":"https:\/\/www.muniancud.cl\/portal\/wp-json\/wp\/v2\/users\/1"}],"replies":[{"embeddable":true,"href":"https:\/\/www.muniancud.cl\/portal\/wp-json\/wp\/v2\/comments?post=23877"}],"version-history":[{"count":24,"href":"https:\/\/www.muniancud.cl\/portal\/wp-json\/wp\/v2\/pages\/23877\/revisions"}],"predecessor-version":[{"id":36067,"href":"https:\/\/www.muniancud.cl\/portal\/wp-json\/wp\/v2\/pages\/23877\/revisions\/36067"}],"wp:attachment":[{"href":"https:\/\/www.muniancud.cl\/portal\/wp-json\/wp\/v2\/media?parent=23877"}],"curies":[{"name":"wp","href":"https:\/\/api.w.org\/{rel}","templated":true}]}}