{"id":23995,"date":"2019-03-19T15:39:52","date_gmt":"2019-03-19T18:39:52","guid":{"rendered":"https:\/\/www.muniancud.cl\/portal\/?page_id=23995"},"modified":"2023-12-12T14:15:07","modified_gmt":"2023-12-12T17:15:07","slug":"residuos-domiciliarios","status":"publish","type":"page","link":"https:\/\/www.muniancud.cl\/portal\/unidades-municipales\/direccion-de-medio-ambiente-aseo-y-ornato\/residuos-domiciliarios\/","title":{"rendered":"Recolecci\u00f3n de residuos s\u00f3lidos domiciliarios"},"content":{"rendered":"<div class=\"wpb-content-wrapper\"><p>[vc_section][vc_row][vc_column width=\u00bb2\/3&#8243;][vc_images_carousel images=\u00bb28761,28762,28763,28764,28765&#8243; img_size=\u00bbfull\u00bb autoplay=\u00bbyes\u00bb wrap=\u00bbyes\u00bb][vc_tta_accordion c_icon=\u00bbchevron\u00bb active_section=\u00bb0&#8243;][vc_tta_section title=\u00bbM\u00e1s informaci\u00f3n\u00bb tab_id=\u00bb1563334071343-bcc94dd7-d9e4&#8243;][vc_column_text]<\/p>\n<h4><strong>Sector urbano:<\/strong><\/h4>\n<p>El servicio se realiza de puerta a puerta con personal contratista Comercializadora C&amp;H Ltda. y con camiones recolectores compactadores de carga trasera propiedad del municipio siendo sus conductores funcionarios municipales.<\/p>\n<p>Tambi\u00e9n la empresa Comercializadora C&amp;H Ltda. realiza la recolecci\u00f3n en caso de panne y en pasajes que no pueda ingresar el cami\u00f3n municipal.<\/p>\n<h4><strong>Sector rural:<\/strong><\/h4>\n<p>Parte de los sectores rurales es realizado con personal contratado por la municipalidad y cami\u00f3n tolva con conductor municipal.<\/p>\n<p>Y los otros sectores, es realizado con personal, cami\u00f3n y chofer del contratista Sosint Chilo\u00e9 Ltda.[\/vc_column_text][\/vc_tta_section][\/vc_tta_accordion][\/vc_column][vc_column width=\u00bb1\/3&#8243;][vc_btn title=\u00bbVolver a Servicios Municipales\u00bb style=\u00bbflat\u00bb color=\u00bbsuccess\u00bb align=\u00bbleft\u00bb i_icon_fontawesome=\u00bbfa fa-arrow-left\u00bb button_block=\u00bbtrue\u00bb add_icon=\u00bbtrue\u00bb link=\u00bburl:https%3A%2F%2Fwww.muniancud.cl%2Fportal%2Fservicios-municipales%2F|||\u00bb][vc_message message_box_style=\u00bbsolid\u00bb message_box_color=\u00bbsky\u00bb icon_fontawesome=\u00bbfas fa-phone-alt\u00bb]<strong>Tel\u00e9fono:<\/strong> 65-2487669[\/vc_message][vc_message message_box_style=\u00bbsolid\u00bb message_box_color=\u00bbsky\u00bb icon_fontawesome=\u00bbfas fa-mobile-alt\u00bb]<strong>M\u00f3vil:<\/strong> +56-952260119[\/vc_message][vc_message message_box_style=\u00bbsolid\u00bb message_box_color=\u00bbgreen\u00bb icon_fontawesome=\u00bbfa fa-clock-o\u00bb]<strong>Horarios<\/strong><br \/>\n<strong>Atenci\u00f3n a Publico:\u00a0<\/strong>Lunes a Viernes de 08:00 a 13:00 hrs.[\/vc_message][vc_message message_box_style=\u00bbsolid\u00bb message_box_color=\u00bbsky\u00bb icon_fontawesome=\u00bbfa fa-map-marker\u00bb]<strong>Ubicaci\u00f3n: Edificio Consistorial<\/strong><br \/>\nBlanco Encalada N\u00b0 660 \u2013 Piso 1[\/vc_message][vc_btn title=\u00bbDescargar Resoluciones SEREMI Salud &#8211; Alerta Sanitaria\u00bb style=\u00bbflat\u00bb color=\u00bbdanger\u00bb align=\u00bbleft\u00bb i_icon_fontawesome=\u00bbfa fa-file-text-o\u00bb button_block=\u00bbtrue\u00bb add_icon=\u00bbtrue\u00bb link=\u00bburl:https%3A%2F%2Fwww.muniancud.cl%2Ftransparencia%2Fmunicipalidad%2Finicio%2Findex.php%3Fdir%3D17%2520Otros%2520Antecedentes%2F17.3%2520Resoluciones%2520SEREMI%2520Salud%2520-%2520Alerta%2520Sanitaria%2F||target:%20_blank|\u00bb][\/vc_column][\/vc_row][\/vc_section][vc_section full_height=\u00bbyes\u00bb][vc_row][vc_column]<div class=\"td_block_wrap td_block_text_with_title td_uid_1_69e61fe70c86a_rand td-pb-border-top td_block_template_8\"  data-td-block-uid=\"td_uid_1_69e61fe70c86a\" ><div class=\"td-block-title-wrap\"><h4 class=\"td-block-title\"><span>Mapa Manejo Integral de Residuos<\/span><\/h4><\/div><div class=\"td_mod_wrap td-fix-index\"><\/div><\/div>[vc_row_inner][vc_column_inner width=\u00bb2\/3&#8243;][vc_column_text]Para obtener informaci\u00f3n m\u00e1s detallada, se debe presionar sobre el \u00e1rea a consultar, para interactuar con el mapa.[\/vc_column_text][\/vc_column_inner][vc_column_inner width=\u00bb1\/3&#8243;][vc_btn title=\u00bbVer mapa en pantalla completa\u00bb style=\u00bbflat\u00bb color=\u00bbdanger\u00bb align=\u00bbleft\u00bb i_icon_fontawesome=\u00bbfa fa-arrows-alt\u00bb button_block=\u00bbtrue\u00bb add_icon=\u00bbtrue\u00bb link=\u00bburl:https%3A%2F%2Fwww.google.com%2Fmaps%2Fd%2Fu%2F0%2Fviewer%3Fhl%3Des%26mid%3D1HxEPnEKA74EbzjFELx87zTJ1m4-Hto1s%26ll%3D-41.8581950619029%252C-73.78723943308495%26z%3D13%26fbclid%3DIwAR3dko0QVFOrRR-2dezqs_C1CzGyWsKl2udSTvur8gvnkhb-hZE4PjO8bGY||target:%20_blank|\u00bb][\/vc_column_inner][\/vc_row_inner][vc_gmaps link=\u00bb#E-8_JTNDaWZyYW1lJTIwc3JjJTNEJTIyaHR0cHMlM0ElMkYlMkZ3d3cuZ29vZ2xlLmNvbSUyRm1hcHMlMkZkJTJGZW1iZWQlM0ZtaWQlM0QxSHhFUG5FS0E3NEViempGRUx4ODd6VEoxbTQtSHRvMXMlMjIlMjB3aWR0aCUzRCUyMjkwMCUyMiUyMGhlaWdodCUzRCUyMjYwMCUyMiUzRSUzQyUyRmlmcmFtZSUzRQ==\u00bb][\/vc_column][\/vc_row][\/vc_section]<\/p>\n<\/div>","protected":false},"excerpt":{"rendered":"<p>[vc_section][vc_row][vc_column width=\u00bb2\/3&#8243;][vc_images_carousel images=\u00bb28761,28762,28763,28764,28765&#8243; img_size=\u00bbfull\u00bb autoplay=\u00bbyes\u00bb wrap=\u00bbyes\u00bb][vc_tta_accordion c_icon=\u00bbchevron\u00bb active_section=\u00bb0&#8243;][vc_tta_section title=\u00bbM\u00e1s informaci\u00f3n\u00bb tab_id=\u00bb1563334071343-bcc94dd7-d9e4&#8243;][vc_column_text] Sector urbano: El servicio se realiza de puerta a puerta con personal contratista Comercializadora C&amp;H Ltda. y con camiones recolectores compactadores de carga trasera propiedad del municipio siendo sus conductores funcionarios municipales. Tambi\u00e9n la empresa Comercializadora C&amp;H Ltda. realiza la recolecci\u00f3n en caso de [&hellip;]<\/p>\n","protected":false},"author":1,"featured_media":0,"parent":741,"menu_order":0,"comment_status":"closed","ping_status":"closed","template":"page-pagebuilder-title.php","meta":{"footnotes":""},"class_list":["post-23995","page","type-page","status-publish","hentry"],"_links":{"self":[{"href":"https:\/\/www.muniancud.cl\/portal\/wp-json\/wp\/v2\/pages\/23995","targetHints":{"allow":["GET"]}}],"collection":[{"href":"https:\/\/www.muniancud.cl\/portal\/wp-json\/wp\/v2\/pages"}],"about":[{"href":"https:\/\/www.muniancud.cl\/portal\/wp-json\/wp\/v2\/types\/page"}],"author":[{"embeddable":true,"href":"https:\/\/www.muniancud.cl\/portal\/wp-json\/wp\/v2\/users\/1"}],"replies":[{"embeddable":true,"href":"https:\/\/www.muniancud.cl\/portal\/wp-json\/wp\/v2\/comments?post=23995"}],"version-history":[{"count":27,"href":"https:\/\/www.muniancud.cl\/portal\/wp-json\/wp\/v2\/pages\/23995\/revisions"}],"predecessor-version":[{"id":32835,"href":"https:\/\/www.muniancud.cl\/portal\/wp-json\/wp\/v2\/pages\/23995\/revisions\/32835"}],"up":[{"embeddable":true,"href":"https:\/\/www.muniancud.cl\/portal\/wp-json\/wp\/v2\/pages\/741"}],"wp:attachment":[{"href":"https:\/\/www.muniancud.cl\/portal\/wp-json\/wp\/v2\/media?parent=23995"}],"curies":[{"name":"wp","href":"https:\/\/api.w.org\/{rel}","templated":true}]}}