{"id":24108,"date":"2019-03-28T11:38:50","date_gmt":"2019-03-28T14:38:50","guid":{"rendered":"https:\/\/www.muniancud.cl\/portal\/?page_id=24108"},"modified":"2019-07-11T19:39:44","modified_gmt":"2019-07-11T23:39:44","slug":"salud","status":"publish","type":"page","link":"https:\/\/www.muniancud.cl\/portal\/salud\/","title":{"rendered":"DESAM &#8211; Departamento de Salud Municipal"},"content":{"rendered":"<div class=\"wpb-content-wrapper\"><p>[vc_row][vc_column width=\u00bb2\/3&#8243;][vc_column_text]La Corporaci\u00f3n de Educaci\u00f3n, Salud y Atenci\u00f3n de Menores de Ancud es una Organizaci\u00f3n jur\u00eddica de derecho privado, sin fines de lucro, cuyo funcionamiento debe ser peri\u00f3dicamente revisado y dinamizado para atender en forma \u00f3ptima los requerimientos de la comunidad, de todas las materias de su competencia, para ello, los Estatutos deben ser amplios, participativos y democr\u00e1ticos de clara gobernabilidad.<\/p>\n<p>El representante legal es el alcalde, quien a su vez es el presidente de la Corporaci\u00f3n.<\/p>\n<p>El DESAM tiene por objetivo gestionar todas las labores administrativas de los establecimientos de Salud y velar por el cumplimiento de las Normas, asegurando la \u00f3ptima entrega de las atenciones que otorgan los servicios de salud comunales Municipalizados, planificando y organizando el desarrollo de las funciones.[\/vc_column_text][vc_gmaps link=\u00bb#E-8_JTNDaWZyYW1lJTIwc3JjJTNEJTIyaHR0cHMlM0ElMkYlMkZ3d3cuZ29vZ2xlLmNvbSUyRm1hcHMlMkZlbWJlZCUzRnBiJTNEJTIxMW0xOCUyMTFtMTIlMjExbTMlMjExZDc4OS40NTkxNTE3ODUzNDg4JTIxMmQtNzMuODI0NTYyMjk0ODk4OTElMjEzZC00MS44NzE5NTc1NjkxNzA3NyUyMTJtMyUyMTFmMCUyMTJmMCUyMTNmMCUyMTNtMiUyMTFpMTAyNCUyMTJpNzY4JTIxNGYxMy4xJTIxM20zJTIxMW0yJTIxMXMweDk2MjI4ZDVlNDAyOGZlMWIlMjUzQTB4N2QzNWU5YjM4NDE0ZjI3MiUyMTJzQ29ycG9yYWNpb24lMkJDdWx0dXJhbCUyQk11bmljaXBhbCUyQmRlJTJCQW5jdWQlMjE1ZTAlMjEzbTIlMjExc2VzJTIxMnNjbCUyMTR2MTU1Mzc4MTI0NjI1OCUyMiUyMHdpZHRoJTNEJTIyNDAwJTIyJTIwaGVpZ2h0JTNEJTIyMjAwJTIyJTIwZnJhbWVib3JkZXIlM0QlMjIwJTIyJTIwc3R5bGUlM0QlMjJib3JkZXIlM0EwJTIyJTIwYWxsb3dmdWxsc2NyZWVuJTNFJTNDJTJGaWZyYW1lJTNF\u00bb][\/vc_column][vc_column width=\u00bb1\/3&#8243;][vc_btn title=\u00bbVolver a Unidades Municipales\u00bb style=\u00bbflat\u00bb color=\u00bbprimary\u00bb align=\u00bbleft\u00bb i_icon_fontawesome=\u00bbfa fa-arrow-left\u00bb button_block=\u00bbtrue\u00bb add_icon=\u00bbtrue\u00bb link=\u00bburl:https%3A%2F%2Fwww.muniancud.cl%2Fportal%2Funidades-municipales%2F|||\u00bb][vc_single_image image=\u00bb24212&#8243; img_size=\u00bbfull\u00bb alignment=\u00bbcenter\u00bb style=\u00bbvc_box_rounded\u00bb][vc_message message_box_style=\u00bbsolid\u00bb message_box_color=\u00bbgreen\u00bb icon_fontawesome=\u00bbfa fa-clock-o\u00bb]<strong>Horarios<\/strong><br \/>\n<strong>Atenci\u00f3n a P\u00fablico:<br \/>\n<\/strong>Lunes a Viernes de 08:00 a 13:00 hrs.[\/vc_message][vc_message message_box_style=\u00bbsolid\u00bb message_box_color=\u00bbsky\u00bb]<b>Ubicaci\u00f3n: <\/b>Yerbas Buenas N\u00b0 915<br \/>\n<b>Tel\u00e9fono: <\/b>65-2628584[\/vc_message][vc_message message_box_style=\u00bbsolid-icon\u00bb message_box_color=\u00bbsky\u00bb]Para m\u00e1s informaci\u00f3n visitar el sitio web: <a href=\"http:\/\/www.corporacionancud.cl\/inicio\/\">www.corporacionancud.cl<\/a>[\/vc_message][\/vc_column][\/vc_row][vc_row][vc_column]<div class=\"td_block_wrap td_block_16 td_uid_1_69e62130c33a4_rand td_with_ajax_pagination td-pb-border-top td_block_template_8 td-column-1 td_block_padding\"  data-td-block-uid=\"td_uid_1_69e62130c33a4\" ><script>var block_td_uid_1_69e62130c33a4 = new tdBlock();\nblock_td_uid_1_69e62130c33a4.id = \"td_uid_1_69e62130c33a4\";\nblock_td_uid_1_69e62130c33a4.atts = '{\"custom_title\":\"Noticias Salud\",\"category_id\":\"24\",\"ajax_pagination\":\"next_prev\",\"separator\":\"\",\"custom_url\":\"\",\"block_template_id\":\"\",\"mx7_tl\":\"\",\"mx7_el\":\"\",\"m6_tl\":\"\",\"post_ids\":\"\",\"category_ids\":\"\",\"tag_slug\":\"\",\"autors_id\":\"\",\"installed_post_types\":\"\",\"sort\":\"\",\"limit\":\"5\",\"offset\":\"\",\"el_class\":\"\",\"td_ajax_filter_type\":\"\",\"td_ajax_filter_ids\":\"\",\"td_filter_default_txt\":\"All\",\"td_ajax_preloading\":\"\",\"f_header_font_header\":\"\",\"f_header_font_title\":\"Block header\",\"f_header_font_settings\":\"\",\"f_header_font_family\":\"\",\"f_header_font_size\":\"\",\"f_header_font_line_height\":\"\",\"f_header_font_style\":\"\",\"f_header_font_weight\":\"\",\"f_header_font_transform\":\"\",\"f_header_font_spacing\":\"\",\"f_header_\":\"\",\"f_ajax_font_title\":\"Ajax categories\",\"f_ajax_font_settings\":\"\",\"f_ajax_font_family\":\"\",\"f_ajax_font_size\":\"\",\"f_ajax_font_line_height\":\"\",\"f_ajax_font_style\":\"\",\"f_ajax_font_weight\":\"\",\"f_ajax_font_transform\":\"\",\"f_ajax_font_spacing\":\"\",\"f_ajax_\":\"\",\"f_more_font_title\":\"Load more button\",\"f_more_font_settings\":\"\",\"f_more_font_family\":\"\",\"f_more_font_size\":\"\",\"f_more_font_line_height\":\"\",\"f_more_font_style\":\"\",\"f_more_font_weight\":\"\",\"f_more_font_transform\":\"\",\"f_more_font_spacing\":\"\",\"f_more_\":\"\",\"mx7f_title_font_header\":\"\",\"mx7f_title_font_title\":\"Article title\",\"mx7f_title_font_settings\":\"\",\"mx7f_title_font_family\":\"\",\"mx7f_title_font_size\":\"\",\"mx7f_title_font_line_height\":\"\",\"mx7f_title_font_style\":\"\",\"mx7f_title_font_weight\":\"\",\"mx7f_title_font_transform\":\"\",\"mx7f_title_font_spacing\":\"\",\"mx7f_title_\":\"\",\"mx7f_cat_font_title\":\"Article category tag\",\"mx7f_cat_font_settings\":\"\",\"mx7f_cat_font_family\":\"\",\"mx7f_cat_font_size\":\"\",\"mx7f_cat_font_line_height\":\"\",\"mx7f_cat_font_style\":\"\",\"mx7f_cat_font_weight\":\"\",\"mx7f_cat_font_transform\":\"\",\"mx7f_cat_font_spacing\":\"\",\"mx7f_cat_\":\"\",\"mx7f_meta_font_title\":\"Article meta info\",\"mx7f_meta_font_settings\":\"\",\"mx7f_meta_font_family\":\"\",\"mx7f_meta_font_size\":\"\",\"mx7f_meta_font_line_height\":\"\",\"mx7f_meta_font_style\":\"\",\"mx7f_meta_font_weight\":\"\",\"mx7f_meta_font_transform\":\"\",\"mx7f_meta_font_spacing\":\"\",\"mx7f_meta_\":\"\",\"mx7f_ex_font_title\":\"Article excerpt\",\"mx7f_ex_font_settings\":\"\",\"mx7f_ex_font_family\":\"\",\"mx7f_ex_font_size\":\"\",\"mx7f_ex_font_line_height\":\"\",\"mx7f_ex_font_style\":\"\",\"mx7f_ex_font_weight\":\"\",\"mx7f_ex_font_transform\":\"\",\"mx7f_ex_font_spacing\":\"\",\"mx7f_ex_\":\"\",\"m6f_title_font_header\":\"\",\"m6f_title_font_title\":\"Article title\",\"m6f_title_font_settings\":\"\",\"m6f_title_font_family\":\"\",\"m6f_title_font_size\":\"\",\"m6f_title_font_line_height\":\"\",\"m6f_title_font_style\":\"\",\"m6f_title_font_weight\":\"\",\"m6f_title_font_transform\":\"\",\"m6f_title_font_spacing\":\"\",\"m6f_title_\":\"\",\"m6f_cat_font_title\":\"Article category tag\",\"m6f_cat_font_settings\":\"\",\"m6f_cat_font_family\":\"\",\"m6f_cat_font_size\":\"\",\"m6f_cat_font_line_height\":\"\",\"m6f_cat_font_style\":\"\",\"m6f_cat_font_weight\":\"\",\"m6f_cat_font_transform\":\"\",\"m6f_cat_font_spacing\":\"\",\"m6f_cat_\":\"\",\"m6f_meta_font_title\":\"Article meta info\",\"m6f_meta_font_settings\":\"\",\"m6f_meta_font_family\":\"\",\"m6f_meta_font_size\":\"\",\"m6f_meta_font_line_height\":\"\",\"m6f_meta_font_style\":\"\",\"m6f_meta_font_weight\":\"\",\"m6f_meta_font_transform\":\"\",\"m6f_meta_font_spacing\":\"\",\"m6f_meta_\":\"\",\"ajax_pagination_infinite_stop\":\"\",\"css\":\"\",\"tdc_css\":\"\",\"td_column_number\":1,\"header_color\":\"\",\"color_preset\":\"\",\"border_top\":\"\",\"class\":\"td_uid_1_69e62130c33a4_rand\",\"tdc_css_class\":\"td_uid_1_69e62130c33a4_rand\",\"tdc_css_class_style\":\"td_uid_1_69e62130c33a4_rand_style\"}';\nblock_td_uid_1_69e62130c33a4.td_column_number = \"1\";\nblock_td_uid_1_69e62130c33a4.block_type = \"td_block_16\";\nblock_td_uid_1_69e62130c33a4.post_count = \"5\";\nblock_td_uid_1_69e62130c33a4.found_posts = \"124\";\nblock_td_uid_1_69e62130c33a4.header_color = \"\";\nblock_td_uid_1_69e62130c33a4.ajax_pagination_infinite_stop = \"\";\nblock_td_uid_1_69e62130c33a4.max_num_pages = \"25\";\ntdBlocksArray.push(block_td_uid_1_69e62130c33a4);\n<\/script><div class=\"td-block-title-wrap\"><h4 class=\"td-block-title\"><span>Noticias Salud<\/span><\/h4><\/div><div id=td_uid_1_69e62130c33a4 class=\"td_block_inner td-column-1\">\n\n\t<div class=\"td-block-span12\">\n\n        <div class=\"td_module_6 td_module_wrap td-animation-stack\">\n\n        <div class=\"td-module-thumb\"><a href=\"https:\/\/www.muniancud.cl\/portal\/comunidad-de-ancud-participa-en-jornada-deportiva-inclusiva-por-el-autismo\/\" rel=\"bookmark\" class=\"td-image-wrap\" title=\"Comunidad de Ancud participa en jornada deportiva inclusiva por el autismo\"><img loading=\"lazy\" decoding=\"async\" class=\"entry-thumb\" src=\"data:image\/png;base64,iVBORw0KGgoAAAANSUhEUgAAAGQAAABGAQMAAAAASKMqAAAAA1BMVEWurq51dlI4AAAAAXRSTlMmkutdmwAAABBJREFUKM9jGAWjYBQMKwAAA9QAAQWBn6cAAAAASUVORK5CYII=\"alt=\"\" title=\"Comunidad de Ancud participa en jornada deportiva inclusiva por el autismo\" data-type=\"image_tag\" data-img-url=\"https:\/\/www.muniancud.cl\/portal\/wp-content\/uploads\/2026\/04\/WhatsApp-Image-2026-04-09-at-12.49.06-100x70.jpeg\"  width=\"100\" height=\"70\" \/><\/a><\/div>\n        <div class=\"item-details\">\n            <h3 class=\"entry-title td-module-title\"><a href=\"https:\/\/www.muniancud.cl\/portal\/comunidad-de-ancud-participa-en-jornada-deportiva-inclusiva-por-el-autismo\/\" rel=\"bookmark\" title=\"Comunidad de Ancud participa en jornada deportiva inclusiva por el autismo\">Comunidad de Ancud participa en jornada deportiva inclusiva por el autismo<\/a><\/h3>            <div class=\"td-module-meta-info\">\n                                                <span class=\"td-post-date\"><time class=\"entry-date updated td-module-date\" datetime=\"2026-04-09T15:17:54+00:00\" >09\/04\/2026<\/time><\/span>                            <\/div>\n        <\/div>\n\n        <\/div>\n\n        \n\t<\/div> <!-- .\/td-block-span12 -->\n\n\t<div class=\"td-block-span12\">\n\n        <div class=\"td_module_6 td_module_wrap td-animation-stack\">\n\n        <div class=\"td-module-thumb\"><a href=\"https:\/\/www.muniancud.cl\/portal\/ancud-conmemoro-el-dia-de-la-actividad-fisica-con-masiva-participacion-estudiantil\/\" rel=\"bookmark\" class=\"td-image-wrap\" title=\"Ancud conmemor\u00f3 el D\u00eda de la Actividad F\u00edsica con masiva participaci\u00f3n estudiantil\"><img loading=\"lazy\" decoding=\"async\" class=\"entry-thumb\" src=\"data:image\/png;base64,iVBORw0KGgoAAAANSUhEUgAAAGQAAABGAQMAAAAASKMqAAAAA1BMVEWurq51dlI4AAAAAXRSTlMmkutdmwAAABBJREFUKM9jGAWjYBQMKwAAA9QAAQWBn6cAAAAASUVORK5CYII=\"alt=\"\" title=\"Ancud conmemor\u00f3 el D\u00eda de la Actividad F\u00edsica con masiva participaci\u00f3n estudiantil\" data-type=\"image_tag\" data-img-url=\"https:\/\/www.muniancud.cl\/portal\/wp-content\/uploads\/2026\/04\/DSC02432-100x70.jpg\"  width=\"100\" height=\"70\" \/><\/a><\/div>\n        <div class=\"item-details\">\n            <h3 class=\"entry-title td-module-title\"><a href=\"https:\/\/www.muniancud.cl\/portal\/ancud-conmemoro-el-dia-de-la-actividad-fisica-con-masiva-participacion-estudiantil\/\" rel=\"bookmark\" title=\"Ancud conmemor\u00f3 el D\u00eda de la Actividad F\u00edsica con masiva participaci\u00f3n estudiantil\">Ancud conmemor\u00f3 el D\u00eda de la Actividad F\u00edsica con masiva participaci\u00f3n...<\/a><\/h3>            <div class=\"td-module-meta-info\">\n                                                <span class=\"td-post-date\"><time class=\"entry-date updated td-module-date\" datetime=\"2026-04-07T10:47:31+00:00\" >07\/04\/2026<\/time><\/span>                            <\/div>\n        <\/div>\n\n        <\/div>\n\n        \n\t<\/div> <!-- .\/td-block-span12 -->\n\n\t<div class=\"td-block-span12\">\n\n        <div class=\"td_module_6 td_module_wrap td-animation-stack\">\n\n        <div class=\"td-module-thumb\"><a href=\"https:\/\/www.muniancud.cl\/portal\/jornada-de-concientizacion-sobre-el-cancer-cervicouterino-reune-a-estudiantes-y-mujeres-en-ancud\/\" rel=\"bookmark\" class=\"td-image-wrap\" title=\"Jornada de concientizaci\u00f3n sobre el c\u00e1ncer cervicouterino re\u00fane a estudiantes y mujeres en Ancud\"><img loading=\"lazy\" decoding=\"async\" class=\"entry-thumb\" src=\"data:image\/png;base64,iVBORw0KGgoAAAANSUhEUgAAAGQAAABGAQMAAAAASKMqAAAAA1BMVEWurq51dlI4AAAAAXRSTlMmkutdmwAAABBJREFUKM9jGAWjYBQMKwAAA9QAAQWBn6cAAAAASUVORK5CYII=\"alt=\"\" title=\"Jornada de concientizaci\u00f3n sobre el c\u00e1ncer cervicouterino re\u00fane a estudiantes y mujeres en Ancud\" data-type=\"image_tag\" data-img-url=\"https:\/\/www.muniancud.cl\/portal\/wp-content\/uploads\/2026\/03\/WhatsApp-Image-2026-03-19-at-3.26.33-PM-1-100x70.jpeg\"  width=\"100\" height=\"70\" \/><\/a><\/div>\n        <div class=\"item-details\">\n            <h3 class=\"entry-title td-module-title\"><a href=\"https:\/\/www.muniancud.cl\/portal\/jornada-de-concientizacion-sobre-el-cancer-cervicouterino-reune-a-estudiantes-y-mujeres-en-ancud\/\" rel=\"bookmark\" title=\"Jornada de concientizaci\u00f3n sobre el c\u00e1ncer cervicouterino re\u00fane a estudiantes y mujeres en Ancud\">Jornada de concientizaci\u00f3n sobre el c\u00e1ncer cervicouterino re\u00fane a estudiantes y...<\/a><\/h3>            <div class=\"td-module-meta-info\">\n                                                <span class=\"td-post-date\"><time class=\"entry-date updated td-module-date\" datetime=\"2026-03-20T10:01:46+00:00\" >20\/03\/2026<\/time><\/span>                            <\/div>\n        <\/div>\n\n        <\/div>\n\n        \n\t<\/div> <!-- .\/td-block-span12 -->\n\n\t<div class=\"td-block-span12\">\n\n        <div class=\"td_module_6 td_module_wrap td-animation-stack\">\n\n        <div class=\"td-module-thumb\"><a href=\"https:\/\/www.muniancud.cl\/portal\/ancud-inicia-anticipadamente-campana-de-vacunacion-2026-con-meta-de-21-mil-personas\/\" rel=\"bookmark\" class=\"td-image-wrap\" title=\"Ancud inicia anticipadamente campa\u00f1a de vacunaci\u00f3n 2026 con meta de 21 mil personas\"><img loading=\"lazy\" decoding=\"async\" class=\"entry-thumb\" src=\"data:image\/png;base64,iVBORw0KGgoAAAANSUhEUgAAAGQAAABGAQMAAAAASKMqAAAAA1BMVEWurq51dlI4AAAAAXRSTlMmkutdmwAAABBJREFUKM9jGAWjYBQMKwAAA9QAAQWBn6cAAAAASUVORK5CYII=\"alt=\"\" title=\"Ancud inicia anticipadamente campa\u00f1a de vacunaci\u00f3n 2026 con meta de 21 mil personas\" data-type=\"image_tag\" data-img-url=\"https:\/\/www.muniancud.cl\/portal\/wp-content\/uploads\/2026\/03\/WhatsApp-Image-2026-03-02-at-11.45.29-100x70.jpeg\"  width=\"100\" height=\"70\" \/><\/a><\/div>\n        <div class=\"item-details\">\n            <h3 class=\"entry-title td-module-title\"><a href=\"https:\/\/www.muniancud.cl\/portal\/ancud-inicia-anticipadamente-campana-de-vacunacion-2026-con-meta-de-21-mil-personas\/\" rel=\"bookmark\" title=\"Ancud inicia anticipadamente campa\u00f1a de vacunaci\u00f3n 2026 con meta de 21 mil personas\">Ancud inicia anticipadamente campa\u00f1a de vacunaci\u00f3n 2026 con meta de 21...<\/a><\/h3>            <div class=\"td-module-meta-info\">\n                                                <span class=\"td-post-date\"><time class=\"entry-date updated td-module-date\" datetime=\"2026-03-02T16:38:34+00:00\" >02\/03\/2026<\/time><\/span>                            <\/div>\n        <\/div>\n\n        <\/div>\n\n        \n\t<\/div> <!-- .\/td-block-span12 -->\n\n\t<div class=\"td-block-span12\">\n\n        <div class=\"td_module_6 td_module_wrap td-animation-stack\">\n\n        <div class=\"td-module-thumb\"><a href=\"https:\/\/www.muniancud.cl\/portal\/auditorias-revelan-millonaria-deuda-y-graves-falencias-en-la-corporacion-municipal-de-ancud\/\" rel=\"bookmark\" class=\"td-image-wrap\" title=\"Auditor\u00edas revelan millonaria deuda y graves falencias en la Corporaci\u00f3n Municipal de Ancud\"><img loading=\"lazy\" decoding=\"async\" class=\"entry-thumb\" src=\"data:image\/png;base64,iVBORw0KGgoAAAANSUhEUgAAAGQAAABGAQMAAAAASKMqAAAAA1BMVEWurq51dlI4AAAAAXRSTlMmkutdmwAAABBJREFUKM9jGAWjYBQMKwAAA9QAAQWBn6cAAAAASUVORK5CYII=\"alt=\"\" title=\"Auditor\u00edas revelan millonaria deuda y graves falencias en la Corporaci\u00f3n Municipal de Ancud\" data-type=\"image_tag\" data-img-url=\"https:\/\/www.muniancud.cl\/portal\/wp-content\/uploads\/2026\/01\/WhatsApp-Image-2026-01-27-at-14.07.24-100x70.jpeg\"  width=\"100\" height=\"70\" \/><\/a><\/div>\n        <div class=\"item-details\">\n            <h3 class=\"entry-title td-module-title\"><a href=\"https:\/\/www.muniancud.cl\/portal\/auditorias-revelan-millonaria-deuda-y-graves-falencias-en-la-corporacion-municipal-de-ancud\/\" rel=\"bookmark\" title=\"Auditor\u00edas revelan millonaria deuda y graves falencias en la Corporaci\u00f3n Municipal de Ancud\">Auditor\u00edas revelan millonaria deuda y graves falencias en la Corporaci\u00f3n Municipal...<\/a><\/h3>            <div class=\"td-module-meta-info\">\n                                                <span class=\"td-post-date\"><time class=\"entry-date updated td-module-date\" datetime=\"2026-01-27T14:39:21+00:00\" >27\/01\/2026<\/time><\/span>                            <\/div>\n        <\/div>\n\n        <\/div>\n\n        \n\t<\/div> <!-- .\/td-block-span12 --><\/div><div class=\"td-next-prev-wrap\"><a href=\"#\" class=\"td-ajax-prev-page ajax-page-disabled\" id=\"prev-page-td_uid_1_69e62130c33a4\" data-td_block_id=\"td_uid_1_69e62130c33a4\"><i class=\"td-icon-font td-icon-menu-left\"><\/i><\/a><a href=\"#\"  class=\"td-ajax-next-page\" id=\"next-page-td_uid_1_69e62130c33a4\" data-td_block_id=\"td_uid_1_69e62130c33a4\"><i class=\"td-icon-font td-icon-menu-right\"><\/i><\/a><\/div><\/div> <!-- .\/block -->[\/vc_column][\/vc_row]<\/p>\n<\/div>","protected":false},"excerpt":{"rendered":"<p>[vc_row][vc_column width=\u00bb2\/3&#8243;][vc_column_text]La Corporaci\u00f3n de Educaci\u00f3n, Salud y Atenci\u00f3n de Menores de Ancud es una Organizaci\u00f3n jur\u00eddica de derecho privado, sin fines de lucro, cuyo funcionamiento debe ser peri\u00f3dicamente revisado y dinamizado para atender en forma \u00f3ptima los requerimientos de la comunidad, de todas las materias de su competencia, para ello, los Estatutos deben ser amplios, [&hellip;]<\/p>\n","protected":false},"author":1,"featured_media":0,"parent":0,"menu_order":11,"comment_status":"closed","ping_status":"closed","template":"page-pagebuilder-title.php","meta":{"footnotes":""},"class_list":["post-24108","page","type-page","status-publish","hentry"],"_links":{"self":[{"href":"https:\/\/www.muniancud.cl\/portal\/wp-json\/wp\/v2\/pages\/24108","targetHints":{"allow":["GET"]}}],"collection":[{"href":"https:\/\/www.muniancud.cl\/portal\/wp-json\/wp\/v2\/pages"}],"about":[{"href":"https:\/\/www.muniancud.cl\/portal\/wp-json\/wp\/v2\/types\/page"}],"author":[{"embeddable":true,"href":"https:\/\/www.muniancud.cl\/portal\/wp-json\/wp\/v2\/users\/1"}],"replies":[{"embeddable":true,"href":"https:\/\/www.muniancud.cl\/portal\/wp-json\/wp\/v2\/comments?post=24108"}],"version-history":[{"count":14,"href":"https:\/\/www.muniancud.cl\/portal\/wp-json\/wp\/v2\/pages\/24108\/revisions"}],"predecessor-version":[{"id":25099,"href":"https:\/\/www.muniancud.cl\/portal\/wp-json\/wp\/v2\/pages\/24108\/revisions\/25099"}],"wp:attachment":[{"href":"https:\/\/www.muniancud.cl\/portal\/wp-json\/wp\/v2\/media?parent=24108"}],"curies":[{"name":"wp","href":"https:\/\/api.w.org\/{rel}","templated":true}]}}