{"id":24225,"date":"2019-05-15T22:43:10","date_gmt":"2019-05-16T02:43:10","guid":{"rendered":"https:\/\/www.muniancud.cl\/portal\/?page_id=24225"},"modified":"2025-10-20T13:47:35","modified_gmt":"2025-10-20T16:47:35","slug":"oficina-de-asuntos-indigenas","status":"publish","type":"page","link":"https:\/\/www.muniancud.cl\/portal\/unidades-municipales\/direccion-de-desarrollo-comunitario\/oficina-de-asuntos-indigenas\/","title":{"rendered":"Oficina de Asuntos Ind\u00edgenas"},"content":{"rendered":"<div class=\"wpb-content-wrapper\"><p>[vc_section][vc_row][vc_column width=\u00bb2\/3&#8243;][vc_column_text]La Oficina de Desarrollo Ind\u00edgena tiene por objetivo promover y ejecutar acciones tendientes a potenciar el desarrollo de los habitantes ind\u00edgenas de la comuna, construyendo una coexistencia basada en el respeto por la diversidad, equidad y participaci\u00f3n.<\/p>\n<p>La principal funci\u00f3n es acompa\u00f1ar, asesorar y facilitar el funcionamiento y gesti\u00f3n de las diferentes comunidades y asociaciones ind\u00edgenas de la comuna de Ancud, respetando siempre la autonom\u00eda y velando por la integraci\u00f3n de todos sus miembros al progreso comunal.[\/vc_column_text][vc_tta_accordion style=\u00bbflat\u00bb c_icon=\u00bbchevron\u00bb active_section=\u00bb1&#8243;][vc_tta_section title=\u00bbFunciones\u00bb tab_id=\u00bb1548881108963-789d5417-3747deb3-a4e7&#8243;][vc_column_text]<\/p>\n<ul class=\"td-arrow-list\">\n<li>Crear un espacio de sensibilizaci\u00f3n para los ciudadanos de la comuna que les permita conocer y rescatar el mundo \u00e9tnico.<\/li>\n<li>Que las personas conozcan sus derechos y beneficios e incentivarlos a crear espacios de fortalecimiento para la creaci\u00f3n de organizaciones sociales que rescaten el \u00e1mbito cultural, educacional, etc.<\/li>\n<li>Difundir\u00a0y capacitar a dicha poblaci\u00f3n con el fin de organizarlos como agrupaciones con distintos objetivos: culturales, sociales, art\u00edsticos, econ\u00f3micos, etc.<\/li>\n<li>Promover la cultura en distintos rincones de la comuna, crear redes con los distintos servicios p\u00fablicos con el fin de que el pueblo ind\u00edgena pueda acceder a los distintos servicios y\u00a0productos de acuerdo a sus necesidades.<\/li>\n<\/ul>\n<p>[\/vc_column_text][\/vc_tta_section][\/vc_tta_accordion][\/vc_column][vc_column width=\u00bb1\/3&#8243;][vc_btn title=\u00bbVolver a Servicios Municipales\u00bb style=\u00bbflat\u00bb color=\u00bbsuccess\u00bb align=\u00bbleft\u00bb i_icon_fontawesome=\u00bbfa fa-arrow-left\u00bb button_block=\u00bbtrue\u00bb add_icon=\u00bbtrue\u00bb link=\u00bburl:https%3A%2F%2Fwww.muniancud.cl%2Fportal%2Fservicios-municipales%2F|||\u00bb][vc_single_image image=\u00bb25004&#8243; img_size=\u00bbfull\u00bb alignment=\u00bbcenter\u00bb]<div class=\"td_block_wrap td_block_text_with_title td_uid_1_69dcd1212f4d7_rand td-pb-border-top td_block_template_8\"  data-td-block-uid=\"td_uid_1_69dcd1212f4d7\" ><div class=\"td-block-title-wrap\"><h4 class=\"td-block-title\"><span>Encargada Oficina Asuntos Ind\u00edgenas<\/span><\/h4><\/div><div class=\"td_mod_wrap td-fix-index\"><p><b>Melissa Ule Balle<\/b><br \/>\nEmail: melissa.ule@muniancud.cl<br \/>\nTel\u00e9fono: 65-2487671<\/p>\n<\/div><\/div><div class=\"td_block_wrap td_block_text_with_title td_uid_2_69dcd1212ffb8_rand td-pb-border-top td_block_template_8\"  data-td-block-uid=\"td_uid_2_69dcd1212ffb8\" ><div class=\"td-block-title-wrap\"><h4 class=\"td-block-title\"><span>Apoyo Administrativo<\/span><\/h4><\/div><div class=\"td_mod_wrap td-fix-index\"><p><b>Jairo Godoy Marilic\u00e1n<\/b><br \/>\nEmail: jairo.godoy@muniancud.cl<br \/>\nTel\u00e9fono: 65-2487671<\/p>\n<\/div><\/div>[\/vc_column][\/vc_row][\/vc_section]<\/p>\n<\/div>","protected":false},"excerpt":{"rendered":"<p>[vc_section][vc_row][vc_column width=\u00bb2\/3&#8243;][vc_column_text]La Oficina de Desarrollo Ind\u00edgena tiene por objetivo promover y ejecutar acciones tendientes a potenciar el desarrollo de los habitantes ind\u00edgenas de la comuna, construyendo una coexistencia basada en el respeto por la diversidad, equidad y participaci\u00f3n. La principal funci\u00f3n es acompa\u00f1ar, asesorar y facilitar el funcionamiento y gesti\u00f3n de las diferentes comunidades y [&hellip;]<\/p>\n","protected":false},"author":1,"featured_media":0,"parent":747,"menu_order":9,"comment_status":"closed","ping_status":"closed","template":"page-pagebuilder-title.php","meta":{"footnotes":""},"class_list":["post-24225","page","type-page","status-publish","hentry"],"_links":{"self":[{"href":"https:\/\/www.muniancud.cl\/portal\/wp-json\/wp\/v2\/pages\/24225","targetHints":{"allow":["GET"]}}],"collection":[{"href":"https:\/\/www.muniancud.cl\/portal\/wp-json\/wp\/v2\/pages"}],"about":[{"href":"https:\/\/www.muniancud.cl\/portal\/wp-json\/wp\/v2\/types\/page"}],"author":[{"embeddable":true,"href":"https:\/\/www.muniancud.cl\/portal\/wp-json\/wp\/v2\/users\/1"}],"replies":[{"embeddable":true,"href":"https:\/\/www.muniancud.cl\/portal\/wp-json\/wp\/v2\/comments?post=24225"}],"version-history":[{"count":19,"href":"https:\/\/www.muniancud.cl\/portal\/wp-json\/wp\/v2\/pages\/24225\/revisions"}],"predecessor-version":[{"id":36082,"href":"https:\/\/www.muniancud.cl\/portal\/wp-json\/wp\/v2\/pages\/24225\/revisions\/36082"}],"up":[{"embeddable":true,"href":"https:\/\/www.muniancud.cl\/portal\/wp-json\/wp\/v2\/pages\/747"}],"wp:attachment":[{"href":"https:\/\/www.muniancud.cl\/portal\/wp-json\/wp\/v2\/media?parent=24225"}],"curies":[{"name":"wp","href":"https:\/\/api.w.org\/{rel}","templated":true}]}}