{"id":24737,"date":"2019-07-03T10:22:31","date_gmt":"2019-07-03T14:22:31","guid":{"rendered":"https:\/\/www.muniancud.cl\/portal\/?page_id=24737"},"modified":"2019-09-02T12:35:46","modified_gmt":"2019-09-02T16:35:46","slug":"fondo-de-emprendimiento-social","status":"publish","type":"page","link":"https:\/\/www.muniancud.cl\/portal\/fondo-de-emprendimiento-social\/","title":{"rendered":"Fondo de Emprendimiento Social (FES)"},"content":{"rendered":"<div class=\"wpb-content-wrapper\"><p>[vc_section][vc_row][vc_column][vc_single_image image=\u00bb25321&#8243; img_size=\u00bbfull\u00bb alignment=\u00bbcenter\u00bb][\/vc_column][\/vc_row][vc_row][vc_column width=\u00bb2\/3&#8243;][vc_column_text]El Fondo de Emprendimiento Social FES 2019, \u00a0busca promover el fortalecimiento de aquellas organizaciones comunitarias que tengan personalidad jur\u00eddica vigente y que requieran apoyo financiero municipal para desarrollar sus iniciativas en el \u00e1mbito de la participaci\u00f3n social de las organizaciones. Estas deben promover desarrollo local y comunitario, a trav\u00e9s de la implementaci\u00f3n de un Fondo Concursable no reembolsable, no tan solo para financiar la adquisici\u00f3n de bienes materiales; sino, adem\u00e1s promover\u00a0la participaci\u00f3n activa de quienes integran las organizaciones mediante la asignaci\u00f3n de recursos a las organizaciones\u00a0comunitarias funcionales y territoriales\u00a0que participen del proceso\u00a0FES 2019.[\/vc_column_text][vc_tta_accordion style=\u00bbflat\u00bb active_section=\u00bb0&#8243; collapsible_all=\u00bbtrue\u00bb][vc_tta_section title=\u00bbEmprendimiento social comunitario\u00bb tab_id=\u00bb1562167471321-4008854b-fe3c\u00bb][vc_column_text]Los tipos de proyectos que se pueden postular son:<\/p>\n<ul class=\"td-arrow-list\">\n<li>Mejoramiento de sedes sociales<\/li>\n<li>Construcci\u00f3n y\/o habilitaci\u00f3n de espacios comunitarios.<\/li>\n<li>Equipamiento y\/o Implementaci\u00f3n.<\/li>\n<li>Seguridad Ciudadana<\/li>\n<li>Talleres y\/o Capacitaci\u00f3n.<\/li>\n<li>Arte y la Cultura.<\/li>\n<li>Medioambiente reducci\u00f3n de residuos s\u00f3lidos domiciliarios<\/li>\n<li>Comunicaci\u00f3n y Difusi\u00f3n Comunitaria.<\/li>\n<li>Insumos (Ej. Resmas de papel, tinta para impresoras, etc.)<\/li>\n<\/ul>\n<p>[\/vc_column_text][\/vc_tta_section][vc_tta_section title=\u00bbEmprendimiento deportivo, recreativo y vida saludable.\u00bb tab_id=\u00bb1562167471338-597f981c-39e3&#8243;][vc_column_text]Los tipos de proyectos que se pueden postular son:<\/p>\n<ul class=\"td-arrow-list\">\n<li>Construcci\u00f3n y\/o habilitaci\u00f3n de espacios comunitarios.<\/li>\n<li>Deporte y\/o Estilos de Vida Saludable<\/li>\n<li>Equipamiento y\/o Implementaci\u00f3n.<\/li>\n<li>Recreaci\u00f3n<\/li>\n<li>Medioambiente reducci\u00f3n de residuos s\u00f3lidos domiciliarios<\/li>\n<li>Talleres y\/o Capacitaci\u00f3n.<\/li>\n<li>Vestimenta y elementos institucionales<\/li>\n<\/ul>\n<p>[\/vc_column_text][\/vc_tta_section][vc_tta_section title=\u00bbEmprendimiento juvenil.\u00bb tab_id=\u00bb1562167515668-9592127b-171d\u00bb][vc_column_text]Los tipos de proyectos que se pueden postular son:<\/p>\n<ul class=\"td-arrow-list\">\n<li>Talleres y\/o Capacitaci\u00f3n.<\/li>\n<li>Equipamiento y\/o Implementaci\u00f3n.<\/li>\n<li>Medioambiente reducci\u00f3n de residuos s\u00f3lidos domiciliarios<\/li>\n<li>El Arte y la Cultura.<\/li>\n<li>Insumos (Ej. Resmas de papel, tinta para impresoras, etc.)<\/li>\n<\/ul>\n<p>[\/vc_column_text][\/vc_tta_section][vc_tta_section title=\u00bbEmprendimiento productivo local.\u00bb tab_id=\u00bb1562167516567-ce359c4a-c407&#8243;][vc_column_text]Los tipos de proyectos que se pueden postular son:<\/p>\n<ul class=\"td-arrow-list\">\n<li>Mejoramiento de sedes sociales<\/li>\n<li>Construcci\u00f3n y\/o habilitaci\u00f3n de espacios comunitarios.<\/li>\n<li>Equipamiento y\/o Implementaci\u00f3n.<\/li>\n<li>Proyectos de Fomento Productivo<\/li>\n<li>Proyectos de Turismo.<\/li>\n<li>Medioambiente reducci\u00f3n de residuos s\u00f3lidos domiciliarios<\/li>\n<li>Talleres y\/o Capacitaci\u00f3n.<\/li>\n<li>Insumos (Ej. Resmas de papel, tinta para impresoras, etc.)<\/li>\n<\/ul>\n<p>[\/vc_column_text][\/vc_tta_section][\/vc_tta_accordion][vc_message message_box_style=\u00bbsolid\u00bb]Las organizaciones postulantes por el solo acto de presentar su postulaci\u00f3n, declaran conocer el Reglamento, las bases, anexos, formularios y dem\u00e1s antecedentes del proceso del concurso.[\/vc_message][\/vc_column][vc_column width=\u00bb1\/3&#8243;][vc_btn title=\u00bbVolver a Servicios Municipales\u00bb style=\u00bbflat\u00bb color=\u00bbsuccess\u00bb align=\u00bbleft\u00bb i_icon_fontawesome=\u00bbfa fa-arrow-left\u00bb button_block=\u00bbtrue\u00bb add_icon=\u00bbtrue\u00bb link=\u00bburl:https%3A%2F%2Fwww.muniancud.cl%2Fportal%2Fservicios-municipales%2F|||\u00bb][vc_single_image image=\u00bb24869&#8243; img_size=\u00bbfull\u00bb][vc_message message_box_style=\u00bbsolid\u00bb message_box_color=\u00bbgreen\u00bb icon_fontawesome=\u00bbfa fa-clock-o\u00bb]<strong>Horarios<\/strong><br \/>\n<strong>Atenci\u00f3n a P\u00fablico:<br \/>\n<\/strong>Lunes a Viernes de 08:00 a 13:00 hrs.[\/vc_message][vc_message message_box_style=\u00bbsolid\u00bb message_box_color=\u00bbsky\u00bb icon_fontawesome=\u00bbfa fa-map-marker\u00bb]<b>Secretar\u00eda Comunal de Planificaci\u00f3n<\/b><br \/>\nBlanco Encalada N\u00b0 660, Piso 2[\/vc_message][vc_message message_box_style=\u00bbsolid\u00bb message_box_color=\u00bbgrey\u00bb icon_fontawesome=\u00bbfa fa-phone\u00bb]<b>Tel\u00e9fono: <\/b> 65-2487681[\/vc_message][vc_message message_box_style=\u00bbsolid\u00bb message_box_color=\u00bbgrey\u00bb icon_fontawesome=\u00bbfa fa-at\u00bb]<b>Email: <\/b>fes@muniancud.cl[\/vc_message][\/vc_column][\/vc_row][vc_row][vc_column][vc_tta_tabs style=\u00bboutline\u00bb color=\u00bbsky\u00bb active_section=\u00bb1&#8243;][vc_tta_section title=\u00bbProceso 2019&#8243; tab_id=\u00bb1562167766275-d4d8b21a-5b0f\u00bb][vc_row_inner][vc_column_inner][vc_column_text]La Ilustre Municipalidad Ancud representada por su Alcalde Carlos G\u00f3mez Miranda y la Secretaria Comunal de Planificaci\u00f3n, invitan a participar AL S\u00c9PTIMO concurso anual del <strong>FONDO DE EMPRENDIMIENTO SOCIAL (FES) 2019<\/strong>\u00a0a todas las organizaciones Comunitarias Funcionales y Territoriales sin fines de lucro, constituidas legalmente en la comuna de Ancud, bajo la Ley N\u00b0 19.418 sobre Juntas de Vecinos y dem\u00e1s organizaciones comunitarias y sus posteriores modificaciones introducidas a trav\u00e9s de la Ley N\u00b0 20.500, y\/o Decreto Supremo del Ministerio de Justicia y que cuenten con Personalidad Jur\u00eddica Vigente.<\/p>\n<p>Este concurso es financiado por la Ilustre Municipalidad de Ancud con recursos propios y la presente convocatoria\u00a0 es\u00a0\u00a0 un proceso p\u00fablico que otorga un monto de financiamiento no reembolsable para la ejecuci\u00f3n de proyectos que est\u00e9n orientados a iniciativas que generen y potencien proyectos de desarrollo comunitario creativos e innovadores y acciones de participaci\u00f3n ciudadana, en actividades productivas y comunitarias, potenciar el emprendimiento social y la innovaci\u00f3n, involucrar a la comunidad en el cuidado del medioambiente, crear redes de apoyo y asociatividad, en el \u00e1mbito del desarrollo local y mejoramiento de la calidad de vida de la comunidad especialmente en j\u00f3venes vulnerables, mujeres emprendedoras y adultos mayores.<\/p>\n<p>Estas bases est\u00e1n reguladas por el Reglamento que forma parte de las presentes bases. <a href=\"https:\/\/www.muniancud.cl\/portal\/wp-content\/uploads\/2019\/07\/REGLAMENTO-FES-2019.pdf\" target=\"_blank\" rel=\"noopener noreferrer\"><span class=\"td_btn td_btn_sm td_round_btn\">Descargar Reglamento FES<\/span><\/a>[\/vc_column_text][\/vc_column_inner][\/vc_row_inner][\/vc_tta_section][vc_tta_section i_icon_fontawesome=\u00bbfa fa-question\u00bb add_icon=\u00bbtrue\u00bb title=\u00bbPostulaci\u00f3n\u00bb tab_id=\u00bb1562167766293-5ba29013-f911&#8243;][vc_column_text]El proceso de postulaci\u00f3n al concurso comprende la formulaci\u00f3n t\u00e9cnica del proyecto y la presentaci\u00f3n de la documentaci\u00f3n requerida. Ambos actos, se realizar\u00e1n por escrito, presentando la documentaci\u00f3n en la <strong>Oficina de Partes de la Municipalidad de Ancud<\/strong>.<\/p>\n<p>La presentaci\u00f3n es la entrega personal del formulario de postulaci\u00f3n y los\u00a0 dem\u00e1s documentos de postulaci\u00f3n solicitados en las bases; estos deber\u00e1n ser entregados en la <strong>Oficina de Partes de la Municipalidad de Ancud<\/strong>, que tendr\u00e1 un Registro \u00fanico de postulaciones FES correlativa, que indicar\u00e1 al menos, nombre de la organizaci\u00f3n, nombre del dirigente que presenta la postulaci\u00f3n, fono de contacto y \u00e1rea al que postula, fecha y hora de ingreso. Esta entrega en ning\u00fan caso podr\u00e1 ser posterior a la fecha y hora de cierre de la postulaci\u00f3n.<\/p>\n<p>El Reglamento, las Bases, anexos y formulario de postulaci\u00f3n, estar\u00e1n disponibles a contar de la fecha de apertura del concurso, en la <strong>Oficina de Partes de la Municipalidad de Ancud<\/strong>, en formato impreso, donde se llevar\u00e1 un Registro de las Organizaciones interesadas y en el sitio web www.muniancud.cl y comprende los respectivos archivos descargables en formato digital PDF y WORD. <a href=\"https:\/\/www.muniancud.cl\/portal\/fondo-de-emprendimiento-social\/#1562167858711-063fd531-2736\"><span class=\"td_btn td_btn_sm td_round_btn\">Descargar documentos<\/span><\/a>[\/vc_column_text][\/vc_tta_section][vc_tta_section i_icon_fontawesome=\u00bbfa fa-calendar\u00bb add_icon=\u00bbtrue\u00bb title=\u00bbCalendario\u00bb tab_id=\u00bb1562167807663-518fd75d-efd6&#8243;][vc_column_text]<\/p>\n<table width=\"810\">\n<tbody>\n<tr>\n<td style=\"text-align: center;\" width=\"520\"><strong>ACTIVIDAD<\/strong><\/td>\n<td style=\"text-align: center;\" width=\"145\"><strong>INICIO<\/strong><\/td>\n<td style=\"text-align: center;\" width=\"145\"><strong>TERMINO<\/strong><\/td>\n<\/tr>\n<tr>\n<td width=\"520\">Convocatoria<\/td>\n<td width=\"145\">22 de Julio de 2019<\/td>\n<td width=\"145\">16 de Agosto de 2019 hasta las 13:00 hrs.<\/td>\n<\/tr>\n<tr>\n<td width=\"520\">Consultas<\/td>\n<td width=\"145\">22 de Julio de 2019<\/td>\n<td width=\"145\">07 de agosto de 2019 hasta las 16:00 hrs<\/td>\n<\/tr>\n<tr>\n<td width=\"520\">Respuestas (estas se publicar\u00e1n en el sitio web https:\/\/www.muniancud.cl\/portal\/<\/td>\n<td width=\"145\"><\/td>\n<td width=\"145\">09 de agosto de 2019<\/td>\n<\/tr>\n<tr>\n<td width=\"520\">Recepci\u00f3n de postulaciones<\/td>\n<td width=\"145\">09 de agosto de 2019<\/td>\n<td width=\"145\">16 de agosto de 2019 hasta las 13:00 hrs.<\/td>\n<\/tr>\n<tr>\n<td width=\"520\">Talleres de apoyo, inducci\u00f3n de postulaci\u00f3n de proyectos<\/td>\n<td width=\"145\">29, 30 y 31 de julio de 2019 a las 16:00 hrs.<\/td>\n<td width=\"145\"><\/td>\n<\/tr>\n<tr>\n<td width=\"520\">Apertura de las postulaciones<\/td>\n<td width=\"145\">16 de agosto de 2019<\/td>\n<td width=\"145\">21 de agosto de 2019<\/td>\n<\/tr>\n<tr>\n<td width=\"520\">Plazo estimado de evaluaci\u00f3n de postulaciones propuestas<\/td>\n<td width=\"145\">28 de agosto de 2019<\/td>\n<td width=\"145\">05 de septiembre de 2019<\/td>\n<\/tr>\n<tr>\n<td width=\"520\">Plazo estimado de adjudicaci\u00f3n<\/td>\n<td width=\"145\">10 de septiembre de 2019<\/td>\n<td width=\"145\"><\/td>\n<\/tr>\n<tr>\n<td width=\"520\">Publicaci\u00f3n de los ganadores en p\u00e1gina Web del municipio<\/td>\n<td width=\"145\">11 de septiembre de 2019<\/td>\n<td width=\"145\"><\/td>\n<\/tr>\n<tr>\n<td width=\"520\">Firma de convenios entre las organizaciones adjudicatarias y el municipio<\/td>\n<td width=\"145\">12 de septiembre de 2019<\/td>\n<td width=\"145\">23 de septiembre de 2019<\/td>\n<\/tr>\n<tr>\n<td width=\"520\">Talleres de gesti\u00f3n de adquisiciones y rendici\u00f3n de recursos FES 2019<\/td>\n<td width=\"145\">24 y 26 de septiembre de 2019<\/td>\n<td width=\"145\"><\/td>\n<\/tr>\n<tr>\n<td width=\"520\">Entrega de aportes a los proyectos adjudicados<\/td>\n<td width=\"145\">24 de septiembre de 2019<\/td>\n<td width=\"145\">30 de septiembre de 2019<\/td>\n<\/tr>\n<tr>\n<td width=\"520\">Plazo de ejecuci\u00f3n del proyecto<\/td>\n<td width=\"145\">Desde la entrega de los recursos,<\/td>\n<td width=\"145\">31 de diciembre de 2019<\/td>\n<\/tr>\n<tr>\n<td width=\"520\">Rendici\u00f3n del proyecto<\/td>\n<td width=\"145\"><\/td>\n<td width=\"145\">31 de diciembre de 2019<\/td>\n<\/tr>\n<\/tbody>\n<\/table>\n<p>[\/vc_column_text][\/vc_tta_section][vc_tta_section i_icon_fontawesome=\u00bbfa fa-usd\u00bb add_icon=\u00bbtrue\u00bb title=\u00bbMontos\u00bb tab_id=\u00bb1562167831611-d66c7319-8f96&#8243;][vc_column_text]<\/p>\n<table width=\"662\">\n<tbody>\n<tr>\n<td style=\"text-align: center;\" width=\"372\"><strong>\u00c1REA<\/strong><\/td>\n<td style=\"text-align: center;\" width=\"145\"><strong>FINANCIAMIENTO<\/strong><\/td>\n<td style=\"text-align: center;\" width=\"145\"><strong>MONTO MAXIMO A POSTULAR<\/strong><\/td>\n<\/tr>\n<tr>\n<td>1.- Emprendimiento social comunitario<\/td>\n<td style=\"text-align: right;\">$ 12.900.000<\/td>\n<td style=\"text-align: right;\">$ 300.000<\/td>\n<\/tr>\n<tr>\n<td>2.- Emprendimiento deportivo, recreativo y vida saludable.<\/td>\n<td style=\"text-align: right;\">$ 8.000.000<\/td>\n<td style=\"text-align: right;\">$ 250.000<\/td>\n<\/tr>\n<tr>\n<td>3.- Emprendimiento juvenil.<\/td>\n<td style=\"text-align: right;\">$ 5.000.000<\/td>\n<td style=\"text-align: right;\">$ 250.000<\/td>\n<\/tr>\n<tr>\n<td>4.- Emprendimiento productivo local.<\/td>\n<td style=\"text-align: right;\">$ 6.900.000<\/td>\n<td style=\"text-align: right;\">$ 300.000<\/td>\n<\/tr>\n<tr>\n<td style=\"text-align: right;\"><strong>TOTALES<\/strong><\/td>\n<td style=\"text-align: right;\"><strong>$ 32.800.000<\/strong><\/td>\n<td><\/td>\n<\/tr>\n<\/tbody>\n<\/table>\n<p>[\/vc_column_text][\/vc_tta_section][vc_tta_section i_icon_fontawesome=\u00bbfa fa-check-square-o\u00bb add_icon=\u00bbtrue\u00bb title=\u00bbRequisitos\u00bb tab_id=\u00bb1562167846412-18b5e7ed-c44d\u00bb][vc_column_text]Los siguientes son los requisitos que deben considerar las organizaciones al momento de para presentar sus propuestas<\/p>\n<p><strong>Pueden participar organizaciones con personalizad jur\u00eddica y Directiva vigente que no persigan fines de lucro como :<\/strong><\/p>\n<ul>\n<li>Las Juntas de Vecinos y dem\u00e1s organizaciones comunitarias y funcionales, reguladas por la ley N\u00b019.418.<\/li>\n<li>Asociaciones y comunidades ind\u00edgenas, reguladas por la ley N\u00ba 19.253<\/li>\n<li>Organizaciones Deportivas reguladas por la ley N\u00b0 19.712.<\/li>\n<li>Otras organizaciones sin fines de lucro<\/li>\n<\/ul>\n<p><strong>Los proyectos deben ser de beneficio comunitario<\/strong>. No se aceptar\u00e1n proyectos dirigidos a grupos minoritarios de personas o a una persona en particular.<\/p>\n<p><strong>La Organizaci\u00f3n debe tener residencia en la comuna de Ancud<\/strong>, as\u00ed como los gastos deber\u00e1n destinarse al financiamiento de bienes f\u00edsicos y\/o servicios en la comuna de Ancud, salvo cuando proceda comprar servicios fuera de ella, que sean estrictamente necesarios para el \u00e9xito de los objetivos del proyecto.[\/vc_column_text][\/vc_tta_section][vc_tta_section i_icon_fontawesome=\u00bbfa fa-cloud-download\u00bb add_icon=\u00bbtrue\u00bb title=\u00bbDescargas\u00bb tab_id=\u00bb1562167858711-063fd531-2736&#8243;][vc_row_inner][vc_column_inner width=\u00bb1\/2&#8243;][vc_column_text]<strong>DOCUMENTOS QUE DEBEN SER PRESENTADOS EN LA POSTULACI\u00d3N.<\/strong><\/p>\n<ul>\n<li>Formulario de Postulaci\u00f3n. Puede ser llenado en manuscrito con letra legible y clara o por medio mecanografiado (Llenado a m\u00e1quina de escribir o en computador).<\/li>\n<li>Certificado de vigencia de la personalidad jur\u00eddica de la organizaci\u00f3n. (Emitido hasta no m\u00e1s de 90 d\u00edas, anterior de la fecha de presentaci\u00f3n del proyecto.)<\/li>\n<li>Certificado de Inscripci\u00f3n en el Registro Central de Personas Jur\u00eddicas Receptoras de Fondos P\u00fablicos. Esta inscripci\u00f3n\u00a0 se podr\u00e1\u00a0 realizar en el sitio web <a href=\"http:\/\/www.registros19862.cl\">registros19862.cl<\/a><\/li>\n<li>Documento bancario o Instituci\u00f3n\/ Financiera que acredite que la Instituci\u00f3n posee cuenta a su nombre para manejar los fondos Ley 19.418.<\/li>\n<\/ul>\n<p>[\/vc_column_text][\/vc_column_inner][vc_column_inner width=\u00bb1\/2&#8243;][vc_btn title=\u00bbReglamento del FES\u00bb style=\u00bbflat\u00bb color=\u00bbprimary\u00bb align=\u00bbleft\u00bb i_icon_fontawesome=\u00bbfa fa-file-pdf-o\u00bb button_block=\u00bbtrue\u00bb add_icon=\u00bbtrue\u00bb link=\u00bburl:https%3A%2F%2Fwww.muniancud.cl%2Fportal%2Fwp-content%2Fuploads%2F2019%2F07%2FREGLAMENTO-FES-2019.pdf||target:%20_blank|\u00bb][vc_btn title=\u00bbBases de Postulaci\u00f3n FES 2019&#8243; style=\u00bbflat\u00bb color=\u00bbprimary\u00bb align=\u00bbleft\u00bb i_icon_fontawesome=\u00bbfa fa-file-pdf-o\u00bb button_block=\u00bbtrue\u00bb add_icon=\u00bbtrue\u00bb link=\u00bburl:https%3A%2F%2Fwww.muniancud.cl%2Fportal%2Fwp-content%2Fuploads%2F2019%2F07%2FBASES-DE-POSTULACION-FES-2019.pdf||target:%20_blank|\u00bb][vc_btn title=\u00bbDecreto N\u00b0 2.526&#8243; style=\u00bbflat\u00bb color=\u00bbprimary\u00bb align=\u00bbleft\u00bb i_icon_fontawesome=\u00bbfa fa-file-pdf-o\u00bb button_block=\u00bbtrue\u00bb add_icon=\u00bbtrue\u00bb link=\u00bburl:https%3A%2F%2Fwww.muniancud.cl%2Fportal%2Fwp-content%2Fuploads%2F2019%2F07%2FDECRETO-EXT-2526-APRUEBA-BASES-FES-2019.pdf||target:%20_blank|\u00bb][vc_btn title=\u00bbDecreto N\u00b0 2.977 &#8211; Modifica los plazos FES 2019&#8243; style=\u00bbflat\u00bb color=\u00bbprimary\u00bb align=\u00bbleft\u00bb i_icon_fontawesome=\u00bbfa fa-file-pdf-o\u00bb button_block=\u00bbtrue\u00bb add_icon=\u00bbtrue\u00bb link=\u00bburl:https%3A%2F%2Fwww.muniancud.cl%2Fportal%2Fwp-content%2Fuploads%2F2019%2F09%2FDECRETO-2977.pdf||target:%20_blank|\u00bb][vc_btn title=\u00bbFormulario de Postulaci\u00f3n FES\u00bb style=\u00bbflat\u00bb color=\u00bbsuccess\u00bb align=\u00bbleft\u00bb i_icon_fontawesome=\u00bbfa fa-file-word-o\u00bb button_block=\u00bbtrue\u00bb add_icon=\u00bbtrue\u00bb link=\u00bburl:https%3A%2F%2Fwww.muniancud.cl%2Fportal%2Fwp-content%2Fuploads%2F2019%2F07%2FFORMULARIO-DE-POSTULACION-FES-2019.docx||target:%20_blank|\u00bb][vc_btn title=\u00bbFormato de Rendici\u00f3n FES\u00bb style=\u00bbflat\u00bb color=\u00bbsuccess\u00bb align=\u00bbleft\u00bb i_icon_fontawesome=\u00bbfa fa-file-word-o\u00bb button_block=\u00bbtrue\u00bb add_icon=\u00bbtrue\u00bb link=\u00bburl:https%3A%2F%2Fwww.muniancud.cl%2Fportal%2Fwp-content%2Fuploads%2F2019%2F07%2FFORMATO-RENDICION-DE-CUENTAS-FES-2019.docx||target:%20_blank|\u00bb][\/vc_column_inner][\/vc_row_inner][\/vc_tta_section][vc_tta_section i_icon_fontawesome=\u00bbfa fa-paragraph\u00bb add_icon=\u00bbtrue\u00bb title=\u00bbGlosario\u00bb tab_id=\u00bb1563895292739-6bcdde05-d7ee\u00bb][vc_column_text]Para una correcta interpretaci\u00f3n de las bases y reglamento que regulan este proceso se establecen las siguientes definiciones:<\/p>\n<ul>\n<li><strong>Bases administrativas: <\/strong>Sonlas condiciones y requisitos establecidos para la postulaci\u00f3n, ejecuci\u00f3n y rendici\u00f3n de los proyectos del fondo <strong>de emprendimiento social FES<\/strong><\/li>\n<li><strong>Reglamento: <\/strong>Complementa y norma el proceso de postulaci\u00f3n, admisibilidad y evaluaci\u00f3n de los proyectos postulantes al fondo <strong>de emprendimiento social FES del presente a\u00f1o y siguientes<\/strong><\/li>\n<li><strong>Mandante: <\/strong>Entidad titular de los fondos (Ilustre Municipalidad de Ancud), encargada de la gesti\u00f3n financiera del convenio.<\/li>\n<li><strong>P<\/strong><strong>ostulante: <\/strong>Organizaci\u00f3n participante del concurso.<\/li>\n<li><strong>Rendiciones<\/strong>: Proceso mediante el cual las organizaciones que resulten beneficiadas deber\u00e1n informar y explicar el uso de los recursos asignados a la entidad mandante, para garantizar que las iniciativas se concreten correctamente.<\/li>\n<li><strong>Rendiciones Pendientes: <\/strong>Obligaci\u00f3n sin resolver de parte de la organizaci\u00f3n beneficiada, de informar y explicar la utilizaci\u00f3n de los recursos asignados.<\/li>\n<li><strong>Rendiciones Observadas: <\/strong>Rendiciones parcialmente efectuadas, con errores o no realizadas en completa conformidad a lo requerido.<\/li>\n<li><strong>Rendiciones Aprobadas: <\/strong>Rendiciones aceptadas, sin observaciones o con observaciones subsanadas.<\/li>\n<li><strong>P<\/strong><strong>lazo de Ejecuci\u00f3n del Proyecto: <\/strong>Periodo de tiempo durante el cual la organizaci\u00f3n deber\u00e1 llevar a cabo el proyecto.<\/li>\n<li><strong>Plazo de Rendici\u00f3n del Proyecto: <\/strong>Periodo de tiempo durante el cual la organizaci\u00f3n deber\u00e1 informar y explicar en detalle \u00a0el uso de\u00a0 los recursos asignados, para acreditar la correcta utilizaci\u00f3n de estos.<\/li>\n<\/ul>\n<p>[\/vc_column_text][\/vc_tta_section][\/vc_tta_tabs][\/vc_column][\/vc_row][\/vc_section]<\/p>\n<\/div>","protected":false},"excerpt":{"rendered":"<p>[vc_section][vc_row][vc_column][vc_single_image image=\u00bb25321&#8243; img_size=\u00bbfull\u00bb alignment=\u00bbcenter\u00bb][\/vc_column][\/vc_row][vc_row][vc_column width=\u00bb2\/3&#8243;][vc_column_text]El Fondo de Emprendimiento Social FES 2019, \u00a0busca promover el fortalecimiento de aquellas organizaciones comunitarias que tengan personalidad jur\u00eddica vigente y que requieran apoyo financiero municipal para desarrollar sus iniciativas en el \u00e1mbito de la participaci\u00f3n social de las organizaciones. Estas deben promover desarrollo local y comunitario, a trav\u00e9s de la [&hellip;]<\/p>\n","protected":false},"author":1,"featured_media":25321,"parent":0,"menu_order":35,"comment_status":"closed","ping_status":"closed","template":"page-pagebuilder-title.php","meta":{"footnotes":""},"class_list":["post-24737","page","type-page","status-publish","has-post-thumbnail","hentry"],"_links":{"self":[{"href":"https:\/\/www.muniancud.cl\/portal\/wp-json\/wp\/v2\/pages\/24737","targetHints":{"allow":["GET"]}}],"collection":[{"href":"https:\/\/www.muniancud.cl\/portal\/wp-json\/wp\/v2\/pages"}],"about":[{"href":"https:\/\/www.muniancud.cl\/portal\/wp-json\/wp\/v2\/types\/page"}],"author":[{"embeddable":true,"href":"https:\/\/www.muniancud.cl\/portal\/wp-json\/wp\/v2\/users\/1"}],"replies":[{"embeddable":true,"href":"https:\/\/www.muniancud.cl\/portal\/wp-json\/wp\/v2\/comments?post=24737"}],"version-history":[{"count":32,"href":"https:\/\/www.muniancud.cl\/portal\/wp-json\/wp\/v2\/pages\/24737\/revisions"}],"predecessor-version":[{"id":25650,"href":"https:\/\/www.muniancud.cl\/portal\/wp-json\/wp\/v2\/pages\/24737\/revisions\/25650"}],"wp:featuredmedia":[{"embeddable":true,"href":"https:\/\/www.muniancud.cl\/portal\/wp-json\/wp\/v2\/media\/25321"}],"wp:attachment":[{"href":"https:\/\/www.muniancud.cl\/portal\/wp-json\/wp\/v2\/media?parent=24737"}],"curies":[{"name":"wp","href":"https:\/\/api.w.org\/{rel}","templated":true}]}}