{"id":24814,"date":"2019-07-03T16:04:51","date_gmt":"2019-07-03T20:04:51","guid":{"rendered":"https:\/\/www.muniancud.cl\/portal\/?page_id=24814"},"modified":"2019-07-12T19:05:49","modified_gmt":"2019-07-12T23:05:49","slug":"subsidios","status":"publish","type":"page","link":"https:\/\/www.muniancud.cl\/portal\/subsidios\/","title":{"rendered":"Subsidios"},"content":{"rendered":"<div class=\"wpb-content-wrapper\"><p>[vc_row][vc_column width=\u00bb2\/3&#8243;][vc_column_text]Su objetivo es contribuir a la soluci\u00f3n de los problemas socioecon\u00f3micos que afectan a los habitantes de la comuna de Ancud, procurando otorgar las condiciones necesarias b\u00e1sicas que permitan mejorar la calidad de vida de los sectores sociales m\u00e1s vulnerables, a trav\u00e9s de la tramitaci\u00f3n y otorgamiento de subsidios.[\/vc_column_text][vc_tta_accordion style=\u00bbflat\u00bb c_icon=\u00bbchevron\u00bb active_section=\u00bb1&#8243;][vc_tta_section title=\u00bbSubsidio Familiar (SUF)\u00bb tab_id=\u00bb1562184435469-28a2c0b7-1e4f\u00bb][vc_column_text]Consiste en una ayuda econ\u00f3mica por parte del Estado a las madres, padres o tutores carentes de recursos y que tengan a su cargo a menores de 0 a 18 a\u00f1os de edad.<br \/>\nEste beneficio se otorga por 3 a\u00f1os.<br \/>\nLas personas que cuentan con este beneficio tienen que venir a postular un mes antes del vencimiento del subsidio.<br \/>\nEn caso de que el menor cumple los 18 a\u00f1os, sea cualquier mes, el beneficio se termina el 31 de diciembre de ese a\u00f1o.[\/vc_column_text][vc_toggle title=\u00bb\u00bfDonde se solicita?\u00bb style=\u00bbsimple\u00bb]La solicitud se presenta en la Municipalidad donde vive la interesada.<br \/>\nEl derecho al subsidio familiar termina cuando ya no se cumplen los requisitos exigidos; cuando la interesada deja de cobrar el beneficio durante 6 meses continuados o no entrega los antecedentes que le solicita el municipio o el IPS.[\/vc_toggle][vc_toggle title=\u00bbRequisitos\u00bb style=\u00bbsimple\u00bb]<\/p>\n<ul>\n<li>Estar inscrito en el Registro Social de Hogares y pertenecer a un hogar calificado hasta el 60% de menores ingresos.<\/li>\n<li>Certificado de nacimiento del menor.<\/li>\n<li>Fotocopia de carn\u00e9 de control de ni\u00f1o sano, al d\u00eda, de los menores de 6 a\u00f1os.<\/li>\n<li>Certificado de alumno regular, de los mayores de 6 a\u00f1os.<\/li>\n<li>Fotocopia de c\u00e9dula de identidad, de la madre que desee postular al subsidio.<\/li>\n<li>En el caso de la mujer embarazada, deber\u00e1 presentar certificaci\u00f3n competente del hecho de encontrarse en el quinto mes de embarazo, extendido por un m\u00e9dico o matrona de los Servicios de Salud, m\u00e1s fotocopia de c\u00e9dula de identidad.<\/li>\n<li>En el caso de ser tutores de los menores, se debe presentar fotocopia de tuici\u00f3n del Juzgado de Familia.<\/li>\n<\/ul>\n<p>Requisitos para postular al Subsidio del Reci\u00e9n Nacido (para las madres que fueron beneficiadas con el subsidio maternal)<\/p>\n<ul>\n<li>El menor debe estar ingresado en el Registro Social de Hogares.<\/li>\n<li>Certificado de nacimiento para asignaci\u00f3n familiar del ni\u00f1o.<\/li>\n<li>Fotocopia del carne de control del ni\u00f1o sano (portada y hoja control ni\u00f1o sano).<\/li>\n<li>Colilla del pago del subsidio maternal.<\/li>\n<\/ul>\n<p>[\/vc_toggle][vc_toggle title=\u00bbSanciones\u00bb style=\u00bbsimple\u00bb]El que percibiere indebidamente el SUF, ocultando datos o proporcionando datos falsos, ser\u00e1 sancionado de acuerdo con el Art. 467 del C\u00f3digo Penal, y adem\u00e1s, deber\u00e1 restituir las sumas indebidamente percibidas, reajustadas de acuerdo al IPC, m\u00e1s un inter\u00e9s mensual del 1%.[\/vc_toggle][\/vc_tta_section][vc_tta_section title=\u00bbSubsidio de Agua Potable\u00bb tab_id=\u00bb1562184435488-7bb4bf0b-1013&#8243;][vc_column_text]Se efect\u00faa una rebaja en los primeros 15 metros c\u00fabicos de consumo, en un porcentaje que puede variar entre 25% y 85% que se determina seg\u00fan los niveles tarifarios de la localidad que corresponda y seg\u00fan el nivel socioecon\u00f3mico de los beneficiarios.[\/vc_column_text][vc_toggle title=\u00bbDocumentaci\u00f3n Requerida\u00bb style=\u00bbsimple\u00bb]<\/p>\n<ul>\n<li>Formulario de postulaci\u00f3n debidamente completo.<\/li>\n<li>\u00daltima boleta de consumo de agua potable cancelada.<\/li>\n<li>Fotocopia de carnet por ambos lados del jefe de hogar (postulante).<\/li>\n<\/ul>\n<p>[\/vc_toggle][vc_toggle title=\u00bbPorcentajes de Asignaci\u00f3n\u00bb style=\u00bbsimple\u00bb]Cobertura del subsidio de agua sobre el valor de la boleta:<\/p>\n<ul>\n<li>50% en el sector rural.<\/li>\n<li>40% &#8211; 70% en el sector urbano.<\/li>\n<li>100% Beneficiarios Chile Solidario urbano y rural.<\/li>\n<\/ul>\n<p>[\/vc_toggle][vc_toggle title=\u00bbRequisitos\u00bb style=\u00bbsimple\u00bb]<\/p>\n<ul>\n<li>Acreditar domicilio en la comuna de Ancud y habitar permanentemente la propiedad.<\/li>\n<li>Tener Registro Social de Hogares al d\u00eda.<\/li>\n<li>Estar al d\u00eda en el pago de los servicios sanitarios.<\/li>\n<\/ul>\n<p>[\/vc_toggle][vc_toggle title=\u00bb\u00bfCuando postular?\u00bb style=\u00bbsimple\u00bb]Las postulaciones pueden hacerse en cualquier \u00e9poca del a\u00f1o y se otorga dependiendo de los cupos existentes en la comuna.[\/vc_toggle][vc_toggle title=\u00bbDuraci\u00f3n\u00bb style=\u00bbsimple\u00bb]La duraci\u00f3n del subsidio de agua potable es de 3 a\u00f1os, el cual se vuelve a postular al finalizar el beneficio.[\/vc_toggle][vc_toggle title=\u00bbCausales de termino\u00bb style=\u00bbsimple\u00bb]El subsidio de agua potable se puede extinguir por las siguientes causales:<\/p>\n<ul>\n<li>Por cambio de domicilio fuera de la comuna.<\/li>\n<li>Por no informar a la Municipalidad el cambio de domicilio dentro de la comuna, con a lo menos 30 d\u00edas de anticipaci\u00f3n.<\/li>\n<li>Por no pago de la parte no subsidiada, acumul\u00e1ndose tres cuentas sucesivas insolutas.<\/li>\n<li>Cuando no se proporcionen los antecedentes requeridos por la Municipalidad para la revisi\u00f3n de las condiciones socioecon\u00f3micas.<\/li>\n<li>Por renuncia voluntaria del beneficiario.<\/li>\n<\/ul>\n<p>[\/vc_toggle][\/vc_tta_section][vc_tta_section title=\u00bbSubsidio de discapacidad mental para menores de 18 a\u00f1os\u00bb tab_id=\u00bb1562185055090-b5948db4-4480&#8243;][vc_column_text]El\u00a0<strong>subsidio de discapacidad mental\u00a0<\/strong>para menores de 18 a\u00f1os es un aporte monetario mensual de\u00a0<strong>69 mil 307 pesos<\/strong>\u00a0(monto a partir de enero de 2019) que se entrega a todos aquellos menores en situaci\u00f3n de discapacidad mental que no tengan previsi\u00f3n, y que sean de escasos recursos.<\/p>\n<p>\u00c9ste se reajustar\u00e1 autom\u00e1ticamente, el 1 de enero de cada a\u00f1o, en el 100% de la variaci\u00f3n del \u00cdndice de Precios al Consumidor (IPC) de los \u00faltimos 12 meses, contados desde el \u00faltimo reajuste.[\/vc_column_text][vc_toggle title=\u00bb\u00bfA quien va dirigido?\u00bb style=\u00bbsimple\u00bb]Personas menores de 18 en situaci\u00f3n de discapacidad mental, y que cumplan los siguientes requisitos:<\/p>\n<ul>\n<li>Que est\u00e9n dentro del 20% m\u00e1s vulnerable de la poblaci\u00f3n, seg\u00fan la clasificaci\u00f3n socioecon\u00f3mica del\u00a0Registro Social de Hogares.<\/li>\n<li>Que tengan residencia continua en el pa\u00eds de, a lo menos, tres a\u00f1os inmediatamente anteriores a la fecha de presentaci\u00f3n de la solicitud.<\/li>\n<li>Resoluci\u00f3n aprobada por la Comisi\u00f3n de Medicina Preventiva de Invalidez (COMPIN).<\/li>\n<li>Que no tengan previsi\u00f3n social, ni tampoco que est\u00e9n recibiendo alg\u00fan tipo de subsidio.<\/li>\n<\/ul>\n<p><strong>Importante<\/strong>: el beneficio debe ser solicitado por los padres o por la persona que tenga a cargo al menor.[\/vc_toggle][vc_toggle title=\u00bbDocumentaci\u00f3n Requerida\u00bb style=\u00bbsimple\u00bb]<\/p>\n<ul>\n<li>C\u00e9dula de identidad\u00a0del postulante y de la madre o tutor.<\/li>\n<li>Certificado de nacimiento.<\/li>\n<li>Certificado de residencia\u00a0(el postulante debe vivir en la comuna).<\/li>\n<li>Formulario del decreto ley N\u00ba 869 (emitido por el m\u00e9dico tratante).<\/li>\n<\/ul>\n<p>[\/vc_toggle][\/vc_tta_section][\/vc_tta_accordion][\/vc_column][vc_column width=\u00bb1\/3&#8243;][vc_btn title=\u00bbVolver a Servicios Municipales\u00bb style=\u00bbflat\u00bb color=\u00bbsuccess\u00bb align=\u00bbleft\u00bb i_icon_fontawesome=\u00bbfa fa-arrow-left\u00bb button_block=\u00bbtrue\u00bb add_icon=\u00bbtrue\u00bb link=\u00bburl:https%3A%2F%2Fwww.muniancud.cl%2Fportal%2Fservicios-municipales%2F|||\u00bb]<div class=\"td_block_wrap td_block_text_with_title td_uid_1_69dac5b3782f3_rand td-pb-border-top td_block_template_8\"  data-td-block-uid=\"td_uid_1_69dac5b3782f3\" ><div class=\"td-block-title-wrap\"><h4 class=\"td-block-title\"><span>Encargada Comunal de Subsidios<\/span><\/h4><\/div><div class=\"td_mod_wrap td-fix-index\"><p><b>Carmen Godoy Nicucheo<\/b><br \/>\nEmail: carmen.godoy@muniancud.cl<br \/>\nTel\u00e9fono: 65-2487700<\/p>\n<\/div><\/div>[vc_message message_box_style=\u00bbsolid\u00bb message_box_color=\u00bbsky\u00bb icon_fontawesome=\u00bbfa fa-map-marker\u00bb]<b>Edificio Consistorial<\/b><br \/>\nBlanco Encalada N\u00b0 660, Piso 2.<br \/>\nDepartamento Social[\/vc_message][vc_message message_box_style=\u00bbsolid\u00bb message_box_color=\u00bbgreen\u00bb icon_fontawesome=\u00bbfa fa-clock-o\u00bb]<strong>Horarios<\/strong><br \/>\n<strong>Atenci\u00f3n a P\u00fablico: <\/strong>Lunes a Viernes de 08:00 a 13:00 hrs.[\/vc_message][vc_message message_box_style=\u00bbsolid\u00bb message_box_color=\u00bbgrey\u00bb icon_fontawesome=\u00bbfa fa-phone\u00bb]<b>Tel\u00e9fonos<\/b><br \/>\n<strong>Depto: social:<\/strong> 65-2487689<br \/>\n<strong>Subsidios:<\/strong> 65-2487700[\/vc_message][vc_gmaps link=\u00bb#E-8_JTNDaWZyYW1lJTIwc3JjJTNEJTIyaHR0cHMlM0ElMkYlMkZ3d3cuZ29vZ2xlLmNvbSUyRm1hcHMlMkZlbWJlZCUzRnBiJTNEJTIxMW0xOCUyMTFtMTIlMjExbTMlMjExZDE0ODUuNTcwMjg0NzAwOTc0MyUyMTJkLTczLjgzMDc5MjM0MTcwNTQ2JTIxM2QtNDEuODY4MzIxOTk3NDE1Nzg0JTIxMm0zJTIxMWYwJTIxMmYwJTIxM2YwJTIxM20yJTIxMWkxMDI0JTIxMmk3NjglMjE0ZjEzLjElMjEzbTMlMjExbTIlMjExczB4MCUyNTNBMHgwJTIxMnpOREhDc0RVeUp6QTJMakFpVXlBM004S3dORGtuTkRZdU9TSlglMjE1ZTAlMjEzbTIlMjExc2VzLTQxOSUyMTJzY2wlMjE0djE1NDQ0OTcxODAzNDklMjIlMjB3aWR0aCUzRCUyMjQwMCUyMiUyMGhlaWdodCUzRCUyMjIwMCUyMiUyMGZyYW1lYm9yZGVyJTNEJTIyMCUyMiUyMHN0eWxlJTNEJTIyYm9yZGVyJTNBMCUyMiUyMGFsbG93ZnVsbHNjcmVlbiUzRSUzQyUyRmlmcmFtZSUzRQ==\u00bb][\/vc_column][\/vc_row]<\/p>\n<\/div>","protected":false},"excerpt":{"rendered":"<p>[vc_row][vc_column width=\u00bb2\/3&#8243;][vc_column_text]Su objetivo es contribuir a la soluci\u00f3n de los problemas socioecon\u00f3micos que afectan a los habitantes de la comuna de Ancud, procurando otorgar las condiciones necesarias b\u00e1sicas que permitan mejorar la calidad de vida de los sectores sociales m\u00e1s vulnerables, a trav\u00e9s de la tramitaci\u00f3n y otorgamiento de subsidios.[\/vc_column_text][vc_tta_accordion style=\u00bbflat\u00bb c_icon=\u00bbchevron\u00bb active_section=\u00bb1&#8243;][vc_tta_section title=\u00bbSubsidio Familiar [&hellip;]<\/p>\n","protected":false},"author":1,"featured_media":0,"parent":0,"menu_order":38,"comment_status":"closed","ping_status":"closed","template":"page-pagebuilder-title.php","meta":{"footnotes":""},"class_list":["post-24814","page","type-page","status-publish","hentry"],"_links":{"self":[{"href":"https:\/\/www.muniancud.cl\/portal\/wp-json\/wp\/v2\/pages\/24814","targetHints":{"allow":["GET"]}}],"collection":[{"href":"https:\/\/www.muniancud.cl\/portal\/wp-json\/wp\/v2\/pages"}],"about":[{"href":"https:\/\/www.muniancud.cl\/portal\/wp-json\/wp\/v2\/types\/page"}],"author":[{"embeddable":true,"href":"https:\/\/www.muniancud.cl\/portal\/wp-json\/wp\/v2\/users\/1"}],"replies":[{"embeddable":true,"href":"https:\/\/www.muniancud.cl\/portal\/wp-json\/wp\/v2\/comments?post=24814"}],"version-history":[{"count":22,"href":"https:\/\/www.muniancud.cl\/portal\/wp-json\/wp\/v2\/pages\/24814\/revisions"}],"predecessor-version":[{"id":25130,"href":"https:\/\/www.muniancud.cl\/portal\/wp-json\/wp\/v2\/pages\/24814\/revisions\/25130"}],"wp:attachment":[{"href":"https:\/\/www.muniancud.cl\/portal\/wp-json\/wp\/v2\/media?parent=24814"}],"curies":[{"name":"wp","href":"https:\/\/api.w.org\/{rel}","templated":true}]}}