{"id":27163,"date":"2020-03-23T22:07:25","date_gmt":"2020-03-24T01:07:25","guid":{"rendered":"https:\/\/www.muniancud.cl\/portal\/?page_id=27163"},"modified":"2020-03-24T22:36:45","modified_gmt":"2020-03-25T01:36:45","slug":"solicitudes-y-consultas","status":"publish","type":"page","link":"https:\/\/www.muniancud.cl\/portal\/solicitudes-y-consultas\/","title":{"rendered":"Formulario de solicitudes y consultas"},"content":{"rendered":"<div class=\"wpb-content-wrapper\"><p>[vc_row][vc_column][\/vc_column][\/vc_row][vc_row][vc_column width=\u00bb2\/3&#8243;][vc_message message_box_style=\u00bbsolid\u00bb]La Ilustre Municipalidad de Ancud ha dispuesto el siguiente formulario electr\u00f3nico, para que la comunidad pueda realizar sus solicitudes y\/o consultas a los respectivos Departamentos Municipales, mientras se mantenga la suspensi\u00f3n de atenci\u00f3n de p\u00fablico.[\/vc_message][vc_message message_box_style=\u00bbsolid\u00bb message_box_color=\u00bbgreen\u00bb icon_fontawesome=\u00bbfa fa-clock-o\u00bb]El tiempo de respuesta a las consultas y\/o solicitudes ser\u00e1 de 2 d\u00edas h\u00e1biles, en los cuales se contactaran al correo electr\u00f3nico entregado para dar una respuesta o solicitar m\u00e1s antecedentes.[\/vc_message]\n<div class=\"wpcf7 no-js\" id=\"wpcf7-f27162-o1\" lang=\"es-ES\" dir=\"ltr\" data-wpcf7-id=\"27162\">\n<div class=\"screen-reader-response\"><p role=\"status\" aria-live=\"polite\" aria-atomic=\"true\"><\/p> <ul><\/ul><\/div>\n<form action=\"\/portal\/wp-json\/wp\/v2\/pages\/27163#wpcf7-f27162-o1\" method=\"post\" class=\"wpcf7-form init\" aria-label=\"Formulario de contacto\" enctype=\"multipart\/form-data\" novalidate=\"novalidate\" data-status=\"init\">\n<fieldset class=\"hidden-fields-container\"><input type=\"hidden\" name=\"_wpcf7\" value=\"27162\" \/><input type=\"hidden\" name=\"_wpcf7_version\" value=\"6.1.5\" \/><input type=\"hidden\" name=\"_wpcf7_locale\" value=\"es_ES\" \/><input type=\"hidden\" name=\"_wpcf7_unit_tag\" value=\"wpcf7-f27162-o1\" \/><input type=\"hidden\" name=\"_wpcf7_container_post\" value=\"0\" \/><input type=\"hidden\" name=\"_wpcf7_posted_data_hash\" value=\"\" \/><input type=\"hidden\" name=\"_wpcf7_recaptcha_response\" value=\"\" \/>\n<\/fieldset>\n<p><label> Selecciona el Departamento Municipal<\/label><span class=\"wpcf7-form-control-wrap\" data-name=\"departamentos\"><select class=\"wpcf7-form-control wpcf7-select wpcf7-validates-as-required\" aria-required=\"true\" aria-invalid=\"false\" name=\"departamentos\"><option value=\"Alcalde\">Alcalde<\/option><option value=\"Administrador\">Administrador<\/option><option value=\"Secretar\u00eda Municipal\">Secretar\u00eda Municipal<\/option><option value=\"Juzgado de Policia Local\">Juzgado de Policia Local<\/option><option value=\"Asesor\u00eda Juridica\">Asesor\u00eda Juridica<\/option><option value=\"Control Interno\">Control Interno<\/option><option value=\"SECPLAN\">SECPLAN<\/option><option value=\"Administraci\u00f3n y Finanzas\">Administraci\u00f3n y Finanzas<\/option><option value=\"Medio Ambiente, Aseo y Ornato\">Medio Ambiente, Aseo y Ornato<\/option><option value=\"Tr\u00e1nsito\">Tr\u00e1nsito<\/option><option value=\"Turismo y Fomento Productivo\">Turismo y Fomento Productivo<\/option><option value=\"Contabilidad, Presupuesto y Personal\">Contabilidad, Presupuesto y Personal<\/option><option value=\"Obras Municipales\">Obras Municipales<\/option><option value=\"Operaciones\">Operaciones<\/option><option value=\"DIDECO\">DIDECO<\/option><option value=\"Seguridad P\u00fablica\">Seguridad P\u00fablica<\/option><option value=\"Corporaci\u00f3n Cultural\">Corporaci\u00f3n Cultural<\/option><option value=\"Concejo Municipal\">Concejo Municipal<\/option><\/select><\/span>\n<\/p>\n<p><label> Tu nombre (obligatorio)<br \/>\n<span class=\"wpcf7-form-control-wrap\" data-name=\"your-name\"><input size=\"40\" maxlength=\"400\" class=\"wpcf7-form-control wpcf7-text wpcf7-validates-as-required\" aria-required=\"true\" aria-invalid=\"false\" value=\"\" type=\"text\" name=\"your-name\" \/><\/span> <\/label>\n<\/p>\n<p><label> Tu RUT (Requerido para tramites)<br \/>\n<span class=\"wpcf7-form-control-wrap\" data-name=\"rut\"><input size=\"40\" maxlength=\"400\" class=\"wpcf7-form-control wpcf7-text\" aria-invalid=\"false\" value=\"\" type=\"text\" name=\"rut\" \/><\/span> <\/label>\n<\/p>\n<p><label> Tu correo electr\u00f3nico (obligatorio)<br \/>\n<span class=\"wpcf7-form-control-wrap\" data-name=\"your-email\"><input size=\"40\" maxlength=\"400\" class=\"wpcf7-form-control wpcf7-email wpcf7-validates-as-required wpcf7-text wpcf7-validates-as-email\" aria-required=\"true\" aria-invalid=\"false\" value=\"\" type=\"email\" name=\"your-email\" \/><\/span> <\/label>\n<\/p>\n<p><label> Tu tel\u00e9fono(opcional)<br \/>\n<span class=\"wpcf7-form-control-wrap\" data-name=\"telefono\"><input size=\"40\" maxlength=\"400\" class=\"wpcf7-form-control wpcf7-tel wpcf7-text wpcf7-validates-as-tel\" aria-invalid=\"false\" value=\"\" type=\"tel\" name=\"telefono\" \/><\/span> <\/label>\n<\/p>\n<p><label> Tu mensaje<br \/>\n<span class=\"wpcf7-form-control-wrap\" data-name=\"your-message\"><textarea cols=\"40\" rows=\"10\" maxlength=\"2000\" class=\"wpcf7-form-control wpcf7-textarea\" aria-invalid=\"false\" name=\"your-message\"><\/textarea><\/span> <\/label>\n<\/p>\n<p><span class=\"wpcf7-form-control-wrap\" data-name=\"archivo\"><input size=\"40\" class=\"wpcf7-form-control wpcf7-file\" accept=\".doc,.docx,.xls,.xlsx,.ppt,.pptx,.odt,.odp,.pdf,.jpg,.png,.gif\" aria-invalid=\"false\" type=\"file\" name=\"archivo\" \/><\/span>\n<\/p>\n\n<p><input class=\"wpcf7-form-control wpcf7-submit has-spinner\" type=\"submit\" value=\"Enviar\" \/>\n<\/p><div class=\"wpcf7-response-output\" aria-hidden=\"true\"><\/div>\n<\/form>\n<\/div>\n[\/vc_column][vc_column width=\u00bb1\/3&#8243;][vc_widget_sidebar sidebar_id=\u00bbtd-entradas\u00bb][\/vc_column][\/vc_row]<\/p>\n<\/div>","protected":false},"excerpt":{"rendered":"<p>[vc_row][vc_column][\/vc_column][\/vc_row][vc_row][vc_column width=\u00bb2\/3&#8243;][vc_message message_box_style=\u00bbsolid\u00bb]La Ilustre Municipalidad de Ancud ha dispuesto el siguiente formulario electr\u00f3nico, para que la comunidad pueda realizar sus solicitudes y\/o consultas a los respectivos Departamentos Municipales, mientras se mantenga la suspensi\u00f3n de atenci\u00f3n de p\u00fablico.[\/vc_message][vc_message message_box_style=\u00bbsolid\u00bb message_box_color=\u00bbgreen\u00bb icon_fontawesome=\u00bbfa fa-clock-o\u00bb]El tiempo de respuesta a las consultas y\/o solicitudes ser\u00e1 de 2 d\u00edas h\u00e1biles, en [&hellip;]<\/p>\n","protected":false},"author":1,"featured_media":0,"parent":0,"menu_order":0,"comment_status":"closed","ping_status":"closed","template":"page-pagebuilder-title.php","meta":{"footnotes":""},"class_list":["post-27163","page","type-page","status-publish","hentry"],"_links":{"self":[{"href":"https:\/\/www.muniancud.cl\/portal\/wp-json\/wp\/v2\/pages\/27163","targetHints":{"allow":["GET"]}}],"collection":[{"href":"https:\/\/www.muniancud.cl\/portal\/wp-json\/wp\/v2\/pages"}],"about":[{"href":"https:\/\/www.muniancud.cl\/portal\/wp-json\/wp\/v2\/types\/page"}],"author":[{"embeddable":true,"href":"https:\/\/www.muniancud.cl\/portal\/wp-json\/wp\/v2\/users\/1"}],"replies":[{"embeddable":true,"href":"https:\/\/www.muniancud.cl\/portal\/wp-json\/wp\/v2\/comments?post=27163"}],"version-history":[{"count":16,"href":"https:\/\/www.muniancud.cl\/portal\/wp-json\/wp\/v2\/pages\/27163\/revisions"}],"predecessor-version":[{"id":27171,"href":"https:\/\/www.muniancud.cl\/portal\/wp-json\/wp\/v2\/pages\/27163\/revisions\/27171"}],"wp:attachment":[{"href":"https:\/\/www.muniancud.cl\/portal\/wp-json\/wp\/v2\/media?parent=27163"}],"curies":[{"name":"wp","href":"https:\/\/api.w.org\/{rel}","templated":true}]}}