{"id":34193,"date":"2024-12-06T10:09:33","date_gmt":"2024-12-06T13:09:33","guid":{"rendered":"https:\/\/www.muniancud.cl\/portal\/?page_id=34193"},"modified":"2025-05-23T08:33:16","modified_gmt":"2025-05-23T12:33:16","slug":"concejo-municipal","status":"publish","type":"page","link":"https:\/\/www.muniancud.cl\/portal\/concejo-municipal\/","title":{"rendered":"Concejo Municipal 2024 &#8211; 2028"},"content":{"rendered":"<div class=\"wpb-content-wrapper\"><p>[vc_section][vc_row][vc_column width=\u00bb2\/3&#8243;][vc_column_text css=\u00bb\u00bb]Desde el 06 de diciembre de 2024, el Honorable Concejo Municipal de Ancud est\u00e1 compuesto por seis concejales m\u00e1s el alcalde, todos elegidos por sufragio universal de acuerdo a la Ley Org\u00e1nica Constitucional de Municipalidades.<\/p>\n<p>Este Concejo es un \u00f3rgano encargado de hacer efectiva la participaci\u00f3n de la comunidad local, cumpliendo funciones fiscalizadoras, normativas, resolutivas y propositivas a trav\u00e9s del an\u00e1lisis y evaluaci\u00f3n de proyectos en el \u00e1mbito social, cultural, econ\u00f3mico y deportivo.<\/p>\n<p>Del mismo modo, aprueban la destinaci\u00f3n de recursos que conforman el presupuesto municipal y con su voto hacen posible la gesti\u00f3n municipal.<\/p>\n<p>En conformidad a lo dispuesto en la Ley 18.695, Org\u00e1nica Constitucional de Municipalidades el Honorable Concejo Municipal acord\u00f3 fijar las sesiones ordinarias, las que se llevar\u00e1n a cabo preferentemente los d\u00edas Martes, a lo menos tres veces al mes, a las 15:00 horas en la Sala de Concejo de la Ilustre Municipalidad de Ancud.[\/vc_column_text][\/vc_column][vc_column width=\u00bb1\/3&#8243;][vc_btn title=\u00bbConcejo Online\u00bb style=\u00bbflat\u00bb color=\u00bbdanger\u00bb align=\u00bbleft\u00bb i_icon_fontawesome=\u00bbfa fa-video-camera\u00bb button_block=\u00bbtrue\u00bb add_icon=\u00bbtrue\u00bb link=\u00bburl:https%3A%2F%2Fwww.muniancud.cl%2Fportal%2Fconcejo-municipal%2Fconcejo-online%2F|||\u00bb][vc_btn title=\u00bbComisiones\u00bb style=\u00bbflat\u00bb color=\u00bbsuccess\u00bb align=\u00bbleft\u00bb i_icon_fontawesome=\u00bbfa fa-users\u00bb button_block=\u00bbtrue\u00bb add_icon=\u00bbtrue\u00bb link=\u00bburl:https%3A%2F%2Fwww.muniancud.cl%2Fportal%2Fconcejo-municipal%2Fconcejo-online%2Fcomisiones%2F|||\u00bb][vc_btn title=\u00bbActas del Concejo\u00bb style=\u00bbflat\u00bb align=\u00bbleft\u00bb i_icon_fontawesome=\u00bbfa fa-file-text-o\u00bb button_block=\u00bbtrue\u00bb add_icon=\u00bbtrue\u00bb link=\u00bburl:https%3A%2F%2Fwww.muniancud.cl%2Ftransparencia%2Fmunicipalidad%2Finicio%2Findex.php%3Fdir%3D08%2520Actos%2520y%2520Resoluciones%2F8.4%2520Actas%2520Concejo%2520Municipal%2F|||\u00bb][vc_btn title=\u00bbTablas del Concejo\u00bb style=\u00bbflat\u00bb align=\u00bbleft\u00bb i_icon_fontawesome=\u00bbfa fa-file-text-o\u00bb button_block=\u00bbtrue\u00bb add_icon=\u00bbtrue\u00bb link=\u00bburl:https%3A%2F%2Fwww.muniancud.cl%2Ftransparencia%2Fmunicipalidad%2Finicio%2Findex.php%3Fdir%3D17%2520Otros%2520Antecedentes%2F17.2%2520Tablas%2520del%2520Concejo%2520Municipal%2F||target:%20_blank|\u00bb][vc_btn title=\u00bbReglamento del Concejo\u00bb style=\u00bbflat\u00bb align=\u00bbleft\u00bb i_icon_fontawesome=\u00bbfa fa-file-text-o\u00bb button_block=\u00bbtrue\u00bb add_icon=\u00bbtrue\u00bb link=\u00bburl:https%3A%2F%2Fwww.muniancud.cl%2Fportal%2Fwp-content%2Fuploads%2F2018%2F11%2FREGLAMENTO-28-DE-FUNCIONAMIENTO-DEL-CONCEJO-MUNICIPAL.pdf||target:%20_blank|\u00bb][\/vc_column][\/vc_row][vc_row][vc_column][vc_column_text]<div class=\"td_block_wrap td_block_title td_uid_1_69e62304955c5_rand td-pb-border-top td_block_template_8\"  data-td-block-uid=\"td_uid_1_69e62304955c5\" >\n<style>\n.td_uid_1_69e62304955c5_rand .td-block-title > * {\n                color: #1172ba !important;\n            }\n\n            \n            .td_uid_1_69e62304955c5_rand .td-block-title > *:before,\n            .td_uid_1_69e62304955c5_rand .td-block-title > *:after {\n                background-color: #1172ba !important;\n            }\n<\/style>\n<style>\n\/* custom css *\/\n.td_uid_1_69e62304955c5_rand .td-block-title {\n\t\t\t\t\ttext-align: center;\n\t\t\t\t}\n\t\t\t\t.td_uid_1_69e62304955c5_rand.td_block_template_4 .td-block-title > *:before {\n\t\t\t\t    right: 10px;\n\t\t\t\t}\n\t\t\t\t.td_uid_1_69e62304955c5_rand.td_block_template_8 .td-block-title > * {\n\t\t\t\t\tpadding-left: 20px;\n\t\t\t\t}\n\t\t\t\t.td_uid_1_69e62304955c5_rand.td_block_template_9 .td-block-title:after {\n\t\t\t\t\tright: 0;\n\t\t\t\t}\n\t\t\t\t.td_uid_1_69e62304955c5_rand.td_block_template_13 .td-block-subtitle {\n\t\t\t\t\tleft: 0;\n\t\t\t\t\tright: 0;\n\t\t\t\t}\n<\/style><h1 class=\"td-block-title\"><span>Concejales<\/span><\/h1><div class=\"td_mod_wrap\"><\/div><\/div>[\/vc_column_text][\/vc_column][\/vc_row][vc_row][vc_column width=\u00bb1\/3&#8243;][vc_single_image image=\u00bb35311&#8243; img_size=\u00bbfull\u00bb alignment=\u00bbcenter\u00bb style=\u00bbvc_box_rounded\u00bb css=\u00bb\u00bb]<div class=\"td_block_wrap td_block_text_with_title td_uid_2_69e6230495f48_rand td-pb-border-top td_block_template_8\"  data-td-block-uid=\"td_uid_2_69e6230495f48\" ><div class=\"td-block-title-wrap\"><h4 class=\"td-block-title\"><span>Federico Kr\u00fcger Finsterbusch<\/span><\/h4><\/div><div class=\"td_mod_wrap td-fix-index\"><p><strong>Afiliaci\u00f3n Pol\u00edtica:<\/strong> UDI<br \/>\n<strong>Email:<\/strong> federico.kruger@muniancud.cl<\/p>\n<\/div><\/div>[\/vc_column][vc_column width=\u00bb1\/3&#8243;][vc_single_image image=\u00bb35310&#8243; img_size=\u00bbfull\u00bb alignment=\u00bbcenter\u00bb style=\u00bbvc_box_rounded\u00bb css=\u00bb\u00bb]<div class=\"td_block_wrap td_block_text_with_title td_uid_3_69e6230497575_rand td-pb-border-top td_block_template_8\"  data-td-block-uid=\"td_uid_3_69e6230497575\" ><div class=\"td-block-title-wrap\"><h4 class=\"td-block-title\"><span>Pablo Sebasti\u00e1n Vargas Reyes<\/span><\/h4><\/div><div class=\"td_mod_wrap td-fix-index\"><p><strong>Afiliaci\u00f3n Pol\u00edtica:<\/strong> Independiente<br \/>\n<strong>Email:<\/strong> pablo.vargas@muniancud.cl<\/p>\n<\/div><\/div>[\/vc_column][vc_column width=\u00bb1\/3&#8243;][vc_single_image image=\u00bb35312&#8243; img_size=\u00bbfull\u00bb alignment=\u00bbcenter\u00bb style=\u00bbvc_box_rounded\u00bb css=\u00bb\u00bb]<div class=\"td_block_wrap td_block_text_with_title td_uid_4_69e62304986c0_rand td-pb-border-top td_block_template_8\"  data-td-block-uid=\"td_uid_4_69e62304986c0\" ><div class=\"td-block-title-wrap\"><h4 class=\"td-block-title\"><span>Jos\u00e9 Fernando Ojeda Ojeda<\/span><\/h4><\/div><div class=\"td_mod_wrap td-fix-index\"><p><strong>Afiliaci\u00f3n Pol\u00edtica:<\/strong> Independiente<br \/>\n<strong>Email:<\/strong> fernando.ojeda@muniancud.cl<\/p>\n<\/div><\/div>[\/vc_column][\/vc_row][vc_row equal_height=\u00bbyes\u00bb][vc_column width=\u00bb1\/3&#8243;][vc_single_image image=\u00bb35314&#8243; img_size=\u00bbfull\u00bb alignment=\u00bbcenter\u00bb style=\u00bbvc_box_rounded\u00bb css=\u00bb\u00bb]<div class=\"td_block_wrap td_block_text_with_title td_uid_5_69e623049980d_rand td-pb-border-top td_block_template_8\"  data-td-block-uid=\"td_uid_5_69e623049980d\" ><div class=\"td-block-title-wrap\"><h4 class=\"td-block-title\"><span>Andr\u00e9s Guillermo Ib\u00e1\u00f1ez Saldivia<\/span><\/h4><\/div><div class=\"td_mod_wrap td-fix-index\"><p><strong>Afiliaci\u00f3n Pol\u00edtica:<\/strong> Partido Socialista de Chile (PS)<br \/>\n<strong>Email:<\/strong> andres.ibanez@muniancud.cl<\/p>\n<\/div><\/div>[\/vc_column][vc_column width=\u00bb1\/3&#8243;][vc_single_image image=\u00bb35336&#8243; img_size=\u00bbfull\u00bb alignment=\u00bbcenter\u00bb style=\u00bbvc_box_rounded\u00bb css=\u00bb\u00bb]<div class=\"td_block_wrap td_block_text_with_title td_uid_6_69e623049ab92_rand td-pb-border-top td_block_template_8\"  data-td-block-uid=\"td_uid_6_69e623049ab92\" ><div class=\"td-block-title-wrap\"><h4 class=\"td-block-title\"><span>Jaime Andr\u00e9s Chepillo Rodr\u00edguez<\/span><\/h4><\/div><div class=\"td_mod_wrap td-fix-index\"><p><strong>Afiliaci\u00f3n Pol\u00edtica:<\/strong> Partido Republicano<br \/>\n<strong>Email:<\/strong> jaime.chepillo@muniancud.cl<\/p>\n<\/div><\/div>[\/vc_column][vc_column width=\u00bb1\/3&#8243;][vc_single_image image=\u00bb35316&#8243; img_size=\u00bbfull\u00bb alignment=\u00bbcenter\u00bb style=\u00bbvc_box_rounded\u00bb css=\u00bb\u00bb]<div class=\"td_block_wrap td_block_text_with_title td_uid_7_69e623049bc5d_rand td-pb-border-top td_block_template_8\"  data-td-block-uid=\"td_uid_7_69e623049bc5d\" ><div class=\"td-block-title-wrap\"><h4 class=\"td-block-title\"><span>Javier C\u00e1rdenas C\u00e1rdenas<\/span><\/h4><\/div><div class=\"td_mod_wrap td-fix-index\"><p><strong>Afiliaci\u00f3n Pol\u00edtica:<\/strong> Renovaci\u00f3n Nacional (RN)<br \/>\n<strong>Email: <\/strong>javier.cardenas@muniancud.cl<\/p>\n<\/div><\/div>[\/vc_column][\/vc_row][\/vc_section]<\/p>\n<\/div>","protected":false},"excerpt":{"rendered":"<p>[vc_section][vc_row][vc_column width=\u00bb2\/3&#8243;][vc_column_text css=\u00bb\u00bb]Desde el 06 de diciembre de 2024, el Honorable Concejo Municipal de Ancud est\u00e1 compuesto por seis concejales m\u00e1s el alcalde, todos elegidos por sufragio universal de acuerdo a la Ley Org\u00e1nica Constitucional de Municipalidades. Este Concejo es un \u00f3rgano encargado de hacer efectiva la participaci\u00f3n de la comunidad local, cumpliendo funciones fiscalizadoras, [&hellip;]<\/p>\n","protected":false},"author":1,"featured_media":0,"parent":0,"menu_order":2,"comment_status":"closed","ping_status":"closed","template":"page-pagebuilder-title.php","meta":{"footnotes":""},"class_list":["post-34193","page","type-page","status-publish","hentry"],"_links":{"self":[{"href":"https:\/\/www.muniancud.cl\/portal\/wp-json\/wp\/v2\/pages\/34193","targetHints":{"allow":["GET"]}}],"collection":[{"href":"https:\/\/www.muniancud.cl\/portal\/wp-json\/wp\/v2\/pages"}],"about":[{"href":"https:\/\/www.muniancud.cl\/portal\/wp-json\/wp\/v2\/types\/page"}],"author":[{"embeddable":true,"href":"https:\/\/www.muniancud.cl\/portal\/wp-json\/wp\/v2\/users\/1"}],"replies":[{"embeddable":true,"href":"https:\/\/www.muniancud.cl\/portal\/wp-json\/wp\/v2\/comments?post=34193"}],"version-history":[{"count":16,"href":"https:\/\/www.muniancud.cl\/portal\/wp-json\/wp\/v2\/pages\/34193\/revisions"}],"predecessor-version":[{"id":35337,"href":"https:\/\/www.muniancud.cl\/portal\/wp-json\/wp\/v2\/pages\/34193\/revisions\/35337"}],"wp:attachment":[{"href":"https:\/\/www.muniancud.cl\/portal\/wp-json\/wp\/v2\/media?parent=34193"}],"curies":[{"name":"wp","href":"https:\/\/api.w.org\/{rel}","templated":true}]}}