{"id":449,"date":"2018-05-24T11:48:55","date_gmt":"2018-05-24T15:48:55","guid":{"rendered":"https:\/\/www.muniancud.cl\/demo\/?page_id=449"},"modified":"2025-10-20T12:13:10","modified_gmt":"2025-10-20T15:13:10","slug":"alcalde","status":"publish","type":"page","link":"https:\/\/www.muniancud.cl\/portal\/alcalde\/","title":{"rendered":"Alcalde de la Comuna de Ancud"},"content":{"rendered":"<div class=\"wpb-content-wrapper\"><p>[vc_row][vc_column][vc_single_image image=\u00bb36068&#8243; img_size=\u00bbfull\u00bb alignment=\u00bbcenter\u00bb css=\u00bb\u00bb title=\u00bbAlcalde: Andr\u00e9s Ojeda Care\u00bb][vc_tta_tabs style=\u00bbflat\u00bb color=\u00bbwhite\u00bb active_section=\u00bb1&#8243;][vc_tta_section i_icon_fontawesome=\u00bbfa fa-handshake-o\u00bb add_icon=\u00bbtrue\u00bb title=\u00bbSolicitud de Audiencia\u00bb tab_id=\u00bb1535832058465-b1e2d905-c9bb\u00bb][vc_column_text]La solicitud de audiencia:<\/p>\n<p>Esta es una instancia que se solicita a trav\u00e9s de la Secretar\u00eda de Alcald\u00eda.<\/p>\n<p>Para su comodidad, tambi\u00e9n es posible realizar la solicitud a trav\u00e9s de distintos canales:<\/p>\n<p><strong>Presencial<\/strong><br \/>\nSecretar\u00eda de Alcald\u00eda<br \/>\nBlanco Encalada 660, Edificio Consistorial.<br \/>\nHorario de atenci\u00f3n: lunes a viernes de 08:00 a 13:00 horas.<\/p>\n<p><strong>Internet (Ley Lobby)<\/strong><br \/>\nLa solicitud puede realizarse a trav\u00e9s de la Plataforma Digital de la Ley del Lobby, haciendo click en el siguiente bot\u00f3n <a href=\"https:\/\/www.leylobby.gob.cl\/instituciones\/MU006\"><span class=\"td_btn td_btn_sm td_round_btn\">Ley del Lobby<\/span><\/a>[\/vc_column_text][\/vc_tta_section][vc_tta_section i_icon_fontawesome=\u00bbfa fa-info\u00bb add_icon=\u00bbtrue\u00bb title=\u00bbTransparencia\u00bb tab_id=\u00bb1554408163212-9d0a35d1-bf53&#8243;][vc_row_inner][vc_column_inner width=\u00bb1\/4&#8243;][vc_single_image image=\u00bb22846&#8243; img_size=\u00bbfull\u00bb alignment=\u00bbcenter\u00bb style=\u00bbvc_box_border\u00bb onclick=\u00bbcustom_link\u00bb img_link_target=\u00bb_blank\u00bb link=\u00bbhttps:\/\/www.muniancud.cl\/transparencia\/municipalidad\/\u00bb][\/vc_column_inner][vc_column_inner width=\u00bb1\/4&#8243;][vc_single_image image=\u00bb22845&#8243; img_size=\u00bbfull\u00bb alignment=\u00bbcenter\u00bb style=\u00bbvc_box_border\u00bb onclick=\u00bbcustom_link\u00bb img_link_target=\u00bb_blank\u00bb link=\u00bbhttps:\/\/www.portaltransparencia.cl\/PortalPdT\/web\/guest\/directorio-de-organismos-regulados?p_p_id=pdtorganismos_WAR_pdtorganismosportlet&amp;orgcode=1416b74ccb0b60f4b186c1dca4906704&#8243;][\/vc_column_inner][vc_column_inner width=\u00bb1\/4&#8243;][vc_single_image image=\u00bb22848&#8243; img_size=\u00bbfull\u00bb style=\u00bbvc_box_border\u00bb onclick=\u00bbcustom_link\u00bb link=\u00bbhttps:\/\/www.leylobby.gob.cl\/instituciones\/MU006&#8243;][\/vc_column_inner][vc_column_inner width=\u00bb1\/4&#8243;][vc_single_image image=\u00bb22854&#8243; img_size=\u00bbfull\u00bb style=\u00bbvc_box_border\u00bb onclick=\u00bbcustom_link\u00bb img_link_target=\u00bb_blank\u00bb link=\u00bbhttp:\/\/datos.gob.cl\/organization\/municipalidad_de_ancud\u00bb][\/vc_column_inner][\/vc_row_inner][\/vc_tta_section][vc_tta_section i_icon_fontawesome=\u00bbfa fa-phone\u00bb add_icon=\u00bbtrue\u00bb title=\u00bbTel\u00e9fonos Alcald\u00eda\u00bb tab_id=\u00bb1563837623499-f0467c02-d153&#8243;]<div class=\"td_block_wrap td_block_text_with_title td_uid_1_69e61dda09cec_rand td-pb-border-top td_block_template_8\"  data-td-block-uid=\"td_uid_1_69e61dda09cec\" ><div class=\"td-block-title-wrap\"><h4 class=\"td-block-title\"><span>Secretarias<\/span><\/h4><\/div><div class=\"td_mod_wrap td-fix-index\"><p><strong>Silvia Alvarado Barria<\/strong><br \/>\nEmail: silvia.alvarado@muniancud.cl<br \/>\nTel\u00e9fono: 65-2487653<\/p>\n<\/div><\/div>[\/vc_tta_section][\/vc_tta_tabs][\/vc_column][\/vc_row]<\/p>\n<\/div>","protected":false},"excerpt":{"rendered":"<p>[vc_row][vc_column][vc_single_image image=\u00bb36068&#8243; img_size=\u00bbfull\u00bb alignment=\u00bbcenter\u00bb css=\u00bb\u00bb title=\u00bbAlcalde: Andr\u00e9s Ojeda Care\u00bb][vc_tta_tabs style=\u00bbflat\u00bb color=\u00bbwhite\u00bb active_section=\u00bb1&#8243;][vc_tta_section i_icon_fontawesome=\u00bbfa fa-handshake-o\u00bb add_icon=\u00bbtrue\u00bb title=\u00bbSolicitud de Audiencia\u00bb tab_id=\u00bb1535832058465-b1e2d905-c9bb\u00bb][vc_column_text]La solicitud de audiencia: Esta es una instancia que se solicita a trav\u00e9s de la Secretar\u00eda de Alcald\u00eda. Para su comodidad, tambi\u00e9n es posible realizar la solicitud a trav\u00e9s de distintos canales: Presencial Secretar\u00eda de Alcald\u00eda Blanco [&hellip;]<\/p>\n","protected":false},"author":1,"featured_media":0,"parent":0,"menu_order":1,"comment_status":"closed","ping_status":"closed","template":"page-pagebuilder-title.php","meta":{"footnotes":""},"class_list":["post-449","page","type-page","status-publish","hentry"],"_links":{"self":[{"href":"https:\/\/www.muniancud.cl\/portal\/wp-json\/wp\/v2\/pages\/449","targetHints":{"allow":["GET"]}}],"collection":[{"href":"https:\/\/www.muniancud.cl\/portal\/wp-json\/wp\/v2\/pages"}],"about":[{"href":"https:\/\/www.muniancud.cl\/portal\/wp-json\/wp\/v2\/types\/page"}],"author":[{"embeddable":true,"href":"https:\/\/www.muniancud.cl\/portal\/wp-json\/wp\/v2\/users\/1"}],"replies":[{"embeddable":true,"href":"https:\/\/www.muniancud.cl\/portal\/wp-json\/wp\/v2\/comments?post=449"}],"version-history":[{"count":26,"href":"https:\/\/www.muniancud.cl\/portal\/wp-json\/wp\/v2\/pages\/449\/revisions"}],"predecessor-version":[{"id":36069,"href":"https:\/\/www.muniancud.cl\/portal\/wp-json\/wp\/v2\/pages\/449\/revisions\/36069"}],"wp:attachment":[{"href":"https:\/\/www.muniancud.cl\/portal\/wp-json\/wp\/v2\/media?parent=449"}],"curies":[{"name":"wp","href":"https:\/\/api.w.org\/{rel}","templated":true}]}}