{"id":477,"date":"2018-05-24T21:28:12","date_gmt":"2018-05-25T01:28:12","guid":{"rendered":"https:\/\/www.muniancud.cl\/demo\/?page_id=477"},"modified":"2025-04-22T17:09:28","modified_gmt":"2025-04-22T21:09:28","slug":"administrador-municipal","status":"publish","type":"page","link":"https:\/\/www.muniancud.cl\/portal\/unidades-municipales\/administrador-municipal\/","title":{"rendered":"Administrador Municipal"},"content":{"rendered":"<div class=\"wpb-content-wrapper\"><p>[vc_row][vc_column width=\u00bb2\/3&#8243;][vc_column_text]El Administrador Municipal depende del alcalde; es su colaborador directo en las tareas de coordinaci\u00f3n y gesti\u00f3n permanente del Municipio y en la elaboraci\u00f3n y seguimiento del Plan Anual de Acci\u00f3n Municipal.[\/vc_column_text][vc_tta_accordion style=\u00bbflat\u00bb c_icon=\u00bbchevron\u00bb active_section=\u00bb1&#8243; collapsible_all=\u00bbtrue\u00bb][vc_tta_section title=\u00bbFunciones\u00bb tab_id=\u00bb1532885739903-64416458-5ea2&#8243;][vc_column_text]<\/p>\n<ul>\n<li>Adoptar las providencias necesarias para el adecuado cumplimiento de las pol\u00edticas, planes, programas y proyectos municipales que se relacionen con la gesti\u00f3n interna del Municipio;<\/li>\n<li>Coordinar las acciones para la expedita comunicaci\u00f3n entre todas las direcciones del Municipio e informar al alcalde de los ajustes o medidas que tiendan a mejorarla;<\/li>\n<li>Colaborar con las direcciones correspondientes en la preparaci\u00f3n de los instrumentos de gesti\u00f3n interna municipal; y<\/li>\n<li>Cumplir otras tareas que el alcalde le asigne, vinculadas a la naturaleza de su cargo, conforme al art\u00edculo 30 de la Ley Org\u00e1nica Constitucional de Municipalidades.<\/li>\n<\/ul>\n<p>[\/vc_column_text][\/vc_tta_section][\/vc_tta_accordion][vc_column_text]<strong>Del Administrador Municipal depender\u00e1 la Oficina Comunal de Emergencia<\/strong>.<\/p>\n<p>Su misi\u00f3n es planificar, impulsar, articular y ejecutar acciones de prevenci\u00f3n, respuesta y rehabilitaci\u00f3n frente a situaciones de riesgo colectivo, emergencias, desastres y cat\u00e1strofes de origen natural o provocado por la acci\u00f3n humana.[\/vc_column_text][vc_message message_box_style=\u00bbsolid\u00bb message_box_color=\u00bbsky\u00bb icon_fontawesome=\u00bbfa fa-map-marker\u00bb]<strong>Ubicaci\u00f3n: Edificio Consistorial<\/strong><br \/>\nBlanco Encalada N\u00b0 660 &#8211; Piso 1[\/vc_message][vc_gmaps link=\u00bb#E-8_JTNDaWZyYW1lJTIwc3JjJTNEJTIyaHR0cHMlM0ElMkYlMkZ3d3cuZ29vZ2xlLmNvbSUyRm1hcHMlMkZlbWJlZCUzRnBiJTNEJTIxMW0xOCUyMTFtMTIlMjExbTMlMjExZDc0Mi43ODMyOTIyNDY4MzI0JTIxMmQtNzMuODI4OTc2NTkxNTc3MzIlMjEzZC00MS44Njg0ODEyMjc0Nzg2NyUyMTJtMyUyMTFmMCUyMTJmMCUyMTNmMCUyMTNtMiUyMTFpMTAyNCUyMTJpNzY4JTIxNGYxMy4xJTIxM20zJTIxMW0yJTIxMXMweDk2MjI4ZDU4NmNkOTZiMmYlMjUzQTB4NmM5OTkwMmZiMmUzZDQ4NyUyMTJzSWx1c3RyZSUyQk11bmljaXBhbGlkYWQlMkJkZSUyQkFuY3VkJTIxNWUwJTIxM20yJTIxMXNlcyUyMTJzY2wlMjE0djE1MzE5NDUzNDc5MTMlMjIlMjB3aWR0aCUzRCUyMjQwMCUyMiUyMGhlaWdodCUzRCUyMjIwMCUyMiUyMGZyYW1lYm9yZGVyJTNEJTIyMCUyMiUyMHN0eWxlJTNEJTIyYm9yZGVyJTNBMCUyMiUyMGFsbG93ZnVsbHNjcmVlbiUzRSUzQyUyRmlmcmFtZSUzRQ==\u00bb][\/vc_column][vc_column width=\u00bb1\/3&#8243;][vc_btn title=\u00bbVolver a Unidades Municipales\u00bb style=\u00bbflat\u00bb color=\u00bbprimary\u00bb align=\u00bbleft\u00bb i_icon_fontawesome=\u00bbfa fa-arrow-left\u00bb button_block=\u00bbtrue\u00bb add_icon=\u00bbtrue\u00bb link=\u00bburl:https%3A%2F%2Fwww.muniancud.cl%2Fportal%2Funidades-municipales%2F|||\u00bb][vc_single_image image=\u00bb35174&#8243; img_size=\u00bbfull\u00bb alignment=\u00bbcenter\u00bb style=\u00bbvc_box_rounded\u00bb css=\u00bb\u00bb]<div class=\"td_block_wrap td_block_text_with_title td_uid_1_6a09b147aec38_rand td-pb-border-top td_block_template_8\"  data-td-block-uid=\"td_uid_1_6a09b147aec38\" ><div class=\"td-block-title-wrap\"><h4 class=\"td-block-title\"><span>Administrador Municipal<\/span><\/h4><\/div><div class=\"td_mod_wrap td-fix-index\"><p><strong>Ra\u00fal Manzano Molina<\/strong><br \/>\nEmail: raul.manzano@muniancud.cl<\/p>\n<\/div><\/div><div class=\"td_block_wrap td_block_text_with_title td_uid_2_6a09b147b0924_rand td-pb-border-top td_block_template_8\"  data-td-block-uid=\"td_uid_2_6a09b147b0924\" ><div class=\"td-block-title-wrap\"><h4 class=\"td-block-title\"><span>Secretaria<\/span><\/h4><\/div><div class=\"td_mod_wrap td-fix-index\"><p><strong>Beldad Ortega Andrade<\/strong><br \/>\nEmail: beldad.ortega@muniancud.cl<br \/>\nTel\u00e9fono: 65-2487662<\/p>\n<\/div><\/div>[\/vc_column][\/vc_row]<\/p>\n<\/div>","protected":false},"excerpt":{"rendered":"<p>[vc_row][vc_column width=\u00bb2\/3&#8243;][vc_column_text]El Administrador Municipal depende del alcalde; es su colaborador directo en las tareas de coordinaci\u00f3n y gesti\u00f3n permanente del Municipio y en la elaboraci\u00f3n y seguimiento del Plan Anual de Acci\u00f3n Municipal.[\/vc_column_text][vc_tta_accordion style=\u00bbflat\u00bb c_icon=\u00bbchevron\u00bb active_section=\u00bb1&#8243; collapsible_all=\u00bbtrue\u00bb][vc_tta_section title=\u00bbFunciones\u00bb tab_id=\u00bb1532885739903-64416458-5ea2&#8243;][vc_column_text] Adoptar las providencias necesarias para el adecuado cumplimiento de las pol\u00edticas, planes, programas y proyectos municipales [&hellip;]<\/p>\n","protected":false},"author":1,"featured_media":0,"parent":466,"menu_order":3,"comment_status":"closed","ping_status":"closed","template":"page-pagebuilder-title.php","meta":{"footnotes":""},"class_list":["post-477","page","type-page","status-publish","hentry"],"_links":{"self":[{"href":"https:\/\/www.muniancud.cl\/portal\/wp-json\/wp\/v2\/pages\/477","targetHints":{"allow":["GET"]}}],"collection":[{"href":"https:\/\/www.muniancud.cl\/portal\/wp-json\/wp\/v2\/pages"}],"about":[{"href":"https:\/\/www.muniancud.cl\/portal\/wp-json\/wp\/v2\/types\/page"}],"author":[{"embeddable":true,"href":"https:\/\/www.muniancud.cl\/portal\/wp-json\/wp\/v2\/users\/1"}],"replies":[{"embeddable":true,"href":"https:\/\/www.muniancud.cl\/portal\/wp-json\/wp\/v2\/comments?post=477"}],"version-history":[{"count":20,"href":"https:\/\/www.muniancud.cl\/portal\/wp-json\/wp\/v2\/pages\/477\/revisions"}],"predecessor-version":[{"id":35175,"href":"https:\/\/www.muniancud.cl\/portal\/wp-json\/wp\/v2\/pages\/477\/revisions\/35175"}],"up":[{"embeddable":true,"href":"https:\/\/www.muniancud.cl\/portal\/wp-json\/wp\/v2\/pages\/466"}],"wp:attachment":[{"href":"https:\/\/www.muniancud.cl\/portal\/wp-json\/wp\/v2\/media?parent=477"}],"curies":[{"name":"wp","href":"https:\/\/api.w.org\/{rel}","templated":true}]}}