{"id":568,"date":"2018-06-21T10:40:39","date_gmt":"2018-06-21T14:40:39","guid":{"rendered":"https:\/\/www.muniancud.cl\/demo\/?page_id=568"},"modified":"2025-10-20T12:34:04","modified_gmt":"2025-10-20T15:34:04","slug":"secretaria-municipal","status":"publish","type":"page","link":"https:\/\/www.muniancud.cl\/portal\/unidades-municipales\/secretaria-municipal\/","title":{"rendered":"Secretar\u00eda Municipal"},"content":{"rendered":"<div class=\"wpb-content-wrapper\"><p>[vc_row][vc_column width=\u00bb2\/3&#8243;][vc_column_text]La Secretar\u00eda Municipal tiene como objetivo apoyar la gesti\u00f3n administrativa de la Alcald\u00eda y del Honorable Concejo Municipal.<\/p>\n<p>La Secretar\u00eda Municipal estar\u00e1 a cargo de un Secretario Municipal, el que deber\u00e1 cumplir las siguientes funciones, sin perjuicio de otras que le encomiende el alcalde:[\/vc_column_text][vc_tta_accordion style=\u00bbflat\u00bb c_icon=\u00bbchevron\u00bb active_section=\u00bb0&#8243; collapsible_all=\u00bbtrue\u00bb][vc_tta_section title=\u00bbPrincipales funciones\u00bb tab_id=\u00bb1532886048640-7f8c7fc4-39f8&#8243;][vc_column_text]<\/p>\n<ol>\n<li>Desempe\u00f1arse como ministro de fe en todas las actuaciones municipales;<\/li>\n<li>Dirigir las actividades de Secretar\u00eda Administrativa de la Alcald\u00eda y del Concejo Municipal;<\/li>\n<li>Distribuir la correspondencia que se reciba en el Municipio;<\/li>\n<li>Desarrollar las actividades espec\u00edficas que le asigne la Ley Org\u00e1nica de Municipalidades y las contempladas en los reglamentos de funcionamiento del Concejo Municipal y del Consejo Comunal de Organizaciones de la Sociedad Civil; y<\/li>\n<li>Requerir, recibir, mantener y tramitar, cuando corresponda, la declaraci\u00f3n de intereses establecida por la ley N\u00ba 18.575 y sus modificaciones.<\/li>\n<\/ol>\n<p>[\/vc_column_text][\/vc_tta_section][vc_tta_section title=\u00bbSecci\u00f3n\u00bb tab_id=\u00bb1627408814192-01071cf5-54c3&#8243;][\/vc_tta_section][\/vc_tta_accordion][vc_column_text]De la Secretar\u00eda Municipal dependen las siguientes oficinas:<\/p>\n<ul class=\"td-arrow-list\">\n<li><strong>Oficina de Partes y Archivo<\/strong><\/li>\n<li><strong>Secretar\u00eda del H. Concejo Municipal<\/strong><\/li>\n<li><strong>Oficina de Informaciones, Reclamos y Sugerencias (OIRS)<\/strong><\/li>\n<li><strong>Oficina Municipal sobre Transparencia<\/strong><\/li>\n<\/ul>\n<p>[\/vc_column_text][vc_message message_box_style=\u00bbsolid\u00bb message_box_color=\u00bbgreen\u00bb icon_fontawesome=\u00bbfa fa-clock-o\u00bb]<strong>Horarios<\/strong><br \/>\n<strong>Atenci\u00f3n Oficina de Partes:\u00a0<\/strong>Lunes a Viernes de 08:00 a 13:00 hrs.<br \/>\n<strong>Secretaria H. Concejo Municipal:<\/strong>\u00a0Martes, Mi\u00e9rcoles y Viernes a las 09:00 hrs.<br \/>\n<strong>OIRS:\u00a0<\/strong>Lunes a Viernes de 08:00 a 13:00 hrs.<br \/>\n<strong>Oficina sobre Transparencia:\u00a0<\/strong>Lunes a Viernes de 08:00 a 13:00 hrs.[\/vc_message][vc_message message_box_style=\u00bbsolid\u00bb message_box_color=\u00bbsky\u00bb icon_fontawesome=\u00bbfa fa-map-marker\u00bb]<strong>Ubicaci\u00f3n:\u00a0Edificio Consistorial<\/strong><br \/>\nBlanco Encalada N\u00b0 660 &#8211; Piso 1[\/vc_message][vc_gmaps link=\u00bb#E-8_JTNDaWZyYW1lJTIwc3JjJTNEJTIyaHR0cHMlM0ElMkYlMkZ3d3cuZ29vZ2xlLmNvbSUyRm1hcHMlMkZlbWJlZCUzRnBiJTNEJTIxMW0xOCUyMTFtMTIlMjExbTMlMjExZDc0Mi43ODMyOTIyNDY4MzI0JTIxMmQtNzMuODI4OTc2NTkxNTc3MzIlMjEzZC00MS44Njg0ODEyMjc0Nzg2NyUyMTJtMyUyMTFmMCUyMTJmMCUyMTNmMCUyMTNtMiUyMTFpMTAyNCUyMTJpNzY4JTIxNGYxMy4xJTIxM20zJTIxMW0yJTIxMXMweDk2MjI4ZDU4NmNkOTZiMmYlMjUzQTB4NmM5OTkwMmZiMmUzZDQ4NyUyMTJzSWx1c3RyZSUyQk11bmljaXBhbGlkYWQlMkJkZSUyQkFuY3VkJTIxNWUwJTIxM20yJTIxMXNlcyUyMTJzY2wlMjE0djE1MzE5NDUzNDc5MTMlMjIlMjB3aWR0aCUzRCUyMjQwMCUyMiUyMGhlaWdodCUzRCUyMjIwMCUyMiUyMGZyYW1lYm9yZGVyJTNEJTIyMCUyMiUyMHN0eWxlJTNEJTIyYm9yZGVyJTNBMCUyMiUyMGFsbG93ZnVsbHNjcmVlbiUzRSUzQyUyRmlmcmFtZSUzRQ==\u00bb][\/vc_column][vc_column width=\u00bb1\/3&#8243;][vc_btn title=\u00bbVolver a Unidades Municipales\u00bb style=\u00bbflat\u00bb color=\u00bbprimary\u00bb align=\u00bbleft\u00bb i_icon_fontawesome=\u00bbfa fa-arrow-left\u00bb button_block=\u00bbtrue\u00bb add_icon=\u00bbtrue\u00bb link=\u00bburl:https%3A%2F%2Fwww.muniancud.cl%2Fportal%2Funidades-municipales%2F|||\u00bb][vc_single_image image=\u00bb30179&#8243; img_size=\u00bbfull\u00bb alignment=\u00bbcenter\u00bb style=\u00bbvc_box_rounded\u00bb]<div class=\"td_block_wrap td_block_text_with_title td_uid_1_69da988266cc1_rand td-pb-border-top td_block_template_8\"  data-td-block-uid=\"td_uid_1_69da988266cc1\" ><div class=\"td-block-title-wrap\"><h4 class=\"td-block-title\"><span>Secretaria Municipal<\/span><\/h4><\/div><div class=\"td_mod_wrap td-fix-index\"><p><strong>Leyla Aguayo Valenzuela<\/strong><br \/>\nEmail: leyla.aguayo@muniancud.cl<\/p>\n<\/div><\/div><div class=\"td_block_wrap td_block_text_with_title td_uid_2_69da98826761b_rand td-pb-border-top td_block_template_8\"  data-td-block-uid=\"td_uid_2_69da98826761b\" ><div class=\"td-block-title-wrap\"><h4 class=\"td-block-title\"><span>Secretaria<\/span><\/h4><\/div><div class=\"td_mod_wrap td-fix-index\"><p><strong>Pilar Herrera<\/strong><br \/>\nEmail: pilar.herrera@muniancud.cl<br \/>\nTel\u00e9fono: 65-2487638<\/p>\n<\/div><\/div><div class=\"td_block_wrap td_block_text_with_title td_uid_3_69da988267cb7_rand td-pb-border-top td_block_template_8\"  data-td-block-uid=\"td_uid_3_69da988267cb7\" ><div class=\"td-block-title-wrap\"><h4 class=\"td-block-title\"><span>Apoyo Administrativo<\/span><\/h4><\/div><div class=\"td_mod_wrap td-fix-index\"><p><strong>Cheryl Altamirano<\/strong><br \/>\nEmail: cheryl.altamirano@muniancud.cl<br \/>\nTel\u00e9fono: 65-2487638<\/p>\n<\/div><\/div><div class=\"td_block_wrap td_block_text_with_title td_uid_4_69da988268329_rand td-pb-border-top td_block_template_8\"  data-td-block-uid=\"td_uid_4_69da988268329\" ><div class=\"td-block-title-wrap\"><h4 class=\"td-block-title\"><span>Tel\u00e9fonos<\/span><\/h4><\/div><div class=\"td_mod_wrap td-fix-index\"><ul>\n<li><strong>Oficina Informaciones:\u00a0<\/strong>65-487600<\/li>\n<li><strong>Oficina de Partes:\u00a0<\/strong>65-2487640<\/li>\n<li><strong>Secretaria Municipal:<\/strong>\u00a065-487638<\/li>\n<li><strong>OIRS:\u00a0<\/strong>65-487601<\/li>\n<li><strong>Transparencia Municipal:<\/strong> 65-487636<\/li>\n<\/ul>\n<\/div><\/div>[\/vc_column][\/vc_row]<\/p>\n<\/div>","protected":false},"excerpt":{"rendered":"<p>[vc_row][vc_column width=\u00bb2\/3&#8243;][vc_column_text]La Secretar\u00eda Municipal tiene como objetivo apoyar la gesti\u00f3n administrativa de la Alcald\u00eda y del Honorable Concejo Municipal. La Secretar\u00eda Municipal estar\u00e1 a cargo de un Secretario Municipal, el que deber\u00e1 cumplir las siguientes funciones, sin perjuicio de otras que le encomiende el alcalde:[\/vc_column_text][vc_tta_accordion style=\u00bbflat\u00bb c_icon=\u00bbchevron\u00bb active_section=\u00bb0&#8243; collapsible_all=\u00bbtrue\u00bb][vc_tta_section title=\u00bbPrincipales funciones\u00bb tab_id=\u00bb1532886048640-7f8c7fc4-39f8&#8243;][vc_column_text] Desempe\u00f1arse como ministro [&hellip;]<\/p>\n","protected":false},"author":1,"featured_media":0,"parent":466,"menu_order":5,"comment_status":"closed","ping_status":"closed","template":"page-pagebuilder-title.php","meta":{"footnotes":""},"class_list":["post-568","page","type-page","status-publish","hentry"],"_links":{"self":[{"href":"https:\/\/www.muniancud.cl\/portal\/wp-json\/wp\/v2\/pages\/568","targetHints":{"allow":["GET"]}}],"collection":[{"href":"https:\/\/www.muniancud.cl\/portal\/wp-json\/wp\/v2\/pages"}],"about":[{"href":"https:\/\/www.muniancud.cl\/portal\/wp-json\/wp\/v2\/types\/page"}],"author":[{"embeddable":true,"href":"https:\/\/www.muniancud.cl\/portal\/wp-json\/wp\/v2\/users\/1"}],"replies":[{"embeddable":true,"href":"https:\/\/www.muniancud.cl\/portal\/wp-json\/wp\/v2\/comments?post=568"}],"version-history":[{"count":12,"href":"https:\/\/www.muniancud.cl\/portal\/wp-json\/wp\/v2\/pages\/568\/revisions"}],"predecessor-version":[{"id":36071,"href":"https:\/\/www.muniancud.cl\/portal\/wp-json\/wp\/v2\/pages\/568\/revisions\/36071"}],"up":[{"embeddable":true,"href":"https:\/\/www.muniancud.cl\/portal\/wp-json\/wp\/v2\/pages\/466"}],"wp:attachment":[{"href":"https:\/\/www.muniancud.cl\/portal\/wp-json\/wp\/v2\/media?parent=568"}],"curies":[{"name":"wp","href":"https:\/\/api.w.org\/{rel}","templated":true}]}}