{"id":570,"date":"2018-06-21T10:48:13","date_gmt":"2018-06-21T14:48:13","guid":{"rendered":"https:\/\/www.muniancud.cl\/demo\/?page_id=570"},"modified":"2025-08-28T12:22:38","modified_gmt":"2025-08-28T16:22:38","slug":"juzgado-de-policia-local","status":"publish","type":"page","link":"https:\/\/www.muniancud.cl\/portal\/unidades-municipales\/juzgado-de-policia-local\/","title":{"rendered":"Juzgado de Polic\u00eda Local"},"content":{"rendered":"<div class=\"wpb-content-wrapper\"><p>[vc_row][vc_column width=\u00bb2\/3&#8243;][vc_column_text]El Juzgado de Polic\u00eda Local tiene la responsabilidad de administrar justicia respecto a las materias que las leyes entreguen bajo su competencia y en el \u00e1mbito de la comuna.<\/p>\n<p>El Juez de Polic\u00eda Local es el superior jer\u00e1rquico del personal municipal que trabaja al interior del juzgado. Sus funciones generales\u00a0est\u00e1n establecidas en la ley N\u00ba 15.231 Sobre Organizaci\u00f3n y Atribuciones de los Juzgados de Polic\u00eda Local.<\/p>\n<p>El Juzgado de Polic\u00eda Local distribuir\u00e1 y organizar\u00e1 sus funciones a trav\u00e9s de las siguientes oficinas:<\/p>\n<ul class=\"td-arrow-list\">\n<li><strong>Secretar\u00eda del Juzgado<\/strong><\/li>\n<li><strong>Oficina de Partes y Archivo<\/strong><\/li>\n<li><strong>Oficina de Causas y Salas<\/strong><\/li>\n<li><strong>Oficina de Receptor\u00eda<\/strong><\/li>\n<\/ul>\n<p>[\/vc_column_text][vc_tta_accordion style=\u00bbflat\u00bb c_icon=\u00bbchevron\u00bb active_section=\u00bb0&#8243; collapsible_all=\u00bbtrue\u00bb][vc_tta_section title=\u00bbCompetencias del Juzgado de Polic\u00eda Local\u00bb tab_id=\u00bb1532883157741-bb8a9a4f-9ca0&#8243;][vc_column_text]<\/p>\n<ul class=\"td-arrow-list\">\n<li>Infracciones a la Ley del Tr\u00e1nsito (18.290)<\/li>\n<li>Infracciones a la Ley del Consumidor (19.496)<\/li>\n<li>Infracciones a la Ley de Votaciones y Escrutinios (18.700)<\/li>\n<li>Infracciones a las Ordenanzas Municipales<\/li>\n<li>Infracciones a la Ley de Rentas Municipales (Decreto 3.063)<\/li>\n<li>Infracciones a la Ley de Urbanismo y Construcciones<\/li>\n<li>Infracciones a la Ley N\u00ba 19.537, sobre Co-propiedad Inmobiliaria<\/li>\n<li>Infracciones a la Ley de Vigilantes Privados<\/li>\n<li>Infracciones a la Ley de Bosques, Pesca Deportiva.<\/li>\n<li>Infracciones a la Ley de Alcoholes N\u00ba 19.925, Sobre expendio y consumo de bebidas alcoholicas.<\/li>\n<li>Infracciones sobre conexiones o empalmes clandestinos a matrices o arranques de agua potable o\u00a0alcantarillado (18.119).<\/li>\n<li>Cobro ejecutivo pr\u00e9stamos de INDAP a peque\u00f1os agricultores.<\/li>\n<li>Infracciones a la Ley N\u00ba 19.779, de conductas de discriminaci\u00f3n a los enfermos de SIDA.<\/li>\n<li>Infracciones a la Ley 4.023 sobre gu\u00eda de libre tr\u00e1nsito<\/li>\n<li>Infracciones a la Ley 18.278 (diario oficial del 12.01.84) Modifica D.L.206\/60 Ley de Caminos.<\/li>\n<li>D.F.L. 216 de 15.05.1931. Salvoconductos en mudanzas. (Modificado por la Ley N\u00ba19.866 del Diario\u00a0Oficial del 11.04.03).<\/li>\n<li>Infracciones a la Ley de Educaci\u00f3n Primaria Obligatoria.<\/li>\n<li>Infracciones a la Ley 18.362 (D.O. 27.12.84) Crea un sistema nacional de \u00e1reas verdes silvestres\u00a0protegidas del Estado.<\/li>\n<li>Infracciones a la Ley 19.284 (D.O. 14.01.94), sobre discriminaci\u00f3n de discapacitados<\/li>\n<li>Infracciones a la Ley N\u00ba Ley N\u00ba 19.419, sobre Tabaco.<\/li>\n<li>Otras<\/li>\n<\/ul>\n<p>[\/vc_column_text][\/vc_tta_section][\/vc_tta_accordion][vc_message message_box_style=\u00bbsolid\u00bb message_box_color=\u00bbgreen\u00bb icon_fontawesome=\u00bbfa fa-clock-o\u00bb]<strong>Horarios<\/strong><br \/>\n<strong>Atenci\u00f3n a P\u00fablico: <\/strong>Lunes a Viernes de 08:00 a 13:00 hrs.<br \/>\n<strong>Audiencias:<\/strong>\u00a0Martes, Mi\u00e9rcoles y Viernes a las 09:00 hrs.[\/vc_message][vc_message message_box_style=\u00bbsolid\u00bb message_box_color=\u00bborange\u00bb icon_fontawesome=\u00bbfas fa-at\u00bb]<strong>Correo del Juzgado: <\/strong>jpl@muniancud.cl[\/vc_message][vc_message message_box_style=\u00bbsolid\u00bb message_box_color=\u00bbsky\u00bb icon_fontawesome=\u00bbfa fa-map-marker\u00bb]<b>Ubicaci\u00f3n: Juzgado de Polic\u00eda\u00a0Local<\/b><br \/>\nBaquedano N\u00b0 300 &#8211; Piso 2<\/p>\n<p>Para recepci\u00f3n de documentos el horario de atenci\u00f3n es desde las 08:00 hasta las 13:00 en la Secretar\u00eda del Tribunal y para la presentaci\u00f3n de escritos de abogados fuera del horario de oficina el plazo rige hasta las 00:00 horas del d\u00eda respectivo, en la residencia de la Secretaria Titular Mar\u00eda Jos\u00e9 Vito Bahamonde, domiciliada en Lechagua km.4. Ancud.[\/vc_message][vc_gmaps link=\u00bb#E-8_JTNDaWZyYW1lJTIwc3JjJTNEJTIyaHR0cHMlM0ElMkYlMkZ3d3cuZ29vZ2xlLmNvbSUyRm1hcHMlMkZlbWJlZCUzRnBiJTNEJTIxMW0xOCUyMTFtMTIlMjExbTMlMjExZDI5NzEuMzI0ODcxNjg3ODk2JTIxMmQtNzMuODI4Mjk3OTE3MDA3MDMlMjEzZC00MS44NjQzNTYzMjE4NjY2NSUyMTJtMyUyMTFmMCUyMTJmMCUyMTNmMCUyMTNtMiUyMTFpMTAyNCUyMTJpNzY4JTIxNGYxMy4xJTIxM20zJTIxMW0yJTIxMXMweDk2MjI5MmE2NTc1YTQzZDUlMjUzQTB4YmIxMTMxNjRmNmVkODVkNyUyMTJzR3JhbCUyQkJhcXVlZGFubyUyQjMwMCUyNTJDJTJCQW5jdWQlMjUyQyUyQlJlZ2klMjVDMyUyNUIzbiUyQmRlJTJCbG9zJTJCTGFnb3MlMjE1ZTAlMjEzbTIlMjExc2VzLTQxOSUyMTJzY2wlMjE0djE1NDMzNzAwMjk5NTQlMjIlMjB3aWR0aCUzRCUyMjQwMCUyMiUyMGhlaWdodCUzRCUyMjIwMCUyMiUyMGZyYW1lYm9yZGVyJTNEJTIyMCUyMiUyMHN0eWxlJTNEJTIyYm9yZGVyJTNBMCUyMiUyMGFsbG93ZnVsbHNjcmVlbiUzRSUzQyUyRmlmcmFtZSUzRQ==\u00bb][\/vc_column][vc_column width=\u00bb1\/3&#8243;][vc_btn title=\u00bbVolver a Unidades Municipales\u00bb style=\u00bbflat\u00bb color=\u00bbprimary\u00bb align=\u00bbleft\u00bb i_icon_fontawesome=\u00bbfa fa-arrow-left\u00bb button_block=\u00bbtrue\u00bb add_icon=\u00bbtrue\u00bb link=\u00bburl:https%3A%2F%2Fwww.muniancud.cl%2Fportal%2Funidades-municipales%2F|||\u00bb][vc_single_image image=\u00bb35048&#8243; img_size=\u00bbfull\u00bb alignment=\u00bbcenter\u00bb style=\u00bbvc_box_rounded\u00bb css=\u00bb\u00bb]<div class=\"td_block_wrap td_block_text_with_title td_uid_1_6a04ba1d6234f_rand td-pb-border-top td_block_template_8\"  data-td-block-uid=\"td_uid_1_6a04ba1d6234f\" ><div class=\"td-block-title-wrap\"><h4 class=\"td-block-title\"><span>Juez de Polic\u00eda Local<\/span><\/h4><\/div><div class=\"td_mod_wrap td-fix-index\"><p><strong>Winston Aravena Gaete<\/strong><\/p>\n<\/div><\/div><div class=\"td_block_wrap td_block_text_with_title td_uid_2_6a04ba1d63d18_rand td-pb-border-top td_block_template_8\"  data-td-block-uid=\"td_uid_2_6a04ba1d63d18\" ><div class=\"td-block-title-wrap\"><h4 class=\"td-block-title\"><span>Secretaria Abogado Juzgado<\/span><\/h4><\/div><div class=\"td_mod_wrap td-fix-index\"><p><strong>Mar\u00eda Jos\u00e9 Vito Bahamonde<\/strong><br \/>\nEmail: jpl@muniancud.cl<br \/>\nTel\u00e9fono: 65-2487795<\/p>\n<\/div><\/div><div class=\"td_block_wrap td_block_text_with_title td_uid_3_6a04ba1d64cdf_rand td-pb-border-top td_block_template_8\"  data-td-block-uid=\"td_uid_3_6a04ba1d64cdf\" ><div class=\"td-block-title-wrap\"><h4 class=\"td-block-title\"><span>Tel\u00e9fonos<\/span><\/h4><\/div><div class=\"td_mod_wrap td-fix-index\"><ul>\n<li><strong>Atenci\u00f3n\u00a0P\u00fablico:\u00a0<\/strong>65-2487770<\/li>\n<li><strong>Secretaria Tribunal:<\/strong> 65-2487795<\/li>\n<li><strong>Actuaria Colisiones:<\/strong>\u00a065-487771<\/li>\n<li><strong>Actuaria Tr\u00e1nsito:\u00a0<\/strong>65-487773<\/li>\n<li><strong>Encargada Exhorto:<\/strong> 65-2487770<\/li>\n<\/ul>\n<\/div><\/div>[\/vc_column][\/vc_row]<\/p>\n<\/div>","protected":false},"excerpt":{"rendered":"<p>[vc_row][vc_column width=\u00bb2\/3&#8243;][vc_column_text]El Juzgado de Polic\u00eda Local tiene la responsabilidad de administrar justicia respecto a las materias que las leyes entreguen bajo su competencia y en el \u00e1mbito de la comuna. El Juez de Polic\u00eda Local es el superior jer\u00e1rquico del personal municipal que trabaja al interior del juzgado. Sus funciones generales\u00a0est\u00e1n establecidas en la ley [&hellip;]<\/p>\n","protected":false},"author":1,"featured_media":0,"parent":466,"menu_order":4,"comment_status":"closed","ping_status":"closed","template":"page-pagebuilder-title.php","meta":{"footnotes":""},"class_list":["post-570","page","type-page","status-publish","hentry"],"_links":{"self":[{"href":"https:\/\/www.muniancud.cl\/portal\/wp-json\/wp\/v2\/pages\/570","targetHints":{"allow":["GET"]}}],"collection":[{"href":"https:\/\/www.muniancud.cl\/portal\/wp-json\/wp\/v2\/pages"}],"about":[{"href":"https:\/\/www.muniancud.cl\/portal\/wp-json\/wp\/v2\/types\/page"}],"author":[{"embeddable":true,"href":"https:\/\/www.muniancud.cl\/portal\/wp-json\/wp\/v2\/users\/1"}],"replies":[{"embeddable":true,"href":"https:\/\/www.muniancud.cl\/portal\/wp-json\/wp\/v2\/comments?post=570"}],"version-history":[{"count":15,"href":"https:\/\/www.muniancud.cl\/portal\/wp-json\/wp\/v2\/pages\/570\/revisions"}],"predecessor-version":[{"id":35792,"href":"https:\/\/www.muniancud.cl\/portal\/wp-json\/wp\/v2\/pages\/570\/revisions\/35792"}],"up":[{"embeddable":true,"href":"https:\/\/www.muniancud.cl\/portal\/wp-json\/wp\/v2\/pages\/466"}],"wp:attachment":[{"href":"https:\/\/www.muniancud.cl\/portal\/wp-json\/wp\/v2\/media?parent=570"}],"curies":[{"name":"wp","href":"https:\/\/api.w.org\/{rel}","templated":true}]}}