{"id":648,"date":"2018-07-09T11:59:29","date_gmt":"2018-07-09T15:59:29","guid":{"rendered":"https:\/\/www.muniancud.cl\/portal\/?page_id=648"},"modified":"2025-10-20T12:37:48","modified_gmt":"2025-10-20T15:37:48","slug":"asesoria-juridica","status":"publish","type":"page","link":"https:\/\/www.muniancud.cl\/portal\/unidades-municipales\/asesoria-juridica\/","title":{"rendered":"Asesor\u00eda Juridica"},"content":{"rendered":"<div class=\"wpb-content-wrapper\"><p>[vc_row][vc_column width=\u00bb2\/3&#8243;][vc_column_text]Asesor\u00eda Jur\u00eddica tendr\u00e1 las siguientes funciones generales:<\/p>\n<ol>\n<li>A requerimiento del alcalde, iniciar y defender los juicios en que la Municipalidad sea parte o tenga inter\u00e9s;<\/li>\n<li>Prestar apoyo en materias legales al alcalde y al Concejo;<\/li>\n<li>Prestar asesor\u00eda jur\u00eddica o defensa de la comunidad cuando sea procedente y el alcalde as\u00ed lo determine;<\/li>\n<li>Informar en derecho todos los asuntos legales que las direcciones municipales le planteen, manteniendo un archivo actualizado, para lo cual deber\u00e1 considerar la jurisprudencia de la Contralor\u00eda General de la Rep\u00fablica;<\/li>\n<li>Orientar peri\u00f3dicamente a las direcciones municipales respecto de las nuevas disposiciones legales y reglamentarias pertinentes;<\/li>\n<li>Dar forma y mantener al d\u00eda los t\u00edtulos de los bienes municipales;<\/li>\n<li>Redactar los proyectos de ordenanzas, reglamentos e instructivos, convenios, contratos y otros documentos que le encomiende el alcalde;<\/li>\n<li>Efectuar la cobranza judicial de impuestos, derechos, rentas de arrendamiento de los bienes municipales y otros ingresos municipales;<\/li>\n<li>Realizar las gestiones necesarias para las adquisiciones y\/o expropiaciones de bienes inmuebles;<\/li>\n<li>Atender los requerimientos que le formule la Contralor\u00eda General de la Rep\u00fablica cuando lo encomiende el alcalde; y<\/li>\n<\/ol>\n<p>Adem\u00e1s, cuando lo ordene el Alcalde, deber\u00e1 efectuar las investigaciones y sumarios administrativos, sin perjuicio que tambi\u00e9n puedan ser realizados por funcionarios de cualquier unidad municipal, bajo la supervigilancia que al respecto le corresponda a la asesor\u00eda jur\u00eddica[\/vc_column_text][vc_message message_box_style=\u00bbsolid\u00bb message_box_color=\u00bbsky\u00bb icon_fontawesome=\u00bbfa fa-map-marker\u00bb]<strong>Ubicaci\u00f3n:\u00a0Edificio Consistorial<\/strong><br \/>\nBlanco Encalada N\u00b0 660 &#8211; Piso 1[\/vc_message][vc_gmaps link=\u00bb#E-8_JTNDaWZyYW1lJTIwc3JjJTNEJTIyaHR0cHMlM0ElMkYlMkZ3d3cuZ29vZ2xlLmNvbSUyRm1hcHMlMkZlbWJlZCUzRnBiJTNEJTIxMW0xOCUyMTFtMTIlMjExbTMlMjExZDc0Mi43ODMyOTIyNDY4MzI0JTIxMmQtNzMuODI4OTc2NTkxNTc3MzIlMjEzZC00MS44Njg0ODEyMjc0Nzg2NyUyMTJtMyUyMTFmMCUyMTJmMCUyMTNmMCUyMTNtMiUyMTFpMTAyNCUyMTJpNzY4JTIxNGYxMy4xJTIxM20zJTIxMW0yJTIxMXMweDk2MjI4ZDU4NmNkOTZiMmYlMjUzQTB4NmM5OTkwMmZiMmUzZDQ4NyUyMTJzSWx1c3RyZSUyQk11bmljaXBhbGlkYWQlMkJkZSUyQkFuY3VkJTIxNWUwJTIxM20yJTIxMXNlcyUyMTJzY2wlMjE0djE1MzE5NDUzNDc5MTMlMjIlMjB3aWR0aCUzRCUyMjQwMCUyMiUyMGhlaWdodCUzRCUyMjIwMCUyMiUyMGZyYW1lYm9yZGVyJTNEJTIyMCUyMiUyMHN0eWxlJTNEJTIyYm9yZGVyJTNBMCUyMiUyMGFsbG93ZnVsbHNjcmVlbiUzRSUzQyUyRmlmcmFtZSUzRQ==\u00bb][\/vc_column][vc_column width=\u00bb1\/3&#8243;][vc_btn title=\u00bbVolver a Unidades Municipales\u00bb style=\u00bbflat\u00bb color=\u00bbprimary\u00bb align=\u00bbleft\u00bb i_icon_fontawesome=\u00bbfa fa-arrow-left\u00bb button_block=\u00bbtrue\u00bb add_icon=\u00bbtrue\u00bb link=\u00bburl:https%3A%2F%2Fwww.muniancud.cl%2Fportal%2Funidades-municipales%2F|||\u00bb][vc_single_image image=\u00bb35176&#8243; img_size=\u00bbfull\u00bb alignment=\u00bbcenter\u00bb style=\u00bbvc_box_rounded\u00bb css=\u00bb\u00bb]<div class=\"td_block_wrap td_block_text_with_title td_uid_1_69dcd22e82183_rand td-pb-border-top td_block_template_8\"  data-td-block-uid=\"td_uid_1_69dcd22e82183\" ><div class=\"td-block-title-wrap\"><h4 class=\"td-block-title\"><span>Director Asesor\u00eda Jur\u00eddica<\/span><\/h4><\/div><div class=\"td_mod_wrap td-fix-index\"><p><strong>Patricio Obando C\u00e1rdenas<\/strong><br \/>\nEmail: patricio.obando@muniancud.cl<\/p>\n<\/div><\/div><div class=\"td_block_wrap td_block_text_with_title td_uid_2_69dcd22e82cfd_rand td-pb-border-top td_block_template_8\"  data-td-block-uid=\"td_uid_2_69dcd22e82cfd\" ><div class=\"td-block-title-wrap\"><h4 class=\"td-block-title\"><span>Administrativa<\/span><\/h4><\/div><div class=\"td_mod_wrap td-fix-index\"><p><strong>Katherine Ayancan<\/strong><br \/>\nEmail: katherine.ayancan@muniancud.cl<br \/>\nTel\u00e9fono: 65-2487650<\/p>\n<\/div><\/div><div class=\"td_block_wrap td_block_text_with_title td_uid_3_69dcd22e83570_rand td-pb-border-top td_block_template_8\"  data-td-block-uid=\"td_uid_3_69dcd22e83570\" ><div class=\"td-block-title-wrap\"><h4 class=\"td-block-title\"><span>Equipo Jur\u00eddico<\/span><\/h4><\/div><div class=\"td_mod_wrap td-fix-index\"><p><strong>Jorge Ulloa<\/strong><br \/>\nEmail: jorge.ulloa@muniancud.cl<br \/>\nTel\u00e9fono: 65-2487649<\/p>\n<p><strong>Javier Schwerter<\/strong><br \/>\nEmail: javier.schwerter@muniancud.cl<br \/>\nTel\u00e9fono: 65-2487651<\/p>\n<\/div><\/div>[\/vc_column][\/vc_row]<\/p>\n<\/div>","protected":false},"excerpt":{"rendered":"<p>[vc_row][vc_column width=\u00bb2\/3&#8243;][vc_column_text]Asesor\u00eda Jur\u00eddica tendr\u00e1 las siguientes funciones generales: A requerimiento del alcalde, iniciar y defender los juicios en que la Municipalidad sea parte o tenga inter\u00e9s; Prestar apoyo en materias legales al alcalde y al Concejo; Prestar asesor\u00eda jur\u00eddica o defensa de la comunidad cuando sea procedente y el alcalde as\u00ed lo determine; Informar en [&hellip;]<\/p>\n","protected":false},"author":1,"featured_media":0,"parent":466,"menu_order":6,"comment_status":"closed","ping_status":"closed","template":"page-pagebuilder-title.php","meta":{"footnotes":""},"class_list":["post-648","page","type-page","status-publish","hentry"],"_links":{"self":[{"href":"https:\/\/www.muniancud.cl\/portal\/wp-json\/wp\/v2\/pages\/648","targetHints":{"allow":["GET"]}}],"collection":[{"href":"https:\/\/www.muniancud.cl\/portal\/wp-json\/wp\/v2\/pages"}],"about":[{"href":"https:\/\/www.muniancud.cl\/portal\/wp-json\/wp\/v2\/types\/page"}],"author":[{"embeddable":true,"href":"https:\/\/www.muniancud.cl\/portal\/wp-json\/wp\/v2\/users\/1"}],"replies":[{"embeddable":true,"href":"https:\/\/www.muniancud.cl\/portal\/wp-json\/wp\/v2\/comments?post=648"}],"version-history":[{"count":13,"href":"https:\/\/www.muniancud.cl\/portal\/wp-json\/wp\/v2\/pages\/648\/revisions"}],"predecessor-version":[{"id":36074,"href":"https:\/\/www.muniancud.cl\/portal\/wp-json\/wp\/v2\/pages\/648\/revisions\/36074"}],"up":[{"embeddable":true,"href":"https:\/\/www.muniancud.cl\/portal\/wp-json\/wp\/v2\/pages\/466"}],"wp:attachment":[{"href":"https:\/\/www.muniancud.cl\/portal\/wp-json\/wp\/v2\/media?parent=648"}],"curies":[{"name":"wp","href":"https:\/\/api.w.org\/{rel}","templated":true}]}}