{"id":735,"date":"2018-07-12T11:07:30","date_gmt":"2018-07-12T15:07:30","guid":{"rendered":"https:\/\/www.muniancud.cl\/portal\/?page_id=735"},"modified":"2025-10-20T13:05:57","modified_gmt":"2025-10-20T16:05:57","slug":"direccion-de-control-interno","status":"publish","type":"page","link":"https:\/\/www.muniancud.cl\/portal\/unidades-municipales\/direccion-de-control-interno\/","title":{"rendered":"Direcci\u00f3n de Control Interno"},"content":{"rendered":"<div class=\"wpb-content-wrapper\"><p>[vc_row][vc_column width=\u00bb2\/3&#8243;][vc_column_text]La Direcci\u00f3n de Control tiene como objetivo apoyar la gesti\u00f3n del Municipio y procurar la m\u00e1xima eficiencia administrativa interna de la Municipalidad en el marco de las normas legales vigentes.<\/p>\n<p><strong>Funciones<\/strong><\/p>\n<ol>\n<li>Realizar la auditoria operativa interna de la Municipalidad con el objeto de fiscalizar la legalidad y la eficiencia de su actuaci\u00f3n;<\/li>\n<li>Controlar la ejecuci\u00f3n financiera y presupuestaria municipal; y<\/li>\n<li>Representar al alcalde los actos municipales cuando los estime ilegales informando de ello al Concejo, para cuyo objetivo tendr\u00e1 acceso a toda la documentaci\u00f3n pertinente.<\/li>\n<\/ol>\n<p>De la Direcci\u00f3n de Control dependen las siguientes oficinas con las funciones espec\u00edficas:<\/p>\n<ul class=\"td-arrow-list\">\n<li><strong>Oficina de Auditoria y Revisi\u00f3n<\/strong><\/li>\n<li><strong>Oficina Administrativa<\/strong><\/li>\n<\/ul>\n<p>[\/vc_column_text][vc_message message_box_style=\u00bbsolid\u00bb message_box_color=\u00bbsky\u00bb icon_fontawesome=\u00bbfa fa-map-marker\u00bb]<strong>Ubicaci\u00f3n: Edificio Consistorial<\/strong><br \/>\nBlanco Encalada N\u00b0 660 &#8211; Piso 1[\/vc_message][vc_gmaps link=\u00bb#E-8_JTNDaWZyYW1lJTIwc3JjJTNEJTIyaHR0cHMlM0ElMkYlMkZ3d3cuZ29vZ2xlLmNvbSUyRm1hcHMlMkZlbWJlZCUzRnBiJTNEJTIxMW0xOCUyMTFtMTIlMjExbTMlMjExZDc0Mi43ODMyOTIyNDY4MzI0JTIxMmQtNzMuODI4OTc2NTkxNTc3MzIlMjEzZC00MS44Njg0ODEyMjc0Nzg2NyUyMTJtMyUyMTFmMCUyMTJmMCUyMTNmMCUyMTNtMiUyMTFpMTAyNCUyMTJpNzY4JTIxNGYxMy4xJTIxM20zJTIxMW0yJTIxMXMweDk2MjI4ZDU4NmNkOTZiMmYlMjUzQTB4NmM5OTkwMmZiMmUzZDQ4NyUyMTJzSWx1c3RyZSUyQk11bmljaXBhbGlkYWQlMkJkZSUyQkFuY3VkJTIxNWUwJTIxM20yJTIxMXNlcyUyMTJzY2wlMjE0djE1MzE5NDUzNDc5MTMlMjIlMjB3aWR0aCUzRCUyMjQwMCUyMiUyMGhlaWdodCUzRCUyMjIwMCUyMiUyMGZyYW1lYm9yZGVyJTNEJTIyMCUyMiUyMHN0eWxlJTNEJTIyYm9yZGVyJTNBMCUyMiUyMGFsbG93ZnVsbHNjcmVlbiUzRSUzQyUyRmlmcmFtZSUzRQ==\u00bb][\/vc_column][vc_column width=\u00bb1\/3&#8243;][vc_btn title=\u00bbVolver a Unidades Municipales\u00bb style=\u00bbflat\u00bb color=\u00bbprimary\u00bb align=\u00bbleft\u00bb i_icon_fontawesome=\u00bbfa fa-arrow-left\u00bb button_block=\u00bbtrue\u00bb add_icon=\u00bbtrue\u00bb link=\u00bburl:https%3A%2F%2Fwww.muniancud.cl%2Fportal%2Funidades-municipales%2F|||\u00bb][vc_single_image image=\u00bb22904&#8243; img_size=\u00bbfull\u00bb alignment=\u00bbcenter\u00bb style=\u00bbvc_box_rounded\u00bb]<div class=\"td_block_wrap td_block_text_with_title td_uid_1_6a04a74431db5_rand td-pb-border-top td_block_template_8\"  data-td-block-uid=\"td_uid_1_6a04a74431db5\" ><div class=\"td-block-title-wrap\"><h4 class=\"td-block-title\"><span>Director de Control<\/span><\/h4><\/div><div class=\"td_mod_wrap td-fix-index\"><p><strong>Oscar Diaz del Campo<\/strong><br \/>\nEmail: oscar.diaz@muniancud.cl<\/p>\n<\/div><\/div><div class=\"td_block_wrap td_block_text_with_title td_uid_2_6a04a74433b3d_rand td-pb-border-top td_block_template_8\"  data-td-block-uid=\"td_uid_2_6a04a74433b3d\" ><div class=\"td-block-title-wrap\"><h4 class=\"td-block-title\"><span>Administrativa<\/span><\/h4><\/div><div class=\"td_mod_wrap td-fix-index\"><p><strong>Karen Fox<\/strong><br \/>\nEmail: karen.fox@muniancud.cl<br \/>\nTel\u00e9fono: 65-2487647<\/p>\n<p><strong>Cheryl Laubscher<\/strong><br \/>\nEmail: cheryl.laubscher@muniancud.cl<br \/>\nTel\u00e9fono: 65-2487307<\/p>\n<\/div><\/div><div class=\"td_block_wrap td_block_text_with_title td_uid_3_6a04a74434db7_rand td-pb-border-top td_block_template_8\"  data-td-block-uid=\"td_uid_3_6a04a74434db7\" ><div class=\"td-block-title-wrap\"><h4 class=\"td-block-title\"><span>Tel\u00e9fonos<\/span><\/h4><\/div><div class=\"td_mod_wrap td-fix-index\"><ul>\n<li><strong>Oficina Auditoria:<\/strong> 65-2487754<\/li>\n<li><strong>Oficina Administrativa:<\/strong> 65-2487647<\/li>\n<\/ul>\n<\/div><\/div>[\/vc_column][\/vc_row]<\/p>\n<\/div>","protected":false},"excerpt":{"rendered":"<p>[vc_row][vc_column width=\u00bb2\/3&#8243;][vc_column_text]La Direcci\u00f3n de Control tiene como objetivo apoyar la gesti\u00f3n del Municipio y procurar la m\u00e1xima eficiencia administrativa interna de la Municipalidad en el marco de las normas legales vigentes. Funciones Realizar la auditoria operativa interna de la Municipalidad con el objeto de fiscalizar la legalidad y la eficiencia de su actuaci\u00f3n; Controlar la [&hellip;]<\/p>\n","protected":false},"author":1,"featured_media":0,"parent":466,"menu_order":7,"comment_status":"closed","ping_status":"closed","template":"page-pagebuilder-title.php","meta":{"footnotes":""},"class_list":["post-735","page","type-page","status-publish","hentry"],"_links":{"self":[{"href":"https:\/\/www.muniancud.cl\/portal\/wp-json\/wp\/v2\/pages\/735","targetHints":{"allow":["GET"]}}],"collection":[{"href":"https:\/\/www.muniancud.cl\/portal\/wp-json\/wp\/v2\/pages"}],"about":[{"href":"https:\/\/www.muniancud.cl\/portal\/wp-json\/wp\/v2\/types\/page"}],"author":[{"embeddable":true,"href":"https:\/\/www.muniancud.cl\/portal\/wp-json\/wp\/v2\/users\/1"}],"replies":[{"embeddable":true,"href":"https:\/\/www.muniancud.cl\/portal\/wp-json\/wp\/v2\/comments?post=735"}],"version-history":[{"count":8,"href":"https:\/\/www.muniancud.cl\/portal\/wp-json\/wp\/v2\/pages\/735\/revisions"}],"predecessor-version":[{"id":36075,"href":"https:\/\/www.muniancud.cl\/portal\/wp-json\/wp\/v2\/pages\/735\/revisions\/36075"}],"up":[{"embeddable":true,"href":"https:\/\/www.muniancud.cl\/portal\/wp-json\/wp\/v2\/pages\/466"}],"wp:attachment":[{"href":"https:\/\/www.muniancud.cl\/portal\/wp-json\/wp\/v2\/media?parent=735"}],"curies":[{"name":"wp","href":"https:\/\/api.w.org\/{rel}","templated":true}]}}