{"id":739,"date":"2018-07-12T11:08:11","date_gmt":"2018-07-12T15:08:11","guid":{"rendered":"https:\/\/www.muniancud.cl\/portal\/?page_id=739"},"modified":"2025-06-16T14:51:17","modified_gmt":"2025-06-16T18:51:17","slug":"direccion-de-administracion-y-finanzas","status":"publish","type":"page","link":"https:\/\/www.muniancud.cl\/portal\/unidades-municipales\/direccion-de-administracion-y-finanzas\/","title":{"rendered":"Direcci\u00f3n de Administraci\u00f3n y Finanzas"},"content":{"rendered":"<div class=\"wpb-content-wrapper\"><p>[vc_row][vc_column width=\u00bb2\/3&#8243;][vc_column_text]La Direcci\u00f3n de Administraci\u00f3n y Finanzas, tiene como objetivo procurar la \u00f3ptima provisi\u00f3n, asignaci\u00f3n y utilizaci\u00f3n de los recursos econ\u00f3micos y materiales necesarios para el funcionamiento municipal.<\/p>\n<p>A la Direcci\u00f3n de Administraci\u00f3n y Finanzas le corresponden las siguientes funciones:[\/vc_column_text][vc_tta_accordion style=\u00bbflat\u00bb c_icon=\u00bbchevron\u00bb active_section=\u00bb0&#8243; collapsible_all=\u00bbtrue\u00bb][vc_tta_section title=\u00bbFunciones\u00bb tab_id=\u00bb1532883157741-bb8a9a4f-9ca0fcb3-8dff\u00bb][vc_column_text]<\/p>\n<ol>\n<li>Asesorar al Alcalde en materias de administraci\u00f3n de los recursos financieros de la Municipalidad.<\/li>\n<li>Estudiar, calcular, proponer y regular la percepci\u00f3n de cualquier tipo de ingresos municipales;<\/li>\n<li>Proporcionar a la Secretar\u00eda Comunal de Planificaci\u00f3n la informaci\u00f3n necesaria existente en la Unidad para la elaboraci\u00f3n del presupuesto municipal;<\/li>\n<li>Controlar la gesti\u00f3n financiera de las empresas y establecimientos municipales;<\/li>\n<li>Efectuar los pagos municipales, manejar las cuentas bancarias y rendir cuentas a la Contralor\u00eda General de la Rep\u00fablica;<\/li>\n<li>Recaudar y percibir los ingresos municipales y fiscales que correspondan.<\/li>\n<\/ol>\n<p>[\/vc_column_text][\/vc_tta_section][\/vc_tta_accordion][vc_column_text]De la Direcci\u00f3n de Administraci\u00f3n y Finanzas dependen las siguientes secciones:<\/p>\n<ul class=\"td-arrow-list\">\n<li><strong>Secci\u00f3n Gesti\u00f3n de Servicios y Bienes<\/strong><\/li>\n<li><strong>Secci\u00f3n Inspecci\u00f3n General<\/strong><\/li>\n<li><strong>Secci\u00f3n Tesorer\u00eda<\/strong><\/li>\n<li><strong>Secci\u00f3n Rentas y Patentes<\/strong><\/li>\n<li><strong>Administraci\u00f3n Agua Potable y Alcantarillado de Chacao<\/strong>.<\/li>\n<\/ul>\n<p>[\/vc_column_text][vc_message message_box_style=\u00bbsolid\u00bb message_box_color=\u00bbgreen\u00bb icon_fontawesome=\u00bbfa fa-clock-o\u00bb]<strong>Horarios<\/strong><br \/>\n<strong>Atenci\u00f3n a P\u00fablico: <\/strong>Lunes a Viernes de 08:00 a 13:00 hrs.<br \/>\n<strong>Caja Municipal:<\/strong> Lunes a Viernes de 08:00 a 12:45 hrs.[\/vc_message][vc_message message_box_style=\u00bbsolid\u00bb message_box_color=\u00bbsky\u00bb icon_fontawesome=\u00bbfa fa-map-marker\u00bb]<b>Ubicaci\u00f3n: Edificio Consistorial<\/b><br \/>\nBlanco Encalada N\u00b0 660 &#8211; Z\u00f3calo[\/vc_message][vc_gmaps link=\u00bb#E-8_JTNDaWZyYW1lJTIwc3JjJTNEJTIyaHR0cHMlM0ElMkYlMkZ3d3cuZ29vZ2xlLmNvbSUyRm1hcHMlMkZlbWJlZCUzRnBiJTNEJTIxMW0xOCUyMTFtMTIlMjExbTMlMjExZDc0Mi43ODMyOTIyNDY4MzI0JTIxMmQtNzMuODI4OTc2NTkxNTc3MzIlMjEzZC00MS44Njg0ODEyMjc0Nzg2NyUyMTJtMyUyMTFmMCUyMTJmMCUyMTNmMCUyMTNtMiUyMTFpMTAyNCUyMTJpNzY4JTIxNGYxMy4xJTIxM20zJTIxMW0yJTIxMXMweDk2MjI4ZDU4NmNkOTZiMmYlMjUzQTB4NmM5OTkwMmZiMmUzZDQ4NyUyMTJzSWx1c3RyZSUyQk11bmljaXBhbGlkYWQlMkJkZSUyQkFuY3VkJTIxNWUwJTIxM20yJTIxMXNlcyUyMTJzY2wlMjE0djE1MzE5NDUzNDc5MTMlMjIlMjB3aWR0aCUzRCUyMjQwMCUyMiUyMGhlaWdodCUzRCUyMjIwMCUyMiUyMGZyYW1lYm9yZGVyJTNEJTIyMCUyMiUyMHN0eWxlJTNEJTIyYm9yZGVyJTNBMCUyMiUyMGFsbG93ZnVsbHNjcmVlbiUzRSUzQyUyRmlmcmFtZSUzRQ==\u00bb][\/vc_column][vc_column width=\u00bb1\/3&#8243;][vc_btn title=\u00bbVolver a Unidades Municipales\u00bb style=\u00bbflat\u00bb color=\u00bbprimary\u00bb align=\u00bbleft\u00bb i_icon_fontawesome=\u00bbfa fa-arrow-left\u00bb button_block=\u00bbtrue\u00bb add_icon=\u00bbtrue\u00bb link=\u00bburl:https%3A%2F%2Fwww.muniancud.cl%2Fportal%2Funidades-municipales%2F|||\u00bb][vc_single_image image=\u00bb23281&#8243; img_size=\u00bbfull\u00bb alignment=\u00bbcenter\u00bb style=\u00bbvc_box_rounded\u00bb]<div class=\"td_block_wrap td_block_text_with_title td_uid_1_6a09b0aa0af77_rand td-pb-border-top td_block_template_8\"  data-td-block-uid=\"td_uid_1_6a09b0aa0af77\" ><div class=\"td-block-title-wrap\"><h4 class=\"td-block-title\"><span>Directora de Administraci\u00f3n y Finanzas<\/span><\/h4><\/div><div class=\"td_mod_wrap td-fix-index\"><p><b>Claudia C\u00e1rdenas Videla<\/b><br \/>\nEmail: claudia.cardenas@muniancud.cl<\/p>\n<\/div><\/div><div class=\"td_block_wrap td_block_text_with_title td_uid_2_6a09b0aa0c6f3_rand td-pb-border-top td_block_template_8\"  data-td-block-uid=\"td_uid_2_6a09b0aa0c6f3\" ><div class=\"td-block-title-wrap\"><h4 class=\"td-block-title\"><span>Gesti\u00f3n de Servicios y Bienes<\/span><\/h4><\/div><div class=\"td_mod_wrap td-fix-index\"><p><b>Danitza Gallardo Schulbach<\/b><br \/>\nEmail: danitza.gallardo@muniancud.cl<br \/>\nTel\u00e9fono: 65-2487612<\/p>\n<\/div><\/div><div class=\"td_block_wrap td_block_text_with_title td_uid_3_6a09b0aa0d85e_rand td-pb-border-top td_block_template_8\"  data-td-block-uid=\"td_uid_3_6a09b0aa0d85e\" ><div class=\"td-block-title-wrap\"><h4 class=\"td-block-title\"><span>Tel\u00e9fonos<\/span><\/h4><\/div><div class=\"td_mod_wrap td-fix-index\"><ul>\n<li><strong>Gesti\u00f3n SS y Bienes: <\/strong>65-2487612<\/li>\n<li><strong>Tesorer\u00eda:\u00a0<\/strong>65-2487617<\/li>\n<li><strong>Rentas y Patentes: <\/strong>65-2487620<\/li>\n<li><strong>Inspecci\u00f3n General: <\/strong>65-2487675<\/li>\n<li><strong>Agua Potable Chacao: <\/strong>65-2696260<\/li>\n<\/ul>\n<\/div><\/div>[\/vc_column][\/vc_row]<\/p>\n<\/div>","protected":false},"excerpt":{"rendered":"<p>[vc_row][vc_column width=\u00bb2\/3&#8243;][vc_column_text]La Direcci\u00f3n de Administraci\u00f3n y Finanzas, tiene como objetivo procurar la \u00f3ptima provisi\u00f3n, asignaci\u00f3n y utilizaci\u00f3n de los recursos econ\u00f3micos y materiales necesarios para el funcionamiento municipal. A la Direcci\u00f3n de Administraci\u00f3n y Finanzas le corresponden las siguientes funciones:[\/vc_column_text][vc_tta_accordion style=\u00bbflat\u00bb c_icon=\u00bbchevron\u00bb active_section=\u00bb0&#8243; collapsible_all=\u00bbtrue\u00bb][vc_tta_section title=\u00bbFunciones\u00bb tab_id=\u00bb1532883157741-bb8a9a4f-9ca0fcb3-8dff\u00bb][vc_column_text] Asesorar al Alcalde en materias de administraci\u00f3n de los [&hellip;]<\/p>\n","protected":false},"author":1,"featured_media":0,"parent":466,"menu_order":9,"comment_status":"closed","ping_status":"closed","template":"page-pagebuilder-title.php","meta":{"footnotes":""},"class_list":["post-739","page","type-page","status-publish","hentry"],"_links":{"self":[{"href":"https:\/\/www.muniancud.cl\/portal\/wp-json\/wp\/v2\/pages\/739","targetHints":{"allow":["GET"]}}],"collection":[{"href":"https:\/\/www.muniancud.cl\/portal\/wp-json\/wp\/v2\/pages"}],"about":[{"href":"https:\/\/www.muniancud.cl\/portal\/wp-json\/wp\/v2\/types\/page"}],"author":[{"embeddable":true,"href":"https:\/\/www.muniancud.cl\/portal\/wp-json\/wp\/v2\/users\/1"}],"replies":[{"embeddable":true,"href":"https:\/\/www.muniancud.cl\/portal\/wp-json\/wp\/v2\/comments?post=739"}],"version-history":[{"count":13,"href":"https:\/\/www.muniancud.cl\/portal\/wp-json\/wp\/v2\/pages\/739\/revisions"}],"predecessor-version":[{"id":35464,"href":"https:\/\/www.muniancud.cl\/portal\/wp-json\/wp\/v2\/pages\/739\/revisions\/35464"}],"up":[{"embeddable":true,"href":"https:\/\/www.muniancud.cl\/portal\/wp-json\/wp\/v2\/pages\/466"}],"wp:attachment":[{"href":"https:\/\/www.muniancud.cl\/portal\/wp-json\/wp\/v2\/media?parent=739"}],"curies":[{"name":"wp","href":"https:\/\/api.w.org\/{rel}","templated":true}]}}