{"id":749,"date":"2018-07-12T11:09:49","date_gmt":"2018-07-12T15:09:49","guid":{"rendered":"https:\/\/www.muniancud.cl\/portal\/?page_id=749"},"modified":"2025-03-31T11:21:58","modified_gmt":"2025-03-31T14:21:58","slug":"direccion-de-contabilidad-presupuesto-y-personal","status":"publish","type":"page","link":"https:\/\/www.muniancud.cl\/portal\/unidades-municipales\/direccion-de-contabilidad-presupuesto-y-personal\/","title":{"rendered":"Direcci\u00f3n de Contabilidad, Presupuesto y Personal"},"content":{"rendered":"<div class=\"wpb-content-wrapper\"><p>[vc_row][vc_column width=\u00bb2\/3&#8243;][vc_column_text]La Direcci\u00f3n de Contabilidad, Presupuesto y Personal, tiene como objetivo, apoyar la gesti\u00f3n presupuestaria y contable municipal mediante la elaboraci\u00f3n y mantenci\u00f3n actualizada de los registros presupuestarios y contables y la emisi\u00f3n oportuna de Informes financieros en conformidad \u00a0con las instrucciones que imparta la Contralor\u00eda General de la Rep\u00fablica, coordinar las acciones de administraci\u00f3n y desarrollo del personal municipal, a trav\u00e9s de sus secciones y mantener sistemas y registros de stocks de los insumos necesarios para el normal funcionamiento de todas las Unidades municipales.[\/vc_column_text][vc_tta_accordion style=\u00bbflat\u00bb c_icon=\u00bbchevron\u00bb active_section=\u00bb0&#8243; collapsible_all=\u00bbtrue\u00bb][vc_tta_section title=\u00bbFunciones\u00bb tab_id=\u00bb1532883157741-bb8a9a4f-9ca0baf9-6bc9&#8243;][vc_column_text]<\/p>\n<ol>\n<li>Asesorar al alcalde en la administraci\u00f3n del personal de la Municipalidad. Adem\u00e1s, deber\u00e1 informar trimestralmente al concejo municipal sobre las contrataciones de personal realizadas en el trimestre anterior, individualizando al personal, su calidad jur\u00eddica, estamento, grado de remuneraci\u00f3n y, respecto del personal a honorarios, contratado con cargo al subt\u00edtulo 21, \u00edtem 3, del presupuesto municipal, el detalle de los servicios prestados. Tambi\u00e9n, en la primera sesi\u00f3n de cada a\u00f1o del concejo, deber\u00e1 informar a \u00e9ste sobre el escalaf\u00f3n de m\u00e9rito del personal municipal y un reporte sobre el registro del personal enviado y tramitado en la Contralor\u00eda General de la Rep\u00fablica en el a\u00f1o inmediatamente anterior;<\/li>\n<li>Colaborar con la Secretar\u00eda Comunal de Planificaci\u00f3n en la confecci\u00f3n del presupuesto municipal;<\/li>\n<li>Visar los decretos de pago;<\/li>\n<li>Llevar la contabilidad municipal en conformidad a las normas\u00a0 de la contabilidad nacional y con las instrucciones que la Contralor\u00eda General de la Rep\u00fablica imparta al respecto;<\/li>\n<li>Informar trimestralmente al concejo sobre el detalle mensual de los pasivos acumulados desglosando las cuentas por pagar por el municipio y las corporaciones municipales. Al efecto, dichas corporaciones deber\u00e1n informar a esta Unidad acerca de su situaci\u00f3n financiera, desglosando las cuentas por pagar;<\/li>\n<li>Mantener un registro mensual, el que estar\u00e1 disponible para conocimiento p\u00fablico, sobre el desglose de los gastos del municipio. En todo caso, cada concejal tendr\u00e1 acceso permanente a todos los gastos efectuados por la municipalidad;<\/li>\n<li>Remitir a la Subsecretar\u00eda de Desarrollo Regional y Administrativo del Ministerio del Interior, en el formato y por los medios que esta determine y proporcione, los antecedentes a que se refieren las letras c) y d)\u00a0 del art\u00edculo 27 de la ley 18.695, Org\u00e1nica Constitucional de Municipalidades;<\/li>\n<li>Toda aquellas funciones espec\u00edficas, relacionadas con las anteriores, que el alcalde o la ley le encomienden.<\/li>\n<\/ol>\n<p>[\/vc_column_text][\/vc_tta_section][\/vc_tta_accordion][vc_column_text]De la Direcci\u00f3n de Contabilidad, Presupuesto y Personal dependen los siguientes departamentos, secciones y oficinas:<\/p>\n<ul class=\"td-arrow-list\">\n<li><strong>Departamento de Gesti\u00f3n de Personas<\/strong><\/li>\n<li>Secci\u00f3n Remuneraciones<\/li>\n<li>Secci\u00f3n Administraci\u00f3n del Personal<\/li>\n<li>Oficina Capacitaci\u00f3n del Personal<\/li>\n<li>Oficina de Bienestar y Seguridad del personal<\/li>\n<li><strong>Departamento de Contabilidad y Presupuesto\u00a0\u00a0 <\/strong><\/li>\n<li>Secci\u00f3n Contabilidad y Presupuesto<\/li>\n<li>Secci\u00f3n Adquisiciones, Existencia y Bodega<\/li>\n<li>Secci\u00f3n Inventarios<\/li>\n<\/ul>\n<p>[\/vc_column_text][vc_message message_box_style=\u00bbsolid\u00bb message_box_color=\u00bbsky\u00bb icon_fontawesome=\u00bbfa fa-map-marker\u00bb]<b>Ubicaci\u00f3n: Edificio Consistorial<\/b><br \/>\nBlanco Encalada N\u00b0 660 &#8211; Z\u00f3calo[\/vc_message][vc_gmaps link=\u00bb#E-8_JTNDaWZyYW1lJTIwc3JjJTNEJTIyaHR0cHMlM0ElMkYlMkZ3d3cuZ29vZ2xlLmNvbSUyRm1hcHMlMkZlbWJlZCUzRnBiJTNEJTIxMW0xOCUyMTFtMTIlMjExbTMlMjExZDc0Mi43ODMyOTIyNDY4MzI0JTIxMmQtNzMuODI4OTc2NTkxNTc3MzIlMjEzZC00MS44Njg0ODEyMjc0Nzg2NyUyMTJtMyUyMTFmMCUyMTJmMCUyMTNmMCUyMTNtMiUyMTFpMTAyNCUyMTJpNzY4JTIxNGYxMy4xJTIxM20zJTIxMW0yJTIxMXMweDk2MjI4ZDU4NmNkOTZiMmYlMjUzQTB4NmM5OTkwMmZiMmUzZDQ4NyUyMTJzSWx1c3RyZSUyQk11bmljaXBhbGlkYWQlMkJkZSUyQkFuY3VkJTIxNWUwJTIxM20yJTIxMXNlcyUyMTJzY2wlMjE0djE1MzE5NDUzNDc5MTMlMjIlMjB3aWR0aCUzRCUyMjQwMCUyMiUyMGhlaWdodCUzRCUyMjIwMCUyMiUyMGZyYW1lYm9yZGVyJTNEJTIyMCUyMiUyMHN0eWxlJTNEJTIyYm9yZGVyJTNBMCUyMiUyMGFsbG93ZnVsbHNjcmVlbiUzRSUzQyUyRmlmcmFtZSUzRQ==\u00bb][\/vc_column][vc_column width=\u00bb1\/3&#8243;][vc_btn title=\u00bbVolver a Unidades Municipales\u00bb style=\u00bbflat\u00bb color=\u00bbprimary\u00bb align=\u00bbleft\u00bb i_icon_fontawesome=\u00bbfa fa-arrow-left\u00bb button_block=\u00bbtrue\u00bb add_icon=\u00bbtrue\u00bb link=\u00bburl:https%3A%2F%2Fwww.muniancud.cl%2Fportal%2Funidades-municipales%2F|||\u00bb][vc_single_image image=\u00bb35047&#8243; img_size=\u00bbfull\u00bb alignment=\u00bbcenter\u00bb style=\u00bbvc_box_rounded\u00bb css=\u00bb\u00bb]<div class=\"td_block_wrap td_block_text_with_title td_uid_1_69e655511c797_rand td-pb-border-top td_block_template_8\"  data-td-block-uid=\"td_uid_1_69e655511c797\" ><div class=\"td-block-title-wrap\"><h4 class=\"td-block-title\"><span>Director de Contabilidad, Presupuesto y Personal<\/span><\/h4><\/div><div class=\"td_mod_wrap td-fix-index\"><p><b>Juan Ram\u00f3n Millatureo Oyarzo<\/b><br \/>\nEmail: juan.millatureo@muniancud.cl<\/p>\n<\/div><\/div><div class=\"td_block_wrap td_block_text_with_title td_uid_2_69e655511dad9_rand td-pb-border-top td_block_template_8\"  data-td-block-uid=\"td_uid_2_69e655511dad9\" ><div class=\"td-block-title-wrap\"><h4 class=\"td-block-title\"><span>Encargada de Personal y Recursos Humanos<\/span><\/h4><\/div><div class=\"td_mod_wrap td-fix-index\"><p><strong>Adriana Ya\u00f1ez<\/strong><br \/>\nEmail: adriana.yanez@muniancud.cl<\/p>\n<\/div><\/div><div class=\"td_block_wrap td_block_text_with_title td_uid_3_69e655511e919_rand td-pb-border-top td_block_template_8\"  data-td-block-uid=\"td_uid_3_69e655511e919\" ><div class=\"td-block-title-wrap\"><h4 class=\"td-block-title\"><span>Encargada de Contabilidad<\/span><\/h4><\/div><div class=\"td_mod_wrap td-fix-index\"><p><strong>Adriana Oyarzo<\/strong><br \/>\nEmail: adriana.oyarzo@muniancud.cl<\/p>\n<\/div><\/div><div class=\"td_block_wrap td_block_text_with_title td_uid_4_69e655511f626_rand td-pb-border-top td_block_template_8\"  data-td-block-uid=\"td_uid_4_69e655511f626\" ><div class=\"td-block-title-wrap\"><h4 class=\"td-block-title\"><span>Habilitado<\/span><\/h4><\/div><div class=\"td_mod_wrap td-fix-index\"><p><strong>Luis Soto Garay<\/strong><br \/>\nEmail: luis.soto@muniancud.cl<br \/>\nTel\u00e9fono: 65-2487664<\/p>\n<\/div><\/div><div class=\"td_block_wrap td_block_text_with_title td_uid_5_69e65551203d9_rand td-pb-border-top td_block_template_8\"  data-td-block-uid=\"td_uid_5_69e65551203d9\" ><div class=\"td-block-title-wrap\"><h4 class=\"td-block-title\"><span>Tel\u00e9fonos<\/span><\/h4><\/div><div class=\"td_mod_wrap td-fix-index\"><ul>\n<li><strong>Contabilidad<\/strong><strong>:\u00a0<\/strong>65-2487607<\/li>\n<li><strong>Adquisiciones: <\/strong>65-2487609<\/li>\n<li><strong>Inventario y<\/strong>\u00a0<strong>Bodega: <\/strong>65-2487622<\/li>\n<li><strong>Habilitado:<\/strong> 65-2487664<\/li>\n<li><strong>Adm. Personal:<\/strong>\u00a065-487667<\/li>\n<li><strong>Cap. Personal: <\/strong>65-2487666<\/li>\n<li><strong>Bienestar y Seguridad:\u00a0<\/strong>65-487665<\/li>\n<\/ul>\n<\/div><\/div>[\/vc_column][\/vc_row]<\/p>\n<\/div>","protected":false},"excerpt":{"rendered":"<p>[vc_row][vc_column width=\u00bb2\/3&#8243;][vc_column_text]La Direcci\u00f3n de Contabilidad, Presupuesto y Personal, tiene como objetivo, apoyar la gesti\u00f3n presupuestaria y contable municipal mediante la elaboraci\u00f3n y mantenci\u00f3n actualizada de los registros presupuestarios y contables y la emisi\u00f3n oportuna de Informes financieros en conformidad \u00a0con las instrucciones que imparta la Contralor\u00eda General de la Rep\u00fablica, coordinar las acciones de administraci\u00f3n [&hellip;]<\/p>\n","protected":false},"author":1,"featured_media":0,"parent":466,"menu_order":14,"comment_status":"closed","ping_status":"closed","template":"page-pagebuilder-title.php","meta":{"footnotes":""},"class_list":["post-749","page","type-page","status-publish","hentry"],"_links":{"self":[{"href":"https:\/\/www.muniancud.cl\/portal\/wp-json\/wp\/v2\/pages\/749","targetHints":{"allow":["GET"]}}],"collection":[{"href":"https:\/\/www.muniancud.cl\/portal\/wp-json\/wp\/v2\/pages"}],"about":[{"href":"https:\/\/www.muniancud.cl\/portal\/wp-json\/wp\/v2\/types\/page"}],"author":[{"embeddable":true,"href":"https:\/\/www.muniancud.cl\/portal\/wp-json\/wp\/v2\/users\/1"}],"replies":[{"embeddable":true,"href":"https:\/\/www.muniancud.cl\/portal\/wp-json\/wp\/v2\/comments?post=749"}],"version-history":[{"count":12,"href":"https:\/\/www.muniancud.cl\/portal\/wp-json\/wp\/v2\/pages\/749\/revisions"}],"predecessor-version":[{"id":35052,"href":"https:\/\/www.muniancud.cl\/portal\/wp-json\/wp\/v2\/pages\/749\/revisions\/35052"}],"up":[{"embeddable":true,"href":"https:\/\/www.muniancud.cl\/portal\/wp-json\/wp\/v2\/pages\/466"}],"wp:attachment":[{"href":"https:\/\/www.muniancud.cl\/portal\/wp-json\/wp\/v2\/media?parent=749"}],"curies":[{"name":"wp","href":"https:\/\/api.w.org\/{rel}","templated":true}]}}