{"id":753,"date":"2018-07-12T11:10:21","date_gmt":"2018-07-12T15:10:21","guid":{"rendered":"https:\/\/www.muniancud.cl\/portal\/?page_id=753"},"modified":"2025-10-20T13:42:51","modified_gmt":"2025-10-20T16:42:51","slug":"direccion-de-operaciones","status":"publish","type":"page","link":"https:\/\/www.muniancud.cl\/portal\/unidades-municipales\/direccion-de-operaciones\/","title":{"rendered":"Direcci\u00f3n de Operaciones"},"content":{"rendered":"<div class=\"wpb-content-wrapper\"><p>[vc_row][vc_column width=\u00bb2\/3&#8243;][vc_column_text]La Direcci\u00f3n de Operaciones tiene por objeto velar por el correcto uso y funcionamiento mec\u00e1nico de los veh\u00edculos y maquinarias municipales, debiendo registrar en forma \u00fatil y oportuna la informaci\u00f3n t\u00e9cnica y dem\u00e1s antecedentes relativos a estos, velar por la \u00f3ptima mantenci\u00f3n del parque automotriz municipal y cabal aplicaci\u00f3n de las normas sobre el uso de veh\u00edculos municipales, observar rigurosamente los planes de trabajo que impliquen la utilizaci\u00f3n de rodados municipales.<\/p>\n<p>De dicha Direcci\u00f3n depender\u00e1 el personal que ejerza labores de chofer u operador de m\u00e1quinas en forma privativa y tendr\u00e1 la supervisi\u00f3n del personal municipal que, eventualmente, sin perjuicio de sus labores habituales, ejerza dichas funciones.<\/p>\n<p>Por otra parte, le corresponder\u00e1 organizar y ejecutar planes o proyectos de desarrollo vial rural el mantenimiento\u00a0y mejoramiento de las v\u00edas p\u00fablicas, tanto urbanas como rurales que mantengan carpetas de rodado de ripio y que sean de\u00a0responsabilidad de la Municipalidad.<\/p>\n<p>Bajo su dependencia funcionan las secciones:<\/p>\n<ul class=\"td-arrow-list\">\n<li><strong>Secci\u00f3n Administraci\u00f3n de\u00a0 Veh\u00edculos y maquinarias<\/strong><\/li>\n<li><strong>Secci\u00f3n Obras Viales<\/strong><\/li>\n<li><strong>Secci\u00f3n Talleres<\/strong><\/li>\n<\/ul>\n<p>[\/vc_column_text][vc_message message_box_style=\u00bbsolid\u00bb message_box_color=\u00bbsky\u00bb icon_fontawesome=\u00bbfa fa-map-marker\u00bb]<strong>Ubicaci\u00f3n:\u00a0Direcci\u00f3n de Operaciones<\/strong><br \/>\nSector Bellavista S\/N &#8211; Al lado de Escuela de Formaci\u00f3n de Carabineros[\/vc_message][vc_gmaps link=\u00bb#E-8_JTNDaWZyYW1lJTIwc3JjJTNEJTIyaHR0cHMlM0ElMkYlMkZ3d3cuZ29vZ2xlLmNvbSUyRm1hcHMlMkZlbWJlZCUzRnBiJTNEJTIxMW0xOCUyMTFtMTIlMjExbTMlMjExZDE3NzIuMzgwMzY2OTAzMjUxMSUyMTJkLTczLjgxOTY4MDA1OTI0NTAyJTIxM2QtNDEuODc2MDA4OTkyNjEyNjc1JTIxMm0zJTIxMWYwJTIxMmYwJTIxM2YwJTIxM20yJTIxMWkxMDI0JTIxMmk3NjglMjE0ZjEzLjElMjEzbTMlMjExbTIlMjExczB4MCUyNTNBMHgwJTIxMnpOREhDc0RVeUp6TXpMallpVXlBM004S3dORGtuTURZdU1pSlglMjE1ZTAlMjEzbTIlMjExc2VzLTQxOSUyMTJzY2wlMjE0djE1NDMzNzAxODY0MjclMjIlMjB3aWR0aCUzRCUyMjQwMCUyMiUyMGhlaWdodCUzRCUyMjIwMCUyMiUyMGZyYW1lYm9yZGVyJTNEJTIyMCUyMiUyMHN0eWxlJTNEJTIyYm9yZGVyJTNBMCUyMiUyMGFsbG93ZnVsbHNjcmVlbiUzRSUzQyUyRmlmcmFtZSUzRQ==\u00bb][\/vc_column][vc_column width=\u00bb1\/3&#8243;][vc_btn title=\u00bbVolver a Unidades Municipales\u00bb style=\u00bbflat\u00bb color=\u00bbprimary\u00bb align=\u00bbleft\u00bb i_icon_fontawesome=\u00bbfa fa-arrow-left\u00bb button_block=\u00bbtrue\u00bb add_icon=\u00bbtrue\u00bb link=\u00bburl:https%3A%2F%2Fwww.muniancud.cl%2Fportal%2Funidades-municipales%2F|||\u00bb][vc_single_image image=\u00bb24650&#8243; img_size=\u00bbfull\u00bb alignment=\u00bbcenter\u00bb style=\u00bbvc_box_rounded\u00bb]<div class=\"td_block_wrap td_block_text_with_title td_uid_1_69d3ed6ea1194_rand td-pb-border-top td_block_template_8\"  data-td-block-uid=\"td_uid_1_69d3ed6ea1194\" ><div class=\"td-block-title-wrap\"><h4 class=\"td-block-title\"><span>Director de Operaciones<\/span><\/h4><\/div><div class=\"td_mod_wrap td-fix-index\"><p><strong>Alexis Latorre Herrera<\/strong><br \/>\nEmail: alexis.latorre@muniancud.cl<\/p>\n<\/div><\/div><div class=\"td_block_wrap td_block_text_with_title td_uid_2_69d3ed6ea1964_rand td-pb-border-top td_block_template_8\"  data-td-block-uid=\"td_uid_2_69d3ed6ea1964\" ><div class=\"td-block-title-wrap\"><h4 class=\"td-block-title\"><span>Administrativo<\/span><\/h4><\/div><div class=\"td_mod_wrap td-fix-index\"><p><strong>Oscar Krausse Aguila<\/strong><br \/>\nEmail: oscar.krausse@muniancud.cl<br \/>\nTel\u00e9fono: 65-2628276<\/p>\n<\/div><\/div>[\/vc_column][\/vc_row][vc_row][vc_column]<div class=\"td_block_wrap td_block_16 td_uid_3_69d3ed6ea20ee_rand td_with_ajax_pagination td-pb-border-top td_block_template_8 td-column-1 td_block_padding\"  data-td-block-uid=\"td_uid_3_69d3ed6ea20ee\" ><script>var block_td_uid_3_69d3ed6ea20ee = new tdBlock();\nblock_td_uid_3_69d3ed6ea20ee.id = \"td_uid_3_69d3ed6ea20ee\";\nblock_td_uid_3_69d3ed6ea20ee.atts = '{\"custom_title\":\"Noticias Operaciones\",\"category_id\":\"30\",\"ajax_pagination\":\"next_prev\",\"separator\":\"\",\"custom_url\":\"\",\"block_template_id\":\"\",\"mx7_tl\":\"\",\"mx7_el\":\"\",\"m6_tl\":\"\",\"post_ids\":\"\",\"category_ids\":\"\",\"tag_slug\":\"\",\"autors_id\":\"\",\"installed_post_types\":\"\",\"sort\":\"\",\"limit\":\"5\",\"offset\":\"\",\"el_class\":\"\",\"td_ajax_filter_type\":\"\",\"td_ajax_filter_ids\":\"\",\"td_filter_default_txt\":\"All\",\"td_ajax_preloading\":\"\",\"f_header_font_header\":\"\",\"f_header_font_title\":\"Block header\",\"f_header_font_settings\":\"\",\"f_header_font_family\":\"\",\"f_header_font_size\":\"\",\"f_header_font_line_height\":\"\",\"f_header_font_style\":\"\",\"f_header_font_weight\":\"\",\"f_header_font_transform\":\"\",\"f_header_font_spacing\":\"\",\"f_header_\":\"\",\"f_ajax_font_title\":\"Ajax categories\",\"f_ajax_font_settings\":\"\",\"f_ajax_font_family\":\"\",\"f_ajax_font_size\":\"\",\"f_ajax_font_line_height\":\"\",\"f_ajax_font_style\":\"\",\"f_ajax_font_weight\":\"\",\"f_ajax_font_transform\":\"\",\"f_ajax_font_spacing\":\"\",\"f_ajax_\":\"\",\"f_more_font_title\":\"Load more button\",\"f_more_font_settings\":\"\",\"f_more_font_family\":\"\",\"f_more_font_size\":\"\",\"f_more_font_line_height\":\"\",\"f_more_font_style\":\"\",\"f_more_font_weight\":\"\",\"f_more_font_transform\":\"\",\"f_more_font_spacing\":\"\",\"f_more_\":\"\",\"mx7f_title_font_header\":\"\",\"mx7f_title_font_title\":\"Article title\",\"mx7f_title_font_settings\":\"\",\"mx7f_title_font_family\":\"\",\"mx7f_title_font_size\":\"\",\"mx7f_title_font_line_height\":\"\",\"mx7f_title_font_style\":\"\",\"mx7f_title_font_weight\":\"\",\"mx7f_title_font_transform\":\"\",\"mx7f_title_font_spacing\":\"\",\"mx7f_title_\":\"\",\"mx7f_cat_font_title\":\"Article category tag\",\"mx7f_cat_font_settings\":\"\",\"mx7f_cat_font_family\":\"\",\"mx7f_cat_font_size\":\"\",\"mx7f_cat_font_line_height\":\"\",\"mx7f_cat_font_style\":\"\",\"mx7f_cat_font_weight\":\"\",\"mx7f_cat_font_transform\":\"\",\"mx7f_cat_font_spacing\":\"\",\"mx7f_cat_\":\"\",\"mx7f_meta_font_title\":\"Article meta info\",\"mx7f_meta_font_settings\":\"\",\"mx7f_meta_font_family\":\"\",\"mx7f_meta_font_size\":\"\",\"mx7f_meta_font_line_height\":\"\",\"mx7f_meta_font_style\":\"\",\"mx7f_meta_font_weight\":\"\",\"mx7f_meta_font_transform\":\"\",\"mx7f_meta_font_spacing\":\"\",\"mx7f_meta_\":\"\",\"mx7f_ex_font_title\":\"Article excerpt\",\"mx7f_ex_font_settings\":\"\",\"mx7f_ex_font_family\":\"\",\"mx7f_ex_font_size\":\"\",\"mx7f_ex_font_line_height\":\"\",\"mx7f_ex_font_style\":\"\",\"mx7f_ex_font_weight\":\"\",\"mx7f_ex_font_transform\":\"\",\"mx7f_ex_font_spacing\":\"\",\"mx7f_ex_\":\"\",\"m6f_title_font_header\":\"\",\"m6f_title_font_title\":\"Article title\",\"m6f_title_font_settings\":\"\",\"m6f_title_font_family\":\"\",\"m6f_title_font_size\":\"\",\"m6f_title_font_line_height\":\"\",\"m6f_title_font_style\":\"\",\"m6f_title_font_weight\":\"\",\"m6f_title_font_transform\":\"\",\"m6f_title_font_spacing\":\"\",\"m6f_title_\":\"\",\"m6f_cat_font_title\":\"Article category tag\",\"m6f_cat_font_settings\":\"\",\"m6f_cat_font_family\":\"\",\"m6f_cat_font_size\":\"\",\"m6f_cat_font_line_height\":\"\",\"m6f_cat_font_style\":\"\",\"m6f_cat_font_weight\":\"\",\"m6f_cat_font_transform\":\"\",\"m6f_cat_font_spacing\":\"\",\"m6f_cat_\":\"\",\"m6f_meta_font_title\":\"Article meta info\",\"m6f_meta_font_settings\":\"\",\"m6f_meta_font_family\":\"\",\"m6f_meta_font_size\":\"\",\"m6f_meta_font_line_height\":\"\",\"m6f_meta_font_style\":\"\",\"m6f_meta_font_weight\":\"\",\"m6f_meta_font_transform\":\"\",\"m6f_meta_font_spacing\":\"\",\"m6f_meta_\":\"\",\"ajax_pagination_infinite_stop\":\"\",\"css\":\"\",\"tdc_css\":\"\",\"td_column_number\":1,\"header_color\":\"\",\"color_preset\":\"\",\"border_top\":\"\",\"class\":\"td_uid_3_69d3ed6ea20ee_rand\",\"tdc_css_class\":\"td_uid_3_69d3ed6ea20ee_rand\",\"tdc_css_class_style\":\"td_uid_3_69d3ed6ea20ee_rand_style\"}';\nblock_td_uid_3_69d3ed6ea20ee.td_column_number = \"1\";\nblock_td_uid_3_69d3ed6ea20ee.block_type = \"td_block_16\";\nblock_td_uid_3_69d3ed6ea20ee.post_count = \"5\";\nblock_td_uid_3_69d3ed6ea20ee.found_posts = \"23\";\nblock_td_uid_3_69d3ed6ea20ee.header_color = \"\";\nblock_td_uid_3_69d3ed6ea20ee.ajax_pagination_infinite_stop = \"\";\nblock_td_uid_3_69d3ed6ea20ee.max_num_pages = \"5\";\ntdBlocksArray.push(block_td_uid_3_69d3ed6ea20ee);\n<\/script><div class=\"td-block-title-wrap\"><h4 class=\"td-block-title\"><span>Noticias Operaciones<\/span><\/h4><\/div><div id=td_uid_3_69d3ed6ea20ee class=\"td_block_inner td-column-1\">\n\n\t<div class=\"td-block-span12\">\n\n        <div class=\"td_module_6 td_module_wrap td-animation-stack\">\n\n        <div class=\"td-module-thumb\"><a href=\"https:\/\/www.muniancud.cl\/portal\/reciclaje-de-ancud-viaja-a-santiago-para-su-fundicion\/\" rel=\"bookmark\" class=\"td-image-wrap\" title=\"Reciclaje de Ancud viaja a Santiago para su fundici\u00f3n\"><img loading=\"lazy\" decoding=\"async\" class=\"entry-thumb\" src=\"data:image\/png;base64,iVBORw0KGgoAAAANSUhEUgAAAGQAAABGAQMAAAAASKMqAAAAA1BMVEWurq51dlI4AAAAAXRSTlMmkutdmwAAABBJREFUKM9jGAWjYBQMKwAAA9QAAQWBn6cAAAAASUVORK5CYII=\"alt=\"\" title=\"Reciclaje de Ancud viaja a Santiago para su fundici\u00f3n\" data-type=\"image_tag\" data-img-url=\"https:\/\/www.muniancud.cl\/portal\/wp-content\/uploads\/2026\/03\/WhatsApp-Image-2026-03-11-at-17.13.39-2-100x70.jpeg\"  width=\"100\" height=\"70\" \/><\/a><\/div>\n        <div class=\"item-details\">\n            <h3 class=\"entry-title td-module-title\"><a href=\"https:\/\/www.muniancud.cl\/portal\/reciclaje-de-ancud-viaja-a-santiago-para-su-fundicion\/\" rel=\"bookmark\" title=\"Reciclaje de Ancud viaja a Santiago para su fundici\u00f3n\">Reciclaje de Ancud viaja a Santiago para su fundici\u00f3n<\/a><\/h3>            <div class=\"td-module-meta-info\">\n                                                <span class=\"td-post-date\"><time class=\"entry-date updated td-module-date\" datetime=\"2026-03-12T09:35:34+00:00\" >12\/03\/2026<\/time><\/span>                            <\/div>\n        <\/div>\n\n        <\/div>\n\n        \n\t<\/div> <!-- .\/td-block-span12 -->\n\n\t<div class=\"td-block-span12\">\n\n        <div class=\"td_module_6 td_module_wrap td-animation-stack\">\n\n        <div class=\"td-module-thumb\"><a href=\"https:\/\/www.muniancud.cl\/portal\/agua-potable-y-alcantarillado-un-futuro-mas-digno-para-el-pasaje-huentelican\/\" rel=\"bookmark\" class=\"td-image-wrap\" title=\"Agua potable y alcantarillado: \u201cun futuro m\u00e1s digno para el Pasaje Huentelic\u00e1n\u201d\"><img loading=\"lazy\" decoding=\"async\" class=\"entry-thumb\" src=\"data:image\/png;base64,iVBORw0KGgoAAAANSUhEUgAAAGQAAABGAQMAAAAASKMqAAAAA1BMVEWurq51dlI4AAAAAXRSTlMmkutdmwAAABBJREFUKM9jGAWjYBQMKwAAA9QAAQWBn6cAAAAASUVORK5CYII=\"alt=\"\" data-type=\"image_tag\" data-img-url=\"https:\/\/www.muniancud.cl\/portal\/wp-content\/themes\/Newspaper\/images\/no-thumb\/td_100x70.png\"  width=\"100\" height=\"70\" \/><\/a><\/div>\n        <div class=\"item-details\">\n            <h3 class=\"entry-title td-module-title\"><a href=\"https:\/\/www.muniancud.cl\/portal\/agua-potable-y-alcantarillado-un-futuro-mas-digno-para-el-pasaje-huentelican\/\" rel=\"bookmark\" title=\"Agua potable y alcantarillado: \u201cun futuro m\u00e1s digno para el Pasaje Huentelic\u00e1n\u201d\">Agua potable y alcantarillado: \u201cun futuro m\u00e1s digno para el Pasaje...<\/a><\/h3>            <div class=\"td-module-meta-info\">\n                                                <span class=\"td-post-date\"><time class=\"entry-date updated td-module-date\" datetime=\"2026-01-29T15:54:17+00:00\" >29\/01\/2026<\/time><\/span>                            <\/div>\n        <\/div>\n\n        <\/div>\n\n        \n\t<\/div> <!-- .\/td-block-span12 -->\n\n\t<div class=\"td-block-span12\">\n\n        <div class=\"td_module_6 td_module_wrap td-animation-stack\">\n\n        <div class=\"td-module-thumb\"><a href=\"https:\/\/www.muniancud.cl\/portal\/avanza-licitacion-del-proyecto-de-defensa-fluvial-en-ancud-tras-reunion-informativa-con-autoridades-y-vecinos\/\" rel=\"bookmark\" class=\"td-image-wrap\" title=\"Avanza licitaci\u00f3n del proyecto de defensa fluvial en Ancud tras reuni\u00f3n informativa con autoridades y vecinos\"><img loading=\"lazy\" decoding=\"async\" class=\"entry-thumb\" src=\"data:image\/png;base64,iVBORw0KGgoAAAANSUhEUgAAAGQAAABGAQMAAAAASKMqAAAAA1BMVEWurq51dlI4AAAAAXRSTlMmkutdmwAAABBJREFUKM9jGAWjYBQMKwAAA9QAAQWBn6cAAAAASUVORK5CYII=\"alt=\"\" title=\"Avanza licitaci\u00f3n del proyecto de defensa fluvial en Ancud tras reuni\u00f3n informativa con autoridades y vecinos\" data-type=\"image_tag\" data-img-url=\"https:\/\/www.muniancud.cl\/portal\/wp-content\/uploads\/2025\/12\/473572914_29234277212838443_4102928603313290465_n-1-1-100x70.jpg\"  width=\"100\" height=\"70\" \/><\/a><\/div>\n        <div class=\"item-details\">\n            <h3 class=\"entry-title td-module-title\"><a href=\"https:\/\/www.muniancud.cl\/portal\/avanza-licitacion-del-proyecto-de-defensa-fluvial-en-ancud-tras-reunion-informativa-con-autoridades-y-vecinos\/\" rel=\"bookmark\" title=\"Avanza licitaci\u00f3n del proyecto de defensa fluvial en Ancud tras reuni\u00f3n informativa con autoridades y vecinos\">Avanza licitaci\u00f3n del proyecto de defensa fluvial en Ancud tras reuni\u00f3n...<\/a><\/h3>            <div class=\"td-module-meta-info\">\n                                                <span class=\"td-post-date\"><time class=\"entry-date updated td-module-date\" datetime=\"2025-12-05T16:31:08+00:00\" >05\/12\/2025<\/time><\/span>                            <\/div>\n        <\/div>\n\n        <\/div>\n\n        \n\t<\/div> <!-- .\/td-block-span12 -->\n\n\t<div class=\"td-block-span12\">\n\n        <div class=\"td_module_6 td_module_wrap td-animation-stack\">\n\n        <div class=\"td-module-thumb\"><a href=\"https:\/\/www.muniancud.cl\/portal\/inicio-de-obras-de-mejoramiento-en-ruta-5-entre-chacao-y-puente-pudeto-ancud\/\" rel=\"bookmark\" class=\"td-image-wrap\" title=\"Inicio de obras de mejoramiento en Ruta 5 entre Chacao y Puente Pudeto \u2013 Ancud\"><img loading=\"lazy\" decoding=\"async\" class=\"entry-thumb\" src=\"data:image\/png;base64,iVBORw0KGgoAAAANSUhEUgAAAGQAAABGAQMAAAAASKMqAAAAA1BMVEWurq51dlI4AAAAAXRSTlMmkutdmwAAABBJREFUKM9jGAWjYBQMKwAAA9QAAQWBn6cAAAAASUVORK5CYII=\"alt=\"\" title=\"Inicio de obras de mejoramiento en Ruta 5 entre Chacao y Puente Pudeto \u2013 Ancud\" data-type=\"image_tag\" data-img-url=\"https:\/\/www.muniancud.cl\/portal\/wp-content\/uploads\/2025\/11\/586061009_10240564167064801_5226550181281728033_n-1-100x70.jpg\"  width=\"100\" height=\"70\" \/><\/a><\/div>\n        <div class=\"item-details\">\n            <h3 class=\"entry-title td-module-title\"><a href=\"https:\/\/www.muniancud.cl\/portal\/inicio-de-obras-de-mejoramiento-en-ruta-5-entre-chacao-y-puente-pudeto-ancud\/\" rel=\"bookmark\" title=\"Inicio de obras de mejoramiento en Ruta 5 entre Chacao y Puente Pudeto \u2013 Ancud\">Inicio de obras de mejoramiento en Ruta 5 entre Chacao y...<\/a><\/h3>            <div class=\"td-module-meta-info\">\n                                                <span class=\"td-post-date\"><time class=\"entry-date updated td-module-date\" datetime=\"2025-11-19T09:52:34+00:00\" >19\/11\/2025<\/time><\/span>                            <\/div>\n        <\/div>\n\n        <\/div>\n\n        \n\t<\/div> <!-- .\/td-block-span12 -->\n\n\t<div class=\"td-block-span12\">\n\n        <div class=\"td_module_6 td_module_wrap td-animation-stack\">\n\n        <div class=\"td-module-thumb\"><a href=\"https:\/\/www.muniancud.cl\/portal\/controlan-incendio-forestal-en-el-huaihuen\/\" rel=\"bookmark\" class=\"td-image-wrap\" title=\"Controlan Incendio Forestal en el \u201cHuaihu\u00e9n\u201d\"><img loading=\"lazy\" decoding=\"async\" class=\"entry-thumb\" src=\"data:image\/png;base64,iVBORw0KGgoAAAANSUhEUgAAAGQAAABGAQMAAAAASKMqAAAAA1BMVEWurq51dlI4AAAAAXRSTlMmkutdmwAAABBJREFUKM9jGAWjYBQMKwAAA9QAAQWBn6cAAAAASUVORK5CYII=\"alt=\"\" title=\"Controlan Incendio Forestal en el \u201cHuaihu\u00e9n\u201d\" data-type=\"image_tag\" data-img-url=\"https:\/\/www.muniancud.cl\/portal\/wp-content\/uploads\/2025\/10\/571143308_10240243701413360_5314855233168462015_n-100x70.jpg\"  width=\"100\" height=\"70\" \/><\/a><\/div>\n        <div class=\"item-details\">\n            <h3 class=\"entry-title td-module-title\"><a href=\"https:\/\/www.muniancud.cl\/portal\/controlan-incendio-forestal-en-el-huaihuen\/\" rel=\"bookmark\" title=\"Controlan Incendio Forestal en el \u201cHuaihu\u00e9n\u201d\">Controlan Incendio Forestal en el \u201cHuaihu\u00e9n\u201d<\/a><\/h3>            <div class=\"td-module-meta-info\">\n                                                <span class=\"td-post-date\"><time class=\"entry-date updated td-module-date\" datetime=\"2025-10-27T17:25:17+00:00\" >27\/10\/2025<\/time><\/span>                            <\/div>\n        <\/div>\n\n        <\/div>\n\n        \n\t<\/div> <!-- .\/td-block-span12 --><\/div><div class=\"td-next-prev-wrap\"><a href=\"#\" class=\"td-ajax-prev-page ajax-page-disabled\" id=\"prev-page-td_uid_3_69d3ed6ea20ee\" data-td_block_id=\"td_uid_3_69d3ed6ea20ee\"><i class=\"td-icon-font td-icon-menu-left\"><\/i><\/a><a href=\"#\"  class=\"td-ajax-next-page\" id=\"next-page-td_uid_3_69d3ed6ea20ee\" data-td_block_id=\"td_uid_3_69d3ed6ea20ee\"><i class=\"td-icon-font td-icon-menu-right\"><\/i><\/a><\/div><\/div> <!-- .\/block -->[\/vc_column][\/vc_row]<\/p>\n<\/div>","protected":false},"excerpt":{"rendered":"<p>[vc_row][vc_column width=\u00bb2\/3&#8243;][vc_column_text]La Direcci\u00f3n de Operaciones tiene por objeto velar por el correcto uso y funcionamiento mec\u00e1nico de los veh\u00edculos y maquinarias municipales, debiendo registrar en forma \u00fatil y oportuna la informaci\u00f3n t\u00e9cnica y dem\u00e1s antecedentes relativos a estos, velar por la \u00f3ptima mantenci\u00f3n del parque automotriz municipal y cabal aplicaci\u00f3n de las normas sobre el [&hellip;]<\/p>\n","protected":false},"author":1,"featured_media":0,"parent":466,"menu_order":16,"comment_status":"closed","ping_status":"closed","template":"page-pagebuilder-title.php","meta":{"footnotes":""},"class_list":["post-753","page","type-page","status-publish","hentry"],"_links":{"self":[{"href":"https:\/\/www.muniancud.cl\/portal\/wp-json\/wp\/v2\/pages\/753","targetHints":{"allow":["GET"]}}],"collection":[{"href":"https:\/\/www.muniancud.cl\/portal\/wp-json\/wp\/v2\/pages"}],"about":[{"href":"https:\/\/www.muniancud.cl\/portal\/wp-json\/wp\/v2\/types\/page"}],"author":[{"embeddable":true,"href":"https:\/\/www.muniancud.cl\/portal\/wp-json\/wp\/v2\/users\/1"}],"replies":[{"embeddable":true,"href":"https:\/\/www.muniancud.cl\/portal\/wp-json\/wp\/v2\/comments?post=753"}],"version-history":[{"count":6,"href":"https:\/\/www.muniancud.cl\/portal\/wp-json\/wp\/v2\/pages\/753\/revisions"}],"predecessor-version":[{"id":36077,"href":"https:\/\/www.muniancud.cl\/portal\/wp-json\/wp\/v2\/pages\/753\/revisions\/36077"}],"up":[{"embeddable":true,"href":"https:\/\/www.muniancud.cl\/portal\/wp-json\/wp\/v2\/pages\/466"}],"wp:attachment":[{"href":"https:\/\/www.muniancud.cl\/portal\/wp-json\/wp\/v2\/media?parent=753"}],"curies":[{"name":"wp","href":"https:\/\/api.w.org\/{rel}","templated":true}]}}