{"id":756,"date":"2018-07-12T11:22:37","date_gmt":"2018-07-12T15:22:37","guid":{"rendered":"https:\/\/www.muniancud.cl\/portal\/?page_id=756"},"modified":"2019-03-26T13:08:34","modified_gmt":"2019-03-26T16:08:34","slug":"noticias","status":"publish","type":"page","link":"https:\/\/www.muniancud.cl\/portal\/noticias\/","title":{"rendered":"Noticias Municipales"},"content":{"rendered":"<div class=\"wpb-content-wrapper\"><p>[vc_section][vc_row][vc_column]<div class=\"td_block_wrap td_block_3 td_uid_1_69dafbc2812c9_rand td_with_ajax_pagination td-pb-border-top td_block_template_8 td-column-1 td_block_padding\"  data-td-block-uid=\"td_uid_1_69dafbc2812c9\" ><script>var block_td_uid_1_69dafbc2812c9 = new tdBlock();\nblock_td_uid_1_69dafbc2812c9.id = \"td_uid_1_69dafbc2812c9\";\nblock_td_uid_1_69dafbc2812c9.atts = '{\"category_id\":\"4\",\"limit\":\"9\",\"td_filter_default_txt\":\"\",\"ajax_pagination\":\"next_prev\",\"separator\":\"\",\"custom_title\":\"\",\"custom_url\":\"\",\"block_template_id\":\"\",\"m1_tl\":\"\",\"post_ids\":\"\",\"category_ids\":\"\",\"tag_slug\":\"\",\"autors_id\":\"\",\"installed_post_types\":\"\",\"sort\":\"\",\"offset\":\"\",\"el_class\":\"\",\"td_ajax_filter_type\":\"\",\"td_ajax_filter_ids\":\"\",\"td_ajax_preloading\":\"\",\"f_header_font_header\":\"\",\"f_header_font_title\":\"Block header\",\"f_header_font_settings\":\"\",\"f_header_font_family\":\"\",\"f_header_font_size\":\"\",\"f_header_font_line_height\":\"\",\"f_header_font_style\":\"\",\"f_header_font_weight\":\"\",\"f_header_font_transform\":\"\",\"f_header_font_spacing\":\"\",\"f_header_\":\"\",\"f_ajax_font_title\":\"Ajax categories\",\"f_ajax_font_settings\":\"\",\"f_ajax_font_family\":\"\",\"f_ajax_font_size\":\"\",\"f_ajax_font_line_height\":\"\",\"f_ajax_font_style\":\"\",\"f_ajax_font_weight\":\"\",\"f_ajax_font_transform\":\"\",\"f_ajax_font_spacing\":\"\",\"f_ajax_\":\"\",\"f_more_font_title\":\"Load more button\",\"f_more_font_settings\":\"\",\"f_more_font_family\":\"\",\"f_more_font_size\":\"\",\"f_more_font_line_height\":\"\",\"f_more_font_style\":\"\",\"f_more_font_weight\":\"\",\"f_more_font_transform\":\"\",\"f_more_font_spacing\":\"\",\"f_more_\":\"\",\"m1f_title_font_header\":\"\",\"m1f_title_font_title\":\"Article title\",\"m1f_title_font_settings\":\"\",\"m1f_title_font_family\":\"\",\"m1f_title_font_size\":\"\",\"m1f_title_font_line_height\":\"\",\"m1f_title_font_style\":\"\",\"m1f_title_font_weight\":\"\",\"m1f_title_font_transform\":\"\",\"m1f_title_font_spacing\":\"\",\"m1f_title_\":\"\",\"m1f_cat_font_title\":\"Article category tag\",\"m1f_cat_font_settings\":\"\",\"m1f_cat_font_family\":\"\",\"m1f_cat_font_size\":\"\",\"m1f_cat_font_line_height\":\"\",\"m1f_cat_font_style\":\"\",\"m1f_cat_font_weight\":\"\",\"m1f_cat_font_transform\":\"\",\"m1f_cat_font_spacing\":\"\",\"m1f_cat_\":\"\",\"m1f_meta_font_title\":\"Article meta info\",\"m1f_meta_font_settings\":\"\",\"m1f_meta_font_family\":\"\",\"m1f_meta_font_size\":\"\",\"m1f_meta_font_line_height\":\"\",\"m1f_meta_font_style\":\"\",\"m1f_meta_font_weight\":\"\",\"m1f_meta_font_transform\":\"\",\"m1f_meta_font_spacing\":\"\",\"m1f_meta_\":\"\",\"ajax_pagination_infinite_stop\":\"\",\"css\":\"\",\"tdc_css\":\"\",\"td_column_number\":1,\"header_color\":\"\",\"color_preset\":\"\",\"border_top\":\"\",\"class\":\"td_uid_1_69dafbc2812c9_rand\",\"tdc_css_class\":\"td_uid_1_69dafbc2812c9_rand\",\"tdc_css_class_style\":\"td_uid_1_69dafbc2812c9_rand_style\"}';\nblock_td_uid_1_69dafbc2812c9.td_column_number = \"1\";\nblock_td_uid_1_69dafbc2812c9.block_type = \"td_block_3\";\nblock_td_uid_1_69dafbc2812c9.post_count = \"9\";\nblock_td_uid_1_69dafbc2812c9.found_posts = \"1303\";\nblock_td_uid_1_69dafbc2812c9.header_color = \"\";\nblock_td_uid_1_69dafbc2812c9.ajax_pagination_infinite_stop = \"\";\nblock_td_uid_1_69dafbc2812c9.max_num_pages = \"145\";\ntdBlocksArray.push(block_td_uid_1_69dafbc2812c9);\n<\/script><div class=\"td-block-title-wrap\"><\/div><div id=td_uid_1_69dafbc2812c9 class=\"td_block_inner\">\n\n\t<div class=\"td-block-span12\">\n\n        <div class=\"td_module_1 td_module_wrap td-animation-stack\">\n            <div class=\"td-module-image\">\n                <div class=\"td-module-thumb\"><a href=\"https:\/\/www.muniancud.cl\/portal\/comunidad-de-ancud-participa-en-jornada-deportiva-inclusiva-por-el-autismo\/\" rel=\"bookmark\" class=\"td-image-wrap\" title=\"Comunidad de Ancud participa en jornada deportiva inclusiva por el autismo\"><img loading=\"lazy\" decoding=\"async\" class=\"entry-thumb\" src=\"data:image\/png;base64,iVBORw0KGgoAAAANSUhEUgAAAUQAAACgAQMAAABOhoelAAAAA1BMVEWurq51dlI4AAAAAXRSTlMmkutdmwAAAB1JREFUWMPtwTEBAAAAwiD7p\/ZdCGAAAAAAAAAQBxpAAAH8le3bAAAAAElFTkSuQmCC\"alt=\"\" title=\"Comunidad de Ancud participa en jornada deportiva inclusiva por el autismo\" data-type=\"image_tag\" data-img-url=\"https:\/\/www.muniancud.cl\/portal\/wp-content\/uploads\/2026\/04\/WhatsApp-Image-2026-04-09-at-12.49.06-324x160.jpeg\"  width=\"324\" height=\"160\" \/><\/a><\/div>                            <\/div>\n            <h3 class=\"entry-title td-module-title\"><a href=\"https:\/\/www.muniancud.cl\/portal\/comunidad-de-ancud-participa-en-jornada-deportiva-inclusiva-por-el-autismo\/\" rel=\"bookmark\" title=\"Comunidad de Ancud participa en jornada deportiva inclusiva por el autismo\">Comunidad de Ancud participa en jornada deportiva inclusiva por el autismo<\/a><\/h3>\n            <div class=\"td-module-meta-info\">\n                                <span class=\"td-post-date\"><time class=\"entry-date updated td-module-date\" datetime=\"2026-04-09T15:17:54+00:00\" >09\/04\/2026<\/time><\/span>                            <\/div>\n\n            \n        <\/div>\n\n        \n\t<\/div> <!-- .\/td-block-span12 -->\n\n\t<div class=\"td-block-span12\">\n\n        <div class=\"td_module_1 td_module_wrap td-animation-stack\">\n            <div class=\"td-module-image\">\n                <div class=\"td-module-thumb\"><a href=\"https:\/\/www.muniancud.cl\/portal\/ancud-conmemoro-el-dia-de-la-actividad-fisica-con-masiva-participacion-estudiantil\/\" rel=\"bookmark\" class=\"td-image-wrap\" title=\"Ancud conmemor\u00f3 el D\u00eda de la Actividad F\u00edsica con masiva participaci\u00f3n estudiantil\"><img loading=\"lazy\" decoding=\"async\" class=\"entry-thumb\" src=\"data:image\/png;base64,iVBORw0KGgoAAAANSUhEUgAAAUQAAACgAQMAAABOhoelAAAAA1BMVEWurq51dlI4AAAAAXRSTlMmkutdmwAAAB1JREFUWMPtwTEBAAAAwiD7p\/ZdCGAAAAAAAAAQBxpAAAH8le3bAAAAAElFTkSuQmCC\"alt=\"\" title=\"Ancud conmemor\u00f3 el D\u00eda de la Actividad F\u00edsica con masiva participaci\u00f3n estudiantil\" data-type=\"image_tag\" data-img-url=\"https:\/\/www.muniancud.cl\/portal\/wp-content\/uploads\/2026\/04\/DSC02432-324x160.jpg\"  width=\"324\" height=\"160\" \/><\/a><\/div>                            <\/div>\n            <h3 class=\"entry-title td-module-title\"><a href=\"https:\/\/www.muniancud.cl\/portal\/ancud-conmemoro-el-dia-de-la-actividad-fisica-con-masiva-participacion-estudiantil\/\" rel=\"bookmark\" title=\"Ancud conmemor\u00f3 el D\u00eda de la Actividad F\u00edsica con masiva participaci\u00f3n estudiantil\">Ancud conmemor\u00f3 el D\u00eda de la Actividad F\u00edsica con masiva participaci\u00f3n...<\/a><\/h3>\n            <div class=\"td-module-meta-info\">\n                                <span class=\"td-post-date\"><time class=\"entry-date updated td-module-date\" datetime=\"2026-04-07T10:47:31+00:00\" >07\/04\/2026<\/time><\/span>                            <\/div>\n\n            \n        <\/div>\n\n        \n\t<\/div> <!-- .\/td-block-span12 -->\n\n\t<div class=\"td-block-span12\">\n\n        <div class=\"td_module_1 td_module_wrap td-animation-stack\">\n            <div class=\"td-module-image\">\n                <div class=\"td-module-thumb\"><a href=\"https:\/\/www.muniancud.cl\/portal\/coordinacion-comunal-impulsa-estrategias-de-proteccion-de-derechos-de-la-ninez-en-ancud\/\" rel=\"bookmark\" class=\"td-image-wrap\" title=\"Coordinaci\u00f3n comunal impulsa estrategias de protecci\u00f3n de derechos de la ni\u00f1ez en Ancud\"><img loading=\"lazy\" decoding=\"async\" class=\"entry-thumb\" src=\"data:image\/png;base64,iVBORw0KGgoAAAANSUhEUgAAAUQAAACgAQMAAABOhoelAAAAA1BMVEWurq51dlI4AAAAAXRSTlMmkutdmwAAAB1JREFUWMPtwTEBAAAAwiD7p\/ZdCGAAAAAAAAAQBxpAAAH8le3bAAAAAElFTkSuQmCC\"alt=\"\" title=\"Coordinaci\u00f3n comunal impulsa estrategias de protecci\u00f3n de derechos de la ni\u00f1ez en Ancud\" data-type=\"image_tag\" data-img-url=\"https:\/\/www.muniancud.cl\/portal\/wp-content\/uploads\/2026\/04\/WhatsApp-Image-2026-03-31-at-16.52.54-324x160.jpeg\"  width=\"324\" height=\"160\" \/><\/a><\/div>                            <\/div>\n            <h3 class=\"entry-title td-module-title\"><a href=\"https:\/\/www.muniancud.cl\/portal\/coordinacion-comunal-impulsa-estrategias-de-proteccion-de-derechos-de-la-ninez-en-ancud\/\" rel=\"bookmark\" title=\"Coordinaci\u00f3n comunal impulsa estrategias de protecci\u00f3n de derechos de la ni\u00f1ez en Ancud\">Coordinaci\u00f3n comunal impulsa estrategias de protecci\u00f3n de derechos de la ni\u00f1ez...<\/a><\/h3>\n            <div class=\"td-module-meta-info\">\n                                <span class=\"td-post-date\"><time class=\"entry-date updated td-module-date\" datetime=\"2026-04-02T12:13:26+00:00\" >02\/04\/2026<\/time><\/span>                            <\/div>\n\n            \n        <\/div>\n\n        \n\t<\/div> <!-- .\/td-block-span12 -->\n\n\t<div class=\"td-block-span12\">\n\n        <div class=\"td_module_1 td_module_wrap td-animation-stack\">\n            <div class=\"td-module-image\">\n                <div class=\"td-module-thumb\"><a href=\"https:\/\/www.muniancud.cl\/portal\/municipio-anuncia-arriendo-de-nuevas-dependencias-para-el-departamento-de-transito\/\" rel=\"bookmark\" class=\"td-image-wrap\" title=\"Municipio anuncia arriendo de nuevas dependencias para el Departamento de Tr\u00e1nsito\"><img loading=\"lazy\" decoding=\"async\" class=\"entry-thumb\" src=\"data:image\/png;base64,iVBORw0KGgoAAAANSUhEUgAAAUQAAACgAQMAAABOhoelAAAAA1BMVEWurq51dlI4AAAAAXRSTlMmkutdmwAAAB1JREFUWMPtwTEBAAAAwiD7p\/ZdCGAAAAAAAAAQBxpAAAH8le3bAAAAAElFTkSuQmCC\"alt=\"\" title=\"Municipio anuncia arriendo de nuevas dependencias para el Departamento de Tr\u00e1nsito\" data-type=\"image_tag\" data-img-url=\"https:\/\/www.muniancud.cl\/portal\/wp-content\/uploads\/2026\/03\/WhatsApp-Image-2026-03-31-at-13.41.25-324x160.jpeg\"  width=\"324\" height=\"160\" \/><\/a><\/div>                            <\/div>\n            <h3 class=\"entry-title td-module-title\"><a href=\"https:\/\/www.muniancud.cl\/portal\/municipio-anuncia-arriendo-de-nuevas-dependencias-para-el-departamento-de-transito\/\" rel=\"bookmark\" title=\"Municipio anuncia arriendo de nuevas dependencias para el Departamento de Tr\u00e1nsito\">Municipio anuncia arriendo de nuevas dependencias para el Departamento de Tr\u00e1nsito<\/a><\/h3>\n            <div class=\"td-module-meta-info\">\n                                <span class=\"td-post-date\"><time class=\"entry-date updated td-module-date\" datetime=\"2026-03-31T17:11:40+00:00\" >31\/03\/2026<\/time><\/span>                            <\/div>\n\n            \n        <\/div>\n\n        \n\t<\/div> <!-- .\/td-block-span12 -->\n\n\t<div class=\"td-block-span12\">\n\n        <div class=\"td_module_1 td_module_wrap td-animation-stack\">\n            <div class=\"td-module-image\">\n                <div class=\"td-module-thumb\"><a href=\"https:\/\/www.muniancud.cl\/portal\/programa-prodesal-avanza-en-coordinacion-y-apoyo-a-agricultores\/\" rel=\"bookmark\" class=\"td-image-wrap\" title=\"Programa Prodesal avanza en coordinaci\u00f3n y apoyo a agricultores\"><img loading=\"lazy\" decoding=\"async\" class=\"entry-thumb\" src=\"data:image\/png;base64,iVBORw0KGgoAAAANSUhEUgAAAUQAAACgAQMAAABOhoelAAAAA1BMVEWurq51dlI4AAAAAXRSTlMmkutdmwAAAB1JREFUWMPtwTEBAAAAwiD7p\/ZdCGAAAAAAAAAQBxpAAAH8le3bAAAAAElFTkSuQmCC\"alt=\"\" title=\"Programa Prodesal avanza en coordinaci\u00f3n y apoyo a agricultores\" data-type=\"image_tag\" data-img-url=\"https:\/\/www.muniancud.cl\/portal\/wp-content\/uploads\/2026\/03\/WhatsApp-Image-2026-03-25-at-10.20.06-2-324x160.jpeg\"  width=\"324\" height=\"160\" \/><\/a><\/div>                            <\/div>\n            <h3 class=\"entry-title td-module-title\"><a href=\"https:\/\/www.muniancud.cl\/portal\/programa-prodesal-avanza-en-coordinacion-y-apoyo-a-agricultores\/\" rel=\"bookmark\" title=\"Programa Prodesal avanza en coordinaci\u00f3n y apoyo a agricultores\">Programa Prodesal avanza en coordinaci\u00f3n y apoyo a agricultores<\/a><\/h3>\n            <div class=\"td-module-meta-info\">\n                                <span class=\"td-post-date\"><time class=\"entry-date updated td-module-date\" datetime=\"2026-03-25T10:48:15+00:00\" >25\/03\/2026<\/time><\/span>                            <\/div>\n\n            \n        <\/div>\n\n        \n\t<\/div> <!-- .\/td-block-span12 -->\n\n\t<div class=\"td-block-span12\">\n\n        <div class=\"td_module_1 td_module_wrap td-animation-stack\">\n            <div class=\"td-module-image\">\n                <div class=\"td-module-thumb\"><a href=\"https:\/\/www.muniancud.cl\/portal\/pescador-de-estero-aldique-llevara-innovadores-productos-del-mar-deshidratados-al-festival-nam-2026-en-santiago\/\" rel=\"bookmark\" class=\"td-image-wrap\" title=\"Pescador de Estero El Dique llevar\u00e1 innovadores productos del mar deshidratados al Festival \u00d1AM 2026 en Santiago\"><img loading=\"lazy\" decoding=\"async\" class=\"entry-thumb\" src=\"data:image\/png;base64,iVBORw0KGgoAAAANSUhEUgAAAUQAAACgAQMAAABOhoelAAAAA1BMVEWurq51dlI4AAAAAXRSTlMmkutdmwAAAB1JREFUWMPtwTEBAAAAwiD7p\/ZdCGAAAAAAAAAQBxpAAAH8le3bAAAAAElFTkSuQmCC\"alt=\"\" title=\"Pescador de Estero El Dique llevar\u00e1 innovadores productos del mar deshidratados al Festival \u00d1AM 2026 en Santiago\" data-type=\"image_tag\" data-img-url=\"https:\/\/www.muniancud.cl\/portal\/wp-content\/uploads\/2026\/03\/WhatsApp-Image-2026-03-23-at-11.00.03-324x160.jpeg\"  width=\"324\" height=\"160\" \/><\/a><\/div>                            <\/div>\n            <h3 class=\"entry-title td-module-title\"><a href=\"https:\/\/www.muniancud.cl\/portal\/pescador-de-estero-aldique-llevara-innovadores-productos-del-mar-deshidratados-al-festival-nam-2026-en-santiago\/\" rel=\"bookmark\" title=\"Pescador de Estero El Dique llevar\u00e1 innovadores productos del mar deshidratados al Festival \u00d1AM 2026 en Santiago\">Pescador de Estero El Dique llevar\u00e1 innovadores productos del mar deshidratados...<\/a><\/h3>\n            <div class=\"td-module-meta-info\">\n                                <span class=\"td-post-date\"><time class=\"entry-date updated td-module-date\" datetime=\"2026-03-23T11:58:40+00:00\" >23\/03\/2026<\/time><\/span>                            <\/div>\n\n            \n        <\/div>\n\n        \n\t<\/div> <!-- .\/td-block-span12 -->\n\n\t<div class=\"td-block-span12\">\n\n        <div class=\"td_module_1 td_module_wrap td-animation-stack\">\n            <div class=\"td-module-image\">\n                <div class=\"td-module-thumb\"><a href=\"https:\/\/www.muniancud.cl\/portal\/jornada-de-concientizacion-sobre-el-cancer-cervicouterino-reune-a-estudiantes-y-mujeres-en-ancud\/\" rel=\"bookmark\" class=\"td-image-wrap\" title=\"Jornada de concientizaci\u00f3n sobre el c\u00e1ncer cervicouterino re\u00fane a estudiantes y mujeres en Ancud\"><img loading=\"lazy\" decoding=\"async\" class=\"entry-thumb\" src=\"data:image\/png;base64,iVBORw0KGgoAAAANSUhEUgAAAUQAAACgAQMAAABOhoelAAAAA1BMVEWurq51dlI4AAAAAXRSTlMmkutdmwAAAB1JREFUWMPtwTEBAAAAwiD7p\/ZdCGAAAAAAAAAQBxpAAAH8le3bAAAAAElFTkSuQmCC\"alt=\"\" title=\"Jornada de concientizaci\u00f3n sobre el c\u00e1ncer cervicouterino re\u00fane a estudiantes y mujeres en Ancud\" data-type=\"image_tag\" data-img-url=\"https:\/\/www.muniancud.cl\/portal\/wp-content\/uploads\/2026\/03\/WhatsApp-Image-2026-03-19-at-3.26.33-PM-1-324x160.jpeg\"  width=\"324\" height=\"160\" \/><\/a><\/div>                            <\/div>\n            <h3 class=\"entry-title td-module-title\"><a href=\"https:\/\/www.muniancud.cl\/portal\/jornada-de-concientizacion-sobre-el-cancer-cervicouterino-reune-a-estudiantes-y-mujeres-en-ancud\/\" rel=\"bookmark\" title=\"Jornada de concientizaci\u00f3n sobre el c\u00e1ncer cervicouterino re\u00fane a estudiantes y mujeres en Ancud\">Jornada de concientizaci\u00f3n sobre el c\u00e1ncer cervicouterino re\u00fane a estudiantes y...<\/a><\/h3>\n            <div class=\"td-module-meta-info\">\n                                <span class=\"td-post-date\"><time class=\"entry-date updated td-module-date\" datetime=\"2026-03-20T10:01:46+00:00\" >20\/03\/2026<\/time><\/span>                            <\/div>\n\n            \n        <\/div>\n\n        \n\t<\/div> <!-- .\/td-block-span12 -->\n\n\t<div class=\"td-block-span12\">\n\n        <div class=\"td_module_1 td_module_wrap td-animation-stack\">\n            <div class=\"td-module-image\">\n                <div class=\"td-module-thumb\"><a href=\"https:\/\/www.muniancud.cl\/portal\/campeones-regionales-de-cueca-psd-representaran-a-la-region-en-campeonato-nacional-de-cueca-peumo-2026\/\" rel=\"bookmark\" class=\"td-image-wrap\" title=\"Campeones regionales de cueca PSD representar\u00e1n a la regi\u00f3n en campeonato nacional de Cueca Peumo 2026\"><img loading=\"lazy\" decoding=\"async\" class=\"entry-thumb\" src=\"data:image\/png;base64,iVBORw0KGgoAAAANSUhEUgAAAUQAAACgAQMAAABOhoelAAAAA1BMVEWurq51dlI4AAAAAXRSTlMmkutdmwAAAB1JREFUWMPtwTEBAAAAwiD7p\/ZdCGAAAAAAAAAQBxpAAAH8le3bAAAAAElFTkSuQmCC\"alt=\"\" title=\"Campeones regionales de cueca PSD representar\u00e1n a la regi\u00f3n en campeonato nacional de Cueca Peumo 2026\" data-type=\"image_tag\" data-img-url=\"https:\/\/www.muniancud.cl\/portal\/wp-content\/uploads\/2026\/03\/WhatsApp-Image-2026-03-14-at-20.05.51-324x160.jpeg\"  width=\"324\" height=\"160\" \/><\/a><\/div>                            <\/div>\n            <h3 class=\"entry-title td-module-title\"><a href=\"https:\/\/www.muniancud.cl\/portal\/campeones-regionales-de-cueca-psd-representaran-a-la-region-en-campeonato-nacional-de-cueca-peumo-2026\/\" rel=\"bookmark\" title=\"Campeones regionales de cueca PSD representar\u00e1n a la regi\u00f3n en campeonato nacional de Cueca Peumo 2026\">Campeones regionales de cueca PSD representar\u00e1n a la regi\u00f3n en campeonato...<\/a><\/h3>\n            <div class=\"td-module-meta-info\">\n                                <span class=\"td-post-date\"><time class=\"entry-date updated td-module-date\" datetime=\"2026-03-17T17:56:52+00:00\" >17\/03\/2026<\/time><\/span>                            <\/div>\n\n            \n        <\/div>\n\n        \n\t<\/div> <!-- .\/td-block-span12 -->\n\n\t<div class=\"td-block-span12\">\n\n        <div class=\"td_module_1 td_module_wrap td-animation-stack\">\n            <div class=\"td-module-image\">\n                <div class=\"td-module-thumb\"><a href=\"https:\/\/www.muniancud.cl\/portal\/reciclaje-de-ancud-viaja-a-santiago-para-su-fundicion\/\" rel=\"bookmark\" class=\"td-image-wrap\" title=\"Reciclaje de Ancud viaja a Santiago para su fundici\u00f3n\"><img loading=\"lazy\" decoding=\"async\" class=\"entry-thumb\" src=\"data:image\/png;base64,iVBORw0KGgoAAAANSUhEUgAAAUQAAACgAQMAAABOhoelAAAAA1BMVEWurq51dlI4AAAAAXRSTlMmkutdmwAAAB1JREFUWMPtwTEBAAAAwiD7p\/ZdCGAAAAAAAAAQBxpAAAH8le3bAAAAAElFTkSuQmCC\"alt=\"\" title=\"Reciclaje de Ancud viaja a Santiago para su fundici\u00f3n\" data-type=\"image_tag\" data-img-url=\"https:\/\/www.muniancud.cl\/portal\/wp-content\/uploads\/2026\/03\/WhatsApp-Image-2026-03-11-at-17.13.39-2-324x160.jpeg\"  width=\"324\" height=\"160\" \/><\/a><\/div>                            <\/div>\n            <h3 class=\"entry-title td-module-title\"><a href=\"https:\/\/www.muniancud.cl\/portal\/reciclaje-de-ancud-viaja-a-santiago-para-su-fundicion\/\" rel=\"bookmark\" title=\"Reciclaje de Ancud viaja a Santiago para su fundici\u00f3n\">Reciclaje de Ancud viaja a Santiago para su fundici\u00f3n<\/a><\/h3>\n            <div class=\"td-module-meta-info\">\n                                <span class=\"td-post-date\"><time class=\"entry-date updated td-module-date\" datetime=\"2026-03-12T09:35:34+00:00\" >12\/03\/2026<\/time><\/span>                            <\/div>\n\n            \n        <\/div>\n\n        \n\t<\/div> <!-- .\/td-block-span12 --><\/div><div class=\"td-next-prev-wrap\"><a href=\"#\" class=\"td-ajax-prev-page ajax-page-disabled\" id=\"prev-page-td_uid_1_69dafbc2812c9\" data-td_block_id=\"td_uid_1_69dafbc2812c9\"><i class=\"td-icon-font td-icon-menu-left\"><\/i><\/a><a href=\"#\"  class=\"td-ajax-next-page\" id=\"next-page-td_uid_1_69dafbc2812c9\" data-td_block_id=\"td_uid_1_69dafbc2812c9\"><i class=\"td-icon-font td-icon-menu-right\"><\/i><\/a><\/div><\/div> <!-- .\/block -->[\/vc_column][\/vc_row][\/vc_section]<\/p>\n<\/div>","protected":false},"excerpt":{"rendered":"<p>[vc_section][vc_row][vc_column][\/vc_column][\/vc_row][\/vc_section]<\/p>\n","protected":false},"author":1,"featured_media":0,"parent":0,"menu_order":5,"comment_status":"closed","ping_status":"closed","template":"page-pagebuilder-title.php","meta":{"footnotes":""},"class_list":["post-756","page","type-page","status-publish","hentry"],"_links":{"self":[{"href":"https:\/\/www.muniancud.cl\/portal\/wp-json\/wp\/v2\/pages\/756","targetHints":{"allow":["GET"]}}],"collection":[{"href":"https:\/\/www.muniancud.cl\/portal\/wp-json\/wp\/v2\/pages"}],"about":[{"href":"https:\/\/www.muniancud.cl\/portal\/wp-json\/wp\/v2\/types\/page"}],"author":[{"embeddable":true,"href":"https:\/\/www.muniancud.cl\/portal\/wp-json\/wp\/v2\/users\/1"}],"replies":[{"embeddable":true,"href":"https:\/\/www.muniancud.cl\/portal\/wp-json\/wp\/v2\/comments?post=756"}],"version-history":[{"count":4,"href":"https:\/\/www.muniancud.cl\/portal\/wp-json\/wp\/v2\/pages\/756\/revisions"}],"predecessor-version":[{"id":24078,"href":"https:\/\/www.muniancud.cl\/portal\/wp-json\/wp\/v2\/pages\/756\/revisions\/24078"}],"wp:attachment":[{"href":"https:\/\/www.muniancud.cl\/portal\/wp-json\/wp\/v2\/media?parent=756"}],"curies":[{"name":"wp","href":"https:\/\/api.w.org\/{rel}","templated":true}]}}