{"id":842,"date":"2018-07-18T15:54:43","date_gmt":"2018-07-18T19:54:43","guid":{"rendered":"https:\/\/www.muniancud.cl\/portal\/?page_id=842"},"modified":"2025-06-17T11:25:12","modified_gmt":"2025-06-17T15:25:12","slug":"direccion-de-seguridad-publica","status":"publish","type":"page","link":"https:\/\/www.muniancud.cl\/portal\/unidades-municipales\/direccion-de-seguridad-publica\/","title":{"rendered":"Direcci\u00f3n de Seguridad P\u00fablica Comunal"},"content":{"rendered":"<div class=\"wpb-content-wrapper\"><p>[vc_row][vc_column width=\u00bb2\/3&#8243;][vc_btn title=\u00bbVisite aqu\u00ed el blog de Seguridad P\u00fablica Comunal\u00bb style=\u00bbflat\u00bb color=\u00bbgreen\u00bb align=\u00bbcenter\u00bb i_icon_fontawesome=\u00bbfa fa-rss-square\u00bb button_block=\u00bbtrue\u00bb add_icon=\u00bbtrue\u00bb link=\u00bburl:http%3A%2F%2Fseguridadancud.wordpress.com||target:%20_blank|\u00bb][vc_btn title=\u00bbPROTOCOLO DE USO DEL SISTEMA DE C\u00c1MARAS DE TELEVIGILANCIA, GRABACIONES E IM\u00c1GENES\u00bb style=\u00bbflat\u00bb color=\u00bbprimary\u00bb align=\u00bbcenter\u00bb i_icon_fontawesome=\u00bbfa fa-video-camera\u00bb button_block=\u00bbtrue\u00bb add_icon=\u00bbtrue\u00bb link=\u00bburl:https%3A%2F%2Fwww.muniancud.cl%2Fportal%2Fwp-content%2Fuploads%2F2023%2F08%2Fdecreto-ext-1801-protocolo-sistema-camaras.pdf||target:%20_blank|\u00bb][vc_btn title=\u00bbPROTOCOLO DEL CONDUCTOR DE VEH\u00cdCULO DE PATRULLAJE PREVENTIVO\u00bb style=\u00bbflat\u00bb color=\u00bbprimary\u00bb align=\u00bbcenter\u00bb i_icon_fontawesome=\u00bbfas fa-car-side\u00bb button_block=\u00bbtrue\u00bb add_icon=\u00bbtrue\u00bb link=\u00bburl:https%3A%2F%2Fwww.muniancud.cl%2Fportal%2Fwp-content%2Fuploads%2F2024%2F04%2Fdecreto-ext-1136.pdf|target:_blank\u00bb][vc_column_text]La Direcci\u00f3n de Seguridad P\u00fablica Comunal tiene como objetivo la colaboraci\u00f3n en la planificaci\u00f3n y ejecuci\u00f3n de acciones y elaboraci\u00f3n de los instrumentos relacionados con la seguridad en la comuna. Asimismo, deber\u00e1 llevar a cabo las acciones o medidas que correspondan en forma directa al municipio o a trav\u00e9s de convenios celebrados con organismos p\u00fablicos o privados, con el objeto de ejecutar los objetivos y metas relacionadas con el Plan Comunal de seguridad P\u00fablica.<\/p>\n<p>La Direcci\u00f3n de Seguridad P\u00fablica Comunal estar\u00e1 a cargo de un Director de Seguridad, quien ser\u00e1 el colaborador directo del alcalde en las tareas de coordinaci\u00f3n y gesti\u00f3n de las funciones de la letra j) del art\u00edculo 4 de la Ley N\u00b018.695 Org\u00e1nica Constitucional de Municipalidades, en el seguimiento del plan comunal de seguridad p\u00fablica, y ejercer\u00e1 las funciones que le delegue el alcalde, siempre que est\u00e9n vinculadas con la naturaleza de su funci\u00f3n.<\/p>\n<p>Corresponder\u00e1 al Director de Seguridad asumir la funci\u00f3n de Secretario Ejecutivo del Consejo Comunal de Seguridad P\u00fablica.[\/vc_column_text][vc_tta_accordion style=\u00bbflat\u00bb c_icon=\u00bbchevron\u00bb active_section=\u00bb0&#8243; collapsible_all=\u00bbtrue\u00bb][vc_tta_section title=\u00bbFunciones\u00bb tab_id=\u00bb1532888170350-05d0832d-225d\u00bb][vc_column_text]<\/p>\n<ol>\n<li>El desarrollo, implementaci\u00f3n, evaluaci\u00f3n, promoci\u00f3n, capacitaci\u00f3n y apoyo de acciones de prevenci\u00f3n social y situacional.<\/li>\n<li>La celebraci\u00f3n de convenios con otras entidades p\u00fablicas para la aplicaci\u00f3n de planes de reinserci\u00f3n social y de asistencia a v\u00edctimas.<\/li>\n<li>La adopci\u00f3n de medidas en el \u00e1mbito de la seguridad p\u00fablica a nivel comunal, sin perjuicio de las funciones del Ministerio del Interior y Seguridad P\u00fablica y de las Fuerzas de Orden y Seguridad.<\/li>\n<li>La remisi\u00f3n de los respectivos planes comunales de seguridad p\u00fablica, dentro de los diez d\u00edas siguientes a su aprobaci\u00f3n, a la Subsecretar\u00eda de Prevenci\u00f3n del Delito del Ministerio del Interior y Seguridad P\u00fablica, al Consejo Regional de Seguridad P\u00fablica y al Intendente.<\/li>\n<li>La difusi\u00f3n los planes a que se refiere el literal anterior, dentro del mismo plazo, a trav\u00e9s de la p\u00e1gina web municipal o por cualquier otro medio que asegure su debido conocimiento por parte de la comunidad.<\/li>\n<\/ol>\n<p>[\/vc_column_text][\/vc_tta_section][\/vc_tta_accordion][vc_message message_box_style=\u00bbsolid\u00bb message_box_color=\u00bbsky\u00bb icon_fontawesome=\u00bbfa fa-map-marker\u00bb]<strong>Ubicaci\u00f3n: Edificio Consistorial<\/strong><br \/>\nBlanco Encalada N\u00b0 660 &#8211; Piso 3[\/vc_message][vc_gmaps link=\u00bb#E-8_JTNDaWZyYW1lJTIwc3JjJTNEJTIyaHR0cHMlM0ElMkYlMkZ3d3cuZ29vZ2xlLmNvbSUyRm1hcHMlMkZlbWJlZCUzRnBiJTNEJTIxMW0xOCUyMTFtMTIlMjExbTMlMjExZDc0Mi43ODMyOTIyNDY4MzI0JTIxMmQtNzMuODI4OTc2NTkxNTc3MzIlMjEzZC00MS44Njg0ODEyMjc0Nzg2NyUyMTJtMyUyMTFmMCUyMTJmMCUyMTNmMCUyMTNtMiUyMTFpMTAyNCUyMTJpNzY4JTIxNGYxMy4xJTIxM20zJTIxMW0yJTIxMXMweDk2MjI4ZDU4NmNkOTZiMmYlMjUzQTB4NmM5OTkwMmZiMmUzZDQ4NyUyMTJzSWx1c3RyZSUyQk11bmljaXBhbGlkYWQlMkJkZSUyQkFuY3VkJTIxNWUwJTIxM20yJTIxMXNlcyUyMTJzY2wlMjE0djE1MzE5NDUzNDc5MTMlMjIlMjB3aWR0aCUzRCUyMjQwMCUyMiUyMGhlaWdodCUzRCUyMjIwMCUyMiUyMGZyYW1lYm9yZGVyJTNEJTIyMCUyMiUyMHN0eWxlJTNEJTIyYm9yZGVyJTNBMCUyMiUyMGFsbG93ZnVsbHNjcmVlbiUzRSUzQyUyRmlmcmFtZSUzRQ==\u00bb][\/vc_column][vc_column width=\u00bb1\/3&#8243;][vc_btn title=\u00bbVolver a Unidades Municipales\u00bb style=\u00bbflat\u00bb color=\u00bbprimary\u00bb align=\u00bbleft\u00bb i_icon_fontawesome=\u00bbfa fa-arrow-left\u00bb button_block=\u00bbtrue\u00bb add_icon=\u00bbtrue\u00bb link=\u00bburl:https%3A%2F%2Fwww.muniancud.cl%2Fportal%2Funidades-municipales%2F|||\u00bb][vc_single_image image=\u00bb35245&#8243; img_size=\u00bbfull\u00bb alignment=\u00bbcenter\u00bb style=\u00bbvc_box_rounded\u00bb css=\u00bb\u00bb]<div class=\"td_block_wrap td_block_text_with_title td_uid_1_69f63b8154ee1_rand td-pb-border-top td_block_template_8\"  data-td-block-uid=\"td_uid_1_69f63b8154ee1\" ><div class=\"td-block-title-wrap\"><h4 class=\"td-block-title\"><span>Director de Seguridad P\u00fablica<\/span><\/h4><\/div><div class=\"td_mod_wrap td-fix-index\"><p><strong>Iv\u00e1n Ulloa Alvarado<\/strong><br \/>\nEmail: ivan.ulloa@muniancud.cl<br \/>\nTel\u00e9fono: 65-2487782<\/p>\n<\/div><\/div>[\/vc_column][\/vc_row][vc_row][vc_column]<div class=\"td_block_wrap td_block_16 td_uid_2_69f63b8156724_rand td_with_ajax_pagination td-pb-border-top td_block_template_8 td-column-1 td_block_padding\"  data-td-block-uid=\"td_uid_2_69f63b8156724\" ><script>var block_td_uid_2_69f63b8156724 = new tdBlock();\nblock_td_uid_2_69f63b8156724.id = \"td_uid_2_69f63b8156724\";\nblock_td_uid_2_69f63b8156724.atts = '{\"custom_title\":\"Noticias Seguridad P\\u00fablica\",\"category_id\":\"31\",\"ajax_pagination\":\"next_prev\",\"separator\":\"\",\"custom_url\":\"\",\"block_template_id\":\"\",\"mx7_tl\":\"\",\"mx7_el\":\"\",\"m6_tl\":\"\",\"post_ids\":\"\",\"category_ids\":\"\",\"tag_slug\":\"\",\"autors_id\":\"\",\"installed_post_types\":\"\",\"sort\":\"\",\"limit\":\"5\",\"offset\":\"\",\"el_class\":\"\",\"td_ajax_filter_type\":\"\",\"td_ajax_filter_ids\":\"\",\"td_filter_default_txt\":\"All\",\"td_ajax_preloading\":\"\",\"f_header_font_header\":\"\",\"f_header_font_title\":\"Block header\",\"f_header_font_settings\":\"\",\"f_header_font_family\":\"\",\"f_header_font_size\":\"\",\"f_header_font_line_height\":\"\",\"f_header_font_style\":\"\",\"f_header_font_weight\":\"\",\"f_header_font_transform\":\"\",\"f_header_font_spacing\":\"\",\"f_header_\":\"\",\"f_ajax_font_title\":\"Ajax categories\",\"f_ajax_font_settings\":\"\",\"f_ajax_font_family\":\"\",\"f_ajax_font_size\":\"\",\"f_ajax_font_line_height\":\"\",\"f_ajax_font_style\":\"\",\"f_ajax_font_weight\":\"\",\"f_ajax_font_transform\":\"\",\"f_ajax_font_spacing\":\"\",\"f_ajax_\":\"\",\"f_more_font_title\":\"Load more button\",\"f_more_font_settings\":\"\",\"f_more_font_family\":\"\",\"f_more_font_size\":\"\",\"f_more_font_line_height\":\"\",\"f_more_font_style\":\"\",\"f_more_font_weight\":\"\",\"f_more_font_transform\":\"\",\"f_more_font_spacing\":\"\",\"f_more_\":\"\",\"mx7f_title_font_header\":\"\",\"mx7f_title_font_title\":\"Article title\",\"mx7f_title_font_settings\":\"\",\"mx7f_title_font_family\":\"\",\"mx7f_title_font_size\":\"\",\"mx7f_title_font_line_height\":\"\",\"mx7f_title_font_style\":\"\",\"mx7f_title_font_weight\":\"\",\"mx7f_title_font_transform\":\"\",\"mx7f_title_font_spacing\":\"\",\"mx7f_title_\":\"\",\"mx7f_cat_font_title\":\"Article category tag\",\"mx7f_cat_font_settings\":\"\",\"mx7f_cat_font_family\":\"\",\"mx7f_cat_font_size\":\"\",\"mx7f_cat_font_line_height\":\"\",\"mx7f_cat_font_style\":\"\",\"mx7f_cat_font_weight\":\"\",\"mx7f_cat_font_transform\":\"\",\"mx7f_cat_font_spacing\":\"\",\"mx7f_cat_\":\"\",\"mx7f_meta_font_title\":\"Article meta info\",\"mx7f_meta_font_settings\":\"\",\"mx7f_meta_font_family\":\"\",\"mx7f_meta_font_size\":\"\",\"mx7f_meta_font_line_height\":\"\",\"mx7f_meta_font_style\":\"\",\"mx7f_meta_font_weight\":\"\",\"mx7f_meta_font_transform\":\"\",\"mx7f_meta_font_spacing\":\"\",\"mx7f_meta_\":\"\",\"mx7f_ex_font_title\":\"Article excerpt\",\"mx7f_ex_font_settings\":\"\",\"mx7f_ex_font_family\":\"\",\"mx7f_ex_font_size\":\"\",\"mx7f_ex_font_line_height\":\"\",\"mx7f_ex_font_style\":\"\",\"mx7f_ex_font_weight\":\"\",\"mx7f_ex_font_transform\":\"\",\"mx7f_ex_font_spacing\":\"\",\"mx7f_ex_\":\"\",\"m6f_title_font_header\":\"\",\"m6f_title_font_title\":\"Article title\",\"m6f_title_font_settings\":\"\",\"m6f_title_font_family\":\"\",\"m6f_title_font_size\":\"\",\"m6f_title_font_line_height\":\"\",\"m6f_title_font_style\":\"\",\"m6f_title_font_weight\":\"\",\"m6f_title_font_transform\":\"\",\"m6f_title_font_spacing\":\"\",\"m6f_title_\":\"\",\"m6f_cat_font_title\":\"Article category tag\",\"m6f_cat_font_settings\":\"\",\"m6f_cat_font_family\":\"\",\"m6f_cat_font_size\":\"\",\"m6f_cat_font_line_height\":\"\",\"m6f_cat_font_style\":\"\",\"m6f_cat_font_weight\":\"\",\"m6f_cat_font_transform\":\"\",\"m6f_cat_font_spacing\":\"\",\"m6f_cat_\":\"\",\"m6f_meta_font_title\":\"Article meta info\",\"m6f_meta_font_settings\":\"\",\"m6f_meta_font_family\":\"\",\"m6f_meta_font_size\":\"\",\"m6f_meta_font_line_height\":\"\",\"m6f_meta_font_style\":\"\",\"m6f_meta_font_weight\":\"\",\"m6f_meta_font_transform\":\"\",\"m6f_meta_font_spacing\":\"\",\"m6f_meta_\":\"\",\"ajax_pagination_infinite_stop\":\"\",\"css\":\"\",\"tdc_css\":\"\",\"td_column_number\":1,\"header_color\":\"\",\"color_preset\":\"\",\"border_top\":\"\",\"class\":\"td_uid_2_69f63b8156724_rand\",\"tdc_css_class\":\"td_uid_2_69f63b8156724_rand\",\"tdc_css_class_style\":\"td_uid_2_69f63b8156724_rand_style\"}';\nblock_td_uid_2_69f63b8156724.td_column_number = \"1\";\nblock_td_uid_2_69f63b8156724.block_type = \"td_block_16\";\nblock_td_uid_2_69f63b8156724.post_count = \"5\";\nblock_td_uid_2_69f63b8156724.found_posts = \"103\";\nblock_td_uid_2_69f63b8156724.header_color = \"\";\nblock_td_uid_2_69f63b8156724.ajax_pagination_infinite_stop = \"\";\nblock_td_uid_2_69f63b8156724.max_num_pages = \"21\";\ntdBlocksArray.push(block_td_uid_2_69f63b8156724);\n<\/script><div class=\"td-block-title-wrap\"><h4 class=\"td-block-title\"><span>Noticias Seguridad P\u00fablica<\/span><\/h4><\/div><div id=td_uid_2_69f63b8156724 class=\"td_block_inner td-column-1\">\n\n\t<div class=\"td-block-span12\">\n\n        <div class=\"td_module_6 td_module_wrap td-animation-stack\">\n\n        <div class=\"td-module-thumb\"><a href=\"https:\/\/www.muniancud.cl\/portal\/municipio-anuncia-arriendo-de-nuevas-dependencias-para-el-departamento-de-transito\/\" rel=\"bookmark\" class=\"td-image-wrap\" title=\"Municipio anuncia arriendo de nuevas dependencias para el Departamento de Tr\u00e1nsito\"><img loading=\"lazy\" decoding=\"async\" class=\"entry-thumb\" src=\"data:image\/png;base64,iVBORw0KGgoAAAANSUhEUgAAAGQAAABGAQMAAAAASKMqAAAAA1BMVEWurq51dlI4AAAAAXRSTlMmkutdmwAAABBJREFUKM9jGAWjYBQMKwAAA9QAAQWBn6cAAAAASUVORK5CYII=\"alt=\"\" title=\"Municipio anuncia arriendo de nuevas dependencias para el Departamento de Tr\u00e1nsito\" data-type=\"image_tag\" data-img-url=\"https:\/\/www.muniancud.cl\/portal\/wp-content\/uploads\/2026\/03\/WhatsApp-Image-2026-03-31-at-13.41.25-100x70.jpeg\"  width=\"100\" height=\"70\" \/><\/a><\/div>\n        <div class=\"item-details\">\n            <h3 class=\"entry-title td-module-title\"><a href=\"https:\/\/www.muniancud.cl\/portal\/municipio-anuncia-arriendo-de-nuevas-dependencias-para-el-departamento-de-transito\/\" rel=\"bookmark\" title=\"Municipio anuncia arriendo de nuevas dependencias para el Departamento de Tr\u00e1nsito\">Municipio anuncia arriendo de nuevas dependencias para el Departamento de Tr\u00e1nsito<\/a><\/h3>            <div class=\"td-module-meta-info\">\n                                                <span class=\"td-post-date\"><time class=\"entry-date updated td-module-date\" datetime=\"2026-03-31T17:11:40+00:00\" >31\/03\/2026<\/time><\/span>                            <\/div>\n        <\/div>\n\n        <\/div>\n\n        \n\t<\/div> <!-- .\/td-block-span12 -->\n\n\t<div class=\"td-block-span12\">\n\n        <div class=\"td_module_6 td_module_wrap td-animation-stack\">\n\n        <div class=\"td-module-thumb\"><a href=\"https:\/\/www.muniancud.cl\/portal\/ancud-despidio-el-ano-con-masiva-y-festiva-celebracion-comunitaria-en-arena-gruesa\/\" rel=\"bookmark\" class=\"td-image-wrap\" title=\"Ancud despidi\u00f3 el a\u00f1o con masiva y festiva celebraci\u00f3n comunitaria en Arena Gruesa\"><img loading=\"lazy\" decoding=\"async\" class=\"entry-thumb\" src=\"data:image\/png;base64,iVBORw0KGgoAAAANSUhEUgAAAGQAAABGAQMAAAAASKMqAAAAA1BMVEWurq51dlI4AAAAAXRSTlMmkutdmwAAABBJREFUKM9jGAWjYBQMKwAAA9QAAQWBn6cAAAAASUVORK5CYII=\"alt=\"\" title=\"Ancud despidi\u00f3 el a\u00f1o con masiva y festiva celebraci\u00f3n comunitaria en Arena Gruesa\" data-type=\"image_tag\" data-img-url=\"https:\/\/www.muniancud.cl\/portal\/wp-content\/uploads\/2025\/12\/WhatsApp-Image-2025-12-29-at-22.04.39-100x70.jpeg\"  width=\"100\" height=\"70\" \/><\/a><\/div>\n        <div class=\"item-details\">\n            <h3 class=\"entry-title td-module-title\"><a href=\"https:\/\/www.muniancud.cl\/portal\/ancud-despidio-el-ano-con-masiva-y-festiva-celebracion-comunitaria-en-arena-gruesa\/\" rel=\"bookmark\" title=\"Ancud despidi\u00f3 el a\u00f1o con masiva y festiva celebraci\u00f3n comunitaria en Arena Gruesa\">Ancud despidi\u00f3 el a\u00f1o con masiva y festiva celebraci\u00f3n comunitaria en...<\/a><\/h3>            <div class=\"td-module-meta-info\">\n                                                <span class=\"td-post-date\"><time class=\"entry-date updated td-module-date\" datetime=\"2025-12-30T10:32:37+00:00\" >30\/12\/2025<\/time><\/span>                            <\/div>\n        <\/div>\n\n        <\/div>\n\n        \n\t<\/div> <!-- .\/td-block-span12 -->\n\n\t<div class=\"td-block-span12\">\n\n        <div class=\"td_module_6 td_module_wrap td-animation-stack\">\n\n        <div class=\"td-module-thumb\"><a href=\"https:\/\/www.muniancud.cl\/portal\/municipalidad-de-ancud-invita-a-la-tradicional-corrida-san-silvestre\/\" rel=\"bookmark\" class=\"td-image-wrap\" title=\"Municipalidad de Ancud invita a la tradicional Corrida San Silvestre\"><img loading=\"lazy\" decoding=\"async\" class=\"entry-thumb\" src=\"data:image\/png;base64,iVBORw0KGgoAAAANSUhEUgAAAGQAAABGAQMAAAAASKMqAAAAA1BMVEWurq51dlI4AAAAAXRSTlMmkutdmwAAABBJREFUKM9jGAWjYBQMKwAAA9QAAQWBn6cAAAAASUVORK5CYII=\"alt=\"\" title=\"Municipalidad de Ancud invita a la tradicional Corrida San Silvestre\" data-type=\"image_tag\" data-img-url=\"https:\/\/www.muniancud.cl\/portal\/wp-content\/uploads\/2025\/12\/WhatsApp-Image-2025-12-17-at-11.30.48-100x70.jpeg\"  width=\"100\" height=\"70\" \/><\/a><\/div>\n        <div class=\"item-details\">\n            <h3 class=\"entry-title td-module-title\"><a href=\"https:\/\/www.muniancud.cl\/portal\/municipalidad-de-ancud-invita-a-la-tradicional-corrida-san-silvestre\/\" rel=\"bookmark\" title=\"Municipalidad de Ancud invita a la tradicional Corrida San Silvestre\">Municipalidad de Ancud invita a la tradicional Corrida San Silvestre<\/a><\/h3>            <div class=\"td-module-meta-info\">\n                                                <span class=\"td-post-date\"><time class=\"entry-date updated td-module-date\" datetime=\"2025-12-17T16:12:53+00:00\" >17\/12\/2025<\/time><\/span>                            <\/div>\n        <\/div>\n\n        <\/div>\n\n        \n\t<\/div> <!-- .\/td-block-span12 -->\n\n\t<div class=\"td-block-span12\">\n\n        <div class=\"td_module_6 td_module_wrap td-animation-stack\">\n\n        <div class=\"td-module-thumb\"><a href=\"https:\/\/www.muniancud.cl\/portal\/actividad-preventiva-en-bypass-chacao-ante-inicio-de-restricciones-de-quemas-controladas\/\" rel=\"bookmark\" class=\"td-image-wrap\" title=\"Actividad preventiva en Bypass Chacao ante inicio de restricciones de quemas controladas\"><img loading=\"lazy\" decoding=\"async\" class=\"entry-thumb\" src=\"data:image\/png;base64,iVBORw0KGgoAAAANSUhEUgAAAGQAAABGAQMAAAAASKMqAAAAA1BMVEWurq51dlI4AAAAAXRSTlMmkutdmwAAABBJREFUKM9jGAWjYBQMKwAAA9QAAQWBn6cAAAAASUVORK5CYII=\"alt=\"\" title=\"Actividad preventiva en Bypass Chacao ante inicio de restricciones de quemas controladas\" data-type=\"image_tag\" data-img-url=\"https:\/\/www.muniancud.cl\/portal\/wp-content\/uploads\/2025\/11\/WhatsApp-Image-2025-11-25-at-3.18.56-PM-100x70.jpeg\"  width=\"100\" height=\"70\" \/><\/a><\/div>\n        <div class=\"item-details\">\n            <h3 class=\"entry-title td-module-title\"><a href=\"https:\/\/www.muniancud.cl\/portal\/actividad-preventiva-en-bypass-chacao-ante-inicio-de-restricciones-de-quemas-controladas\/\" rel=\"bookmark\" title=\"Actividad preventiva en Bypass Chacao ante inicio de restricciones de quemas controladas\">Actividad preventiva en Bypass Chacao ante inicio de restricciones de quemas...<\/a><\/h3>            <div class=\"td-module-meta-info\">\n                                                <span class=\"td-post-date\"><time class=\"entry-date updated td-module-date\" datetime=\"2025-11-27T15:22:19+00:00\" >27\/11\/2025<\/time><\/span>                            <\/div>\n        <\/div>\n\n        <\/div>\n\n        \n\t<\/div> <!-- .\/td-block-span12 -->\n\n\t<div class=\"td-block-span12\">\n\n        <div class=\"td_module_6 td_module_wrap td-animation-stack\">\n\n        <div class=\"td-module-thumb\"><a href=\"https:\/\/www.muniancud.cl\/portal\/importante-encuentro-entre-el-alcalde-de-ancud-y-carabineros-para-avanzar-en-proyectos-de-conectividad-y-seguridad\/\" rel=\"bookmark\" class=\"td-image-wrap\" title=\"Importante encuentro entre el alcalde de Ancud y Carabineros para avanzar en proyectos de conectividad y seguridad\"><img loading=\"lazy\" decoding=\"async\" class=\"entry-thumb\" src=\"data:image\/png;base64,iVBORw0KGgoAAAANSUhEUgAAAGQAAABGAQMAAAAASKMqAAAAA1BMVEWurq51dlI4AAAAAXRSTlMmkutdmwAAABBJREFUKM9jGAWjYBQMKwAAA9QAAQWBn6cAAAAASUVORK5CYII=\"alt=\"\" title=\"Importante encuentro entre el alcalde de Ancud y Carabineros para avanzar en proyectos de conectividad y seguridad\" data-type=\"image_tag\" data-img-url=\"https:\/\/www.muniancud.cl\/portal\/wp-content\/uploads\/2025\/08\/WhatsApp-Image-2025-08-27-at-9.10.36-AM.jpeg\"  width=\"93\" height=\"70\" \/><\/a><\/div>\n        <div class=\"item-details\">\n            <h3 class=\"entry-title td-module-title\"><a href=\"https:\/\/www.muniancud.cl\/portal\/importante-encuentro-entre-el-alcalde-de-ancud-y-carabineros-para-avanzar-en-proyectos-de-conectividad-y-seguridad\/\" rel=\"bookmark\" title=\"Importante encuentro entre el alcalde de Ancud y Carabineros para avanzar en proyectos de conectividad y seguridad\">Importante encuentro entre el alcalde de Ancud y Carabineros para avanzar...<\/a><\/h3>            <div class=\"td-module-meta-info\">\n                                                <span class=\"td-post-date\"><time class=\"entry-date updated td-module-date\" datetime=\"2025-08-27T09:49:00+00:00\" >27\/08\/2025<\/time><\/span>                            <\/div>\n        <\/div>\n\n        <\/div>\n\n        \n\t<\/div> <!-- .\/td-block-span12 --><\/div><div class=\"td-next-prev-wrap\"><a href=\"#\" class=\"td-ajax-prev-page ajax-page-disabled\" id=\"prev-page-td_uid_2_69f63b8156724\" data-td_block_id=\"td_uid_2_69f63b8156724\"><i class=\"td-icon-font td-icon-menu-left\"><\/i><\/a><a href=\"#\"  class=\"td-ajax-next-page\" id=\"next-page-td_uid_2_69f63b8156724\" data-td_block_id=\"td_uid_2_69f63b8156724\"><i class=\"td-icon-font td-icon-menu-right\"><\/i><\/a><\/div><\/div> <!-- .\/block -->[\/vc_column][\/vc_row]<\/p>\n<\/div>","protected":false},"excerpt":{"rendered":"<p>[vc_row][vc_column width=\u00bb2\/3&#8243;][vc_btn title=\u00bbVisite aqu\u00ed el blog de Seguridad P\u00fablica Comunal\u00bb style=\u00bbflat\u00bb color=\u00bbgreen\u00bb align=\u00bbcenter\u00bb i_icon_fontawesome=\u00bbfa fa-rss-square\u00bb button_block=\u00bbtrue\u00bb add_icon=\u00bbtrue\u00bb link=\u00bburl:http%3A%2F%2Fseguridadancud.wordpress.com||target:%20_blank|\u00bb][vc_btn title=\u00bbPROTOCOLO DE USO DEL SISTEMA DE C\u00c1MARAS DE TELEVIGILANCIA, GRABACIONES E IM\u00c1GENES\u00bb style=\u00bbflat\u00bb color=\u00bbprimary\u00bb align=\u00bbcenter\u00bb i_icon_fontawesome=\u00bbfa fa-video-camera\u00bb button_block=\u00bbtrue\u00bb add_icon=\u00bbtrue\u00bb link=\u00bburl:https%3A%2F%2Fwww.muniancud.cl%2Fportal%2Fwp-content%2Fuploads%2F2023%2F08%2Fdecreto-ext-1801-protocolo-sistema-camaras.pdf||target:%20_blank|\u00bb][vc_btn title=\u00bbPROTOCOLO DEL CONDUCTOR DE VEH\u00cdCULO DE PATRULLAJE PREVENTIVO\u00bb style=\u00bbflat\u00bb color=\u00bbprimary\u00bb align=\u00bbcenter\u00bb i_icon_fontawesome=\u00bbfas fa-car-side\u00bb button_block=\u00bbtrue\u00bb add_icon=\u00bbtrue\u00bb link=\u00bburl:https%3A%2F%2Fwww.muniancud.cl%2Fportal%2Fwp-content%2Fuploads%2F2024%2F04%2Fdecreto-ext-1136.pdf|target:_blank\u00bb][vc_column_text]La Direcci\u00f3n [&hellip;]<\/p>\n","protected":false},"author":1,"featured_media":0,"parent":466,"menu_order":17,"comment_status":"closed","ping_status":"closed","template":"page-pagebuilder-title.php","meta":{"footnotes":""},"class_list":["post-842","page","type-page","status-publish","hentry"],"_links":{"self":[{"href":"https:\/\/www.muniancud.cl\/portal\/wp-json\/wp\/v2\/pages\/842","targetHints":{"allow":["GET"]}}],"collection":[{"href":"https:\/\/www.muniancud.cl\/portal\/wp-json\/wp\/v2\/pages"}],"about":[{"href":"https:\/\/www.muniancud.cl\/portal\/wp-json\/wp\/v2\/types\/page"}],"author":[{"embeddable":true,"href":"https:\/\/www.muniancud.cl\/portal\/wp-json\/wp\/v2\/users\/1"}],"replies":[{"embeddable":true,"href":"https:\/\/www.muniancud.cl\/portal\/wp-json\/wp\/v2\/comments?post=842"}],"version-history":[{"count":23,"href":"https:\/\/www.muniancud.cl\/portal\/wp-json\/wp\/v2\/pages\/842\/revisions"}],"predecessor-version":[{"id":35481,"href":"https:\/\/www.muniancud.cl\/portal\/wp-json\/wp\/v2\/pages\/842\/revisions\/35481"}],"up":[{"embeddable":true,"href":"https:\/\/www.muniancud.cl\/portal\/wp-json\/wp\/v2\/pages\/466"}],"wp:attachment":[{"href":"https:\/\/www.muniancud.cl\/portal\/wp-json\/wp\/v2\/media?parent=842"}],"curies":[{"name":"wp","href":"https:\/\/api.w.org\/{rel}","templated":true}]}}